{"id":10281,"date":"2025-06-13T09:56:10","date_gmt":"2025-06-13T09:56:10","guid":{"rendered":"https:\/\/dirigocoating.pl\/racing\/"},"modified":"2025-08-20T11:44:08","modified_gmt":"2025-08-20T11:44:08","slug":"racing","status":"publish","type":"page","link":"https:\/\/dirigocoating.pl\/de\/racing\/","title":{"rendered":"Racing"},"content":{"rendered":"\t\t<div data-elementor-type=\"wp-page\" data-elementor-id=\"10281\" class=\"elementor elementor-10281 elementor-6893\">\n\t\t\t\t\t\t<section class=\"elementor-section elementor-top-section elementor-element elementor-element-2742cd8 elementor-section-boxed elementor-section-height-default elementor-section-height-default\" data-id=\"2742cd8\" data-element_type=\"section\" data-e-type=\"section\">\n\t\t\t\t\t\t<div class=\"elementor-container elementor-column-gap-default\">\n\t\t\t\t\t<div class=\"elementor-column elementor-col-100 elementor-top-column elementor-element elementor-element-ae516f4\" data-id=\"ae516f4\" data-element_type=\"column\" data-e-type=\"column\">\n\t\t\t<div class=\"elementor-widget-wrap elementor-element-populated\">\n\t\t\t\t\t\t<div class=\"elementor-element elementor-element-85bd0c0 acenter divider_yes elementor-widget elementor-widget-wgl-double-heading\" data-id=\"85bd0c0\" data-element_type=\"widget\" data-e-type=\"widget\" data-widget_type=\"wgl-double-heading.default\">\n\t\t\t\t<div class=\"elementor-widget-container\">\n\t\t\t\t\t<div class=\"wgl-double-heading\"><h3 class=\"dblh__title-wrapper\"><span class=\"dblh__divider\"><\/span><span class=\"dblh__title dblh__title-1\">Marke <\/span><span class=\"dblh__title dblh__title-2\">Dirigo Racing<\/span><\/h3><\/div>\t\t\t\t<\/div>\n\t\t\t\t<\/div>\n\t\t\t\t<div class=\"elementor-element elementor-element-62bb769 elementor-widget__width-initial elementor-widget elementor-widget-text-editor\" data-id=\"62bb769\" data-element_type=\"widget\" data-e-type=\"widget\" data-widget_type=\"text-editor.default\">\n\t\t\t\t<div class=\"elementor-widget-container\">\n\t\t\t\t\t\t\t\t\t<p><span style=\"font-weight: 400;\">Dirigo Racing ist eine Marke, die aus der Leidenschaft f\u00fcr Rennen, Adrenalin und motorische Herausforderungen entstanden ist. Unter diesem Namen setzen wir unser Engagement in der Welt des Motorsports um, indem wir Fahrer unterst\u00fctzen, den sportlichen Wettbewerb f\u00f6rdern und eine starke Pr\u00e4senz der Marke Dirigo auf Rennstrecken und Rallye-Routen aufbauen.<\/span><\/p>\t\t\t\t\t\t\t\t<\/div>\n\t\t\t\t<\/div>\n\t\t\t\t\t<\/div>\n\t\t<\/div>\n\t\t\t\t\t<\/div>\n\t\t<\/section>\n\t\t<div class=\"elementor-element elementor-element-e8cc701 e-flex e-con-boxed e-con e-parent\" data-id=\"e8cc701\" data-element_type=\"container\" data-e-type=\"container\">\n\t\t\t\t\t<div class=\"e-con-inner\">\n\t\t\t\t<div class=\"elementor-element elementor-element-821aae7 elementor-widget elementor-widget-image\" data-id=\"821aae7\" data-element_type=\"widget\" data-e-type=\"widget\" data-widget_type=\"image.default\">\n\t\t\t\t<div class=\"elementor-widget-container\">\n\t\t\t\t\t\t\t\t\t\t\t\t\t\t\t<img fetchpriority=\"high\" decoding=\"async\" width=\"768\" height=\"261\" src=\"https:\/\/dirigocoating.pl\/wp-content\/uploads\/2025\/06\/01_Color-768x261.png\" class=\"attachment-medium_large size-medium_large wp-image-10289\" alt=\"\" srcset=\"https:\/\/dirigocoating.pl\/wp-content\/uploads\/2025\/06\/01_Color-768x261.png 768w, https:\/\/dirigocoating.pl\/wp-content\/uploads\/2025\/06\/01_Color-300x102.png 300w, https:\/\/dirigocoating.pl\/wp-content\/uploads\/2025\/06\/01_Color-1024x348.png 1024w, https:\/\/dirigocoating.pl\/wp-content\/uploads\/2025\/06\/01_Color-1536x522.png 1536w, https:\/\/dirigocoating.pl\/wp-content\/uploads\/2025\/06\/01_Color-2048x695.png 2048w, https:\/\/dirigocoating.pl\/wp-content\/uploads\/2025\/06\/01_Color-1080x367.png 1080w\" sizes=\"(max-width: 768px) 100vw, 768px\" \/>\t\t\t\t\t\t\t\t\t\t\t\t\t\t\t<\/div>\n\t\t\t\t<\/div>\n\t\t\t\t\t<\/div>\n\t\t\t\t<\/div>\n\t\t<div class=\"elementor-element elementor-element-2499a5e e-flex e-con-boxed e-con e-parent\" data-id=\"2499a5e\" data-element_type=\"container\" data-e-type=\"container\">\n\t\t\t\t\t<div class=\"e-con-inner\">\n\t\t\t\t<div class=\"elementor-element elementor-element-a196a47 elementor-widget elementor-widget-spacer\" data-id=\"a196a47\" data-element_type=\"widget\" data-e-type=\"widget\" data-widget_type=\"spacer.default\">\n\t\t\t\t<div class=\"elementor-widget-container\">\n\t\t\t\t\t\t\t<div class=\"elementor-spacer\">\n\t\t\t<div class=\"elementor-spacer-inner\"><\/div>\n\t\t<\/div>\n\t\t\t\t\t\t<\/div>\n\t\t\t\t<\/div>\n\t\t\t\t\t<\/div>\n\t\t\t\t<\/div>\n\t\t<div class=\"elementor-element elementor-element-c41a66e e-flex e-con-boxed e-con e-parent\" data-id=\"c41a66e\" data-element_type=\"container\" data-e-type=\"container\">\n\t\t\t\t\t<div class=\"e-con-inner\">\n\t\t\t\t<div class=\"elementor-element elementor-element-6a78b01 gallery-spacing-custom elementor-widget elementor-widget-image-gallery\" data-id=\"6a78b01\" data-element_type=\"widget\" data-e-type=\"widget\" data-widget_type=\"image-gallery.default\">\n\t\t\t\t<div class=\"elementor-widget-container\">\n\t\t\t\t\t\t\t<div class=\"elementor-image-gallery\">\n\t\t\t<div id='gallery-1' class='gallery galleryid-10281 gallery-columns-4 gallery-size-medium'><figure class='gallery-item'>\n\t\t\t<div class='gallery-icon landscape'>\n\t\t\t\t<a data-elementor-open-lightbox=\"yes\" data-elementor-lightbox-slideshow=\"6a78b01\" data-elementor-lightbox-title=\"_MG_7868\" data-e-action-hash=\"#elementor-action%3Aaction%3Dlightbox%26settings%3DeyJpZCI6MTAyOTEsInVybCI6Imh0dHBzOlwvXC9kaXJpZ29jb2F0aW5nLnBsXC93cC1jb250ZW50XC91cGxvYWRzXC8yMDI1XC8wNlwvTUdfNzg2OC1zY2FsZWQuanBnIiwic2xpZGVzaG93IjoiNmE3OGIwMSJ9\" href='https:\/\/dirigocoating.pl\/wp-content\/uploads\/2025\/06\/MG_7868-scaled.jpg'><img decoding=\"async\" width=\"300\" height=\"200\" src=\"https:\/\/dirigocoating.pl\/wp-content\/uploads\/2025\/06\/MG_7868-300x200.jpg\" class=\"attachment-medium size-medium\" alt=\"\" srcset=\"https:\/\/dirigocoating.pl\/wp-content\/uploads\/2025\/06\/MG_7868-300x200.jpg 300w, https:\/\/dirigocoating.pl\/wp-content\/uploads\/2025\/06\/MG_7868-1024x682.jpg 1024w, https:\/\/dirigocoating.pl\/wp-content\/uploads\/2025\/06\/MG_7868-768x512.jpg 768w, https:\/\/dirigocoating.pl\/wp-content\/uploads\/2025\/06\/MG_7868-1536x1023.jpg 1536w, https:\/\/dirigocoating.pl\/wp-content\/uploads\/2025\/06\/MG_7868-2048x1364.jpg 2048w, https:\/\/dirigocoating.pl\/wp-content\/uploads\/2025\/06\/MG_7868-1080x719.jpg 1080w\" sizes=\"(max-width: 300px) 100vw, 300px\" \/><\/a>\n\t\t\t<\/div><\/figure><figure class='gallery-item'>\n\t\t\t<div class='gallery-icon landscape'>\n\t\t\t\t<a data-elementor-open-lightbox=\"yes\" data-elementor-lightbox-slideshow=\"6a78b01\" data-elementor-lightbox-title=\"IMG_9437\" data-e-action-hash=\"#elementor-action%3Aaction%3Dlightbox%26settings%3DeyJpZCI6MTAyOTMsInVybCI6Imh0dHBzOlwvXC9kaXJpZ29jb2F0aW5nLnBsXC93cC1jb250ZW50XC91cGxvYWRzXC8yMDI1XC8wNlwvSU1HXzk0Mzctc2NhbGVkLmpwZyIsInNsaWRlc2hvdyI6IjZhNzhiMDEifQ%3D%3D\" href='https:\/\/dirigocoating.pl\/wp-content\/uploads\/2025\/06\/IMG_9437-scaled.jpg'><img decoding=\"async\" width=\"300\" height=\"200\" src=\"https:\/\/dirigocoating.pl\/wp-content\/uploads\/2025\/06\/IMG_9437-300x200.jpg\" class=\"attachment-medium size-medium\" alt=\"\" srcset=\"https:\/\/dirigocoating.pl\/wp-content\/uploads\/2025\/06\/IMG_9437-300x200.jpg 300w, https:\/\/dirigocoating.pl\/wp-content\/uploads\/2025\/06\/IMG_9437-1024x682.jpg 1024w, https:\/\/dirigocoating.pl\/wp-content\/uploads\/2025\/06\/IMG_9437-768x512.jpg 768w, https:\/\/dirigocoating.pl\/wp-content\/uploads\/2025\/06\/IMG_9437-1536x1023.jpg 1536w, https:\/\/dirigocoating.pl\/wp-content\/uploads\/2025\/06\/IMG_9437-2048x1364.jpg 2048w, https:\/\/dirigocoating.pl\/wp-content\/uploads\/2025\/06\/IMG_9437-1080x720.jpg 1080w\" sizes=\"(max-width: 300px) 100vw, 300px\" \/><\/a>\n\t\t\t<\/div><\/figure><figure class='gallery-item'>\n\t\t\t<div class='gallery-icon landscape'>\n\t\t\t\t<a data-elementor-open-lightbox=\"yes\" data-elementor-lightbox-slideshow=\"6a78b01\" data-elementor-lightbox-title=\"FB_IMG_1592851805468\" data-e-action-hash=\"#elementor-action%3Aaction%3Dlightbox%26settings%3DeyJpZCI6MTAzMTAsInVybCI6Imh0dHBzOlwvXC9kaXJpZ29jb2F0aW5nLnBsXC93cC1jb250ZW50XC91cGxvYWRzXC8yMDI1XC8wNlwvRkJfSU1HXzE1OTI4NTE4MDU0NjguanBnIiwic2xpZGVzaG93IjoiNmE3OGIwMSJ9\" href='https:\/\/dirigocoating.pl\/wp-content\/uploads\/2025\/06\/FB_IMG_1592851805468.jpg'><img loading=\"lazy\" decoding=\"async\" width=\"300\" height=\"200\" src=\"https:\/\/dirigocoating.pl\/wp-content\/uploads\/2025\/06\/FB_IMG_1592851805468-300x200.jpg\" class=\"attachment-medium size-medium\" alt=\"\" srcset=\"https:\/\/dirigocoating.pl\/wp-content\/uploads\/2025\/06\/FB_IMG_1592851805468-300x200.jpg 300w, https:\/\/dirigocoating.pl\/wp-content\/uploads\/2025\/06\/FB_IMG_1592851805468-1024x683.jpg 1024w, https:\/\/dirigocoating.pl\/wp-content\/uploads\/2025\/06\/FB_IMG_1592851805468-768x512.jpg 768w, https:\/\/dirigocoating.pl\/wp-content\/uploads\/2025\/06\/FB_IMG_1592851805468.jpg 1080w\" sizes=\"(max-width: 300px) 100vw, 300px\" \/><\/a>\n\t\t\t<\/div><\/figure><figure class='gallery-item'>\n\t\t\t<div class='gallery-icon landscape'>\n\t\t\t\t<a data-elementor-open-lightbox=\"yes\" data-elementor-lightbox-slideshow=\"6a78b01\" data-elementor-lightbox-title=\"FB_IMG_1726400908174\" data-e-action-hash=\"#elementor-action%3Aaction%3Dlightbox%26settings%3DeyJpZCI6MTAzMTIsInVybCI6Imh0dHBzOlwvXC9kaXJpZ29jb2F0aW5nLnBsXC93cC1jb250ZW50XC91cGxvYWRzXC8yMDI1XC8wNlwvRkJfSU1HXzE3MjY0MDA5MDgxNzQuanBnIiwic2xpZGVzaG93IjoiNmE3OGIwMSJ9\" href='https:\/\/dirigocoating.pl\/wp-content\/uploads\/2025\/06\/FB_IMG_1726400908174.jpg'><img loading=\"lazy\" decoding=\"async\" width=\"300\" height=\"200\" src=\"https:\/\/dirigocoating.pl\/wp-content\/uploads\/2025\/06\/FB_IMG_1726400908174-300x200.jpg\" class=\"attachment-medium size-medium\" alt=\"\" srcset=\"https:\/\/dirigocoating.pl\/wp-content\/uploads\/2025\/06\/FB_IMG_1726400908174-300x200.jpg 300w, https:\/\/dirigocoating.pl\/wp-content\/uploads\/2025\/06\/FB_IMG_1726400908174-1024x682.jpg 1024w, https:\/\/dirigocoating.pl\/wp-content\/uploads\/2025\/06\/FB_IMG_1726400908174-768x511.jpg 768w, https:\/\/dirigocoating.pl\/wp-content\/uploads\/2025\/06\/FB_IMG_1726400908174.jpg 1080w\" sizes=\"(max-width: 300px) 100vw, 300px\" \/><\/a>\n\t\t\t<\/div><\/figure><figure class='gallery-item'>\n\t\t\t<div class='gallery-icon landscape'>\n\t\t\t\t<a data-elementor-open-lightbox=\"yes\" data-elementor-lightbox-slideshow=\"6a78b01\" data-elementor-lightbox-title=\"sub\" data-e-action-hash=\"#elementor-action%3Aaction%3Dlightbox%26settings%3DeyJpZCI6MTAzMTUsInVybCI6Imh0dHBzOlwvXC9kaXJpZ29jb2F0aW5nLnBsXC93cC1jb250ZW50XC91cGxvYWRzXC8yMDI1XC8wNlwvc3ViLnBuZyIsInNsaWRlc2hvdyI6IjZhNzhiMDEifQ%3D%3D\" href='https:\/\/dirigocoating.pl\/wp-content\/uploads\/2025\/06\/sub.png'><img loading=\"lazy\" decoding=\"async\" width=\"300\" height=\"238\" src=\"https:\/\/dirigocoating.pl\/wp-content\/uploads\/2025\/06\/sub-300x238.png\" class=\"attachment-medium size-medium\" alt=\"\" srcset=\"https:\/\/dirigocoating.pl\/wp-content\/uploads\/2025\/06\/sub-300x238.png 300w, https:\/\/dirigocoating.pl\/wp-content\/uploads\/2025\/06\/sub.png 706w\" sizes=\"(max-width: 300px) 100vw, 300px\" \/><\/a>\n\t\t\t<\/div><\/figure><figure class='gallery-item'>\n\t\t\t<div class='gallery-icon landscape'>\n\t\t\t\t<a data-elementor-open-lightbox=\"yes\" data-elementor-lightbox-slideshow=\"6a78b01\" data-elementor-lightbox-title=\"8-el-Mistrz-Ma\u0142ej-Finlandii-2024-Action-by-Dobre-Testy-YouTube-10-22-2024_08_51_AM\" data-e-action-hash=\"#elementor-action%3Aaction%3Dlightbox%26settings%3DeyJpZCI6MTAzMDQsInVybCI6Imh0dHBzOlwvXC9kaXJpZ29jb2F0aW5nLnBsXC93cC1jb250ZW50XC91cGxvYWRzXC8yMDI1XC8wNlwvOC1lbC1NaXN0cnotTWFsZWotRmlubGFuZGlpLTIwMjQtQWN0aW9uLWJ5LURvYnJlLVRlc3R5LVlvdVR1YmUtMTAtMjItMjAyNF8wOF81MV9BTS5wbmciLCJzbGlkZXNob3ciOiI2YTc4YjAxIn0%3D\" href='https:\/\/dirigocoating.pl\/wp-content\/uploads\/2025\/06\/8-el-Mistrz-Malej-Finlandii-2024-Action-by-Dobre-Testy-YouTube-10-22-2024_08_51_AM.png'><img loading=\"lazy\" decoding=\"async\" width=\"300\" height=\"213\" src=\"https:\/\/dirigocoating.pl\/wp-content\/uploads\/2025\/06\/8-el-Mistrz-Malej-Finlandii-2024-Action-by-Dobre-Testy-YouTube-10-22-2024_08_51_AM-300x213.png\" class=\"attachment-medium size-medium\" alt=\"\" srcset=\"https:\/\/dirigocoating.pl\/wp-content\/uploads\/2025\/06\/8-el-Mistrz-Malej-Finlandii-2024-Action-by-Dobre-Testy-YouTube-10-22-2024_08_51_AM-300x213.png 300w, https:\/\/dirigocoating.pl\/wp-content\/uploads\/2025\/06\/8-el-Mistrz-Malej-Finlandii-2024-Action-by-Dobre-Testy-YouTube-10-22-2024_08_51_AM-768x545.png 768w, https:\/\/dirigocoating.pl\/wp-content\/uploads\/2025\/06\/8-el-Mistrz-Malej-Finlandii-2024-Action-by-Dobre-Testy-YouTube-10-22-2024_08_51_AM.png 791w\" sizes=\"(max-width: 300px) 100vw, 300px\" \/><\/a>\n\t\t\t<\/div><\/figure><figure class='gallery-item'>\n\t\t\t<div class='gallery-icon landscape'>\n\t\t\t\t<a data-elementor-open-lightbox=\"yes\" data-elementor-lightbox-slideshow=\"6a78b01\" data-elementor-lightbox-title=\"8-el-Mistrz-Ma\u0142ej-Finlandii-2024-Action-by-Dobre-Testy-YouTube-10-22-2024_08_54_AM\" data-e-action-hash=\"#elementor-action%3Aaction%3Dlightbox%26settings%3DeyJpZCI6MTAzMDIsInVybCI6Imh0dHBzOlwvXC9kaXJpZ29jb2F0aW5nLnBsXC93cC1jb250ZW50XC91cGxvYWRzXC8yMDI1XC8wNlwvOC1lbC1NaXN0cnotTWFsZWotRmlubGFuZGlpLTIwMjQtQWN0aW9uLWJ5LURvYnJlLVRlc3R5LVlvdVR1YmUtMTAtMjItMjAyNF8wOF81NF9BTS5wbmciLCJzbGlkZXNob3ciOiI2YTc4YjAxIn0%3D\" href='https:\/\/dirigocoating.pl\/wp-content\/uploads\/2025\/06\/8-el-Mistrz-Malej-Finlandii-2024-Action-by-Dobre-Testy-YouTube-10-22-2024_08_54_AM.png'><img loading=\"lazy\" decoding=\"async\" width=\"300\" height=\"206\" src=\"https:\/\/dirigocoating.pl\/wp-content\/uploads\/2025\/06\/8-el-Mistrz-Malej-Finlandii-2024-Action-by-Dobre-Testy-YouTube-10-22-2024_08_54_AM-300x206.png\" class=\"attachment-medium size-medium\" alt=\"\" srcset=\"https:\/\/dirigocoating.pl\/wp-content\/uploads\/2025\/06\/8-el-Mistrz-Malej-Finlandii-2024-Action-by-Dobre-Testy-YouTube-10-22-2024_08_54_AM-300x206.png 300w, https:\/\/dirigocoating.pl\/wp-content\/uploads\/2025\/06\/8-el-Mistrz-Malej-Finlandii-2024-Action-by-Dobre-Testy-YouTube-10-22-2024_08_54_AM.png 731w\" sizes=\"(max-width: 300px) 100vw, 300px\" \/><\/a>\n\t\t\t<\/div><\/figure><figure class='gallery-item'>\n\t\t\t<div class='gallery-icon landscape'>\n\t\t\t\t<a data-elementor-open-lightbox=\"yes\" data-elementor-lightbox-slideshow=\"6a78b01\" data-elementor-lightbox-title=\"8-el-Mistrz-Ma\u0142ej-Finlandii-2024-Action-by-Dobre-Testy-YouTube-10-22-2024_08_50_AM\" data-e-action-hash=\"#elementor-action%3Aaction%3Dlightbox%26settings%3DeyJpZCI6MTAzMDYsInVybCI6Imh0dHBzOlwvXC9kaXJpZ29jb2F0aW5nLnBsXC93cC1jb250ZW50XC91cGxvYWRzXC8yMDI1XC8wNlwvOC1lbC1NaXN0cnotTWFsZWotRmlubGFuZGlpLTIwMjQtQWN0aW9uLWJ5LURvYnJlLVRlc3R5LVlvdVR1YmUtMTAtMjItMjAyNF8wOF81MF9BTS5wbmciLCJzbGlkZXNob3ciOiI2YTc4YjAxIn0%3D\" href='https:\/\/dirigocoating.pl\/wp-content\/uploads\/2025\/06\/8-el-Mistrz-Malej-Finlandii-2024-Action-by-Dobre-Testy-YouTube-10-22-2024_08_50_AM.png'><img loading=\"lazy\" decoding=\"async\" width=\"300\" height=\"181\" src=\"https:\/\/dirigocoating.pl\/wp-content\/uploads\/2025\/06\/8-el-Mistrz-Malej-Finlandii-2024-Action-by-Dobre-Testy-YouTube-10-22-2024_08_50_AM-300x181.png\" class=\"attachment-medium size-medium\" alt=\"\" srcset=\"https:\/\/dirigocoating.pl\/wp-content\/uploads\/2025\/06\/8-el-Mistrz-Malej-Finlandii-2024-Action-by-Dobre-Testy-YouTube-10-22-2024_08_50_AM-300x181.png 300w, https:\/\/dirigocoating.pl\/wp-content\/uploads\/2025\/06\/8-el-Mistrz-Malej-Finlandii-2024-Action-by-Dobre-Testy-YouTube-10-22-2024_08_50_AM-768x464.png 768w, https:\/\/dirigocoating.pl\/wp-content\/uploads\/2025\/06\/8-el-Mistrz-Malej-Finlandii-2024-Action-by-Dobre-Testy-YouTube-10-22-2024_08_50_AM.png 904w\" sizes=\"(max-width: 300px) 100vw, 300px\" \/><\/a>\n\t\t\t<\/div><\/figure>\n\t\t<\/div>\n\t\t<\/div>\n\t\t\t\t\t\t<\/div>\n\t\t\t\t<\/div>\n\t\t\t\t\t<\/div>\n\t\t\t\t<\/div>\n\t\t<div class=\"elementor-element elementor-element-78b3281 e-flex e-con-boxed e-con e-parent\" data-id=\"78b3281\" data-element_type=\"container\" data-e-type=\"container\">\n\t\t\t\t\t<div class=\"e-con-inner\">\n\t\t\t\t<div class=\"elementor-element elementor-element-14be0ce elementor-widget elementor-widget-spacer\" data-id=\"14be0ce\" data-element_type=\"widget\" data-e-type=\"widget\" data-widget_type=\"spacer.default\">\n\t\t\t\t<div class=\"elementor-widget-container\">\n\t\t\t\t\t\t\t<div class=\"elementor-spacer\">\n\t\t\t<div class=\"elementor-spacer-inner\"><\/div>\n\t\t<\/div>\n\t\t\t\t\t\t<\/div>\n\t\t\t\t<\/div>\n\t\t\t\t\t<\/div>\n\t\t\t\t<\/div>\n\t\t<div class=\"elementor-element elementor-element-b722300 e-flex e-con-boxed e-con e-parent\" data-id=\"b722300\" data-element_type=\"container\" data-e-type=\"container\">\n\t\t\t\t\t<div class=\"e-con-inner\">\n\t\t\t\t<div class=\"elementor-element elementor-element-d211895 elementor-widget elementor-widget-text-editor\" data-id=\"d211895\" data-element_type=\"widget\" data-e-type=\"widget\" data-widget_type=\"text-editor.default\">\n\t\t\t\t<div class=\"elementor-widget-container\">\n\t\t\t\t\t\t\t\t\t<span style=\"font-weight: 400;\">Unsere Aktivit\u00e4ten konzentrieren sich auf das Rallye-Team, das uns in verschiedenen Motorsportdisziplinen vertritt. Wir verf\u00fcgen \u00fcber zwei vollst\u00e4ndig vorbereitete Fahrzeuge, die f\u00fcr Starts unter anspruchsvollen Bedingungen angepasst sind:<\/span>\n<ul>\n \t<li style=\"font-weight: 400;\" aria-level=\"1\"><b>Rennstrecken-Mitsubishi Lancer EVO<\/b><span style=\"font-weight: 400;\">  \u2013 eine Maschine, die f\u00fcr Leistung und Pr\u00e4zision auf geschlossenen Rennstrecken entwickelt wurde. Das optimierte Fahrwerk, der leistungsstarke Motor und die professionelle Konfiguration gew\u00e4hrleisten die Wettbewerbsf\u00e4higkeit im Rennstrecken-Wettbewerb.<\/span>&nbsp;<\/li>\n \t<li style=\"font-weight: 400;\" aria-level=\"1\"><b>Schotter-Subaru Impreza<\/b><span style=\"font-weight: 400;\">  \u2013 ein Rallye-Klassiker, ideal f\u00fcr den Einsatz auf Schotterabschnitten und in schwierigem Gel\u00e4nde. Das Auto startet im Ma\u0142a Finlandia Cup.<\/span>&nbsp;<\/li>\n \t<span>Wir glauben, dass Motorsport eine ausgezeichnete Plattform f\u00fcr die Entwicklung von Technologien, das Testen von L\u00f6sungen unter extremen Bedingungen und den Aufbau von Beziehungen zu Partnern und Fans der Marke ist. <\/span><span>Unsere Aktivit\u00e4ten im Rahmen von Dirigo Racing unterst\u00fctzen auch die F\u00f6rderung des Unternehmens im Automobilbereich und bauen das Image einer innovativen und dynamischen Marke auf, die keine Angst vor Geschwindigkeit, Risiko und Herausforderungen hat.<\/span><\/li>\n<\/ul>\t\t\t\t\t\t\t\t<\/div>\n\t\t\t\t<\/div>\n\t\t\t\t\t<\/div>\n\t\t\t\t<\/div>\n\t\t<div class=\"elementor-element elementor-element-477cbbd e-flex e-con-boxed e-con e-parent\" data-id=\"477cbbd\" data-element_type=\"container\" data-e-type=\"container\">\n\t\t\t\t\t<div class=\"e-con-inner\">\n\t\t\t\t<div class=\"elementor-element elementor-element-7bdc97c elementor-widget elementor-widget-video\" data-id=\"7bdc97c\" data-element_type=\"widget\" data-e-type=\"widget\" data-settings=\"{&quot;youtube_url&quot;:&quot;https:\\\/\\\/youtu.be\\\/IL283xfct5M&quot;,&quot;video_type&quot;:&quot;youtube&quot;,&quot;controls&quot;:&quot;yes&quot;}\" data-widget_type=\"video.default\">\n\t\t\t\t<div class=\"elementor-widget-container\">\n\t\t\t\t\t\t\t<div class=\"elementor-wrapper elementor-open-inline\">\n\t\t\t<div class=\"elementor-video\"><\/div>\t\t<\/div>\n\t\t\t\t\t\t<\/div>\n\t\t\t\t<\/div>\n\t\t\t\t\t<\/div>\n\t\t\t\t<\/div>\n\t\t\t\t<\/div>\n\t\t","protected":false},"excerpt":{"rendered":"<p>Marke Dirigo Racing Dirigo Racing ist eine Marke, die aus der Leidenschaft f\u00fcr Rennen, Adrenalin und motorische Herausforderungen entstanden ist. Unter diesem Namen setzen wir unser Engagement in der Welt des Motorsports um, indem wir Fahrer unterst\u00fctzen, den sportlichen Wettbewerb f\u00f6rdern und eine starke Pr\u00e4senz der Marke Dirigo auf Rennstrecken und Rallye-Routen aufbauen. Unsere Aktivit\u00e4ten [&hellip;]<\/p>\n","protected":false},"author":1,"featured_media":0,"parent":0,"menu_order":0,"comment_status":"closed","ping_status":"closed","template":"","meta":{"footnotes":""},"class_list":["post-10281","page","type-page","status-publish","hentry"],"_links":{"self":[{"href":"https:\/\/dirigocoating.pl\/de\/wp-json\/wp\/v2\/pages\/10281"}],"collection":[{"href":"https:\/\/dirigocoating.pl\/de\/wp-json\/wp\/v2\/pages"}],"about":[{"href":"https:\/\/dirigocoating.pl\/de\/wp-json\/wp\/v2\/types\/page"}],"author":[{"embeddable":true,"href":"https:\/\/dirigocoating.pl\/de\/wp-json\/wp\/v2\/users\/1"}],"replies":[{"embeddable":true,"href":"https:\/\/dirigocoating.pl\/de\/wp-json\/wp\/v2\/comments?post=10281"}],"version-history":[{"count":2,"href":"https:\/\/dirigocoating.pl\/de\/wp-json\/wp\/v2\/pages\/10281\/revisions"}],"predecessor-version":[{"id":10323,"href":"https:\/\/dirigocoating.pl\/de\/wp-json\/wp\/v2\/pages\/10281\/revisions\/10323"}],"wp:attachment":[{"href":"https:\/\/dirigocoating.pl\/de\/wp-json\/wp\/v2\/media?parent=10281"}],"curies":[{"name":"wp","href":"https:\/\/api.w.org\/{rel}","templated":true}]}}