{"id":11017,"date":"2025-06-03T08:29:26","date_gmt":"2025-06-03T08:29:26","guid":{"rendered":"https:\/\/dirigocoating.pl\/nicht-malen\/"},"modified":"2025-10-10T10:41:50","modified_gmt":"2025-10-10T10:41:50","slug":"non-paint","status":"publish","type":"page","link":"https:\/\/dirigocoating.pl\/de\/non-paint\/","title":{"rendered":"Non paint"},"content":{"rendered":"\t\t<div data-elementor-type=\"wp-page\" data-elementor-id=\"11017\" class=\"elementor elementor-11017 elementor-6147\">\n\t\t\t\t\t\t<section class=\"elementor-section elementor-top-section elementor-element elementor-element-2cd3551 elementor-section-boxed elementor-section-height-default elementor-section-height-default\" data-id=\"2cd3551\" data-element_type=\"section\" data-e-type=\"section\">\n\t\t\t\t\t\t<div class=\"elementor-container elementor-column-gap-default\">\n\t\t\t\t\t<div class=\"elementor-column elementor-col-100 elementor-top-column elementor-element elementor-element-8c46b0d\" data-id=\"8c46b0d\" data-element_type=\"column\" data-e-type=\"column\">\n\t\t\t<div class=\"elementor-widget-wrap elementor-element-populated\">\n\t\t\t\t\t\t<div class=\"elementor-element elementor-element-12faeaa acenter divider_yes elementor-widget elementor-widget-wgl-double-heading\" data-id=\"12faeaa\" data-element_type=\"widget\" data-e-type=\"widget\" data-widget_type=\"wgl-double-heading.default\">\n\t\t\t\t<div class=\"elementor-widget-container\">\n\t\t\t\t\t<div class=\"wgl-double-heading\"><h3 class=\"dblh__title-wrapper\"><span class=\"dblh__divider\"><\/span><span class=\"dblh__title dblh__title-1\">Materialien  <\/span><span class=\"dblh__title dblh__title-2\">Non paint<\/span><\/h3><\/div>\t\t\t\t<\/div>\n\t\t\t\t<\/div>\n\t\t\t\t<div class=\"elementor-element elementor-element-8e0d2e2 elementor-widget__width-initial elementor-widget elementor-widget-text-editor\" data-id=\"8e0d2e2\" data-element_type=\"widget\" data-e-type=\"widget\" data-widget_type=\"text-editor.default\">\n\t\t\t\t<div class=\"elementor-widget-container\">\n\t\t\t\t\t\t\t\t\t<p>Das Non-Paint-Angebot ist eine unverzichtbare Erg\u00e4nzung jedes professionellen Lackierprozesses. Es umfasst Hilfsmaterialien wie Reinigungs-, Entfettungs- und Abdeckmittel, Schleifmaterialien, Klebeb\u00e4nder, Folien sowie pers\u00f6nliche Schutzausr\u00fcstung. Gerade sie entscheiden \u00fcber die effiziente Oberfl\u00e4chenvorbereitung, die Qualit\u00e4t des Finishs und die Arbeitssicherheit. Unsere Non-Paint-Produkte sind sorgf\u00e4ltig im Hinblick auf Zuverl\u00e4ssigkeit, Kompatibilit\u00e4t mit Lacksystemen und Effizienz im t\u00e4glichen Einsatz ausgew\u00e4hlt   <\/p>\t\t\t\t\t\t\t\t<\/div>\n\t\t\t\t<\/div>\n\t\t\t\t\t<\/div>\n\t\t<\/div>\n\t\t\t\t\t<\/div>\n\t\t<\/section>\n\t\t<div class=\"elementor-element elementor-element-a0c5652 e-flex e-con-boxed e-con e-parent\" data-id=\"a0c5652\" data-element_type=\"container\" data-e-type=\"container\">\n\t\t\t\t\t<div class=\"e-con-inner\">\n\t\t\t\t<div class=\"elementor-element elementor-element-0dd8701 elementor-widget elementor-widget-image\" data-id=\"0dd8701\" data-element_type=\"widget\" data-e-type=\"widget\" data-widget_type=\"image.default\">\n\t\t\t\t<div class=\"elementor-widget-container\">\n\t\t\t\t\t\t\t\t\t\t\t\t\t\t\t<img fetchpriority=\"high\" decoding=\"async\" width=\"705\" height=\"441\" src=\"https:\/\/dirigocoating.pl\/wp-content\/uploads\/2025\/06\/Bez-nazwy-940-x-588-px.png\" class=\"attachment-full size-full wp-image-10632\" alt=\"\" srcset=\"https:\/\/dirigocoating.pl\/wp-content\/uploads\/2025\/06\/Bez-nazwy-940-x-588-px.png 705w, https:\/\/dirigocoating.pl\/wp-content\/uploads\/2025\/06\/Bez-nazwy-940-x-588-px-300x188.png 300w\" sizes=\"(max-width: 705px) 100vw, 705px\" \/>\t\t\t\t\t\t\t\t\t\t\t\t\t\t\t<\/div>\n\t\t\t\t<\/div>\n\t\t\t\t\t<\/div>\n\t\t\t\t<\/div>\n\t\t<div class=\"elementor-element elementor-element-a74a250 e-flex e-con-boxed e-con e-parent\" data-id=\"a74a250\" data-element_type=\"container\" data-e-type=\"container\">\n\t\t\t\t\t<div class=\"e-con-inner\">\n\t\t\t\t<div class=\"elementor-element elementor-element-166ce71 e-n-tabs-mobile elementor-widget elementor-widget-n-tabs\" data-id=\"166ce71\" data-element_type=\"widget\" data-e-type=\"widget\" data-settings=\"{&quot;horizontal_scroll&quot;:&quot;disable&quot;}\" data-widget_type=\"nested-tabs.default\">\n\t\t\t\t<div class=\"elementor-widget-container\">\n\t\t\t\t\t\t\t<div class=\"e-n-tabs\" data-widget-number=\"23514737\" aria-label=\"Tabs. Open items with Enter or Space, close with Escape and navigate using the Arrow keys.\">\n\t\t\t<div class=\"e-n-tabs-heading\" role=\"tablist\">\n\t\t\t\t\t<button id=\"e-n-tab-title-235147371\" data-tab-title-id=\"e-n-tab-title-235147371\" class=\"e-n-tab-title\" aria-selected=\"true\" data-tab-index=\"1\" role=\"tab\" tabindex=\"0\" aria-controls=\"e-n-tab-content-235147371\" style=\"--n-tabs-title-order: 1;\">\n\t\t\t\t\t\t<span class=\"e-n-tab-title-text\">\n\t\t\t\tSchleifwerkzeuge und Zubeh\u00f6r\t\t\t<\/span>\n\t\t<\/button>\n\t\t\t\t<button id=\"e-n-tab-title-235147372\" data-tab-title-id=\"e-n-tab-title-235147372\" class=\"e-n-tab-title\" aria-selected=\"false\" data-tab-index=\"2\" role=\"tab\" tabindex=\"-1\" aria-controls=\"e-n-tab-content-235147372\" style=\"--n-tabs-title-order: 2;\">\n\t\t\t\t\t\t<span class=\"e-n-tab-title-text\">\n\t\t\t\tSchleifpapier und Schleifscheiben\t\t\t<\/span>\n\t\t<\/button>\n\t\t\t\t<button id=\"e-n-tab-title-235147373\" data-tab-title-id=\"e-n-tab-title-235147373\" class=\"e-n-tab-title\" aria-selected=\"false\" data-tab-index=\"3\" role=\"tab\" tabindex=\"-1\" aria-controls=\"e-n-tab-content-235147373\" style=\"--n-tabs-title-order: 3;\">\n\t\t\t\t\t\t<span class=\"e-n-tab-title-text\">\n\t\t\t\tSchleifpapier auf Schaumstoff\t\t\t<\/span>\n\t\t<\/button>\n\t\t\t\t<button id=\"e-n-tab-title-235147374\" data-tab-title-id=\"e-n-tab-title-235147374\" class=\"e-n-tab-title\" aria-selected=\"false\" data-tab-index=\"4\" role=\"tab\" tabindex=\"-1\" aria-controls=\"e-n-tab-content-235147374\" style=\"--n-tabs-title-order: 4;\">\n\t\t\t\t\t\t<span class=\"e-n-tab-title-text\">\n\t\t\t\tHandschleifbl\u00e4tter\t\t\t<\/span>\n\t\t<\/button>\n\t\t\t\t<button id=\"e-n-tab-title-235147375\" data-tab-title-id=\"e-n-tab-title-235147375\" class=\"e-n-tab-title\" aria-selected=\"false\" data-tab-index=\"5\" role=\"tab\" tabindex=\"-1\" aria-controls=\"e-n-tab-content-235147375\" style=\"--n-tabs-title-order: 5;\">\n\t\t\t\t\t\t<span class=\"e-n-tab-title-text\">\n\t\t\t\tLackierzubeh\u00f6r\t\t\t<\/span>\n\t\t<\/button>\n\t\t\t\t<button id=\"e-n-tab-title-235147376\" data-tab-title-id=\"e-n-tab-title-235147376\" class=\"e-n-tab-title\" aria-selected=\"false\" data-tab-index=\"6\" role=\"tab\" tabindex=\"-1\" aria-controls=\"e-n-tab-content-235147376\" style=\"--n-tabs-title-order: 6;\">\n\t\t\t\t\t\t<span class=\"e-n-tab-title-text\">\n\t\t\t\tReinigungs- und Schutzmittel\t\t\t<\/span>\n\t\t<\/button>\n\t\t\t\t<button id=\"e-n-tab-title-235147377\" data-tab-title-id=\"e-n-tab-title-235147377\" class=\"e-n-tab-title\" aria-selected=\"false\" data-tab-index=\"7\" role=\"tab\" tabindex=\"-1\" aria-controls=\"e-n-tab-content-235147377\" style=\"--n-tabs-title-order: 7;\">\n\t\t\t\t\t\t<span class=\"e-n-tab-title-text\">\n\t\t\t\tKleidung und Handschuhe\t\t\t<\/span>\n\t\t<\/button>\n\t\t\t\t<button id=\"e-n-tab-title-235147378\" data-tab-title-id=\"e-n-tab-title-235147378\" class=\"e-n-tab-title\" aria-selected=\"false\" data-tab-index=\"8\" role=\"tab\" tabindex=\"-1\" aria-controls=\"e-n-tab-content-235147378\" style=\"--n-tabs-title-order: 8;\">\n\t\t\t\t\t\t<span class=\"e-n-tab-title-text\">\n\t\t\t\tKlebstoffe\t\t\t<\/span>\n\t\t<\/button>\n\t\t\t\t\t<\/div>\n\t\t\t<div class=\"e-n-tabs-content\">\n\t\t\t\t<div id=\"e-n-tab-content-235147371\" role=\"tabpanel\" aria-labelledby=\"e-n-tab-title-235147371\" data-tab-index=\"1\" style=\"--n-tabs-title-order: 1;\" class=\"e-active elementor-element elementor-element-711b773 e-flex e-con-boxed e-con e-child\" data-id=\"711b773\" data-element_type=\"container\" data-e-type=\"container\">\n\t\t\t\t\t<div class=\"e-con-inner\">\n\t\t\t\t<div class=\"elementor-element elementor-element-9e76432 elementor-widget elementor-widget-text-editor\" data-id=\"9e76432\" data-element_type=\"widget\" data-e-type=\"widget\" data-widget_type=\"text-editor.default\">\n\t\t\t\t<div class=\"elementor-widget-container\">\n\t\t\t\t\t\t\t\t\t<ul>\n<li>\n<p class=\"ds-markdown-paragraph\">MA004 NORTON PNEUM. EXZENTERSCHLEIFER 150X2.5 <\/p>\n<\/li>\n<li>\n<p class=\"ds-markdown-paragraph\">MA004 NORTON PNEUM. EXZENTERSCHLEIFER 150X5.0 <\/p>\n<\/li>\n<li>\n<p class=\"ds-markdown-paragraph\">SCHLEIFSCHEIBE METALL 27 125X6,4X22,23 STARLINE<\/p>\n<\/li>\n<li>\n<p class=\"ds-markdown-paragraph\">Selbstklemmend INTERFAC MOUSSE 9T+6T 150<\/p>\n<\/li>\n<\/ul>\t\t\t\t\t\t\t\t<\/div>\n\t\t\t\t<\/div>\n\t\t\t\t\t<\/div>\n\t\t\t\t<\/div>\n\t\t<div id=\"e-n-tab-content-235147372\" role=\"tabpanel\" aria-labelledby=\"e-n-tab-title-235147372\" data-tab-index=\"2\" style=\"--n-tabs-title-order: 2;\" class=\" elementor-element elementor-element-b320e40 e-con-full e-flex e-con e-child\" data-id=\"b320e40\" data-element_type=\"container\" data-e-type=\"container\">\n\t\t\t\t<div class=\"elementor-element elementor-element-af9e901 elementor-widget elementor-widget-text-editor\" data-id=\"af9e901\" data-element_type=\"widget\" data-e-type=\"widget\" data-widget_type=\"text-editor.default\">\n\t\t\t\t<div class=\"elementor-widget-container\">\n\t\t\t\t\t\t\t\t\t<h3> <\/h3>\n<ul>\n<li>\n<p class=\"ds-markdown-paragraph\">A975 P80 DSC DP 150&#215;18 A975 NOR P80 VL1 14H &#8211; 100 St\u00fcck in 1 Packung<\/p>\n<\/li>\n<li>\n<p class=\"ds-markdown-paragraph\">A975 P120 DSC DP 150&#215;18 A975 NOR P120 VL1 14H &#8211; 100 St\u00fcck in 1 Packung<\/p>\n<\/li>\n<li>\n<p class=\"ds-markdown-paragraph\">A975 P150 DSC DP 150&#215;18 A975 NOR P150 VL1 14H &#8211; 100 St\u00fcck in 1 Packung<\/p>\n<\/li>\n<li>\n<p class=\"ds-markdown-paragraph\">A975 P180 DSC DP 150&#215;18 A975 NOR P180 VL1 14H &#8211; 100 St\u00fcck in 1 Packung<\/p>\n<\/li>\n<li>\n<p class=\"ds-markdown-paragraph\">A975 P220 DSC DP 150&#215;18 A975 NOR P220 VL1 14H &#8211; 100 St\u00fcck in 1 Packung<\/p>\n<\/li>\n<li>\n<p class=\"ds-markdown-paragraph\">A975 P240 DSC DP 150&#215;18 A975 NOR P240 VL1 14H &#8211; 100 St\u00fcck in 1 Packung<\/p>\n<\/li>\n<li>\n<p class=\"ds-markdown-paragraph\">A975 P280 DSC DP 150&#215;18 A975 NOR P280 VL1 14H &#8211; 100 St\u00fcck in 1 Packung<\/p>\n<\/li>\n<li>\n<p class=\"ds-markdown-paragraph\">A975 P320 DSC DP 150&#215;18 A975 NOR P320 VL1 14H &#8211; 100 St\u00fcck in 1 Packung<\/p>\n<\/li>\n<li>\n<p class=\"ds-markdown-paragraph\">A975 P400 DSC DP 150&#215;18 A975 NOR P400 VL1 14H &#8211; 100 St\u00fcck in 1 Packung<\/p>\n<\/li>\n<li>\n<p class=\"ds-markdown-paragraph\">A275 P80 DSC DP 150X18 NOR VL1 14H EU &#8211; 100 St\u00fcck in 1 Packung<\/p>\n<\/li>\n<li>\n<p class=\"ds-markdown-paragraph\">A275 P120 DSC DP 150X18 NOR VL1 14H EU &#8211; 100 St\u00fcck in 1 Packung<\/p>\n<\/li>\n<li>\n<p class=\"ds-markdown-paragraph\">A275 P150 DSC DP 150X18 NOR VL1 14H EU &#8211; 100 St\u00fcck in 1 Packung<\/p>\n<\/li>\n<li>\n<p class=\"ds-markdown-paragraph\">A275 P180 DSC DP 150X18 NOR VL1 14H EU &#8211; 100 St\u00fcck in 1 Packung<\/p>\n<\/li>\n<li>\n<p class=\"ds-markdown-paragraph\">A275 P220 DSC DP 150X18 NOR VL1 14H EU &#8211; 100 St\u00fcck in 1 Packung<\/p>\n<\/li>\n<li>\n<p class=\"ds-markdown-paragraph\">A275 P240 DSC DP 150X18 NOR VL1 14H EU &#8211; 100 St\u00fcck in 1 Packung<\/p>\n<\/li>\n<li>\n<p class=\"ds-markdown-paragraph\">A275 P280 DSC DP 150X18 NOR VL1 14H EU &#8211; 100 St\u00fcck in 1 Packung<\/p>\n<\/li>\n<li>\n<p class=\"ds-markdown-paragraph\">A275 P320 DSC DP 150X18 NOR VL1 14H EU &#8211; 100 St\u00fcck in 1 Packung<\/p>\n<\/li>\n<li>\n<p class=\"ds-markdown-paragraph\">A275 P400 DSC DP 150X18 NOR VL1 14H EU &#8211; 100 St\u00fcck in 1 Packung<\/p>\n<\/li>\n<li>\n<p class=\"ds-markdown-paragraph\">Q275 P800 DSC DP 150X18 NOR VL1 14H EU &#8211; 100 St\u00fcck in 1 Packung<\/p>\n<\/li>\n<li>\n<p class=\"ds-markdown-paragraph\">Q275 P1000 DSC DP 150X18 NOR VL1 14H EU &#8211; 100 St\u00fcck in 1 Packung<\/p>\n<\/li>\n<li>\n<p class=\"ds-markdown-paragraph\">Q275 P1200 DSC DP 150X18 NOR VL1 14H EU &#8211; 100 St\u00fcck in 1 Packung<\/p>\n<\/li>\n<li>\n<p class=\"ds-markdown-paragraph\">Q275 P1500 DSC DP 150X18 NOR VL1 14H EU &#8211; 100 St\u00fcck in 1 Packung<\/p>\n<\/li>\n<li>\n<p class=\"ds-markdown-paragraph\">DSC DP 150&#215;18 A995 NOR P80 VL1 MA EU<\/p>\n<\/li>\n<li>\n<p class=\"ds-markdown-paragraph\">DSC DP 150&#215;18 A995 NOR P150 VL1 MA EU<\/p>\n<\/li>\n<li>\n<p class=\"ds-markdown-paragraph\">DSC DP 150&#215;18 A995 NOR P180 VL1 MA EU<\/p>\n<\/li>\n<li>\n<p class=\"ds-markdown-paragraph\">DSC DP 150&#215;18 A995 NOR P220 VL1 MA EU<\/p>\n<\/li>\n<li>\n<p class=\"ds-markdown-paragraph\">DSC DP 150&#215;18 A995 NOR P320 VL1 MA EU<\/p>\n<\/li>\n<li>\n<p class=\"ds-markdown-paragraph\">DSC DP 150X18 A293 NOR P80 VL1 14H EU<\/p>\n<\/li>\n<li>\n<p class=\"ds-markdown-paragraph\">DSC DP 150X18 A293 NOR P120 VL1 14H EU<\/p>\n<\/li>\n<li>\n<p class=\"ds-markdown-paragraph\">DSC DP 150X18 A293 NOR P180 VL1 14H EU<\/p>\n<\/li>\n<li>\n<p class=\"ds-markdown-paragraph\">DSC DP 150X18 A293 NOR P240 VL1 14H EU<\/p>\n<\/li>\n<li>\n<p class=\"ds-markdown-paragraph\">DSC DP 150X18 A293 NOR P320 VL1 14H EU<\/p>\n<\/li>\n<li>\n<p class=\"ds-markdown-paragraph\">DSC DP 150X18 A293 NOR P400 VL1 14H EU<\/p>\n<\/li>\n<li>\n<p class=\"ds-markdown-paragraph\">DSC DP 203X0 A275 NOR P80 VL1 8H- 100 St\u00fcck in 1 Packung<\/p>\n<\/li>\n<li>\n<p class=\"ds-markdown-paragraph\">DSC DP 203X0 A275 NOR P120 VL1 8H- 100 St\u00fcck in 1 Packung<\/p>\n<\/li>\n<li>\n<p class=\"ds-markdown-paragraph\">DSC DP 203X0 A275 NOR P180 VL1 8H- 100 St\u00fcck in 1 Packung<\/p>\n<\/li>\n<li>\n<p class=\"ds-markdown-paragraph\">DSC DP 203X0 A275 NOR P240 VL1 8H- 100 St\u00fcck in 1 Packung<\/p>\n<\/li>\n<li>\n<p class=\"ds-markdown-paragraph\">Audurra P80 Allround-Schleifscheibe, \u00d8 150 mm, 21-Loch (100er-Pack)<\/p>\n<\/li>\n<li>\n<p class=\"ds-markdown-paragraph\">Audurra P120 Allround-Schleifscheibe, \u00d8 150 mm, 21-Loch (1 PACK = 100 St\u00fcck)<\/p>\n<\/li>\n<li>\n<p class=\"ds-markdown-paragraph\">Audurra P180 Allround-Schleifscheibe, \u00d8 150 mm, 21-Loch( 1 PACKUNG=100 St.)<\/p>\n<\/li>\n<li>\n<p class=\"ds-markdown-paragraph\">Audurra P220 Allround-Schleifscheibe, \u00d8 150 mm, 21-Loch (100er-Pack)<\/p>\n<\/li>\n<li>\n<p class=\"ds-markdown-paragraph\">Audurra P320 Allround-Schleifscheibe, \u00d8 150 mm, 21-Loch (1 PACKUNG = 100 St\u00fcck)<\/p>\n<\/li>\n<li>\n<p class=\"ds-markdown-paragraph\">Audurra P400 Allround-Schleifscheibe, \u00d8 150 mm, 21-Loch (100er-Pack)<\/p>\n<\/li>\n<li>\n<p class=\"ds-markdown-paragraph\">Audurra P500 Allround-Schleifscheibe, \u00d8 150 mm, 21 L\u00f6cher (1 PACK = 100 St\u00fcck)<\/p>\n<\/li>\n<li>\n<p class=\"ds-markdown-paragraph\">Audurra Premium A Mehrlochscheibe 150mm (1 PACKUNG = 100 PACKS)<\/p>\n<\/li>\n<li>\n<p class=\"ds-markdown-paragraph\">Audurra Premium D Multilochscheibe 150mm (1 PACKUNG=100 Stck.)<\/p>\n<\/li>\n<li>\n<p class=\"ds-markdown-paragraph\">Audurra Feinschleifscheibe 150mm P1000 (1 PACK = 10 PACKS)<\/p>\n<\/li>\n<li>\n<p class=\"ds-markdown-paragraph\">Audurra Premium A MH Schleifstreifen gelocht, 400&#215;70 mm (1 PAKET=100 P\u00e4ckchen)<\/p>\n<\/li>\n<li>\n<p class=\"ds-markdown-paragraph\">Audurra Premium B MH Schleifstreifen gelocht, 400&#215;70 mm (1 PAKET=100 P\u00e4ckchen)<\/p>\n<\/li>\n<\/ul>\t\t\t\t\t\t\t\t<\/div>\n\t\t\t\t<\/div>\n\t\t\t\t<\/div>\n\t\t<div id=\"e-n-tab-content-235147373\" role=\"tabpanel\" aria-labelledby=\"e-n-tab-title-235147373\" data-tab-index=\"3\" style=\"--n-tabs-title-order: 3;\" class=\" elementor-element elementor-element-49dc2bd e-con-full e-flex e-con e-child\" data-id=\"49dc2bd\" data-element_type=\"container\" data-e-type=\"container\">\n\t\t\t\t<div class=\"elementor-element elementor-element-0fcba18 elementor-widget elementor-widget-text-editor\" data-id=\"0fcba18\" data-element_type=\"widget\" data-e-type=\"widget\" data-widget_type=\"text-editor.default\">\n\t\t\t\t<div class=\"elementor-widget-container\">\n\t\t\t\t\t\t\t\t\t<ul>\n<li>\n<p class=\"ds-markdown-paragraph\">Schleifpapier auf Schwamm NORTON 115mm x 25m A275 GRADATION P800<\/p>\n<\/li>\n<li>\n<p class=\"ds-markdown-paragraph\">Schleifpapier auf Schwamm NORTON 115mm x 25m A275 GRADATION P180<\/p>\n<\/li>\n<li>\n<p class=\"ds-markdown-paragraph\">Schleifpapier auf Schwamm NORTON 115mm x 25m GRADATION P240<\/p>\n<\/li>\n<li>\n<p class=\"ds-markdown-paragraph\">Audurra Soft-Roll perforiert, 115mm x 25m, D \/ Schleifpapier auf Schwamm \/ P280 1 SZT.<\/p>\n<\/li>\n<li>\n<p class=\"ds-markdown-paragraph\">Audurra Soft-Roll perforiert, 115mm x 25m, C \/ Schleifpapier auf Schwamm \/ P500 1 SZT.<\/p>\n<\/li>\n<\/ul>\t\t\t\t\t\t\t\t<\/div>\n\t\t\t\t<\/div>\n\t\t\t\t<\/div>\n\t\t<div id=\"e-n-tab-content-235147374\" role=\"tabpanel\" aria-labelledby=\"e-n-tab-title-235147374\" data-tab-index=\"4\" style=\"--n-tabs-title-order: 4;\" class=\" elementor-element elementor-element-5cf69f4 e-con-full e-flex e-con e-child\" data-id=\"5cf69f4\" data-element_type=\"container\" data-e-type=\"container\">\n\t\t\t\t<div class=\"elementor-element elementor-element-822e286 elementor-widget elementor-widget-text-editor\" data-id=\"822e286\" data-element_type=\"widget\" data-e-type=\"widget\" data-widget_type=\"text-editor.default\">\n\t\t\t\t<div class=\"elementor-widget-container\">\n\t\t\t\t\t\t\t\t\t<ul>\n<li>\n<p class=\"ds-markdown-paragraph\">BEARTEX HANDSCHNEIDEPLATTEN 150&#215;230 GRAU<\/p>\n<\/li>\n<li>\n<p class=\"ds-markdown-paragraph\">BEARTEX HANDSCHNEIDEPLATTEN 150&#215;230 ROT<\/p>\n<\/li>\n<li>\n<p class=\"ds-markdown-paragraph\">BEARTEX HANDSCHNITTPLATTEN 150&#215;230 GOLD<\/p>\n<\/li>\n<\/ul>\t\t\t\t\t\t\t\t<\/div>\n\t\t\t\t<\/div>\n\t\t\t\t<\/div>\n\t\t<div id=\"e-n-tab-content-235147375\" role=\"tabpanel\" aria-labelledby=\"e-n-tab-title-235147375\" data-tab-index=\"5\" style=\"--n-tabs-title-order: 5;\" class=\" elementor-element elementor-element-1d685e0 e-flex e-con-boxed e-con e-child\" data-id=\"1d685e0\" data-element_type=\"container\" data-e-type=\"container\">\n\t\t\t\t\t<div class=\"e-con-inner\">\n\t\t\t\t<div class=\"elementor-element elementor-element-983acd8 elementor-widget elementor-widget-text-editor\" data-id=\"983acd8\" data-element_type=\"widget\" data-e-type=\"widget\" data-widget_type=\"text-editor.default\">\n\t\t\t\t<div class=\"elementor-widget-container\">\n\t\t\t\t\t\t\t\t\t<ul>\n<li>\n<p class=\"ds-markdown-paragraph\">NPS-Adapter f\u00fcr SATA-Pistolen<\/p>\n<\/li>\n<li>\n<p class=\"ds-markdown-paragraph\">Audurra Farbmischr\u00fchrer (512 St\u00fcck)<\/p>\n<\/li>\n<li>\n<p class=\"ds-markdown-paragraph\">Audurra Anr\u00fchrbecher 300 ml (1 Packung = 286 St\u00fcck)<\/p>\n<\/li>\n<li>\n<p class=\"ds-markdown-paragraph\">Audurra Anr\u00fchrbecher 600 ml (1 Packung = 195 St\u00fcck)<\/p>\n<\/li>\n<li>\n<p class=\"ds-markdown-paragraph\">Audurra Anr\u00fchrbecher 1900 ml (1 Packung =112 St\u00fcck)<\/p>\n<\/li>\n<li>\n<p class=\"ds-markdown-paragraph\">Audurra Anr\u00fchrbecher 1100 ml (1 Packung = 200 Stk.)<\/p>\n<\/li>\n<li>\n<p class=\"ds-markdown-paragraph\">Audurra Farbsieb 125 \u00b5m<\/p>\n<\/li>\n<li>\n<p class=\"ds-markdown-paragraph\">Audurra Farbsieb 190 \u00b5m AU190G 190MY<\/p>\n<\/li>\n<li>\n<p class=\"ds-markdown-paragraph\">Audurra Pumpsprayflasche<\/p>\n<\/li>\n<\/ul>\t\t\t\t\t\t\t\t<\/div>\n\t\t\t\t<\/div>\n\t\t\t\t\t<\/div>\n\t\t\t\t<\/div>\n\t\t<div id=\"e-n-tab-content-235147376\" role=\"tabpanel\" aria-labelledby=\"e-n-tab-title-235147376\" data-tab-index=\"6\" style=\"--n-tabs-title-order: 6;\" class=\" elementor-element elementor-element-9056593 e-flex e-con-boxed e-con e-child\" data-id=\"9056593\" data-element_type=\"container\" data-e-type=\"container\">\n\t\t\t\t\t<div class=\"e-con-inner\">\n\t\t\t\t<div class=\"elementor-element elementor-element-94be7cc elementor-widget elementor-widget-text-editor\" data-id=\"94be7cc\" data-element_type=\"widget\" data-e-type=\"widget\" data-widget_type=\"text-editor.default\">\n\t\t\t\t<div class=\"elementor-widget-container\">\n\t\t\t\t\t\t\t\t\t<ul>\n<li>\n<p class=\"ds-markdown-paragraph\">CL001-Nicht gewebt Reinigung-320&#215;400-NOR<\/p>\n<\/li>\n<li>\n<p class=\"ds-markdown-paragraph\">Audurra Entfettungstuch-Rolle<\/p>\n<\/li>\n<li>\n<p class=\"ds-markdown-paragraph\">Audurra Entfettungstuch-Spenderbox (Packung mit 150 St\u00fcck)<\/p>\n<\/li>\n<\/ul>\t\t\t\t\t\t\t\t<\/div>\n\t\t\t\t<\/div>\n\t\t\t\t\t<\/div>\n\t\t\t\t<\/div>\n\t\t<div id=\"e-n-tab-content-235147377\" role=\"tabpanel\" aria-labelledby=\"e-n-tab-title-235147377\" data-tab-index=\"7\" style=\"--n-tabs-title-order: 7;\" class=\" elementor-element elementor-element-da75899 e-flex e-con-boxed e-con e-child\" data-id=\"da75899\" data-element_type=\"container\" data-e-type=\"container\">\n\t\t\t\t\t<div class=\"e-con-inner\">\n\t\t\t\t<div class=\"elementor-element elementor-element-119f3d8 elementor-widget elementor-widget-text-editor\" data-id=\"119f3d8\" data-element_type=\"widget\" data-e-type=\"widget\" data-widget_type=\"text-editor.default\">\n\t\t\t\t<div class=\"elementor-widget-container\">\n\t\t\t\t\t\t\t\t\t<ul>\n<li>\n<p class=\"ds-markdown-paragraph\">AUDURRA-OVERALL ZUM EINMALIGEN GEBRAUCH GR\u00d6SSE XL<\/p>\n<\/li>\n<li>\n<p class=\"ds-markdown-paragraph\">Audurra Spraysuit Gr\u00f6\u00dfe 50 &#8211; 52<\/p>\n<\/li>\n<li>\n<p class=\"ds-markdown-paragraph\">AUDURRA NITRILE HANDSCHUHE BLAU GR\u00d6SSE L (Packung mit 100 St\u00fcck)<\/p>\n<\/li>\n<li>\n<p class=\"ds-markdown-paragraph\">AUDURRA PREMIUM NITRILE GLOVES SCHWARZ GR\u00d6SSE L (Packung mit 60 St\u00fcck)<\/p>\n<\/li>\n<li>\n<p class=\"ds-markdown-paragraph\">AUDURRA PREMIUM NITRILE GLOVES SCHWARZ Gr\u00f6\u00dfe XL (Packung mit 60 St\u00fcck)<\/p>\n<\/li>\n<li>\n<p class=\"ds-markdown-paragraph\">AUDURRA NITRILE HANDSCHUHE BLAU GR\u00d6SSE XL (Packung mit 100 St\u00fcck)<\/p>\n<\/li>\n<\/ul>\t\t\t\t\t\t\t\t<\/div>\n\t\t\t\t<\/div>\n\t\t\t\t\t<\/div>\n\t\t\t\t<\/div>\n\t\t<div id=\"e-n-tab-content-235147378\" role=\"tabpanel\" aria-labelledby=\"e-n-tab-title-235147378\" data-tab-index=\"8\" style=\"--n-tabs-title-order: 8;\" class=\" elementor-element elementor-element-b141430 e-flex e-con-boxed e-con e-child\" data-id=\"b141430\" data-element_type=\"container\" data-e-type=\"container\">\n\t\t\t\t\t<div class=\"e-con-inner\">\n\t\t\t\t<div class=\"elementor-element elementor-element-92abe78 elementor-widget elementor-widget-text-editor\" data-id=\"92abe78\" data-element_type=\"widget\" data-e-type=\"widget\" data-widget_type=\"text-editor.default\">\n\t\t\t\t<div class=\"elementor-widget-container\">\n\t\t\t\t\t\t\t\t\t<strong>Klebstoffe f\u00fcr Glas:<\/strong>\n<ul>\n \t<li><a href=\"https:\/\/dirigocoating.pl\/de\/produkt\/onebond-pu-express-30\/\">OneBond PU EXPRESS 30<\/a><\/li>\n \t<li><a href=\"https:\/\/dirigocoating.pl\/de\/produkt\/onebond-ms-rapid-60\/\">OneBond MS RAPID 60<\/a><\/li>\n \t<li><a href=\"https:\/\/dirigocoating.pl\/de\/produkt\/onebond-pu-fast-120\/\">OneBond PU FAST 120<\/a><\/li>\n \t<li><a href=\"https:\/\/dirigocoating.pl\/de\/produkt\/onebond-pu-power-180\/\">OneBond PU POWER 180<\/a><\/li>\n<\/ul>\t\t\t\t\t\t\t\t<\/div>\n\t\t\t\t<\/div>\n\t\t\t\t\t<\/div>\n\t\t\t\t<\/div>\n\t\t\t\t\t<\/div>\n\t\t<\/div>\n\t\t\t\t\t\t<\/div>\n\t\t\t\t<\/div>\n\t\t\t\t\t<\/div>\n\t\t\t\t<\/div>\n\t\t\t\t<\/div>\n\t\t","protected":false},"excerpt":{"rendered":"<p>Materialien Non paint Das Non-Paint-Angebot ist eine unverzichtbare Erg\u00e4nzung jedes professionellen Lackierprozesses. Es umfasst Hilfsmaterialien wie Reinigungs-, Entfettungs- und Abdeckmittel, Schleifmaterialien, Klebeb\u00e4nder, Folien sowie pers\u00f6nliche Schutzausr\u00fcstung. Gerade sie entscheiden \u00fcber die effiziente Oberfl\u00e4chenvorbereitung, die Qualit\u00e4t des Finishs und die Arbeitssicherheit. Unsere Non-Paint-Produkte sind sorgf\u00e4ltig im Hinblick auf Zuverl\u00e4ssigkeit, Kompatibilit\u00e4t mit Lacksystemen und Effizienz im t\u00e4glichen [&hellip;]<\/p>\n","protected":false},"author":1,"featured_media":0,"parent":0,"menu_order":0,"comment_status":"closed","ping_status":"closed","template":"","meta":{"footnotes":""},"class_list":["post-11017","page","type-page","status-publish","hentry"],"_links":{"self":[{"href":"https:\/\/dirigocoating.pl\/de\/wp-json\/wp\/v2\/pages\/11017"}],"collection":[{"href":"https:\/\/dirigocoating.pl\/de\/wp-json\/wp\/v2\/pages"}],"about":[{"href":"https:\/\/dirigocoating.pl\/de\/wp-json\/wp\/v2\/types\/page"}],"author":[{"embeddable":true,"href":"https:\/\/dirigocoating.pl\/de\/wp-json\/wp\/v2\/users\/1"}],"replies":[{"embeddable":true,"href":"https:\/\/dirigocoating.pl\/de\/wp-json\/wp\/v2\/comments?post=11017"}],"version-history":[{"count":7,"href":"https:\/\/dirigocoating.pl\/de\/wp-json\/wp\/v2\/pages\/11017\/revisions"}],"predecessor-version":[{"id":13254,"href":"https:\/\/dirigocoating.pl\/de\/wp-json\/wp\/v2\/pages\/11017\/revisions\/13254"}],"wp:attachment":[{"href":"https:\/\/dirigocoating.pl\/de\/wp-json\/wp\/v2\/media?parent=11017"}],"curies":[{"name":"wp","href":"https:\/\/api.w.org\/{rel}","templated":true}]}}