{"id":11116,"date":"2025-06-13T10:10:07","date_gmt":"2025-06-13T10:10:07","guid":{"rendered":"https:\/\/dirigocoating.pl\/abenteuer\/"},"modified":"2025-08-26T13:33:33","modified_gmt":"2025-08-26T13:33:33","slug":"adventure","status":"publish","type":"page","link":"https:\/\/dirigocoating.pl\/de\/adventure\/","title":{"rendered":"Adventure"},"content":{"rendered":"\t\t<div data-elementor-type=\"wp-page\" data-elementor-id=\"11116\" class=\"elementor elementor-11116 elementor-6912\">\n\t\t\t\t\t\t<section class=\"elementor-section elementor-top-section elementor-element elementor-element-399413b elementor-section-boxed elementor-section-height-default elementor-section-height-default\" data-id=\"399413b\" data-element_type=\"section\" data-e-type=\"section\">\n\t\t\t\t\t\t<div class=\"elementor-container elementor-column-gap-default\">\n\t\t\t\t\t<div class=\"elementor-column elementor-col-100 elementor-top-column elementor-element elementor-element-0388602\" data-id=\"0388602\" data-element_type=\"column\" data-e-type=\"column\">\n\t\t\t<div class=\"elementor-widget-wrap elementor-element-populated\">\n\t\t\t\t\t\t<div class=\"elementor-element elementor-element-f0bd53b acenter divider_yes elementor-widget elementor-widget-wgl-double-heading\" data-id=\"f0bd53b\" data-element_type=\"widget\" data-e-type=\"widget\" data-widget_type=\"wgl-double-heading.default\">\n\t\t\t\t<div class=\"elementor-widget-container\">\n\t\t\t\t\t<div class=\"wgl-double-heading\"><h3 class=\"dblh__title-wrapper\"><span class=\"dblh__divider\"><\/span><span class=\"dblh__title dblh__title-1\">Off-Road-Expeditionen in  <\/span><span class=\"dblh__title dblh__title-2\">Dirigo Adventure<\/span><\/h3><\/div>\t\t\t\t<\/div>\n\t\t\t\t<\/div>\n\t\t\t\t<div class=\"elementor-element elementor-element-c964f07 elementor-widget__width-initial elementor-widget elementor-widget-text-editor\" data-id=\"c964f07\" data-element_type=\"widget\" data-e-type=\"widget\" data-widget_type=\"text-editor.default\">\n\t\t\t\t<div class=\"elementor-widget-container\">\n\t\t\t\t\t\t\t\t\t<p><span style=\"font-weight: 400;\">Dirigo Adventure ist die Marke, unter der wir unsere Aktivit\u00e4ten dokumentieren, die in erster Linie mit Offroading verbunden sind \u2013 sowohl im Freizeitbereich als auch bei anspruchsvollen Offroad-Fahrten. <\/span><\/p>\t\t\t\t\t\t\t\t<\/div>\n\t\t\t\t<\/div>\n\t\t\t\t\t<\/div>\n\t\t<\/div>\n\t\t\t\t\t<\/div>\n\t\t<\/section>\n\t\t<div class=\"elementor-element elementor-element-63de22b e-flex e-con-boxed e-con e-parent\" data-id=\"63de22b\" data-element_type=\"container\" data-e-type=\"container\">\n\t\t\t\t\t<div class=\"e-con-inner\">\n\t\t\t\t<div class=\"elementor-element elementor-element-4da9770 elementor-widget elementor-widget-image\" data-id=\"4da9770\" data-element_type=\"widget\" data-e-type=\"widget\" data-widget_type=\"image.default\">\n\t\t\t\t<div class=\"elementor-widget-container\">\n\t\t\t\t\t\t\t\t\t\t\t\t\t\t\t<img fetchpriority=\"high\" decoding=\"async\" width=\"705\" height=\"291\" src=\"https:\/\/dirigocoating.pl\/wp-content\/uploads\/2025\/06\/Bez-nazwy-940-x-588-px-940-x-388-px-1.png\" class=\"attachment-large size-large wp-image-10717\" alt=\"\" srcset=\"https:\/\/dirigocoating.pl\/wp-content\/uploads\/2025\/06\/Bez-nazwy-940-x-588-px-940-x-388-px-1.png 705w, https:\/\/dirigocoating.pl\/wp-content\/uploads\/2025\/06\/Bez-nazwy-940-x-588-px-940-x-388-px-1-300x124.png 300w\" sizes=\"(max-width: 705px) 100vw, 705px\" \/>\t\t\t\t\t\t\t\t\t\t\t\t\t\t\t<\/div>\n\t\t\t\t<\/div>\n\t\t\t\t\t<\/div>\n\t\t\t\t<\/div>\n\t\t<div class=\"elementor-element elementor-element-0013ccc e-flex e-con-boxed e-con e-parent\" data-id=\"0013ccc\" data-element_type=\"container\" data-e-type=\"container\">\n\t\t\t\t\t<div class=\"e-con-inner\">\n\t\t\t\t<div class=\"elementor-element elementor-element-9900fa6 elementor-widget elementor-widget-spacer\" data-id=\"9900fa6\" data-element_type=\"widget\" data-e-type=\"widget\" data-widget_type=\"spacer.default\">\n\t\t\t\t<div class=\"elementor-widget-container\">\n\t\t\t\t\t\t\t<div class=\"elementor-spacer\">\n\t\t\t<div class=\"elementor-spacer-inner\"><\/div>\n\t\t<\/div>\n\t\t\t\t\t\t<\/div>\n\t\t\t\t<\/div>\n\t\t\t\t\t<\/div>\n\t\t\t\t<\/div>\n\t\t<div class=\"elementor-element elementor-element-13c70af e-flex e-con-boxed e-con e-parent\" data-id=\"13c70af\" data-element_type=\"container\" data-e-type=\"container\">\n\t\t\t\t\t<div class=\"e-con-inner\">\n\t\t\t\t<div class=\"elementor-element elementor-element-ed06914 gallery-spacing-custom elementor-widget elementor-widget-image-gallery\" data-id=\"ed06914\" data-element_type=\"widget\" data-e-type=\"widget\" data-widget_type=\"image-gallery.default\">\n\t\t\t\t<div class=\"elementor-widget-container\">\n\t\t\t\t\t\t\t<div class=\"elementor-image-gallery\">\n\t\t\t<div id='gallery-1' class='gallery galleryid-11116 gallery-columns-4 gallery-size-medium'><figure class='gallery-item'>\n\t\t\t<div class='gallery-icon landscape'>\n\t\t\t\t<a data-elementor-open-lightbox=\"yes\" data-elementor-lightbox-slideshow=\"ed06914\" data-elementor-lightbox-title=\"20241004_155359\" data-e-action-hash=\"#elementor-action%3Aaction%3Dlightbox%26settings%3DeyJpZCI6MTA3NjcsInVybCI6Imh0dHBzOlwvXC9kaXJpZ29jb2F0aW5nLnBsXC93cC1jb250ZW50XC91cGxvYWRzXC8yMDI1XC8wNlwvMjAyNDEwMDRfMTU1MzU5LXNjYWxlZC5qcGciLCJzbGlkZXNob3ciOiJlZDA2OTE0In0%3D\" href='https:\/\/dirigocoating.pl\/wp-content\/uploads\/2025\/06\/20241004_155359-scaled.jpg'><img decoding=\"async\" width=\"300\" height=\"225\" src=\"https:\/\/dirigocoating.pl\/wp-content\/uploads\/2025\/06\/20241004_155359-300x225.jpg\" class=\"attachment-medium size-medium\" alt=\"\" srcset=\"https:\/\/dirigocoating.pl\/wp-content\/uploads\/2025\/06\/20241004_155359-300x225.jpg 300w, https:\/\/dirigocoating.pl\/wp-content\/uploads\/2025\/06\/20241004_155359-1024x768.jpg 1024w, https:\/\/dirigocoating.pl\/wp-content\/uploads\/2025\/06\/20241004_155359-768x576.jpg 768w, https:\/\/dirigocoating.pl\/wp-content\/uploads\/2025\/06\/20241004_155359-1536x1152.jpg 1536w, https:\/\/dirigocoating.pl\/wp-content\/uploads\/2025\/06\/20241004_155359-2048x1536.jpg 2048w, https:\/\/dirigocoating.pl\/wp-content\/uploads\/2025\/06\/20241004_155359-1080x810.jpg 1080w\" sizes=\"(max-width: 300px) 100vw, 300px\" \/><\/a>\n\t\t\t<\/div><\/figure><figure class='gallery-item'>\n\t\t\t<div class='gallery-icon landscape'>\n\t\t\t\t<a data-elementor-open-lightbox=\"yes\" data-elementor-lightbox-slideshow=\"ed06914\" data-elementor-lightbox-title=\"20241004_145308\" data-e-action-hash=\"#elementor-action%3Aaction%3Dlightbox%26settings%3DeyJpZCI6MTA3ODIsInVybCI6Imh0dHBzOlwvXC9kaXJpZ29jb2F0aW5nLnBsXC93cC1jb250ZW50XC91cGxvYWRzXC8yMDI1XC8wNlwvMjAyNDEwMDRfMTQ1MzA4LXNjYWxlZC5qcGciLCJzbGlkZXNob3ciOiJlZDA2OTE0In0%3D\" href='https:\/\/dirigocoating.pl\/wp-content\/uploads\/2025\/06\/20241004_145308-scaled.jpg'><img decoding=\"async\" width=\"300\" height=\"225\" src=\"https:\/\/dirigocoating.pl\/wp-content\/uploads\/2025\/06\/20241004_145308-300x225.jpg\" class=\"attachment-medium size-medium\" alt=\"\" srcset=\"https:\/\/dirigocoating.pl\/wp-content\/uploads\/2025\/06\/20241004_145308-300x225.jpg 300w, https:\/\/dirigocoating.pl\/wp-content\/uploads\/2025\/06\/20241004_145308-1024x768.jpg 1024w, https:\/\/dirigocoating.pl\/wp-content\/uploads\/2025\/06\/20241004_145308-768x576.jpg 768w, https:\/\/dirigocoating.pl\/wp-content\/uploads\/2025\/06\/20241004_145308-1536x1152.jpg 1536w, https:\/\/dirigocoating.pl\/wp-content\/uploads\/2025\/06\/20241004_145308-2048x1536.jpg 2048w, https:\/\/dirigocoating.pl\/wp-content\/uploads\/2025\/06\/20241004_145308-1080x810.jpg 1080w\" sizes=\"(max-width: 300px) 100vw, 300px\" \/><\/a>\n\t\t\t<\/div><\/figure><figure class='gallery-item'>\n\t\t\t<div class='gallery-icon landscape'>\n\t\t\t\t<a data-elementor-open-lightbox=\"yes\" data-elementor-lightbox-slideshow=\"ed06914\" data-elementor-lightbox-title=\"20241004_154849\" data-e-action-hash=\"#elementor-action%3Aaction%3Dlightbox%26settings%3DeyJpZCI6MTA3NzcsInVybCI6Imh0dHBzOlwvXC9kaXJpZ29jb2F0aW5nLnBsXC93cC1jb250ZW50XC91cGxvYWRzXC8yMDI1XC8wNlwvMjAyNDEwMDRfMTU0ODQ5LXNjYWxlZC5qcGciLCJzbGlkZXNob3ciOiJlZDA2OTE0In0%3D\" href='https:\/\/dirigocoating.pl\/wp-content\/uploads\/2025\/06\/20241004_154849-scaled.jpg'><img loading=\"lazy\" decoding=\"async\" width=\"300\" height=\"225\" src=\"https:\/\/dirigocoating.pl\/wp-content\/uploads\/2025\/06\/20241004_154849-300x225.jpg\" class=\"attachment-medium size-medium\" alt=\"\" srcset=\"https:\/\/dirigocoating.pl\/wp-content\/uploads\/2025\/06\/20241004_154849-300x225.jpg 300w, https:\/\/dirigocoating.pl\/wp-content\/uploads\/2025\/06\/20241004_154849-1024x768.jpg 1024w, https:\/\/dirigocoating.pl\/wp-content\/uploads\/2025\/06\/20241004_154849-768x576.jpg 768w, https:\/\/dirigocoating.pl\/wp-content\/uploads\/2025\/06\/20241004_154849-1536x1152.jpg 1536w, https:\/\/dirigocoating.pl\/wp-content\/uploads\/2025\/06\/20241004_154849-2048x1536.jpg 2048w, https:\/\/dirigocoating.pl\/wp-content\/uploads\/2025\/06\/20241004_154849-1080x810.jpg 1080w\" sizes=\"(max-width: 300px) 100vw, 300px\" \/><\/a>\n\t\t\t<\/div><\/figure><figure class='gallery-item'>\n\t\t\t<div class='gallery-icon landscape'>\n\t\t\t\t<a data-elementor-open-lightbox=\"yes\" data-elementor-lightbox-slideshow=\"ed06914\" data-elementor-lightbox-title=\"20241004_155353\" data-e-action-hash=\"#elementor-action%3Aaction%3Dlightbox%26settings%3DeyJpZCI6MTA3NzIsInVybCI6Imh0dHBzOlwvXC9kaXJpZ29jb2F0aW5nLnBsXC93cC1jb250ZW50XC91cGxvYWRzXC8yMDI1XC8wNlwvMjAyNDEwMDRfMTU1MzUzLXNjYWxlZC5qcGciLCJzbGlkZXNob3ciOiJlZDA2OTE0In0%3D\" href='https:\/\/dirigocoating.pl\/wp-content\/uploads\/2025\/06\/20241004_155353-scaled.jpg'><img loading=\"lazy\" decoding=\"async\" width=\"300\" height=\"225\" src=\"https:\/\/dirigocoating.pl\/wp-content\/uploads\/2025\/06\/20241004_155353-300x225.jpg\" class=\"attachment-medium size-medium\" alt=\"\" srcset=\"https:\/\/dirigocoating.pl\/wp-content\/uploads\/2025\/06\/20241004_155353-300x225.jpg 300w, https:\/\/dirigocoating.pl\/wp-content\/uploads\/2025\/06\/20241004_155353-1024x768.jpg 1024w, https:\/\/dirigocoating.pl\/wp-content\/uploads\/2025\/06\/20241004_155353-768x576.jpg 768w, https:\/\/dirigocoating.pl\/wp-content\/uploads\/2025\/06\/20241004_155353-1536x1152.jpg 1536w, https:\/\/dirigocoating.pl\/wp-content\/uploads\/2025\/06\/20241004_155353-2048x1536.jpg 2048w, https:\/\/dirigocoating.pl\/wp-content\/uploads\/2025\/06\/20241004_155353-1080x810.jpg 1080w\" sizes=\"(max-width: 300px) 100vw, 300px\" \/><\/a>\n\t\t\t<\/div><\/figure><figure class='gallery-item'>\n\t\t\t<div class='gallery-icon landscape'>\n\t\t\t\t<a data-elementor-open-lightbox=\"yes\" data-elementor-lightbox-slideshow=\"ed06914\" data-elementor-lightbox-title=\"20241004_155414\" data-e-action-hash=\"#elementor-action%3Aaction%3Dlightbox%26settings%3DeyJpZCI6MTA3NjIsInVybCI6Imh0dHBzOlwvXC9kaXJpZ29jb2F0aW5nLnBsXC93cC1jb250ZW50XC91cGxvYWRzXC8yMDI1XC8wNlwvMjAyNDEwMDRfMTU1NDE0LXNjYWxlZC5qcGciLCJzbGlkZXNob3ciOiJlZDA2OTE0In0%3D\" href='https:\/\/dirigocoating.pl\/wp-content\/uploads\/2025\/06\/20241004_155414-scaled.jpg'><img loading=\"lazy\" decoding=\"async\" width=\"300\" height=\"225\" src=\"https:\/\/dirigocoating.pl\/wp-content\/uploads\/2025\/06\/20241004_155414-300x225.jpg\" class=\"attachment-medium size-medium\" alt=\"\" srcset=\"https:\/\/dirigocoating.pl\/wp-content\/uploads\/2025\/06\/20241004_155414-300x225.jpg 300w, https:\/\/dirigocoating.pl\/wp-content\/uploads\/2025\/06\/20241004_155414-1024x768.jpg 1024w, https:\/\/dirigocoating.pl\/wp-content\/uploads\/2025\/06\/20241004_155414-768x576.jpg 768w, https:\/\/dirigocoating.pl\/wp-content\/uploads\/2025\/06\/20241004_155414-1536x1152.jpg 1536w, https:\/\/dirigocoating.pl\/wp-content\/uploads\/2025\/06\/20241004_155414-2048x1536.jpg 2048w, https:\/\/dirigocoating.pl\/wp-content\/uploads\/2025\/06\/20241004_155414-1080x810.jpg 1080w\" sizes=\"(max-width: 300px) 100vw, 300px\" \/><\/a>\n\t\t\t<\/div><\/figure><figure class='gallery-item'>\n\t\t\t<div class='gallery-icon landscape'>\n\t\t\t\t<a data-elementor-open-lightbox=\"yes\" data-elementor-lightbox-slideshow=\"ed06914\" data-elementor-lightbox-title=\"20241004_155416\" data-e-action-hash=\"#elementor-action%3Aaction%3Dlightbox%26settings%3DeyJpZCI6MTA3NTcsInVybCI6Imh0dHBzOlwvXC9kaXJpZ29jb2F0aW5nLnBsXC93cC1jb250ZW50XC91cGxvYWRzXC8yMDI1XC8wNlwvMjAyNDEwMDRfMTU1NDE2LTEtc2NhbGVkLmpwZyIsInNsaWRlc2hvdyI6ImVkMDY5MTQifQ%3D%3D\" href='https:\/\/dirigocoating.pl\/wp-content\/uploads\/2025\/06\/20241004_155416-1-scaled.jpg'><img loading=\"lazy\" decoding=\"async\" width=\"300\" height=\"225\" src=\"https:\/\/dirigocoating.pl\/wp-content\/uploads\/2025\/06\/20241004_155416-1-300x225.jpg\" class=\"attachment-medium size-medium\" alt=\"\" srcset=\"https:\/\/dirigocoating.pl\/wp-content\/uploads\/2025\/06\/20241004_155416-1-300x225.jpg 300w, https:\/\/dirigocoating.pl\/wp-content\/uploads\/2025\/06\/20241004_155416-1-1024x768.jpg 1024w, https:\/\/dirigocoating.pl\/wp-content\/uploads\/2025\/06\/20241004_155416-1-768x576.jpg 768w, https:\/\/dirigocoating.pl\/wp-content\/uploads\/2025\/06\/20241004_155416-1-1536x1152.jpg 1536w, https:\/\/dirigocoating.pl\/wp-content\/uploads\/2025\/06\/20241004_155416-1-2048x1536.jpg 2048w, https:\/\/dirigocoating.pl\/wp-content\/uploads\/2025\/06\/20241004_155416-1-1080x810.jpg 1080w\" sizes=\"(max-width: 300px) 100vw, 300px\" \/><\/a>\n\t\t\t<\/div><\/figure><figure class='gallery-item'>\n\t\t\t<div class='gallery-icon landscape'>\n\t\t\t\t<a data-elementor-open-lightbox=\"yes\" data-elementor-lightbox-slideshow=\"ed06914\" data-elementor-lightbox-title=\"IMG_20241004_155854\" data-e-action-hash=\"#elementor-action%3Aaction%3Dlightbox%26settings%3DeyJpZCI6MTA3NDcsInVybCI6Imh0dHBzOlwvXC9kaXJpZ29jb2F0aW5nLnBsXC93cC1jb250ZW50XC91cGxvYWRzXC8yMDI1XC8wNlwvSU1HXzIwMjQxMDA0XzE1NTg1NC1zY2FsZWQuanBnIiwic2xpZGVzaG93IjoiZWQwNjkxNCJ9\" href='https:\/\/dirigocoating.pl\/wp-content\/uploads\/2025\/06\/IMG_20241004_155854-scaled.jpg'><img loading=\"lazy\" decoding=\"async\" width=\"300\" height=\"225\" src=\"https:\/\/dirigocoating.pl\/wp-content\/uploads\/2025\/06\/IMG_20241004_155854-300x225.jpg\" class=\"attachment-medium size-medium\" alt=\"\" srcset=\"https:\/\/dirigocoating.pl\/wp-content\/uploads\/2025\/06\/IMG_20241004_155854-300x225.jpg 300w, https:\/\/dirigocoating.pl\/wp-content\/uploads\/2025\/06\/IMG_20241004_155854-1024x768.jpg 1024w, https:\/\/dirigocoating.pl\/wp-content\/uploads\/2025\/06\/IMG_20241004_155854-768x576.jpg 768w, https:\/\/dirigocoating.pl\/wp-content\/uploads\/2025\/06\/IMG_20241004_155854-1536x1152.jpg 1536w, https:\/\/dirigocoating.pl\/wp-content\/uploads\/2025\/06\/IMG_20241004_155854-2048x1536.jpg 2048w, https:\/\/dirigocoating.pl\/wp-content\/uploads\/2025\/06\/IMG_20241004_155854-1080x810.jpg 1080w\" sizes=\"(max-width: 300px) 100vw, 300px\" \/><\/a>\n\t\t\t<\/div><\/figure><figure class='gallery-item'>\n\t\t\t<div class='gallery-icon landscape'>\n\t\t\t\t<a data-elementor-open-lightbox=\"yes\" data-elementor-lightbox-slideshow=\"ed06914\" data-elementor-lightbox-title=\"20241004_165513\" data-e-action-hash=\"#elementor-action%3Aaction%3Dlightbox%26settings%3DeyJpZCI6MTA3NDIsInVybCI6Imh0dHBzOlwvXC9kaXJpZ29jb2F0aW5nLnBsXC93cC1jb250ZW50XC91cGxvYWRzXC8yMDI1XC8wNlwvMjAyNDEwMDRfMTY1NTEzLXNjYWxlZC5qcGciLCJzbGlkZXNob3ciOiJlZDA2OTE0In0%3D\" href='https:\/\/dirigocoating.pl\/wp-content\/uploads\/2025\/06\/20241004_165513-scaled.jpg'><img loading=\"lazy\" decoding=\"async\" width=\"300\" height=\"225\" src=\"https:\/\/dirigocoating.pl\/wp-content\/uploads\/2025\/06\/20241004_165513-300x225.jpg\" class=\"attachment-medium size-medium\" alt=\"\" srcset=\"https:\/\/dirigocoating.pl\/wp-content\/uploads\/2025\/06\/20241004_165513-300x225.jpg 300w, https:\/\/dirigocoating.pl\/wp-content\/uploads\/2025\/06\/20241004_165513-1024x768.jpg 1024w, https:\/\/dirigocoating.pl\/wp-content\/uploads\/2025\/06\/20241004_165513-768x576.jpg 768w, https:\/\/dirigocoating.pl\/wp-content\/uploads\/2025\/06\/20241004_165513-1536x1152.jpg 1536w, https:\/\/dirigocoating.pl\/wp-content\/uploads\/2025\/06\/20241004_165513-2048x1536.jpg 2048w, https:\/\/dirigocoating.pl\/wp-content\/uploads\/2025\/06\/20241004_165513-1080x810.jpg 1080w\" sizes=\"(max-width: 300px) 100vw, 300px\" \/><\/a>\n\t\t\t<\/div><\/figure>\n\t\t<\/div>\n\t\t<\/div>\n\t\t\t\t\t\t<\/div>\n\t\t\t\t<\/div>\n\t\t\t\t\t<\/div>\n\t\t\t\t<\/div>\n\t\t<div class=\"elementor-element elementor-element-0eb31b4 e-flex e-con-boxed e-con e-parent\" data-id=\"0eb31b4\" data-element_type=\"container\" data-e-type=\"container\">\n\t\t\t\t\t<div class=\"e-con-inner\">\n\t\t\t\t<div class=\"elementor-element elementor-element-77c9dc7 elementor-widget elementor-widget-spacer\" data-id=\"77c9dc7\" data-element_type=\"widget\" data-e-type=\"widget\" data-widget_type=\"spacer.default\">\n\t\t\t\t<div class=\"elementor-widget-container\">\n\t\t\t\t\t\t\t<div class=\"elementor-spacer\">\n\t\t\t<div class=\"elementor-spacer-inner\"><\/div>\n\t\t<\/div>\n\t\t\t\t\t\t<\/div>\n\t\t\t\t<\/div>\n\t\t\t\t\t<\/div>\n\t\t\t\t<\/div>\n\t\t<div class=\"elementor-element elementor-element-281c43a e-flex e-con-boxed e-con e-parent\" data-id=\"281c43a\" data-element_type=\"container\" data-e-type=\"container\">\n\t\t\t\t\t<div class=\"e-con-inner\">\n\t\t\t\t<div class=\"elementor-element elementor-element-9ae25ef elementor-widget elementor-widget-text-editor\" data-id=\"9ae25ef\" data-element_type=\"widget\" data-e-type=\"widget\" data-widget_type=\"text-editor.default\">\n\t\t\t\t<div class=\"elementor-widget-container\">\n\t\t\t\t\t\t\t\t\t<p><span style=\"font-weight: 400;\">4&#215;4-Expeditionen sind f\u00fcr uns nicht nur eine Form der Freizeitgestaltung, sondern auch eine M\u00f6glichkeit, Ausr\u00fcstung zu testen, im Team zusammenzuarbeiten und gemeinsame Herausforderungen abseits der ausgetretenen Pfade zu erleben.<\/span><\/p><p><span style=\"font-weight: 400;\">Unter der Marke Dirigo Adventure ver\u00f6ffentlichen wir sowohl auf unserer Website als auch in unseren sozialen Medien Fotos, Videos und Berichte von unseren Offroad-Touren \u2013 von kurzen Ausfahrten in der Umgebung bis hin zu mehrt\u00e4gigen Expeditionen in anspruchsvollere Regionen. Offroad ist unsere Hauptaktivit\u00e4t, aber wir beschr\u00e4nken uns nicht ausschlie\u00dflich auf das Fahren im Gel\u00e4nde. <\/span><\/p><p><span style=\"font-weight: 400;\">Dirigo Adventure umfasst auch andere sportliche und freizeitorientierte Aktivit\u00e4ten wie Radfahren, Wintersport, Wandern oder Segeln \u2013 all das, was uns hilft, neue Energie zu tanken und das Gleichgewicht zwischen Arbeit und Leidenschaft zu halten.<\/span><\/p>\t\t\t\t\t\t\t\t<\/div>\n\t\t\t\t<\/div>\n\t\t\t\t\t<\/div>\n\t\t\t\t<\/div>\n\t\t<div class=\"elementor-element elementor-element-acaf261 e-flex e-con-boxed e-con e-parent\" data-id=\"acaf261\" data-element_type=\"container\" data-e-type=\"container\">\n\t\t\t\t\t<div class=\"e-con-inner\">\n\t\t\t\t<div class=\"elementor-element elementor-element-38f1b95 elementor-widget elementor-widget-video\" data-id=\"38f1b95\" data-element_type=\"widget\" data-e-type=\"widget\" data-settings=\"{&quot;youtube_url&quot;:&quot;https:\\\/\\\/www.youtube.com\\\/watch?v=qbzuu4_j8Os&quot;,&quot;video_type&quot;:&quot;youtube&quot;,&quot;controls&quot;:&quot;yes&quot;}\" data-widget_type=\"video.default\">\n\t\t\t\t<div class=\"elementor-widget-container\">\n\t\t\t\t\t\t\t<div class=\"elementor-wrapper elementor-open-inline\">\n\t\t\t<div class=\"elementor-video\"><\/div>\t\t<\/div>\n\t\t\t\t\t\t<\/div>\n\t\t\t\t<\/div>\n\t\t\t\t\t<\/div>\n\t\t\t\t<\/div>\n\t\t\t\t<\/div>\n\t\t","protected":false},"excerpt":{"rendered":"<p>Off-Road-Expeditionen in Dirigo Adventure Dirigo Adventure ist die Marke, unter der wir unsere Aktivit\u00e4ten dokumentieren, die in erster Linie mit Offroading verbunden sind \u2013 sowohl im Freizeitbereich als auch bei anspruchsvollen Offroad-Fahrten. 4&#215;4-Expeditionen sind f\u00fcr uns nicht nur eine Form der Freizeitgestaltung, sondern auch eine M\u00f6glichkeit, Ausr\u00fcstung zu testen, im Team zusammenzuarbeiten und gemeinsame Herausforderungen [&hellip;]<\/p>\n","protected":false},"author":1,"featured_media":0,"parent":0,"menu_order":0,"comment_status":"closed","ping_status":"closed","template":"","meta":{"footnotes":""},"class_list":["post-11116","page","type-page","status-publish","hentry"],"_links":{"self":[{"href":"https:\/\/dirigocoating.pl\/de\/wp-json\/wp\/v2\/pages\/11116"}],"collection":[{"href":"https:\/\/dirigocoating.pl\/de\/wp-json\/wp\/v2\/pages"}],"about":[{"href":"https:\/\/dirigocoating.pl\/de\/wp-json\/wp\/v2\/types\/page"}],"author":[{"embeddable":true,"href":"https:\/\/dirigocoating.pl\/de\/wp-json\/wp\/v2\/users\/1"}],"replies":[{"embeddable":true,"href":"https:\/\/dirigocoating.pl\/de\/wp-json\/wp\/v2\/comments?post=11116"}],"version-history":[{"count":4,"href":"https:\/\/dirigocoating.pl\/de\/wp-json\/wp\/v2\/pages\/11116\/revisions"}],"predecessor-version":[{"id":12100,"href":"https:\/\/dirigocoating.pl\/de\/wp-json\/wp\/v2\/pages\/11116\/revisions\/12100"}],"wp:attachment":[{"href":"https:\/\/dirigocoating.pl\/de\/wp-json\/wp\/v2\/media?parent=11116"}],"curies":[{"name":"wp","href":"https:\/\/api.w.org\/{rel}","templated":true}]}}