{"id":11128,"date":"2025-06-13T09:44:02","date_gmt":"2025-06-13T09:44:02","guid":{"rendered":"https:\/\/dirigocoating.pl\/akademie\/"},"modified":"2025-08-25T10:36:51","modified_gmt":"2025-08-25T10:36:51","slug":"akademie","status":"publish","type":"page","link":"https:\/\/dirigocoating.pl\/de\/akademie\/","title":{"rendered":"Academy"},"content":{"rendered":"\t\t<div data-elementor-type=\"wp-page\" data-elementor-id=\"11128\" class=\"elementor elementor-11128 elementor-6877\">\n\t\t\t\t\t\t<section class=\"elementor-section elementor-top-section elementor-element elementor-element-5568f0f elementor-section-boxed elementor-section-height-default elementor-section-height-default\" data-id=\"5568f0f\" data-element_type=\"section\" data-e-type=\"section\">\n\t\t\t\t\t\t<div class=\"elementor-container elementor-column-gap-default\">\n\t\t\t\t\t<div class=\"elementor-column elementor-col-100 elementor-top-column elementor-element elementor-element-7433d0e\" data-id=\"7433d0e\" data-element_type=\"column\" data-e-type=\"column\">\n\t\t\t<div class=\"elementor-widget-wrap elementor-element-populated\">\n\t\t\t\t\t\t<div class=\"elementor-element elementor-element-514380e acenter divider_yes elementor-widget elementor-widget-wgl-double-heading\" data-id=\"514380e\" data-element_type=\"widget\" data-e-type=\"widget\" data-widget_type=\"wgl-double-heading.default\">\n\t\t\t\t<div class=\"elementor-widget-container\">\n\t\t\t\t\t<div class=\"wgl-double-heading\"><h3 class=\"dblh__title-wrapper\"><span class=\"dblh__divider\"><\/span><span class=\"dblh__title dblh__title-1\">Schulungen in <\/span><span class=\"dblh__title dblh__title-2\">Dirigo Academy<\/span><\/h3><\/div>\t\t\t\t<\/div>\n\t\t\t\t<\/div>\n\t\t\t\t<div class=\"elementor-element elementor-element-a7793b0 elementor-widget__width-initial elementor-widget elementor-widget-text-editor\" data-id=\"a7793b0\" data-element_type=\"widget\" data-e-type=\"widget\" data-widget_type=\"text-editor.default\">\n\t\t\t\t<div class=\"elementor-widget-container\">\n\t\t\t\t\t\t\t\t\t<p><span style=\"font-weight: 400;\">Im Rahmen der Dirigo Academy veranstalten wir regelm\u00e4\u00dfig professionelle technische Schulungen, die von erfahrenen Fachleuten aus unserem Team geleitet werden<\/span><\/p>\t\t\t\t\t\t\t\t<\/div>\n\t\t\t\t<\/div>\n\t\t\t\t\t<\/div>\n\t\t<\/div>\n\t\t\t\t\t<\/div>\n\t\t<\/section>\n\t\t<div class=\"elementor-element elementor-element-24a4f48 e-flex e-con-boxed e-con e-parent\" data-id=\"24a4f48\" data-element_type=\"container\" data-e-type=\"container\">\n\t\t\t\t\t<div class=\"e-con-inner\">\n\t\t\t\t<div class=\"elementor-element elementor-element-a79d96c elementor-widget elementor-widget-image\" data-id=\"a79d96c\" data-element_type=\"widget\" data-e-type=\"widget\" data-widget_type=\"image.default\">\n\t\t\t\t<div class=\"elementor-widget-container\">\n\t\t\t\t\t\t\t\t\t\t\t\t\t\t\t<img fetchpriority=\"high\" decoding=\"async\" width=\"705\" height=\"291\" src=\"https:\/\/dirigocoating.pl\/wp-content\/uploads\/2025\/06\/Bez-nazwy-940-x-588-px-940-x-388-px.png\" class=\"attachment-full size-full wp-image-10677\" alt=\"\" srcset=\"https:\/\/dirigocoating.pl\/wp-content\/uploads\/2025\/06\/Bez-nazwy-940-x-588-px-940-x-388-px.png 705w, https:\/\/dirigocoating.pl\/wp-content\/uploads\/2025\/06\/Bez-nazwy-940-x-588-px-940-x-388-px-300x124.png 300w\" sizes=\"(max-width: 705px) 100vw, 705px\" \/>\t\t\t\t\t\t\t\t\t\t\t\t\t\t\t<\/div>\n\t\t\t\t<\/div>\n\t\t\t\t\t<\/div>\n\t\t\t\t<\/div>\n\t\t<div class=\"elementor-element elementor-element-5377803 e-flex e-con-boxed e-con e-parent\" data-id=\"5377803\" data-element_type=\"container\" data-e-type=\"container\">\n\t\t\t\t\t<div class=\"e-con-inner\">\n\t\t\t\t<div class=\"elementor-element elementor-element-b7a9ef9 elementor-widget elementor-widget-spacer\" data-id=\"b7a9ef9\" data-element_type=\"widget\" data-e-type=\"widget\" data-widget_type=\"spacer.default\">\n\t\t\t\t<div class=\"elementor-widget-container\">\n\t\t\t\t\t\t\t<div class=\"elementor-spacer\">\n\t\t\t<div class=\"elementor-spacer-inner\"><\/div>\n\t\t<\/div>\n\t\t\t\t\t\t<\/div>\n\t\t\t\t<\/div>\n\t\t\t\t\t<\/div>\n\t\t\t\t<\/div>\n\t\t<div class=\"elementor-element elementor-element-b6af577 e-flex e-con-boxed e-con e-parent\" data-id=\"b6af577\" data-element_type=\"container\" data-e-type=\"container\">\n\t\t\t\t\t<div class=\"e-con-inner\">\n\t\t\t\t<div class=\"elementor-element elementor-element-b85f24d gallery-spacing-custom elementor-widget elementor-widget-image-gallery\" data-id=\"b85f24d\" data-element_type=\"widget\" data-e-type=\"widget\" data-widget_type=\"image-gallery.default\">\n\t\t\t\t<div class=\"elementor-widget-container\">\n\t\t\t\t\t\t\t<div class=\"elementor-image-gallery\">\n\t\t\t<div id='gallery-1' class='gallery galleryid-11128 gallery-columns-4 gallery-size-medium'><figure class='gallery-item'>\n\t\t\t<div class='gallery-icon landscape'>\n\t\t\t\t<a data-elementor-open-lightbox=\"yes\" data-elementor-lightbox-slideshow=\"b85f24d\" data-elementor-lightbox-title=\"IMG20250610122446\" data-e-action-hash=\"#elementor-action%3Aaction%3Dlightbox%26settings%3DeyJpZCI6MTA2MjIsInVybCI6Imh0dHBzOlwvXC9kaXJpZ29jb2F0aW5nLnBsXC93cC1jb250ZW50XC91cGxvYWRzXC8yMDI1XC8wNlwvSU1HMjAyNTA2MTAxMjI0NDYtc2NhbGVkLmpwZyIsInNsaWRlc2hvdyI6ImI4NWYyNGQifQ%3D%3D\" href='https:\/\/dirigocoating.pl\/wp-content\/uploads\/2025\/06\/IMG20250610122446-scaled.jpg'><img decoding=\"async\" width=\"300\" height=\"225\" src=\"https:\/\/dirigocoating.pl\/wp-content\/uploads\/2025\/06\/IMG20250610122446-300x225.jpg\" class=\"attachment-medium size-medium\" alt=\"\" srcset=\"https:\/\/dirigocoating.pl\/wp-content\/uploads\/2025\/06\/IMG20250610122446-300x225.jpg 300w, https:\/\/dirigocoating.pl\/wp-content\/uploads\/2025\/06\/IMG20250610122446-1024x768.jpg 1024w, https:\/\/dirigocoating.pl\/wp-content\/uploads\/2025\/06\/IMG20250610122446-768x576.jpg 768w, https:\/\/dirigocoating.pl\/wp-content\/uploads\/2025\/06\/IMG20250610122446-1536x1152.jpg 1536w, https:\/\/dirigocoating.pl\/wp-content\/uploads\/2025\/06\/IMG20250610122446-2048x1536.jpg 2048w, https:\/\/dirigocoating.pl\/wp-content\/uploads\/2025\/06\/IMG20250610122446-1080x810.jpg 1080w\" sizes=\"(max-width: 300px) 100vw, 300px\" \/><\/a>\n\t\t\t<\/div><\/figure><figure class='gallery-item'>\n\t\t\t<div class='gallery-icon landscape'>\n\t\t\t\t<a data-elementor-open-lightbox=\"yes\" data-elementor-lightbox-slideshow=\"b85f24d\" data-elementor-lightbox-title=\"IMG20250610110110\" data-e-action-hash=\"#elementor-action%3Aaction%3Dlightbox%26settings%3DeyJpZCI6MTA2ODIsInVybCI6Imh0dHBzOlwvXC9kaXJpZ29jb2F0aW5nLnBsXC93cC1jb250ZW50XC91cGxvYWRzXC8yMDI1XC8wNlwvSU1HMjAyNTA2MTAxMTAxMTAtMS1zY2FsZWQuanBnIiwic2xpZGVzaG93IjoiYjg1ZjI0ZCJ9\" href='https:\/\/dirigocoating.pl\/wp-content\/uploads\/2025\/06\/IMG20250610110110-1-scaled.jpg'><img decoding=\"async\" width=\"300\" height=\"225\" src=\"https:\/\/dirigocoating.pl\/wp-content\/uploads\/2025\/06\/IMG20250610110110-1-300x225.jpg\" class=\"attachment-medium size-medium\" alt=\"\" srcset=\"https:\/\/dirigocoating.pl\/wp-content\/uploads\/2025\/06\/IMG20250610110110-1-300x225.jpg 300w, https:\/\/dirigocoating.pl\/wp-content\/uploads\/2025\/06\/IMG20250610110110-1-1024x768.jpg 1024w, https:\/\/dirigocoating.pl\/wp-content\/uploads\/2025\/06\/IMG20250610110110-1-768x576.jpg 768w, https:\/\/dirigocoating.pl\/wp-content\/uploads\/2025\/06\/IMG20250610110110-1-1536x1152.jpg 1536w, https:\/\/dirigocoating.pl\/wp-content\/uploads\/2025\/06\/IMG20250610110110-1-2048x1536.jpg 2048w, https:\/\/dirigocoating.pl\/wp-content\/uploads\/2025\/06\/IMG20250610110110-1-1080x810.jpg 1080w\" sizes=\"(max-width: 300px) 100vw, 300px\" \/><\/a>\n\t\t\t<\/div><\/figure><figure class='gallery-item'>\n\t\t\t<div class='gallery-icon landscape'>\n\t\t\t\t<a data-elementor-open-lightbox=\"yes\" data-elementor-lightbox-slideshow=\"b85f24d\" data-elementor-lightbox-title=\"20250312_101544\" data-e-action-hash=\"#elementor-action%3Aaction%3Dlightbox%26settings%3DeyJpZCI6MTA2ODcsInVybCI6Imh0dHBzOlwvXC9kaXJpZ29jb2F0aW5nLnBsXC93cC1jb250ZW50XC91cGxvYWRzXC8yMDI1XC8wNlwvMjAyNTAzMTJfMTAxNTQ0LXNjYWxlZC5qcGciLCJzbGlkZXNob3ciOiJiODVmMjRkIn0%3D\" href='https:\/\/dirigocoating.pl\/wp-content\/uploads\/2025\/06\/20250312_101544-scaled.jpg'><img loading=\"lazy\" decoding=\"async\" width=\"300\" height=\"225\" src=\"https:\/\/dirigocoating.pl\/wp-content\/uploads\/2025\/06\/20250312_101544-300x225.jpg\" class=\"attachment-medium size-medium\" alt=\"\" srcset=\"https:\/\/dirigocoating.pl\/wp-content\/uploads\/2025\/06\/20250312_101544-300x225.jpg 300w, https:\/\/dirigocoating.pl\/wp-content\/uploads\/2025\/06\/20250312_101544-1024x768.jpg 1024w, https:\/\/dirigocoating.pl\/wp-content\/uploads\/2025\/06\/20250312_101544-768x576.jpg 768w, https:\/\/dirigocoating.pl\/wp-content\/uploads\/2025\/06\/20250312_101544-1536x1152.jpg 1536w, https:\/\/dirigocoating.pl\/wp-content\/uploads\/2025\/06\/20250312_101544-2048x1536.jpg 2048w, https:\/\/dirigocoating.pl\/wp-content\/uploads\/2025\/06\/20250312_101544-1080x810.jpg 1080w\" sizes=\"(max-width: 300px) 100vw, 300px\" \/><\/a>\n\t\t\t<\/div><\/figure><figure class='gallery-item'>\n\t\t\t<div class='gallery-icon landscape'>\n\t\t\t\t<a data-elementor-open-lightbox=\"yes\" data-elementor-lightbox-slideshow=\"b85f24d\" data-elementor-lightbox-title=\"20250312_153107\" data-e-action-hash=\"#elementor-action%3Aaction%3Dlightbox%26settings%3DeyJpZCI6MTA2OTIsInVybCI6Imh0dHBzOlwvXC9kaXJpZ29jb2F0aW5nLnBsXC93cC1jb250ZW50XC91cGxvYWRzXC8yMDI1XC8wNlwvMjAyNTAzMTJfMTUzMTA3LXNjYWxlZC5qcGciLCJzbGlkZXNob3ciOiJiODVmMjRkIn0%3D\" href='https:\/\/dirigocoating.pl\/wp-content\/uploads\/2025\/06\/20250312_153107-scaled.jpg'><img loading=\"lazy\" decoding=\"async\" width=\"300\" height=\"225\" src=\"https:\/\/dirigocoating.pl\/wp-content\/uploads\/2025\/06\/20250312_153107-300x225.jpg\" class=\"attachment-medium size-medium\" alt=\"\" srcset=\"https:\/\/dirigocoating.pl\/wp-content\/uploads\/2025\/06\/20250312_153107-300x225.jpg 300w, https:\/\/dirigocoating.pl\/wp-content\/uploads\/2025\/06\/20250312_153107-1024x768.jpg 1024w, https:\/\/dirigocoating.pl\/wp-content\/uploads\/2025\/06\/20250312_153107-768x576.jpg 768w, https:\/\/dirigocoating.pl\/wp-content\/uploads\/2025\/06\/20250312_153107-1536x1152.jpg 1536w, https:\/\/dirigocoating.pl\/wp-content\/uploads\/2025\/06\/20250312_153107-2048x1536.jpg 2048w, https:\/\/dirigocoating.pl\/wp-content\/uploads\/2025\/06\/20250312_153107-1080x810.jpg 1080w\" sizes=\"(max-width: 300px) 100vw, 300px\" \/><\/a>\n\t\t\t<\/div><\/figure><figure class='gallery-item'>\n\t\t\t<div class='gallery-icon landscape'>\n\t\t\t\t<a data-elementor-open-lightbox=\"yes\" data-elementor-lightbox-slideshow=\"b85f24d\" data-elementor-lightbox-title=\"20250313_143204\" data-e-action-hash=\"#elementor-action%3Aaction%3Dlightbox%26settings%3DeyJpZCI6MTA2OTcsInVybCI6Imh0dHBzOlwvXC9kaXJpZ29jb2F0aW5nLnBsXC93cC1jb250ZW50XC91cGxvYWRzXC8yMDI1XC8wNlwvMjAyNTAzMTNfMTQzMjA0LXNjYWxlZC5qcGciLCJzbGlkZXNob3ciOiJiODVmMjRkIn0%3D\" href='https:\/\/dirigocoating.pl\/wp-content\/uploads\/2025\/06\/20250313_143204-scaled.jpg'><img loading=\"lazy\" decoding=\"async\" width=\"300\" height=\"225\" src=\"https:\/\/dirigocoating.pl\/wp-content\/uploads\/2025\/06\/20250313_143204-300x225.jpg\" class=\"attachment-medium size-medium\" alt=\"\" srcset=\"https:\/\/dirigocoating.pl\/wp-content\/uploads\/2025\/06\/20250313_143204-300x225.jpg 300w, https:\/\/dirigocoating.pl\/wp-content\/uploads\/2025\/06\/20250313_143204-1024x768.jpg 1024w, https:\/\/dirigocoating.pl\/wp-content\/uploads\/2025\/06\/20250313_143204-768x576.jpg 768w, https:\/\/dirigocoating.pl\/wp-content\/uploads\/2025\/06\/20250313_143204-1536x1152.jpg 1536w, https:\/\/dirigocoating.pl\/wp-content\/uploads\/2025\/06\/20250313_143204-2048x1536.jpg 2048w, https:\/\/dirigocoating.pl\/wp-content\/uploads\/2025\/06\/20250313_143204-1080x810.jpg 1080w\" sizes=\"(max-width: 300px) 100vw, 300px\" \/><\/a>\n\t\t\t<\/div><\/figure><figure class='gallery-item'>\n\t\t\t<div class='gallery-icon landscape'>\n\t\t\t\t<a data-elementor-open-lightbox=\"yes\" data-elementor-lightbox-slideshow=\"b85f24d\" data-elementor-lightbox-title=\"Zdj\u0119cie WhatsApp 2024-10-31 o 10.24.44_62819f78\" data-e-action-hash=\"#elementor-action%3Aaction%3Dlightbox%26settings%3DeyJpZCI6MTA3MDIsInVybCI6Imh0dHBzOlwvXC9kaXJpZ29jb2F0aW5nLnBsXC93cC1jb250ZW50XC91cGxvYWRzXC8yMDI1XC8wNlwvWmRqZWNpZS1XaGF0c0FwcC0yMDI0LTEwLTMxLW8tMTAuMjQuNDRfNjI4MTlmNzguanBnIiwic2xpZGVzaG93IjoiYjg1ZjI0ZCJ9\" href='https:\/\/dirigocoating.pl\/wp-content\/uploads\/2025\/06\/Zdjecie-WhatsApp-2024-10-31-o-10.24.44_62819f78.jpg'><img loading=\"lazy\" decoding=\"async\" width=\"300\" height=\"224\" src=\"https:\/\/dirigocoating.pl\/wp-content\/uploads\/2025\/06\/Zdjecie-WhatsApp-2024-10-31-o-10.24.44_62819f78-300x224.jpg\" class=\"attachment-medium size-medium\" alt=\"\" srcset=\"https:\/\/dirigocoating.pl\/wp-content\/uploads\/2025\/06\/Zdjecie-WhatsApp-2024-10-31-o-10.24.44_62819f78-300x224.jpg 300w, https:\/\/dirigocoating.pl\/wp-content\/uploads\/2025\/06\/Zdjecie-WhatsApp-2024-10-31-o-10.24.44_62819f78-1024x765.jpg 1024w, https:\/\/dirigocoating.pl\/wp-content\/uploads\/2025\/06\/Zdjecie-WhatsApp-2024-10-31-o-10.24.44_62819f78-768x574.jpg 768w, https:\/\/dirigocoating.pl\/wp-content\/uploads\/2025\/06\/Zdjecie-WhatsApp-2024-10-31-o-10.24.44_62819f78-1536x1148.jpg 1536w, https:\/\/dirigocoating.pl\/wp-content\/uploads\/2025\/06\/Zdjecie-WhatsApp-2024-10-31-o-10.24.44_62819f78-1080x807.jpg 1080w, https:\/\/dirigocoating.pl\/wp-content\/uploads\/2025\/06\/Zdjecie-WhatsApp-2024-10-31-o-10.24.44_62819f78.jpg 1600w\" sizes=\"(max-width: 300px) 100vw, 300px\" \/><\/a>\n\t\t\t<\/div><\/figure><figure class='gallery-item'>\n\t\t\t<div class='gallery-icon landscape'>\n\t\t\t\t<a data-elementor-open-lightbox=\"yes\" data-elementor-lightbox-slideshow=\"b85f24d\" data-elementor-lightbox-title=\"Zdj\u0119cie WhatsApp 2024-10-31 o 10.24.40_715e31d3\" data-e-action-hash=\"#elementor-action%3Aaction%3Dlightbox%26settings%3DeyJpZCI6MTA3MDcsInVybCI6Imh0dHBzOlwvXC9kaXJpZ29jb2F0aW5nLnBsXC93cC1jb250ZW50XC91cGxvYWRzXC8yMDI1XC8wNlwvWmRqZWNpZS1XaGF0c0FwcC0yMDI0LTEwLTMxLW8tMTAuMjQuNDBfNzE1ZTMxZDMuanBnIiwic2xpZGVzaG93IjoiYjg1ZjI0ZCJ9\" href='https:\/\/dirigocoating.pl\/wp-content\/uploads\/2025\/06\/Zdjecie-WhatsApp-2024-10-31-o-10.24.40_715e31d3.jpg'><img loading=\"lazy\" decoding=\"async\" width=\"300\" height=\"224\" src=\"https:\/\/dirigocoating.pl\/wp-content\/uploads\/2025\/06\/Zdjecie-WhatsApp-2024-10-31-o-10.24.40_715e31d3-300x224.jpg\" class=\"attachment-medium size-medium\" alt=\"\" srcset=\"https:\/\/dirigocoating.pl\/wp-content\/uploads\/2025\/06\/Zdjecie-WhatsApp-2024-10-31-o-10.24.40_715e31d3-300x224.jpg 300w, https:\/\/dirigocoating.pl\/wp-content\/uploads\/2025\/06\/Zdjecie-WhatsApp-2024-10-31-o-10.24.40_715e31d3-1024x765.jpg 1024w, https:\/\/dirigocoating.pl\/wp-content\/uploads\/2025\/06\/Zdjecie-WhatsApp-2024-10-31-o-10.24.40_715e31d3-768x574.jpg 768w, https:\/\/dirigocoating.pl\/wp-content\/uploads\/2025\/06\/Zdjecie-WhatsApp-2024-10-31-o-10.24.40_715e31d3-1536x1148.jpg 1536w, https:\/\/dirigocoating.pl\/wp-content\/uploads\/2025\/06\/Zdjecie-WhatsApp-2024-10-31-o-10.24.40_715e31d3-1080x807.jpg 1080w, https:\/\/dirigocoating.pl\/wp-content\/uploads\/2025\/06\/Zdjecie-WhatsApp-2024-10-31-o-10.24.40_715e31d3.jpg 1600w\" sizes=\"(max-width: 300px) 100vw, 300px\" \/><\/a>\n\t\t\t<\/div><\/figure><figure class='gallery-item'>\n\t\t\t<div class='gallery-icon landscape'>\n\t\t\t\t<a data-elementor-open-lightbox=\"yes\" data-elementor-lightbox-slideshow=\"b85f24d\" data-elementor-lightbox-title=\"IMG20250610110351\" data-e-action-hash=\"#elementor-action%3Aaction%3Dlightbox%26settings%3DeyJpZCI6MTA3MTIsInVybCI6Imh0dHBzOlwvXC9kaXJpZ29jb2F0aW5nLnBsXC93cC1jb250ZW50XC91cGxvYWRzXC8yMDI1XC8wNlwvSU1HMjAyNTA2MTAxMTAzNTEtc2NhbGVkLmpwZyIsInNsaWRlc2hvdyI6ImI4NWYyNGQifQ%3D%3D\" href='https:\/\/dirigocoating.pl\/wp-content\/uploads\/2025\/06\/IMG20250610110351-scaled.jpg'><img loading=\"lazy\" decoding=\"async\" width=\"300\" height=\"225\" src=\"https:\/\/dirigocoating.pl\/wp-content\/uploads\/2025\/06\/IMG20250610110351-300x225.jpg\" class=\"attachment-medium size-medium\" alt=\"\" srcset=\"https:\/\/dirigocoating.pl\/wp-content\/uploads\/2025\/06\/IMG20250610110351-300x225.jpg 300w, https:\/\/dirigocoating.pl\/wp-content\/uploads\/2025\/06\/IMG20250610110351-1024x768.jpg 1024w, https:\/\/dirigocoating.pl\/wp-content\/uploads\/2025\/06\/IMG20250610110351-768x576.jpg 768w, https:\/\/dirigocoating.pl\/wp-content\/uploads\/2025\/06\/IMG20250610110351-1536x1152.jpg 1536w, https:\/\/dirigocoating.pl\/wp-content\/uploads\/2025\/06\/IMG20250610110351-2048x1536.jpg 2048w, https:\/\/dirigocoating.pl\/wp-content\/uploads\/2025\/06\/IMG20250610110351-1080x810.jpg 1080w\" sizes=\"(max-width: 300px) 100vw, 300px\" \/><\/a>\n\t\t\t<\/div><\/figure>\n\t\t<\/div>\n\t\t<\/div>\n\t\t\t\t\t\t<\/div>\n\t\t\t\t<\/div>\n\t\t\t\t\t<\/div>\n\t\t\t\t<\/div>\n\t\t<div class=\"elementor-element elementor-element-8371dc1 e-flex e-con-boxed e-con e-parent\" data-id=\"8371dc1\" data-element_type=\"container\" data-e-type=\"container\">\n\t\t\t\t\t<div class=\"e-con-inner\">\n\t\t\t\t<div class=\"elementor-element elementor-element-77824aa elementor-widget elementor-widget-text-editor\" data-id=\"77824aa\" data-element_type=\"widget\" data-e-type=\"widget\" data-widget_type=\"text-editor.default\">\n\t\t\t\t<div class=\"elementor-widget-container\">\n\t\t\t\t\t\t\t\t\t<p><span style=\"font-weight: 400;\">  Die Schulungen finden im modernen Axalta Training Centre in Warschau, in unserem Firmensitz oder direkt beim Kunden statt &#8211; je nach Bedarf und Pr\u00e4ferenz der Teilnehmer.<\/span><\/p><p><span style=\"font-weight: 400;\">Wir bieten Schulungen f\u00fcr Lackiersysteme an, die sich sowohl an unsere bestehenden Partner als auch an Unternehmen richten, die an einer Zusammenarbeit interessiert sind. Unser Schulungsangebot richtet sich an Vertreter des Schienen-, Yacht- und Nutzfahrzeugsektors. <\/span><\/p><p><span style=\"font-weight: 400;\">In den Schulungen erwerben die Teilnehmer praktische Kenntnisse \u00fcber Produkte, Anwendungstechniken, Aufbereitungsverfahren und die neuesten Systeml\u00f6sungen, um h\u00f6chste Qualit\u00e4t und Effizienz zu erreichen. Unser Ziel ist es, die technische Entwicklung und Kompetenz unserer Partner zu unterst\u00fctzen, damit wir gemeinsam einen Wettbewerbsvorteil auf dem Markt aufbauen k\u00f6nnen. <\/span><\/p>\t\t\t\t\t\t\t\t<\/div>\n\t\t\t\t<\/div>\n\t\t\t\t\t<\/div>\n\t\t\t\t<\/div>\n\t\t<div class=\"elementor-element elementor-element-8cc0dae e-flex e-con-boxed e-con e-parent\" data-id=\"8cc0dae\" data-element_type=\"container\" data-e-type=\"container\">\n\t\t\t\t\t<div class=\"e-con-inner\">\n\t\t\t\t<div class=\"elementor-element elementor-element-e45c8b7 elementor-widget elementor-widget-video\" data-id=\"e45c8b7\" data-element_type=\"widget\" data-e-type=\"widget\" data-settings=\"{&quot;youtube_url&quot;:&quot;https:\\\/\\\/youtu.be\\\/2pFtL8tWT-4&quot;,&quot;video_type&quot;:&quot;youtube&quot;,&quot;controls&quot;:&quot;yes&quot;}\" data-widget_type=\"video.default\">\n\t\t\t\t<div class=\"elementor-widget-container\">\n\t\t\t\t\t\t\t<div class=\"elementor-wrapper elementor-open-inline\">\n\t\t\t<div class=\"elementor-video\"><\/div>\t\t<\/div>\n\t\t\t\t\t\t<\/div>\n\t\t\t\t<\/div>\n\t\t\t\t\t<\/div>\n\t\t\t\t<\/div>\n\t\t\t\t<\/div>\n\t\t","protected":false},"excerpt":{"rendered":"<p>Schulungen in Dirigo Academy Im Rahmen der Dirigo Academy veranstalten wir regelm\u00e4\u00dfig professionelle technische Schulungen, die von erfahrenen Fachleuten aus unserem Team geleitet werden Die Schulungen finden im modernen Axalta Training Centre in Warschau, in unserem Firmensitz oder direkt beim Kunden statt &#8211; je nach Bedarf und Pr\u00e4ferenz der Teilnehmer. Wir bieten Schulungen f\u00fcr Lackiersysteme [&hellip;]<\/p>\n","protected":false},"author":1,"featured_media":0,"parent":0,"menu_order":0,"comment_status":"closed","ping_status":"closed","template":"","meta":{"footnotes":""},"class_list":["post-11128","page","type-page","status-publish","hentry"],"_links":{"self":[{"href":"https:\/\/dirigocoating.pl\/de\/wp-json\/wp\/v2\/pages\/11128"}],"collection":[{"href":"https:\/\/dirigocoating.pl\/de\/wp-json\/wp\/v2\/pages"}],"about":[{"href":"https:\/\/dirigocoating.pl\/de\/wp-json\/wp\/v2\/types\/page"}],"author":[{"embeddable":true,"href":"https:\/\/dirigocoating.pl\/de\/wp-json\/wp\/v2\/users\/1"}],"replies":[{"embeddable":true,"href":"https:\/\/dirigocoating.pl\/de\/wp-json\/wp\/v2\/comments?post=11128"}],"version-history":[{"count":5,"href":"https:\/\/dirigocoating.pl\/de\/wp-json\/wp\/v2\/pages\/11128\/revisions"}],"predecessor-version":[{"id":12257,"href":"https:\/\/dirigocoating.pl\/de\/wp-json\/wp\/v2\/pages\/11128\/revisions\/12257"}],"wp:attachment":[{"href":"https:\/\/dirigocoating.pl\/de\/wp-json\/wp\/v2\/media?parent=11128"}],"curies":[{"name":"wp","href":"https:\/\/api.w.org\/{rel}","templated":true}]}}