{"id":11129,"date":"2025-06-03T12:09:23","date_gmt":"2025-06-03T12:09:23","guid":{"rendered":"https:\/\/dirigocoating.pl\/technische-unterstuetzung-und-schulung\/"},"modified":"2025-08-20T12:05:59","modified_gmt":"2025-08-20T12:05:59","slug":"technische-unterstuetzung-und-schulung","status":"publish","type":"page","link":"https:\/\/dirigocoating.pl\/de\/technische-unterstuetzung-und-schulung\/","title":{"rendered":"Technischer Support und Schulungen"},"content":{"rendered":"\t\t<div data-elementor-type=\"wp-page\" data-elementor-id=\"11129\" class=\"elementor elementor-11129 elementor-6192\">\n\t\t\t\t\t\t<section class=\"elementor-section elementor-top-section elementor-element elementor-element-a6adefb elementor-section-boxed elementor-section-height-default elementor-section-height-default\" data-id=\"a6adefb\" data-element_type=\"section\" data-e-type=\"section\">\n\t\t\t\t\t\t<div class=\"elementor-container elementor-column-gap-default\">\n\t\t\t\t\t<div class=\"elementor-column elementor-col-100 elementor-top-column elementor-element elementor-element-927077b\" data-id=\"927077b\" data-element_type=\"column\" data-e-type=\"column\">\n\t\t\t<div class=\"elementor-widget-wrap elementor-element-populated\">\n\t\t\t\t\t\t<div class=\"elementor-element elementor-element-7eb9589 acenter divider_yes elementor-widget elementor-widget-wgl-double-heading\" data-id=\"7eb9589\" data-element_type=\"widget\" data-e-type=\"widget\" data-widget_type=\"wgl-double-heading.default\">\n\t\t\t\t<div class=\"elementor-widget-container\">\n\t\t\t\t\t<div class=\"wgl-double-heading\"><h3 class=\"dblh__title-wrapper\"><span class=\"dblh__divider\"><\/span><span class=\"dblh__title dblh__title-1\">Beratung, <\/span><span class=\"dblh__title dblh__title-2\">Schulungen und <\/span><span class=\"dblh__title dblh__title-3\">Audits<\/span><\/h3><\/div>\t\t\t\t<\/div>\n\t\t\t\t<\/div>\n\t\t\t\t<div class=\"elementor-element elementor-element-9bc548e elementor-widget__width-initial elementor-widget elementor-widget-text-editor\" data-id=\"9bc548e\" data-element_type=\"widget\" data-e-type=\"widget\" data-widget_type=\"text-editor.default\">\n\t\t\t\t<div class=\"elementor-widget-container\">\n\t\t\t\t\t\t\t\t\t<p>Wir bieten unseren Partnern eine umfassende technische Unterst\u00fctzung in jeder Phase ihrer Arbeit. Wir helfen bei der Auswahl des Systems, der Optimierung des Anwendungsverfahrens und der Ausr\u00fcstung der Lackiererei. Au\u00dferdem bieten wir Produktschulungen, Anwendungsschulungen und Lackierprozess-Audits an.  <\/p>\t\t\t\t\t\t\t\t<\/div>\n\t\t\t\t<\/div>\n\t\t\t\t<div class=\"elementor-element elementor-element-ed8b381 elementor-widget elementor-widget-spacer\" data-id=\"ed8b381\" data-element_type=\"widget\" data-e-type=\"widget\" data-widget_type=\"spacer.default\">\n\t\t\t\t<div class=\"elementor-widget-container\">\n\t\t\t\t\t\t\t<div class=\"elementor-spacer\">\n\t\t\t<div class=\"elementor-spacer-inner\"><\/div>\n\t\t<\/div>\n\t\t\t\t\t\t<\/div>\n\t\t\t\t<\/div>\n\t\t\t\t\t<\/div>\n\t\t<\/div>\n\t\t\t\t\t<\/div>\n\t\t<\/section>\n\t\t<div class=\"elementor-element elementor-element-18dd178 e-flex e-con-boxed e-con e-parent\" data-id=\"18dd178\" data-element_type=\"container\" data-e-type=\"container\">\n\t\t\t\t\t<div class=\"e-con-inner\">\n\t\t\t\t\t<\/div>\n\t\t\t\t<\/div>\n\t\t<div class=\"elementor-element elementor-element-1c3e6ad e-flex e-con-boxed e-con e-parent\" data-id=\"1c3e6ad\" data-element_type=\"container\" data-e-type=\"container\">\n\t\t\t\t\t<div class=\"e-con-inner\">\n\t\t<div class=\"elementor-element elementor-element-5d7d50f e-con-full e-flex e-con e-child\" data-id=\"5d7d50f\" data-element_type=\"container\" data-e-type=\"container\">\n\t\t\t\t<div class=\"elementor-element elementor-element-9611539 elementor-widget-icon-box wgl-icon-box elementor-widget elementor-widget-wgl-flipbox\" data-id=\"9611539\" data-element_type=\"widget\" data-e-type=\"widget\" data-widget_type=\"wgl-flipbox.default\">\n\t\t\t\t<div class=\"elementor-widget-container\">\n\t\t\t\t\t<div class=\"wgl-flipbox type_flip_right\"><div class=\"wgl-flipbox_wrap\"><div class=\"wgl-flipbox_front\"><div class=\"wgl-flipbox_media-wrap\"><div class=\"media-wrapper icon-wrapper\"><span class=\"wgl-icon\" ><i class=\"icon elementor-icon flaticon flaticon-light-bulb\" aria-hidden=\"true\"><\/i><\/span><\/div><\/div><h3 class=\"wgl-flipbox_title\"><span>Schulungen<\/span><\/h3><\/div><div class=\"wgl-flipbox_back\"><div class=\"wgl-flipbox_content\">Die Schulungen finden im modernen Schulungszentrum von Axalta in Warschau, in unserem Firmensitz, sowie direkt beim Kunden statt.<\/div><\/div><\/div><\/div>\t\t\t\t<\/div>\n\t\t\t\t<\/div>\n\t\t\t\t<\/div>\n\t\t<div class=\"elementor-element elementor-element-2b6a5ad e-con-full e-flex e-con e-child\" data-id=\"2b6a5ad\" data-element_type=\"container\" data-e-type=\"container\">\n\t\t\t\t<div class=\"elementor-element elementor-element-f1edef3 elementor-widget elementor-widget-text-editor\" data-id=\"f1edef3\" data-element_type=\"widget\" data-e-type=\"widget\" data-widget_type=\"text-editor.default\">\n\t\t\t\t<div class=\"elementor-widget-container\">\n\t\t\t\t\t\t\t\t\t<p>Als <a href=\"https:\/\/dirigocoating.pl\/de\/?page_id=11128\">Dirigo Academy <\/a>organisieren wir regelm\u00e4\u00dfig professionelle technische Schulungen, die von erfahrenen Spezialisten unseres Teams durchgef\u00fchrt werden. Die Schulungen finden im modernen Axalta Schulungszentrum in Warschau, in unserem Firmensitz, sowie direkt beim Kunden statt, abh\u00e4ngig von den Bed\u00fcrfnissen und Pr\u00e4ferenzen der Teilnehmer. <\/p><p>Wir bieten Schulungen zu Lackiersystemen an, die sich sowohl an unsere bestehenden Partner als auch an Unternehmen richten, die an einer Zusammenarbeit interessiert sind. Unser Schulungsangebot richtet sich an Vertreter der Bahnbranche, der Yachtbranche sowie des Nutzfahrzeug- und Lieferfahrzeugsektors. <\/p><p><strong>Beispielhafte Schulungsthemen:<\/strong><\/p><ul class=\"transmax_list transmax_circle\"><li>Vorbereitungsprozesse &#8211; Schleifen, Reinigen, Entfetten, Abkleben<\/li><li>Lackauftrag, Strukturierung, Schichtdicken<\/li><li>Spr\u00fchparameter, Trockenzeiten<\/li><li>Fehlerbeseitigung: Einschl\u00fcsse und L\u00e4ufer<\/li><\/ul>\t\t\t\t\t\t\t\t<\/div>\n\t\t\t\t<\/div>\n\t\t\t\t<\/div>\n\t\t\t\t\t<\/div>\n\t\t\t\t<\/div>\n\t\t<div class=\"elementor-element elementor-element-b932599 e-flex e-con-boxed e-con e-parent\" data-id=\"b932599\" data-element_type=\"container\" data-e-type=\"container\">\n\t\t\t\t\t<div class=\"e-con-inner\">\n\t\t\t\t<div class=\"elementor-element elementor-element-2a32d8c elementor-widget elementor-widget-spacer\" data-id=\"2a32d8c\" data-element_type=\"widget\" data-e-type=\"widget\" data-widget_type=\"spacer.default\">\n\t\t\t\t<div class=\"elementor-widget-container\">\n\t\t\t\t\t\t\t<div class=\"elementor-spacer\">\n\t\t\t<div class=\"elementor-spacer-inner\"><\/div>\n\t\t<\/div>\n\t\t\t\t\t\t<\/div>\n\t\t\t\t<\/div>\n\t\t\t\t\t<\/div>\n\t\t\t\t<\/div>\n\t\t<div class=\"elementor-element elementor-element-2b72b99 e-flex e-con-boxed e-con e-parent\" data-id=\"2b72b99\" data-element_type=\"container\" data-e-type=\"container\">\n\t\t\t\t\t<div class=\"e-con-inner\">\n\t\t<div class=\"elementor-element elementor-element-eaed81a e-con-full e-flex e-con e-child\" data-id=\"eaed81a\" data-element_type=\"container\" data-e-type=\"container\">\n\t\t\t\t<div class=\"elementor-element elementor-element-1f3ee61 elementor-widget-icon-box wgl-icon-box elementor-widget elementor-widget-wgl-flipbox\" data-id=\"1f3ee61\" data-element_type=\"widget\" data-e-type=\"widget\" data-widget_type=\"wgl-flipbox.default\">\n\t\t\t\t<div class=\"elementor-widget-container\">\n\t\t\t\t\t<div class=\"wgl-flipbox type_flip_right\"><div class=\"wgl-flipbox_wrap\"><div class=\"wgl-flipbox_front\"><div class=\"wgl-flipbox_media-wrap\"><div class=\"media-wrapper icon-wrapper\"><span class=\"wgl-icon\" ><i class=\"icon elementor-icon flaticon flaticon-pencil\" aria-hidden=\"true\"><\/i><\/span><\/div><\/div><h3 class=\"wgl-flipbox_title\"><span>Audits<\/span><\/h3><\/div><div class=\"wgl-flipbox_back\"><div class=\"wgl-flipbox_content\">Wir bieten professionelle Audits von Lackierprozessen an, die darauf abzielen, die Effizienz der Lackiererei zu steigern, die Dienstleistungsqualit\u00e4t zu verbessern und die Kosten zu optimieren.<\/div><\/div><\/div><\/div>\t\t\t\t<\/div>\n\t\t\t\t<\/div>\n\t\t\t\t<\/div>\n\t\t<div class=\"elementor-element elementor-element-1d0ccfb e-con-full e-flex e-con e-child\" data-id=\"1d0ccfb\" data-element_type=\"container\" data-e-type=\"container\">\n\t\t\t\t<div class=\"elementor-element elementor-element-716a733 elementor-widget elementor-widget-text-editor\" data-id=\"716a733\" data-element_type=\"widget\" data-e-type=\"widget\" data-widget_type=\"text-editor.default\">\n\t\t\t\t<div class=\"elementor-widget-container\">\n\t\t\t\t\t\t\t\t\t<strong>Unser Service umfasst:<\/strong>\n\n<ul class=\"transmax_list transmax_circle\">\n \t<li>Eine umfassende Bewertung der Technologie und Arbeitsorganisation<\/li>\n \t<li>Analyse der Qualit\u00e4tskontrollsysteme<\/li>\n \t<li>\u00dcberpr\u00fcfung der Effizienz der Materialnutzung<\/li>\n \t<li>Detaillierte \u00dcberpr\u00fcfung jeder Prozessstufe &#8211; von der Oberfl\u00e4chenvorbereitung bis zur Trocknung und Endkontrolle<\/li>\n<\/ul>\n<strong>Das Audit resultiert in praktischen Empfehlungen, die zu folgenden Punkten f\u00fchren:<\/strong>\n<ul class=\"transmax_list transmax_circle\">\n \t<li>Prozessoptimierungen<\/li>\n \t<li>Reduzierung von Verlusten<\/li>\n \t<li>Bessere Wiederholbarkeit und Haltbarkeit der Beschichtungen<\/li>\n<\/ul>\nAusgerichtet auf: Industrielle Lackierbetriebe, einschlie\u00dflich der Bahn-, Yacht-, Automobil- und Elektroenergiebranche.\t\t\t\t\t\t\t\t<\/div>\n\t\t\t\t<\/div>\n\t\t\t\t<\/div>\n\t\t\t\t\t<\/div>\n\t\t\t\t<\/div>\n\t\t<div class=\"elementor-element elementor-element-754c744 e-flex e-con-boxed e-con e-parent\" data-id=\"754c744\" data-element_type=\"container\" data-e-type=\"container\">\n\t\t\t\t\t<div class=\"e-con-inner\">\n\t\t\t\t<div class=\"elementor-element elementor-element-7245db4 elementor-widget elementor-widget-spacer\" data-id=\"7245db4\" data-element_type=\"widget\" data-e-type=\"widget\" data-widget_type=\"spacer.default\">\n\t\t\t\t<div class=\"elementor-widget-container\">\n\t\t\t\t\t\t\t<div class=\"elementor-spacer\">\n\t\t\t<div class=\"elementor-spacer-inner\"><\/div>\n\t\t<\/div>\n\t\t\t\t\t\t<\/div>\n\t\t\t\t<\/div>\n\t\t\t\t\t<\/div>\n\t\t\t\t<\/div>\n\t\t<div class=\"elementor-element elementor-element-1f8261b e-flex e-con-boxed e-con e-parent\" data-id=\"1f8261b\" data-element_type=\"container\" data-e-type=\"container\">\n\t\t\t\t\t<div class=\"e-con-inner\">\n\t\t<div class=\"elementor-element elementor-element-7e89678 e-con-full e-flex e-con e-child\" data-id=\"7e89678\" data-element_type=\"container\" data-e-type=\"container\">\n\t\t\t\t<div class=\"elementor-element elementor-element-98af41f elementor-widget-icon-box wgl-icon-box elementor-widget elementor-widget-wgl-flipbox\" data-id=\"98af41f\" data-element_type=\"widget\" data-e-type=\"widget\" data-widget_type=\"wgl-flipbox.default\">\n\t\t\t\t<div class=\"elementor-widget-container\">\n\t\t\t\t\t<div class=\"wgl-flipbox type_flip_right\"><div class=\"wgl-flipbox_wrap\"><div class=\"wgl-flipbox_front\"><div class=\"wgl-flipbox_media-wrap\"><div class=\"media-wrapper icon-wrapper\"><span class=\"wgl-icon\" ><i class=\"icon elementor-icon flaticon flaticon-check\" aria-hidden=\"true\"><\/i><\/span><\/div><\/div><h3 class=\"wgl-flipbox_title\"><span>Beratung<\/span><\/h3><\/div><div class=\"wgl-flipbox_back\"><div class=\"wgl-flipbox_content\">Wir bieten fachliche technische Beratung zur Auswahl von Lackiersystemen und zur Optimierung von Beschichtungsprozessen an.<\/div><\/div><\/div><\/div>\t\t\t\t<\/div>\n\t\t\t\t<\/div>\n\t\t\t\t<\/div>\n\t\t<div class=\"elementor-element elementor-element-b3144aa e-con-full e-flex e-con e-child\" data-id=\"b3144aa\" data-element_type=\"container\" data-e-type=\"container\">\n\t\t\t\t<div class=\"elementor-element elementor-element-8502155 elementor-widget elementor-widget-text-editor\" data-id=\"8502155\" data-element_type=\"widget\" data-e-type=\"widget\" data-widget_type=\"text-editor.default\">\n\t\t\t\t<div class=\"elementor-widget-container\">\n\t\t\t\t\t\t\t\t\t<p>Wir unterst\u00fctzen Kunden aus den Branchen Bahn, Yachtbau, Nutzfahrzeuge (Busse, Tankwagen), Elektroenergie und Industrie, indem wir praktische L\u00f6sungen liefern, die auf spezifische Anforderungen zugeschnitten sind.<\/p><p><strong>Unser Leistungsumfang:<\/strong><\/p><ul class=\"transmax_list transmax_circle\"><li>Auswahl optimaler Lackiersysteme<\/li><li>Beratung zu Parametern der Beschichtungsapplikation<\/li><li>Optimierung der Technologie der Untergrundvorbereitung<\/li><li>Fachberatung zu Aush\u00e4rtungsbedingungen<\/li><li>Gew\u00e4hrleistung der Haltbarkeit und Reproduzierbarkeit von Beschichtungen<\/li><li>L\u00f6sungen zur Verbesserung der \u00c4sthetik der Oberfl\u00e4chenveredelung<\/li><\/ul><p>Unser Team aus erfahrenen Technikern und Technologen vereint theoretisches Wissen mit praktischer Erfahrung aus verschiedenen Industriebereichen. Wir agieren umfassend \u2013 von der Bedarfsanalyse bis zur Umsetzung der L\u00f6sungen, stets mit dem Fokus auf die Verbesserung der Qualit\u00e4t, Effizienz und Zuverl\u00e4ssigkeit der Lackierprozesse unserer Partner. <\/p>\t\t\t\t\t\t\t\t<\/div>\n\t\t\t\t<\/div>\n\t\t\t\t<\/div>\n\t\t\t\t\t<\/div>\n\t\t\t\t<\/div>\n\t\t\t\t<section class=\"elementor-section elementor-top-section elementor-element elementor-element-c517f1d elementor-section-boxed elementor-section-height-default elementor-section-height-default\" data-id=\"c517f1d\" data-element_type=\"section\" data-e-type=\"section\">\n\t\t\t\t\t\t<div class=\"elementor-container elementor-column-gap-default\">\n\t\t\t\t\t<div class=\"elementor-column elementor-col-100 elementor-top-column elementor-element elementor-element-ea23983\" data-id=\"ea23983\" data-element_type=\"column\" data-e-type=\"column\">\n\t\t\t<div class=\"elementor-widget-wrap elementor-element-populated\">\n\t\t\t\t\t\t<div class=\"elementor-element elementor-element-04179c5 elementor-widget elementor-widget-spacer\" data-id=\"04179c5\" data-element_type=\"widget\" data-e-type=\"widget\" data-widget_type=\"spacer.default\">\n\t\t\t\t<div class=\"elementor-widget-container\">\n\t\t\t\t\t\t\t<div class=\"elementor-spacer\">\n\t\t\t<div class=\"elementor-spacer-inner\"><\/div>\n\t\t<\/div>\n\t\t\t\t\t\t<\/div>\n\t\t\t\t<\/div>\n\t\t\t\t<div class=\"elementor-element elementor-element-e9a4160 divider_yes acenter elementor-widget elementor-widget-wgl-double-heading\" data-id=\"e9a4160\" data-element_type=\"widget\" data-e-type=\"widget\" data-widget_type=\"wgl-double-heading.default\">\n\t\t\t\t<div class=\"elementor-widget-container\">\n\t\t\t\t\t<div class=\"wgl-double-heading\"><h3 class=\"dblh__title-wrapper\"><span class=\"dblh__divider\"><\/span><span class=\"dblh__title dblh__title-1\">Kontaktieren Sie <\/span><span class=\"dblh__title dblh__title-2\">uns<\/span><\/h3><\/div>\t\t\t\t<\/div>\n\t\t\t\t<\/div>\n\t\t\t\t<div class=\"elementor-element elementor-element-3b8d17a elementor-widget__width-initial elementor-widget elementor-widget-text-editor\" data-id=\"3b8d17a\" data-element_type=\"widget\" data-e-type=\"widget\" data-widget_type=\"text-editor.default\">\n\t\t\t\t<div class=\"elementor-widget-container\">\n\t\t\t\t\t\t\t\t\t<p>Wenn Sie an unseren Schulungs- oder Beratungsdienstleistungen interessiert sind, kontaktieren Sie uns \u00fcber unser Formular.<\/p>\t\t\t\t\t\t\t\t<\/div>\n\t\t\t\t<\/div>\n\t\t\t\t<div class=\"elementor-element elementor-element-e3d86a6 elementor-widget elementor-widget-spacer\" data-id=\"e3d86a6\" data-element_type=\"widget\" data-e-type=\"widget\" data-widget_type=\"spacer.default\">\n\t\t\t\t<div class=\"elementor-widget-container\">\n\t\t\t\t\t\t\t<div class=\"elementor-spacer\">\n\t\t\t<div class=\"elementor-spacer-inner\"><\/div>\n\t\t<\/div>\n\t\t\t\t\t\t<\/div>\n\t\t\t\t<\/div>\n\t\t\t\t<section class=\"elementor-section elementor-inner-section elementor-element elementor-element-ca8d822 elementor-reverse-tablet elementor-reverse-mobile elementor-section-boxed elementor-section-height-default elementor-section-height-default\" data-id=\"ca8d822\" data-element_type=\"section\" data-e-type=\"section\">\n\t\t\t\t\t\t<div class=\"elementor-container elementor-column-gap-default\">\n\t\t\t\t\t<div class=\"elementor-column elementor-col-50 elementor-inner-column elementor-element elementor-element-34906a3\" data-id=\"34906a3\" data-element_type=\"column\" data-e-type=\"column\" data-settings=\"{&quot;background_background&quot;:&quot;classic&quot;}\">\n\t\t\t<div class=\"elementor-widget-wrap elementor-element-populated\">\n\t\t\t\t\t\t<div class=\"elementor-element elementor-element-e716983 elementor-widget elementor-widget-heading\" data-id=\"e716983\" data-element_type=\"widget\" data-e-type=\"widget\" data-widget_type=\"heading.default\">\n\t\t\t\t<div class=\"elementor-widget-container\">\n\t\t\t\t\t<h4 class=\"elementor-heading-title elementor-size-default\">F\u00fcllen Sie das Formular aus<\/h4>\t\t\t\t<\/div>\n\t\t\t\t<\/div>\n\t\t\t\t<div class=\"elementor-element elementor-element-2ea3adf aleft elementor-widget elementor-widget-wgl-contact-form-7\" data-id=\"2ea3adf\" data-element_type=\"widget\" data-e-type=\"widget\" data-widget_type=\"wgl-contact-form-7.default\">\n\t\t\t\t<div class=\"elementor-widget-container\">\n\t\t\t\t\t<div class=\"wgl-contact-form-7\">\n<div class=\"wpcf7 no-js\" id=\"wpcf7-f11106-o1\" lang=\"de-DE\" dir=\"ltr\" data-wpcf7-id=\"11106\">\n<div class=\"screen-reader-response\"><p role=\"status\" aria-live=\"polite\" aria-atomic=\"true\"><\/p> <ul><\/ul><\/div>\n<form action=\"\/de\/wp-json\/wp\/v2\/pages\/11129#wpcf7-f11106-o1\" method=\"post\" class=\"wpcf7-form init\" aria-label=\"Kontaktformular\" novalidate=\"novalidate\" data-status=\"init\">\n<div style=\"display: none;\">\n<input type=\"hidden\" name=\"_wpcf7\" value=\"11106\" \/>\n<input type=\"hidden\" name=\"_wpcf7_version\" value=\"6.0.6\" \/>\n<input type=\"hidden\" name=\"_wpcf7_locale\" value=\"de_DE\" \/>\n<input type=\"hidden\" name=\"_wpcf7_unit_tag\" value=\"wpcf7-f11106-o1\" \/>\n<input type=\"hidden\" name=\"_wpcf7_container_post\" value=\"0\" \/>\n<input type=\"hidden\" name=\"_wpcf7_posted_data_hash\" value=\"\" \/>\n<input type=\"hidden\" name=\"_wpcf7_recaptcha_response\" value=\"\" \/>\n<\/div>\n<label>  Ihr Name\n    <span class=\"wpcf7-form-control-wrap\" data-name=\"your-name\"><input size=\"40\" maxlength=\"400\" class=\"wpcf7-form-control wpcf7-text wpcf7-validates-as-required\" autocomplete=\"name\" aria-required=\"true\" aria-invalid=\"false\" value=\"\" type=\"text\" name=\"your-name\" \/><\/span> <\/label>\n\n<label>  Ihre E-Mail Adresse\n    <span class=\"wpcf7-form-control-wrap\" data-name=\"your-email\"><input size=\"40\" maxlength=\"400\" class=\"wpcf7-form-control wpcf7-email wpcf7-validates-as-required wpcf7-text wpcf7-validates-as-email\" autocomplete=\"email\" aria-required=\"true\" aria-invalid=\"false\" value=\"\" type=\"email\" name=\"your-email\" \/><\/span> <\/label>\n\n<label>  Thema\n    <span class=\"wpcf7-form-control-wrap\" data-name=\"your-subject\"><input size=\"40\" maxlength=\"400\" class=\"wpcf7-form-control wpcf7-text wpcf7-validates-as-required\" aria-required=\"true\" aria-invalid=\"false\" value=\"\" type=\"text\" name=\"your-subject\" \/><\/span> <\/label>\n\n<label>  Ihre Nachricht\n    <span class=\"wpcf7-form-control-wrap\" data-name=\"your-message\"><textarea cols=\"40\" rows=\"10\" maxlength=\"2000\" class=\"wpcf7-form-control wpcf7-textarea\" aria-invalid=\"false\" name=\"your-message\"><\/textarea><\/span> <\/label>\n\n\n<input class=\"wpcf7-form-control wpcf7-submit has-spinner\" type=\"submit\" value=\"Senden Sie\" \/><div class=\"wpcf7-response-output\" aria-hidden=\"true\"><\/div>\n<\/form>\n<\/div>\n<\/div>\t\t\t\t<\/div>\n\t\t\t\t<\/div>\n\t\t\t\t\t<\/div>\n\t\t<\/div>\n\t\t\t\t<div class=\"elementor-column elementor-col-50 elementor-inner-column elementor-element elementor-element-22731bd\" data-id=\"22731bd\" data-element_type=\"column\" data-e-type=\"column\">\n\t\t\t<div class=\"elementor-widget-wrap elementor-element-populated\">\n\t\t\t\t\t\t<div class=\"elementor-element elementor-element-54adbcb elementor-widget elementor-widget-wgl-image-layers\" data-id=\"54adbcb\" data-element_type=\"widget\" data-e-type=\"widget\" data-widget_type=\"wgl-image-layers.default\">\n\t\t\t\t<div class=\"elementor-widget-container\">\n\t\t\t\t\t<div class=\"wgl-image-layers\"><div class=\"img-layer_image-wrapper zoom_in\" style=\"z-index: 1\">\r\n                <div class=\"img-layer_item\" style=\"transform: translate(0px, 0%);\">\r\n                    <div class=\"img-layer_image\" style=\"transition: all 800ms; transition-delay: 600ms;\">\r\n                        <img decoding=\"async\" src=\"https:\/\/dirigocoating.pl\/wp-content\/uploads\/2025\/06\/szkolenie1-e1749036326811.png\" alt=\"szkolenie1\" \/>\r\n                    <\/div>\r\n                <\/div>\r\n            <\/div> <div class=\"img-layer_image-wrapper slide_left\" style=\"z-index: 1\">\r\n                <div class=\"img-layer_item\" style=\"transform: translate(120px, 76%);\">\r\n                    <div class=\"img-layer_image\" style=\"transition: all 800ms; transition-delay: 1200ms;\">\r\n                        <img decoding=\"async\" src=\"https:\/\/dirigocoating.pl\/wp-content\/uploads\/2025\/06\/Zdjecie-WhatsApp-2025-06-02-o-11.07.17_d8937e9f-e1749036239282.jpg\" alt=\"szkolenie\" \/>\r\n                    <\/div>\r\n                <\/div>\r\n            <\/div> <\/div>\t\t\t\t<\/div>\n\t\t\t\t<\/div>\n\t\t\t\t\t<\/div>\n\t\t<\/div>\n\t\t\t\t\t<\/div>\n\t\t<\/section>\n\t\t\t\t\t<\/div>\n\t\t<\/div>\n\t\t\t\t\t<\/div>\n\t\t<\/section>\n\t\t\t\t<\/div>\n\t\t","protected":false},"excerpt":{"rendered":"<p>Beratung, Schulungen und Audits Wir bieten unseren Partnern eine umfassende technische Unterst\u00fctzung in jeder Phase ihrer Arbeit. Wir helfen bei der Auswahl des Systems, der Optimierung des Anwendungsverfahrens und der Ausr\u00fcstung der Lackiererei. Au\u00dferdem bieten wir Produktschulungen, Anwendungsschulungen und Lackierprozess-Audits an. Schulungen Die Schulungen finden im modernen Schulungszentrum von Axalta in Warschau, in unserem Firmensitz, [&hellip;]<\/p>\n","protected":false},"author":1,"featured_media":0,"parent":0,"menu_order":0,"comment_status":"closed","ping_status":"closed","template":"","meta":{"footnotes":""},"class_list":["post-11129","page","type-page","status-publish","hentry"],"_links":{"self":[{"href":"https:\/\/dirigocoating.pl\/de\/wp-json\/wp\/v2\/pages\/11129"}],"collection":[{"href":"https:\/\/dirigocoating.pl\/de\/wp-json\/wp\/v2\/pages"}],"about":[{"href":"https:\/\/dirigocoating.pl\/de\/wp-json\/wp\/v2\/types\/page"}],"author":[{"embeddable":true,"href":"https:\/\/dirigocoating.pl\/de\/wp-json\/wp\/v2\/users\/1"}],"replies":[{"embeddable":true,"href":"https:\/\/dirigocoating.pl\/de\/wp-json\/wp\/v2\/comments?post=11129"}],"version-history":[{"count":9,"href":"https:\/\/dirigocoating.pl\/de\/wp-json\/wp\/v2\/pages\/11129\/revisions"}],"predecessor-version":[{"id":12141,"href":"https:\/\/dirigocoating.pl\/de\/wp-json\/wp\/v2\/pages\/11129\/revisions\/12141"}],"wp:attachment":[{"href":"https:\/\/dirigocoating.pl\/de\/wp-json\/wp\/v2\/media?parent=11129"}],"curies":[{"name":"wp","href":"https:\/\/api.w.org\/{rel}","templated":true}]}}