{"id":11141,"date":"2025-06-04T10:35:41","date_gmt":"2025-06-04T10:35:41","guid":{"rendered":"https:\/\/dirigocoating.pl\/nachrichten\/"},"modified":"2025-08-25T12:18:07","modified_gmt":"2025-08-25T12:18:07","slug":"aktuelles","status":"publish","type":"page","link":"https:\/\/dirigocoating.pl\/de\/aktuelles\/","title":{"rendered":"Aktuelles"},"content":{"rendered":"\t\t<div data-elementor-type=\"wp-page\" data-elementor-id=\"11141\" class=\"elementor elementor-11141 elementor-6274\">\n\t\t\t\t<div class=\"elementor-element elementor-element-69c6eef e-flex e-con-boxed e-con e-parent\" data-id=\"69c6eef\" data-element_type=\"container\" data-e-type=\"container\">\n\t\t\t\t\t<div class=\"e-con-inner\">\n\t\t\t\t<div class=\"elementor-element elementor-element-f9c1910 elementor-widget elementor-widget-wgl-blog\" data-id=\"f9c1910\" data-element_type=\"widget\" data-e-type=\"widget\" data-settings=\"{&quot;blog_columns&quot;:&quot;4&quot;}\" data-widget_type=\"wgl-blog.default\">\n\t\t\t\t<div class=\"elementor-widget-container\">\n\t\t\t\t\t<section class=\"wgl_cpt_section\"><div class=\"blog-posts\"><div class=\"container-grid row blog_columns-3 masonry blog-style-standard\">    <div class=\"item wgl_col-4\">\r\n    <div class=\"blog-post format-standard-image\">\r\n    <div class=\"blog-post_wrapper\"><div class=\"blog-post_media\"><div class=\"blog-post_media_part\"><a href=\"https:\/\/dirigocoating.pl\/de\/teilnahme-an-der-marine-innovation-conference\/\" class=\"media-link image-overlay\"><img decoding=\"async\" src=\"https:\/\/dirigocoating.pl\/wp-content\/uploads\/2025\/09\/marine-innovation-2025-1170x700.png\" alt=\"marine innovation 2025\"><\/a><\/div><\/div>    <div class=\"blog-post_content\"><span class=\"post_categories\"><span><a  href=\"https:\/\/dirigocoating.pl\/de\/kategorie\/aktuelles\/\" >Aktuelles<\/a><\/span><\/span><div class=\"post_meta-wrap\"><div class=\"meta-data\"><span class=\"post_date\">\r\n                        9. September 2025                        <\/span><\/div><\/div><h3 class=\"blog-post_title\"><a href=\"https:\/\/dirigocoating.pl\/de\/teilnahme-an-der-marine-innovation-conference\/\">Teilnahme an der Marine Innovation Conference<\/a><\/h3><div class=\"blog-post_text\">Bald sehen wir uns bei Marine Innovation \u2013 einer einzigartigen Branchenveranstaltung, die die...<\/div><div class=\"clear\"><\/div><div class=\"blog-post_footer\">            <div class=\"read-more-wrap\">\r\n                <a href=\"https:\/\/dirigocoating.pl\/de\/teilnahme-an-der-marine-innovation-conference\/\" class=\"button-read-more\">\r\n                <span>Mehr...<\/span>\r\n                <\/a>\r\n            <\/div>    <\/div>\r\n    <\/div>\r\n    <\/div>\r\n    <\/div>\r\n    <\/div>    <div class=\"item wgl_col-4\">\r\n    <div class=\"blog-post format-standard-image\">\r\n    <div class=\"blog-post_wrapper\"><div class=\"blog-post_media\"><div class=\"blog-post_media_part\"><a href=\"https:\/\/dirigocoating.pl\/de\/positives-ergebnis-des-jahresaudits-nach-iso\/\" class=\"media-link image-overlay\"><img decoding=\"async\" src=\"https:\/\/dirigocoating.pl\/wp-content\/uploads\/2025\/08\/Pozytywny-wynik-audytu-1-1170x700.png\" alt=\"Pozytywny wynik audytu (1)\"><\/a><\/div><\/div>    <div class=\"blog-post_content\"><span class=\"post_categories\"><span><a  href=\"https:\/\/dirigocoating.pl\/de\/kategorie\/aktuelles\/\" >Aktuelles<\/a><\/span><\/span><div class=\"post_meta-wrap\"><div class=\"meta-data\"><span class=\"post_date\">\r\n                        14. August 2025                        <\/span><\/div><\/div><h3 class=\"blog-post_title\"><a href=\"https:\/\/dirigocoating.pl\/de\/positives-ergebnis-des-jahresaudits-nach-iso\/\">Positives Ergebnis des Jahresaudits nach ISO.<\/a><\/h3><div class=\"blog-post_text\">Zusammenfassung der AuditergebnisseWir freuen uns mitteilen zu k\u00f6nnen, dass die j\u00e4hrliche...<\/div><div class=\"clear\"><\/div><div class=\"blog-post_footer\">            <div class=\"read-more-wrap\">\r\n                <a href=\"https:\/\/dirigocoating.pl\/de\/positives-ergebnis-des-jahresaudits-nach-iso\/\" class=\"button-read-more\">\r\n                <span>Mehr...<\/span>\r\n                <\/a>\r\n            <\/div>    <\/div>\r\n    <\/div>\r\n    <\/div>\r\n    <\/div>\r\n    <\/div>    <div class=\"item wgl_col-4\">\r\n    <div class=\"blog-post format-standard-image\">\r\n    <div class=\"blog-post_wrapper\"><div class=\"blog-post_media\"><div class=\"blog-post_media_part\"><a href=\"https:\/\/dirigocoating.pl\/de\/schulung-27-29-05-bahnbezogene-wasserverduennbare-systeme\/\" class=\"media-link image-overlay\"><img decoding=\"async\" src=\"https:\/\/dirigocoating.pl\/wp-content\/uploads\/2025\/06\/polboat-13-1170x700.png\" alt=\"polboat (13)\"><\/a><\/div><\/div>    <div class=\"blog-post_content\"><span class=\"post_categories\"><span><a  href=\"https:\/\/dirigocoating.pl\/de\/kategorie\/aktuelles\/\" >Aktuelles<\/a><\/span><\/span><div class=\"post_meta-wrap\"><div class=\"meta-data\"><span class=\"post_date\">\r\n                        2. Juni 2025                        <\/span><\/div><\/div><h3 class=\"blog-post_title\"><a href=\"https:\/\/dirigocoating.pl\/de\/schulung-27-29-05-bahnbezogene-wasserverduennbare-systeme\/\">Schulung 27-29.05 &#8211; Bahnbezogene wasserverd\u00fcnnbare Systeme<\/a><\/h3><div class=\"blog-post_text\">Am 27.-29. Mai 2025 f\u00fchrten unsere Techniker im Schulungszentrum von Axalta eine Fachschulung durch...<\/div><div class=\"clear\"><\/div><div class=\"blog-post_footer\">            <div class=\"read-more-wrap\">\r\n                <a href=\"https:\/\/dirigocoating.pl\/de\/schulung-27-29-05-bahnbezogene-wasserverduennbare-systeme\/\" class=\"button-read-more\">\r\n                <span>Mehr...<\/span>\r\n                <\/a>\r\n            <\/div>    <\/div>\r\n    <\/div>\r\n    <\/div>\r\n    <\/div>\r\n    <\/div>    <div class=\"item wgl_col-4\">\r\n    <div class=\"blog-post format-standard-image\">\r\n    <div class=\"blog-post_wrapper\"><div class=\"blog-post_media\"><div class=\"blog-post_media_part\"><a href=\"https:\/\/dirigocoating.pl\/de\/hauptversammlung-polboat\/\" class=\"media-link image-overlay\"><img decoding=\"async\" src=\"https:\/\/dirigocoating.pl\/wp-content\/uploads\/2025\/05\/polboat-12-1170x700.png\" alt=\"polboat (12)\"><\/a><\/div><\/div>    <div class=\"blog-post_content\"><span class=\"post_categories\"><span><a  href=\"https:\/\/dirigocoating.pl\/de\/kategorie\/aktuelles\/\" >Aktuelles<\/a><\/span><\/span><div class=\"post_meta-wrap\"><div class=\"meta-data\"><span class=\"post_date\">\r\n                        30. Mai 2025                        <\/span><\/div><\/div><h3 class=\"blog-post_title\"><a href=\"https:\/\/dirigocoating.pl\/de\/hauptversammlung-polboat\/\">Hauptversammlung POLBOAT<\/a><\/h3><div class=\"blog-post_text\">Wie jedes Jahr fand in Miko\u0142ajki die Hauptversammlung der Polnischen Industriekammer f\u00fcr Yachten...<\/div><div class=\"clear\"><\/div><div class=\"blog-post_footer\">            <div class=\"read-more-wrap\">\r\n                <a href=\"https:\/\/dirigocoating.pl\/de\/hauptversammlung-polboat\/\" class=\"button-read-more\">\r\n                <span>Mehr...<\/span>\r\n                <\/a>\r\n            <\/div>    <\/div>\r\n    <\/div>\r\n    <\/div>\r\n    <\/div>\r\n    <\/div>    <div class=\"item wgl_col-4\">\r\n    <div class=\"blog-post format-standard-image\">\r\n    <div class=\"blog-post_wrapper\"><div class=\"blog-post_media\"><div class=\"blog-post_media_part\"><a href=\"https:\/\/dirigocoating.pl\/de\/iii-symposium-der-motorboottechnik\/\" class=\"media-link image-overlay\"><img decoding=\"async\" src=\"https:\/\/dirigocoating.pl\/wp-content\/uploads\/2025\/06\/502620150_1109597024527299_7953793175271856926_n-1170x700.jpg\" alt=\"502620150_1109597024527299_7953793175271856926_n\"><\/a><\/div><\/div>    <div class=\"blog-post_content\"><span class=\"post_categories\"><span><a  href=\"https:\/\/dirigocoating.pl\/de\/kategorie\/aktuelles\/\" >Aktuelles<\/a><\/span><\/span><div class=\"post_meta-wrap\"><div class=\"meta-data\"><span class=\"post_date\">\r\n                        29. Mai 2025                        <\/span><\/div><\/div><h3 class=\"blog-post_title\"><a href=\"https:\/\/dirigocoating.pl\/de\/iii-symposium-der-motorboottechnik\/\">III Symposium der Motorboottechnik<\/a><\/h3><div class=\"blog-post_text\">Am 23. Mai 2025 nahmen wir als Partner der Veranstaltung am III. Symposium der Motorboottechnik an...<\/div><div class=\"clear\"><\/div><div class=\"blog-post_footer\">            <div class=\"read-more-wrap\">\r\n                <a href=\"https:\/\/dirigocoating.pl\/de\/iii-symposium-der-motorboottechnik\/\" class=\"button-read-more\">\r\n                <span>Mehr...<\/span>\r\n                <\/a>\r\n            <\/div>    <\/div>\r\n    <\/div>\r\n    <\/div>\r\n    <\/div>\r\n    <\/div><\/div><\/div><\/section>\t\t\t\t<\/div>\n\t\t\t\t<\/div>\n\t\t\t\t\t<\/div>\n\t\t\t\t<\/div>\n\t\t\t\t<\/div>\n\t\t","protected":false},"excerpt":{"rendered":"<p>Aktualno\u015bci 14 sierpnia, 2025 Pozytywny wynik rocznego audytu ISO Podsumowanie wynik\u00f3w audytuZ przyjemno\u015bci\u0105 informujemy, \u017ce zako\u0144czony roczny audyt potwierdzi\u0142&#8230; Mehr&#8230; Aktualno\u015bci 7 lipca, 2025 Nowe kleje do szyb dla pojazd\u00f3w u\u017cytkowych w naszej ofercie Profesjonalne kleje do szyb pojazd\u00f3w u\u017cytkowych i samochod\u00f3w marki OneBond od Saint-Gobain!W naszej&#8230; Mehr&#8230; Aktualno\u015bci 12 czerwca, 2025 Szkolenie PUT Powertrain [&hellip;]<\/p>\n","protected":false},"author":1,"featured_media":0,"parent":0,"menu_order":0,"comment_status":"closed","ping_status":"closed","template":"","meta":{"footnotes":""},"class_list":["post-11141","page","type-page","status-publish","hentry"],"_links":{"self":[{"href":"https:\/\/dirigocoating.pl\/de\/wp-json\/wp\/v2\/pages\/11141"}],"collection":[{"href":"https:\/\/dirigocoating.pl\/de\/wp-json\/wp\/v2\/pages"}],"about":[{"href":"https:\/\/dirigocoating.pl\/de\/wp-json\/wp\/v2\/types\/page"}],"author":[{"embeddable":true,"href":"https:\/\/dirigocoating.pl\/de\/wp-json\/wp\/v2\/users\/1"}],"replies":[{"embeddable":true,"href":"https:\/\/dirigocoating.pl\/de\/wp-json\/wp\/v2\/comments?post=11141"}],"version-history":[{"count":5,"href":"https:\/\/dirigocoating.pl\/de\/wp-json\/wp\/v2\/pages\/11141\/revisions"}],"predecessor-version":[{"id":12266,"href":"https:\/\/dirigocoating.pl\/de\/wp-json\/wp\/v2\/pages\/11141\/revisions\/12266"}],"wp:attachment":[{"href":"https:\/\/dirigocoating.pl\/de\/wp-json\/wp\/v2\/media?parent=11141"}],"curies":[{"name":"wp","href":"https:\/\/api.w.org\/{rel}","templated":true}]}}