{"id":11185,"date":"2025-06-03T07:41:06","date_gmt":"2025-06-03T07:41:06","guid":{"rendered":"https:\/\/dirigocoating.pl\/produkte-auf-wasserbasis\/"},"modified":"2025-09-10T06:27:46","modified_gmt":"2025-09-10T06:27:46","slug":"produkte-awasserbasis","status":"publish","type":"page","link":"https:\/\/dirigocoating.pl\/de\/produkte-awasserbasis\/","title":{"rendered":"Wasserverd\u00fcnnbare Produkte"},"content":{"rendered":"\t\t<div data-elementor-type=\"wp-page\" data-elementor-id=\"11185\" class=\"elementor elementor-11185 elementor-6126\">\n\t\t\t\t<div class=\"elementor-element elementor-element-4cff27ff e-flex e-con-boxed e-con e-parent\" data-id=\"4cff27ff\" data-element_type=\"container\" data-e-type=\"container\">\n\t\t\t\t\t<div class=\"e-con-inner\">\n\t\t\t\t<div class=\"elementor-element elementor-element-7c3a8c8c elementor-widget elementor-widget-text-editor\" data-id=\"7c3a8c8c\" data-element_type=\"widget\" data-e-type=\"widget\" data-widget_type=\"text-editor.default\">\n\t\t\t\t<div class=\"elementor-widget-container\">\n\t\t\t\t\t\t\t\t\t<p><\/p>\n<p><strong>Wasserverd\u00fcnnbare Lacke f\u00fcr anspruchsvolle Anwendungen<\/strong>. Unser Angebot an wasserverd\u00fcnnbaren Lacken wurde f\u00fcr die modernen Anforderungen der Branchen entwickelt: Schienenverkehr, Nutzfahrzeuge, Yachtbau, OEM und Industrie. Diese Produkte vereinen hohe Beschichtungsbest\u00e4ndigkeit mit Umweltschutz \u2013 sie reduzieren die VOC-Emissionen und gew\u00e4hrleisten gleichzeitig exzellente technische und \u00e4sthetische Eigenschaften. Eine L\u00f6sung f\u00fcr alle, die keinen Kompromiss zwischen Qualit\u00e4t und \u00d6kologie eingehen m\u00f6chten.  <\/p>\n<p><\/p>\n<p><\/p>\n<p><\/p>\t\t\t\t\t\t\t\t<\/div>\n\t\t\t\t<\/div>\n\t\t\t\t\t<\/div>\n\t\t\t\t<\/div>\n\t\t<div class=\"elementor-element elementor-element-e3d2fa6 e-flex e-con-boxed e-con e-parent\" data-id=\"e3d2fa6\" data-element_type=\"container\" data-e-type=\"container\">\n\t\t\t\t\t<div class=\"e-con-inner\">\n\t\t\t\t<div class=\"elementor-element elementor-element-6192c46 columns-3 columns-tablet-2 columns-mobile-1 elementor-widget elementor-widget-wgl-products-grid\" data-id=\"6192c46\" data-element_type=\"widget\" data-e-type=\"widget\" data-widget_type=\"wgl-products-grid.default\">\n\t\t\t\t<div class=\"elementor-widget-container\">\n\t\t\t\t\t<section class=\"wgl_cpt_section wgl-products-grid woocommerce\"><div class=\"wgl-woocommerce-sorting\"><\/div><div class=\"wgl-products-catalog wgl-products-wrapper\"><div class=\"wgl-products container-grid fit_rows\"><div class=\"item product type-product post-12143 status-publish first instock product_cat-bahn-de product_tag-decklack-wasser-de product_tag-decklacke product_tag-wasserverdunnbar-de has-post-thumbnail shipping-taxable product-type-simple\"><div class=\"woo_product_inner_wrapper\">            <div class=\"woo_product_image shop_media\">\r\n                <div class=\"picture no_effects\">                        <a class=\"woo_post-link\" href=\"https:\/\/dirigocoating.pl\/de\/produkt\/imron-hydrotopcoat-7200-2k-waterbased-topcoat-pur\/\"><img decoding=\"async\" src=\"https:\/\/dirigocoating.pl\/wp-content\/uploads\/2025\/06\/PercoTop-5-150x150.png\" alt=\"\" \/>                        <\/a>                <\/div>\r\n                <div class=\"wgl_woo_button_wrapper\"><a href=\"https:\/\/dirigocoating.pl\/de\/produkt\/imron-hydrotopcoat-7200-2k-waterbased-topcoat-pur\/\" aria-describedby=\"woocommerce_loop_add_to_cart_link_describedby_12143\" data-quantity=\"1\" class=\"button product_type_simple with-border\" data-product_id=\"12143\" data-product_sku=\"\" aria-label=\"Lese mehr \u00fcber &#8222;Imron HydroTopCoat 7200 2K Waterbased Topcoat PUR&#8220;\" rel=\"nofollow\" data-success_message=\"\">Weiterlesen<\/a>\t<span id=\"woocommerce_loop_add_to_cart_link_describedby_12143\" class=\"screen-reader-text\">\n\t\t\t<\/span>\n<\/div>            <\/div><div class=\"woo_product_content\"><h2 class=\"woocommerce-loop-product__title\"><a href=\"https:\/\/dirigocoating.pl\/de\/produkt\/imron-hydrotopcoat-7200-2k-waterbased-topcoat-pur\/\" class=\"woocommerce-LoopProduct-link woocommerce-loop-product__link\">Imron HydroTopCoat 7200 2K Waterbased Topcoat PUR<\/a><\/h2>\n<\/div><\/div><\/div><div class=\"item product type-product post-12202 status-publish instock product_cat-bahn-de product_tag-barnices-estructurales product_tag-struktur-wasser-de product_tag-wasserverdunnbar-de has-post-thumbnail shipping-taxable product-type-simple\"><div class=\"woo_product_inner_wrapper\">            <div class=\"woo_product_image shop_media\">\r\n                <div class=\"picture no_effects\">                        <a class=\"woo_post-link\" href=\"https:\/\/dirigocoating.pl\/de\/produkt\/imron-hydrotopcoat-7220-7221-7222\/\"><img decoding=\"async\" src=\"https:\/\/dirigocoating.pl\/wp-content\/uploads\/2025\/06\/7220-150x150.png\" alt=\"\" \/>                        <\/a>                <\/div>\r\n                <div class=\"wgl_woo_button_wrapper\"><a href=\"https:\/\/dirigocoating.pl\/de\/produkt\/imron-hydrotopcoat-7220-7221-7222\/\" aria-describedby=\"woocommerce_loop_add_to_cart_link_describedby_12202\" data-quantity=\"1\" class=\"button product_type_simple with-border\" data-product_id=\"12202\" data-product_sku=\"\" aria-label=\"Lese mehr \u00fcber &#8222;Imron HydroTopCoat 7220, 7221, 7222&#8220;\" rel=\"nofollow\" data-success_message=\"\">Weiterlesen<\/a>\t<span id=\"woocommerce_loop_add_to_cart_link_describedby_12202\" class=\"screen-reader-text\">\n\t\t\t<\/span>\n<\/div>            <\/div><div class=\"woo_product_content\"><h2 class=\"woocommerce-loop-product__title\"><a href=\"https:\/\/dirigocoating.pl\/de\/produkt\/imron-hydrotopcoat-7220-7221-7222\/\" class=\"woocommerce-LoopProduct-link woocommerce-loop-product__link\">Imron HydroTopCoat 7220, 7221, 7222<\/a><\/h2>\n<\/div><\/div><\/div><div class=\"item product type-product post-12197 status-publish instock product_cat-bahn-de product_tag-decklacke product_tag-elastifizierter-epoxid-decklack product_tag-stosfest-de product_tag-topcoat-wb-elastified-de product_tag-wasserverdunnbar-de has-post-thumbnail shipping-taxable product-type-simple\"><div class=\"woo_product_inner_wrapper\">            <div class=\"woo_product_image shop_media\">\r\n                <div class=\"picture no_effects\">                        <a class=\"woo_post-link\" href=\"https:\/\/dirigocoating.pl\/de\/produkt\/ep-highbuild-topcoat-wb-elastified\/\"><img decoding=\"async\" src=\"https:\/\/dirigocoating.pl\/wp-content\/uploads\/2025\/06\/elastified-150x150.png\" alt=\"\" \/>                        <\/a>                <\/div>\r\n                <div class=\"wgl_woo_button_wrapper\"><a href=\"https:\/\/dirigocoating.pl\/de\/produkt\/ep-highbuild-topcoat-wb-elastified\/\" aria-describedby=\"woocommerce_loop_add_to_cart_link_describedby_12197\" data-quantity=\"1\" class=\"button product_type_simple with-border\" data-product_id=\"12197\" data-product_sku=\"\" aria-label=\"Lese mehr \u00fcber &#8222;EP Highbuild Topcoat WB Elastified&#8220;\" rel=\"nofollow\" data-success_message=\"\">Weiterlesen<\/a>\t<span id=\"woocommerce_loop_add_to_cart_link_describedby_12197\" class=\"screen-reader-text\">\n\t\t\t<\/span>\n<\/div>            <\/div><div class=\"woo_product_content\"><h2 class=\"woocommerce-loop-product__title\"><a href=\"https:\/\/dirigocoating.pl\/de\/produkt\/ep-highbuild-topcoat-wb-elastified\/\" class=\"woocommerce-LoopProduct-link woocommerce-loop-product__link\">EP Highbuild Topcoat WB Elastified<\/a><\/h2>\n<\/div><\/div><\/div><div class=\"item product type-product post-12196 status-publish last instock product_cat-bahn-de product_tag-1k-monocoat-de product_tag-monocoat-wasser-de product_tag-stosfest-de product_tag-wasserverdunnbar-de has-post-thumbnail shipping-taxable product-type-simple\"><div class=\"woo_product_inner_wrapper\">            <div class=\"woo_product_image shop_media\">\r\n                <div class=\"picture no_effects\">                        <a class=\"woo_post-link\" href=\"https:\/\/dirigocoating.pl\/de\/produkt\/imron-hydrocoat-7900-1k-waterbased\/\"><img decoding=\"async\" src=\"https:\/\/dirigocoating.pl\/wp-content\/uploads\/2025\/06\/hc7900-150x150.png\" alt=\"\" \/>                        <\/a>                <\/div>\r\n                <div class=\"wgl_woo_button_wrapper\"><a href=\"https:\/\/dirigocoating.pl\/de\/produkt\/imron-hydrocoat-7900-1k-waterbased\/\" aria-describedby=\"woocommerce_loop_add_to_cart_link_describedby_12196\" data-quantity=\"1\" class=\"button product_type_simple with-border\" data-product_id=\"12196\" data-product_sku=\"\" aria-label=\"Lese mehr \u00fcber &#8222;Imron Hydrocoat 7900 1K Waterbased&#8220;\" rel=\"nofollow\" data-success_message=\"\">Weiterlesen<\/a>\t<span id=\"woocommerce_loop_add_to_cart_link_describedby_12196\" class=\"screen-reader-text\">\n\t\t\t<\/span>\n<\/div>            <\/div><div class=\"woo_product_content\"><h2 class=\"woocommerce-loop-product__title\"><a href=\"https:\/\/dirigocoating.pl\/de\/produkt\/imron-hydrocoat-7900-1k-waterbased\/\" class=\"woocommerce-LoopProduct-link woocommerce-loop-product__link\">Imron Hydrocoat 7900 1K Waterbased<\/a><\/h2>\n<\/div><\/div><\/div><div class=\"item product type-product post-12195 status-publish first instock product_cat-bahn-de product_tag-bezbarwny-wodny-de product_tag-klare-lacke product_tag-wasserverdunnbar-de has-post-thumbnail shipping-taxable product-type-simple\"><div class=\"woo_product_inner_wrapper\">            <div class=\"woo_product_image shop_media\">\r\n                <div class=\"picture no_effects\">                        <a class=\"woo_post-link\" href=\"https:\/\/dirigocoating.pl\/de\/produkt\/imron-hydro-clearcoat-hc300-2k-waterbased-clearcoat\/\"><img decoding=\"async\" src=\"https:\/\/dirigocoating.pl\/wp-content\/uploads\/2025\/06\/pur300-5-150x150.png\" alt=\"\" \/>                        <\/a>                <\/div>\r\n                <div class=\"wgl_woo_button_wrapper\"><a href=\"https:\/\/dirigocoating.pl\/de\/produkt\/imron-hydro-clearcoat-hc300-2k-waterbased-clearcoat\/\" aria-describedby=\"woocommerce_loop_add_to_cart_link_describedby_12195\" data-quantity=\"1\" class=\"button product_type_simple with-border\" data-product_id=\"12195\" data-product_sku=\"\" aria-label=\"Lese mehr \u00fcber &#8222;Imron Hydro Clearcoat HC300 2K Waterbased Clearcoat&#8220;\" rel=\"nofollow\" data-success_message=\"\">Weiterlesen<\/a>\t<span id=\"woocommerce_loop_add_to_cart_link_describedby_12195\" class=\"screen-reader-text\">\n\t\t\t<\/span>\n<\/div>            <\/div><div class=\"woo_product_content\"><h2 class=\"woocommerce-loop-product__title\"><a href=\"https:\/\/dirigocoating.pl\/de\/produkt\/imron-hydro-clearcoat-hc300-2k-waterbased-clearcoat\/\" class=\"woocommerce-LoopProduct-link woocommerce-loop-product__link\">Imron Hydro Clearcoat HC300 2K Waterbased Clearcoat<\/a><\/h2>\n<\/div><\/div><\/div><div class=\"item product type-product post-12194 status-publish instock product_cat-bahn-de product_tag-grundanstriche-de product_tag-wasserverdunnbar-de product_tag-water-base-de has-post-thumbnail shipping-taxable product-type-simple\"><div class=\"woo_product_inner_wrapper\">            <div class=\"woo_product_image shop_media\">\r\n                <div class=\"picture no_effects\">                        <a class=\"woo_post-link\" href=\"https:\/\/dirigocoating.pl\/de\/produkt\/imron-hydrobasecoat-8200\/\"><img decoding=\"async\" src=\"https:\/\/dirigocoating.pl\/wp-content\/uploads\/2025\/06\/imron-8200-150x150.png\" alt=\"\" \/>                        <\/a>                <\/div>\r\n                <div class=\"wgl_woo_button_wrapper\"><a href=\"https:\/\/dirigocoating.pl\/de\/produkt\/imron-hydrobasecoat-8200\/\" aria-describedby=\"woocommerce_loop_add_to_cart_link_describedby_12194\" data-quantity=\"1\" class=\"button product_type_simple with-border\" data-product_id=\"12194\" data-product_sku=\"\" aria-label=\"Lese mehr \u00fcber &#8222;Imron HydroBaseCoat 8200&#8220;\" rel=\"nofollow\" data-success_message=\"\">Weiterlesen<\/a>\t<span id=\"woocommerce_loop_add_to_cart_link_describedby_12194\" class=\"screen-reader-text\">\n\t\t\t<\/span>\n<\/div>            <\/div><div class=\"woo_product_content\"><h2 class=\"woocommerce-loop-product__title\"><a href=\"https:\/\/dirigocoating.pl\/de\/produkt\/imron-hydrobasecoat-8200\/\" class=\"woocommerce-LoopProduct-link woocommerce-loop-product__link\">Imron HydroBaseCoat 8200<\/a><\/h2>\n<\/div><\/div><\/div><div class=\"item product type-product post-12193 status-publish instock product_cat-bahn-de product_tag-grundierung-wasser-de product_tag-grundierungen-de product_tag-wasserverdunnbar-de has-post-thumbnail shipping-taxable product-type-simple\"><div class=\"woo_product_inner_wrapper\">            <div class=\"woo_product_image shop_media\">\r\n                <div class=\"picture no_effects\">                        <a class=\"woo_post-link\" href=\"https:\/\/dirigocoating.pl\/de\/produkt\/pur300-pur300w-2k-waterbased-filler\/\"><img decoding=\"async\" src=\"https:\/\/dirigocoating.pl\/wp-content\/uploads\/2025\/06\/pur300-3-150x150.png\" alt=\"\" \/>                        <\/a>                <\/div>\r\n                <div class=\"wgl_woo_button_wrapper\"><a href=\"https:\/\/dirigocoating.pl\/de\/produkt\/pur300-pur300w-2k-waterbased-filler\/\" aria-describedby=\"woocommerce_loop_add_to_cart_link_describedby_12193\" data-quantity=\"1\" class=\"button product_type_simple with-border\" data-product_id=\"12193\" data-product_sku=\"\" aria-label=\"Lese mehr \u00fcber &#8222;PUR300 \/ PUR300W 2K Waterbased Filler&#8220;\" rel=\"nofollow\" data-success_message=\"\">Weiterlesen<\/a>\t<span id=\"woocommerce_loop_add_to_cart_link_describedby_12193\" class=\"screen-reader-text\">\n\t\t\t<\/span>\n<\/div>            <\/div><div class=\"woo_product_content\"><h2 class=\"woocommerce-loop-product__title\"><a href=\"https:\/\/dirigocoating.pl\/de\/produkt\/pur300-pur300w-2k-waterbased-filler\/\" class=\"woocommerce-LoopProduct-link woocommerce-loop-product__link\">PUR300 \/ PUR300W 2K Waterbased Filler<\/a><\/h2>\n<\/div><\/div><\/div><div class=\"item product type-product post-12192 status-publish last instock product_cat-bahn-de product_tag-epoxy-de product_tag-grundierung-wasser-de product_tag-grundierungen-de product_tag-wasserverdunnbar-de has-post-thumbnail shipping-taxable product-type-simple\"><div class=\"woo_product_inner_wrapper\">            <div class=\"woo_product_image shop_media\">\r\n                <div class=\"picture no_effects\">                        <a class=\"woo_post-link\" href=\"https:\/\/dirigocoating.pl\/de\/produkt\/ep300-ep300r-2k-waterbased-epoxy-primer\/\"><img decoding=\"async\" src=\"https:\/\/dirigocoating.pl\/wp-content\/uploads\/2025\/06\/pur300-3-1-150x150.png\" alt=\"\" \/>                        <\/a>                <\/div>\r\n                <div class=\"wgl_woo_button_wrapper\"><a href=\"https:\/\/dirigocoating.pl\/de\/produkt\/ep300-ep300r-2k-waterbased-epoxy-primer\/\" aria-describedby=\"woocommerce_loop_add_to_cart_link_describedby_12192\" data-quantity=\"1\" class=\"button product_type_simple with-border\" data-product_id=\"12192\" data-product_sku=\"\" aria-label=\"Lese mehr \u00fcber &#8222;EP300 \/ EP300R 2K Waterbased Epoxy Primer&#8220;\" rel=\"nofollow\" data-success_message=\"\">Weiterlesen<\/a>\t<span id=\"woocommerce_loop_add_to_cart_link_describedby_12192\" class=\"screen-reader-text\">\n\t\t\t<\/span>\n<\/div>            <\/div><div class=\"woo_product_content\"><h2 class=\"woocommerce-loop-product__title\"><a href=\"https:\/\/dirigocoating.pl\/de\/produkt\/ep300-ep300r-2k-waterbased-epoxy-primer\/\" class=\"woocommerce-LoopProduct-link woocommerce-loop-product__link\">EP300 \/ EP300R 2K Waterbased Epoxy Primer<\/a><\/h2>\n<\/div><\/div><\/div><div class=\"item product type-product post-12191 status-publish first instock product_cat-bahn-de product_tag-grundanstriche-de product_tag-wasserverdunnbar-de product_tag-water-base-de has-post-thumbnail shipping-taxable product-type-simple\"><div class=\"woo_product_inner_wrapper\">            <div class=\"woo_product_image shop_media\">\r\n                <div class=\"picture no_effects\">                        <a class=\"woo_post-link\" href=\"https:\/\/dirigocoating.pl\/de\/produkt\/imron-hydrobasecoat-7230\/\"><img decoding=\"async\" src=\"https:\/\/dirigocoating.pl\/wp-content\/uploads\/2025\/06\/imron-7230-150x150.png\" alt=\"\" \/>                        <\/a>                <\/div>\r\n                <div class=\"wgl_woo_button_wrapper\"><a href=\"https:\/\/dirigocoating.pl\/de\/produkt\/imron-hydrobasecoat-7230\/\" aria-describedby=\"woocommerce_loop_add_to_cart_link_describedby_12191\" data-quantity=\"1\" class=\"button product_type_simple with-border\" data-product_id=\"12191\" data-product_sku=\"\" aria-label=\"Lese mehr \u00fcber &#8222;Imron HydroBaseCoat 7230&#8220;\" rel=\"nofollow\" data-success_message=\"\">Weiterlesen<\/a>\t<span id=\"woocommerce_loop_add_to_cart_link_describedby_12191\" class=\"screen-reader-text\">\n\t\t\t<\/span>\n<\/div>            <\/div><div class=\"woo_product_content\"><h2 class=\"woocommerce-loop-product__title\"><a href=\"https:\/\/dirigocoating.pl\/de\/produkt\/imron-hydrobasecoat-7230\/\" class=\"woocommerce-LoopProduct-link woocommerce-loop-product__link\">Imron HydroBaseCoat 7230<\/a><\/h2>\n<\/div><\/div><\/div><\/div><\/div><\/section>\t\t\t\t<\/div>\n\t\t\t\t<\/div>\n\t\t\t\t\t<\/div>\n\t\t\t\t<\/div>\n\t\t<div class=\"elementor-element elementor-element-f155973 e-flex e-con-boxed e-con e-parent\" data-id=\"f155973\" data-element_type=\"container\" data-e-type=\"container\">\n\t\t\t\t\t<div class=\"e-con-inner\">\n\t\t\t\t<div class=\"elementor-element elementor-element-1c157cb elementor-widget elementor-widget-heading\" data-id=\"1c157cb\" data-element_type=\"widget\" data-e-type=\"widget\" data-widget_type=\"heading.default\">\n\t\t\t\t<div class=\"elementor-widget-container\">\n\t\t\t\t\t<h2 class=\"elementor-heading-title elementor-size-default\">Wasserverd\u00fcnnbares Lacksystem f\u00fcr den Schienenverkehr<\/h2>\t\t\t\t<\/div>\n\t\t\t\t<\/div>\n\t\t\t\t\t<\/div>\n\t\t\t\t<\/div>\n\t\t<div class=\"elementor-element elementor-element-9d5f9fd e-flex e-con-boxed e-con e-parent\" data-id=\"9d5f9fd\" data-element_type=\"container\" data-e-type=\"container\">\n\t\t\t\t\t<div class=\"e-con-inner\">\n\t\t\t\t<div class=\"elementor-element elementor-element-ddd8dad elementor-widget elementor-widget-text-editor\" data-id=\"ddd8dad\" data-element_type=\"widget\" data-e-type=\"widget\" data-widget_type=\"text-editor.default\">\n\t\t\t\t<div class=\"elementor-widget-container\">\n\t\t\t\t\t\t\t\t\t<table>\n<tbody>\n<tr>\n<td>\n<p><b>Produktart<\/b><\/p>\n<\/td>\n<td>\n<p><b>Name<\/b><\/p>\n<\/td>\n<td>\n<p><b>Eigenschaften<\/b><\/p>\n<\/td>\n<td>\n<p><b>Zulassungen<\/b><\/p>\n<\/td>\n<\/tr>\n<tr>\n<td>\n<p><span style=\"font-weight: 400;\">Epoxid-Grundierung<\/span><\/p>\n<\/td>\n<td>\n<p><a href=\"https:\/\/dirigocoating.pl\/de\/produkt\/ep300-ep300r-2k-waterbased-epoxy-primer\/\"><span style=\"font-weight: 400;\">EP300 \/ EP300R 2K<\/span><\/a><\/p>\n<p><span style=\"font-weight: 400;\">Epoxid-Grundierung auf Wasserbasis<\/span><\/p>\n<\/td>\n<td>\n<p><span style=\"font-weight: 400;\">hohe mechanische Festigkeit sehr gute Korrosionsbest\u00e4ndigkeit gute F\u00fclleigenschaften<\/span><\/p>\n<\/td>\n<td>\n<p><span style=\"font-weight: 400;\">DB Blatt 2<\/span><\/p>\n<p><span style=\"font-weight: 400;\">EN 45545-2<\/span><\/p>\n<\/td>\n<\/tr>\n<tr>\n<td>\n<p><span style=\"font-weight: 400;\">F\u00fcllende Grundierung<\/span><\/p>\n<\/td>\n<td>\n<p><a href=\"https:\/\/dirigocoating.pl\/de\/produkt\/pur300-pur300w-2k-waterbased-filler\/\"><span style=\"font-weight: 400;\">PUR300 \/ PUR300W<\/span><\/a><\/p>\n<p><span style=\"font-weight: 400;\">2K-Spachtel auf Wasserbasis<\/span><\/p>\n<\/td>\n<td>\n<p><span style=\"font-weight: 400;\">schnelle Verdunstungszeit<\/span><\/p>\n<p><span style=\"font-weight: 400;\">Kann als hochf\u00fcllende sandende Grundierung oder als nicht sandende Zwischenbeschichtung (bis 40um) verwendet werden<\/span><\/p>\n<\/td>\n<td>\n<p><span style=\"font-weight: 400;\">DB Blatt 39<\/span><\/p>\n<p><span style=\"font-weight: 400;\">EN 45545-2<\/span><\/p>\n<\/td>\n<\/tr>\n<tr>\n<td>\n<p><span style=\"font-weight: 400;\">Deckanstrich<\/span><\/p>\n<\/td>\n<td>\n<p><a href=\"https:\/\/dirigocoating.pl\/de\/produkt\/imron-hydrotopcoat-7200-2k-waterbased-topcoat-pur\/\"><span style=\"font-weight: 400;\">Imron HydoTopCoat 7200 2K<\/span><\/a><\/p>\n<p><span style=\"font-weight: 400;\">Wasserbasierter Topcoat PUR<\/span><\/p>\n<\/td>\n<td>\n<p><span style=\"font-weight: 400;\">ausgezeichnete Griffigkeit<\/span><\/p>\n<p><span style=\"font-weight: 400;\">hohe mechanische und chemische Best\u00e4ndigkeit in verschiedenen Farb- und Glanzt\u00f6nen erh\u00e4ltlich<\/span><\/p>\n<p><span style=\"font-weight: 400;\">einfache Anwendung<\/span><\/p>\n<p><span style=\"font-weight: 400;\">hervorragende Anti-Graffiti-Wirkung hohe Haltbarkeit<\/span><\/p>\n<\/td>\n<td>\n<p><span style=\"font-weight: 400;\">DB Blatt 39<\/span><\/p>\n<p><span style=\"font-weight: 400;\">EN 45545-2<\/span><\/p>\n<\/td>\n<\/tr>\n<tr>\n<td>\n<p><span style=\"font-weight: 400;\">Grundierung<\/span><\/p>\n<\/td>\n<td>\n<p><a href=\"https:\/\/dirigocoating.pl\/de\/produkt\/imron-hydrobasecoat-8200\/\"><span style=\"font-weight: 400;\">Imron HydroBaseCoat 8200<\/span><\/a><\/p>\n<\/td>\n<td>\n<p><span style=\"font-weight: 400;\">bildet einen Unterfilm<\/span><\/p>\n<p><span style=\"font-weight: 400;\">schnell trocknende, zeitsparende Applikation mehrerer Farben<\/span><\/p>\n<p><span style=\"font-weight: 400;\">Auftrag in 1,5 Schichten, sehr gute Deckkraft geringer Materialverbrauch<\/span><\/p>\n<p><span style=\"font-weight: 400;\">breite Palette an Unifarben und Effekten<\/span><\/p>\n<\/td>\n<td>\n<p><span style=\"font-weight: 400;\">EN 45545-2<\/span><\/p>\n<\/td>\n<\/tr>\n<tr>\n<td> <\/td>\n<td>\n<p><a href=\"https:\/\/dirigocoating.pl\/de\/produkt\/imron-hydrobasecoat-7230\/\"><span style=\"font-weight: 400;\">Imron HydroBaseCoat 7230<\/span><\/a><\/p>\n<\/td>\n<td>\n<p><span style=\"font-weight: 400;\">Dichter Film, hervorragende Haftung und F\u00fclleigenschaften<\/span><\/p>\n<p><span style=\"font-weight: 400;\">hohe mechanische und chemische Best\u00e4ndigkeit in verschiedenen Farben und Glanzgraden erh\u00e4ltlich<\/span><\/p>\n<p><span style=\"font-weight: 400;\">einfache Anwendung<\/span><\/p>\n<\/td>\n<td>\n<p><span style=\"font-weight: 400;\">DB Blatt 39<\/span><\/p>\n<p><span style=\"font-weight: 400;\">EN 45545-2<\/span><\/p>\n<\/td>\n<\/tr>\n<tr>\n<td>\n<p><span style=\"font-weight: 400;\">Klarlack<\/span><\/p>\n<\/td>\n<td>\n<p><span style=\"font-weight: 400;\"><a href=\"https:\/\/dirigocoating.pl\/de\/produkt\/imron-hydro-clearcoat-hc300-2k-waterbased-clearcoat\/\">Imron Hydro Clearcoat HC300 2K-Klarlack<\/a> auf Wasserbasis<\/span><\/p>\n<\/td>\n<td>\n<p><span style=\"font-weight: 400;\">Anti-Graffiti-Eigenschaften einfache Anwendung<\/span><\/p>\n<p><span style=\"font-weight: 400;\">schnelle Abbindezeit chemische Best\u00e4ndigkeit<\/span><\/p>\n<p><span style=\"font-weight: 400;\">bietet verschiedene Glanzgrade<\/span><\/p>\n<\/td>\n<td>\n<p><span style=\"font-weight: 400;\">DB Blatt 39<\/span><\/p>\n<p><span style=\"font-weight: 400;\">EN 45545-2<\/span><\/p>\n<\/td>\n<\/tr>\n<tr>\n<td>\n<p><span style=\"font-weight: 400;\">1K-Monocoat<\/span><\/p>\n<\/td>\n<td>\n<p><a href=\"https:\/\/dirigocoating.pl\/de\/produkt\/imron-hydrocoat-7900-1k-waterbased\/\"><span style=\"font-weight: 400;\">Imron Hydrocoat 7900 1K<\/span><\/a><\/p>\n<p><span style=\"font-weight: 400;\">Auf Wasserbasis<\/span><\/p>\n<\/td>\n<td>\n<p><span style=\"font-weight: 400;\">Einschichtiger Auftrag ausgezeichneter Korrosionsschutz ausgezeichnete mechanische Best\u00e4ndigkeit<\/span><\/p>\n<\/td>\n<td>\n<p><span style=\"font-weight: 400;\">EN 45545-2<\/span><\/p>\n<\/td>\n<\/tr>\n<tr>\n<td>\n<p><span style=\"font-weight: 400;\">Flexible Epoxid-Deckbeschichtung<\/span><\/p>\n<\/td>\n<td>\n<p><a href=\"https:\/\/dirigocoating.pl\/de\/produkt\/ep-highbuild-topcoat-wb-elastified\/\"><span style=\"font-weight: 400;\">EP Highbuild Topcoat WB Elastifiziert<\/span><\/a><\/p>\n<\/td>\n<td>\n<p><span style=\"font-weight: 400;\">hohe Korrosionsbest\u00e4ndigkeit<\/span><\/p>\n<p><span style=\"font-weight: 400;\">flexible Beschichtung f\u00fcr hervorragenden Aufprallschutz<\/span><\/p>\n<p><span style=\"font-weight: 400;\">zahlreiche Farbvarianten<\/span><\/p>\n<\/td>\n<td>\n<p><span style=\"font-weight: 400;\">DB Blatt 42<\/span><\/p>\n<p><span style=\"font-weight: 400;\">EN 45545-2<\/span><\/p>\n<\/td>\n<\/tr>\n<tr>\n<td>\n<p><span style=\"font-weight: 400;\">Strukturelle Lacke<\/span><\/p>\n<\/td>\n<td>\n<p><a href=\"https:\/\/dirigocoating.pl\/de\/produkt\/imron-hydrotopcoat-7220-7221-7222\/\"><span style=\"font-weight: 400;\">Imron HydroTopCoat 7220, 7221, 7222<\/span><\/a><\/p>\n<\/td>\n<td>\n<p><span style=\"font-weight: 400;\">einfache Anpassung an die gew\u00fcnschte Struktur Wiederholbarkeit und einfache Anwendung verschiedene Farbvarianten<\/span><\/p>\n<\/td>\n<td>\n<p><span style=\"font-weight: 400;\">DB Blatt 39<\/span><\/p>\n<p><span style=\"font-weight: 400;\">EN 45545-2<\/span><\/p>\n<\/td>\n<\/tr>\n<\/tbody>\n<\/table>\t\t\t\t\t\t\t\t<\/div>\n\t\t\t\t<\/div>\n\t\t\t\t\t<\/div>\n\t\t\t\t<\/div>\n\t\t\t\t<\/div>\n\t\t","protected":false},"excerpt":{"rendered":"<p>Wasserverd\u00fcnnbare Lacke f\u00fcr anspruchsvolle Anwendungen. Unser Angebot an wasserverd\u00fcnnbaren Lacken wurde f\u00fcr die modernen Anforderungen der Branchen entwickelt: Schienenverkehr, Nutzfahrzeuge, Yachtbau, OEM und Industrie. Diese Produkte vereinen hohe Beschichtungsbest\u00e4ndigkeit mit Umweltschutz \u2013 sie reduzieren die VOC-Emissionen und gew\u00e4hrleisten gleichzeitig exzellente technische und \u00e4sthetische Eigenschaften. Eine L\u00f6sung f\u00fcr alle, die keinen Kompromiss zwischen Qualit\u00e4t und \u00d6kologie [&hellip;]<\/p>\n","protected":false},"author":1,"featured_media":0,"parent":0,"menu_order":0,"comment_status":"closed","ping_status":"closed","template":"","meta":{"footnotes":""},"class_list":["post-11185","page","type-page","status-publish","hentry"],"_links":{"self":[{"href":"https:\/\/dirigocoating.pl\/de\/wp-json\/wp\/v2\/pages\/11185"}],"collection":[{"href":"https:\/\/dirigocoating.pl\/de\/wp-json\/wp\/v2\/pages"}],"about":[{"href":"https:\/\/dirigocoating.pl\/de\/wp-json\/wp\/v2\/types\/page"}],"author":[{"embeddable":true,"href":"https:\/\/dirigocoating.pl\/de\/wp-json\/wp\/v2\/users\/1"}],"replies":[{"embeddable":true,"href":"https:\/\/dirigocoating.pl\/de\/wp-json\/wp\/v2\/comments?post=11185"}],"version-history":[{"count":21,"href":"https:\/\/dirigocoating.pl\/de\/wp-json\/wp\/v2\/pages\/11185\/revisions"}],"predecessor-version":[{"id":12592,"href":"https:\/\/dirigocoating.pl\/de\/wp-json\/wp\/v2\/pages\/11185\/revisions\/12592"}],"wp:attachment":[{"href":"https:\/\/dirigocoating.pl\/de\/wp-json\/wp\/v2\/media?parent=11185"}],"curies":[{"name":"wp","href":"https:\/\/api.w.org\/{rel}","templated":true}]}}