{"id":11587,"date":"2025-07-24T10:34:31","date_gmt":"2025-07-24T10:34:31","guid":{"rendered":"https:\/\/dirigocoating.pl\/reinigungsmittel\/"},"modified":"2025-08-19T11:15:31","modified_gmt":"2025-08-19T11:15:31","slug":"reinigungsmittel","status":"publish","type":"page","link":"https:\/\/dirigocoating.pl\/de\/reinigungsmittel\/","title":{"rendered":"Reinigungsmittel"},"content":{"rendered":"\t\t<div data-elementor-type=\"wp-page\" data-elementor-id=\"11587\" class=\"elementor elementor-11587 elementor-7879\">\n\t\t\t\t<div class=\"elementor-element elementor-element-bef7abf e-flex e-con-boxed e-con e-parent\" data-id=\"bef7abf\" data-element_type=\"container\" data-e-type=\"container\">\n\t\t\t\t\t<div class=\"e-con-inner\">\n\t\t\t\t<div class=\"elementor-element elementor-element-1ce207f columns-3 columns-tablet-2 columns-mobile-1 elementor-widget elementor-widget-wgl-products-grid\" data-id=\"1ce207f\" data-element_type=\"widget\" data-e-type=\"widget\" data-widget_type=\"wgl-products-grid.default\">\n\t\t\t\t<div class=\"elementor-widget-container\">\n\t\t\t\t\t<section class=\"wgl_cpt_section wgl-products-grid woocommerce\"><div class=\"wgl-woocommerce-sorting\"><\/div><div class=\"wgl-products-catalog wgl-products-wrapper\"><div class=\"wgl-products container-grid fit_rows\"><div class=\"item product type-product post-11222 status-publish first instock product_cat-reinigungsmittel has-post-thumbnail shipping-taxable product-type-simple\"><div class=\"woo_product_inner_wrapper\">            <div class=\"woo_product_image shop_media\">\r\n                <div class=\"picture no_effects\">                        <a class=\"woo_post-link\" href=\"https:\/\/dirigocoating.pl\/de\/produkt\/percotop-cs410-spezialreiniger\/\"><img decoding=\"async\" src=\"https:\/\/dirigocoating.pl\/wp-content\/uploads\/2025\/07\/KPM-1-26254-89793-15423_mid_480_0_300_RGB-150x150.jpg\" alt=\"\" \/>                        <\/a>                <\/div>\r\n                <div class=\"wgl_woo_button_wrapper\"><a href=\"https:\/\/dirigocoating.pl\/de\/produkt\/percotop-cs410-spezialreiniger\/\" aria-describedby=\"woocommerce_loop_add_to_cart_link_describedby_11222\" data-quantity=\"1\" class=\"button product_type_simple with-border\" data-product_id=\"11222\" data-product_sku=\"\" aria-label=\"Lese mehr \u00fcber &#8222;PercoTop CS410 Special Cleaner&#8220;\" rel=\"nofollow\" data-success_message=\"\">Weiterlesen<\/a>\t<span id=\"woocommerce_loop_add_to_cart_link_describedby_11222\" class=\"screen-reader-text\">\n\t\t\t<\/span>\n<\/div>            <\/div><div class=\"woo_product_content\"><h2 class=\"woocommerce-loop-product__title\"><a href=\"https:\/\/dirigocoating.pl\/de\/produkt\/percotop-cs410-spezialreiniger\/\" class=\"woocommerce-LoopProduct-link woocommerce-loop-product__link\">PercoTop CS410 Special Cleaner<\/a><\/h2>\n<\/div><\/div><\/div><div class=\"item product type-product post-11229 status-publish instock product_cat-reinigungsmittel has-post-thumbnail shipping-taxable product-type-simple\"><div class=\"woo_product_inner_wrapper\">            <div class=\"woo_product_image shop_media\">\r\n                <div class=\"picture no_effects\">                        <a class=\"woo_post-link\" href=\"https:\/\/dirigocoating.pl\/de\/produkt\/percotop-cs440-silikonentferner\/\"><img decoding=\"async\" src=\"https:\/\/dirigocoating.pl\/wp-content\/uploads\/2025\/07\/KPM-1-13347-39542-3627_mid-150x150.jpg\" alt=\"\" \/>                        <\/a>                <\/div>\r\n                <div class=\"wgl_woo_button_wrapper\"><a href=\"https:\/\/dirigocoating.pl\/de\/produkt\/percotop-cs440-silikonentferner\/\" aria-describedby=\"woocommerce_loop_add_to_cart_link_describedby_11229\" data-quantity=\"1\" class=\"button product_type_simple with-border\" data-product_id=\"11229\" data-product_sku=\"\" aria-label=\"Lese mehr \u00fcber &#8222;PercoTop CS440 Silicone Remover&#8220;\" rel=\"nofollow\" data-success_message=\"\">Weiterlesen<\/a>\t<span id=\"woocommerce_loop_add_to_cart_link_describedby_11229\" class=\"screen-reader-text\">\n\t\t\t<\/span>\n<\/div>            <\/div><div class=\"woo_product_content\"><h2 class=\"woocommerce-loop-product__title\"><a href=\"https:\/\/dirigocoating.pl\/de\/produkt\/percotop-cs440-silikonentferner\/\" class=\"woocommerce-LoopProduct-link woocommerce-loop-product__link\">PercoTop CS440 Silicone Remover<\/a><\/h2>\n<\/div><\/div><\/div><div class=\"item product type-product post-11217 status-publish instock product_cat-reinigungsmittel has-post-thumbnail shipping-taxable product-type-simple\"><div class=\"woo_product_inner_wrapper\">            <div class=\"woo_product_image shop_media\">\r\n                <div class=\"picture no_effects\">                        <a class=\"woo_post-link\" href=\"https:\/\/dirigocoating.pl\/de\/produkt\/percotop-cs400-mehrzweckreiniger\/\"><img decoding=\"async\" src=\"https:\/\/dirigocoating.pl\/wp-content\/uploads\/2025\/07\/KPM-1-26255-89803-15427_mid_480_0_300_RGB-150x150.jpg\" alt=\"\" \/>                        <\/a>                <\/div>\r\n                <div class=\"wgl_woo_button_wrapper\"><a href=\"https:\/\/dirigocoating.pl\/de\/produkt\/percotop-cs400-mehrzweckreiniger\/\" aria-describedby=\"woocommerce_loop_add_to_cart_link_describedby_11217\" data-quantity=\"1\" class=\"button product_type_simple with-border\" data-product_id=\"11217\" data-product_sku=\"\" aria-label=\"Lese mehr \u00fcber &#8222;PercoTop CS400 Multicleaner&#8220;\" rel=\"nofollow\" data-success_message=\"\">Weiterlesen<\/a>\t<span id=\"woocommerce_loop_add_to_cart_link_describedby_11217\" class=\"screen-reader-text\">\n\t\t\t<\/span>\n<\/div>            <\/div><div class=\"woo_product_content\"><h2 class=\"woocommerce-loop-product__title\"><a href=\"https:\/\/dirigocoating.pl\/de\/produkt\/percotop-cs400-mehrzweckreiniger\/\" class=\"woocommerce-LoopProduct-link woocommerce-loop-product__link\">PercoTop CS400 Multicleaner<\/a><\/h2>\n<\/div><\/div><\/div><div class=\"item product type-product post-12181 status-publish last instock product_cat-marine-de product_cat-reinigungsmittel product_tag-hilfsprodukte-de has-post-thumbnail shipping-taxable product-type-simple\"><div class=\"woo_product_inner_wrapper\">            <div class=\"woo_product_image shop_media\">\r\n                <div class=\"picture no_effects\">                        <a class=\"woo_post-link\" href=\"https:\/\/dirigocoating.pl\/de\/produkt\/th39-water-based-degreaser\/\"><img decoding=\"async\" src=\"https:\/\/dirigocoating.pl\/wp-content\/uploads\/2025\/06\/1250085403-300x300-1-150x150.jpg\" alt=\"\" \/>                        <\/a>                <\/div>\r\n                <div class=\"wgl_woo_button_wrapper\"><a href=\"https:\/\/dirigocoating.pl\/de\/produkt\/th39-water-based-degreaser\/\" aria-describedby=\"woocommerce_loop_add_to_cart_link_describedby_12181\" data-quantity=\"1\" class=\"button product_type_simple with-border\" data-product_id=\"12181\" data-product_sku=\"\" aria-label=\"Lese mehr \u00fcber &#8222;TH39 Water based degreaser&#8220;\" rel=\"nofollow\" data-success_message=\"\">Weiterlesen<\/a>\t<span id=\"woocommerce_loop_add_to_cart_link_describedby_12181\" class=\"screen-reader-text\">\n\t\t\t<\/span>\n<\/div>            <\/div><div class=\"woo_product_content\"><h2 class=\"woocommerce-loop-product__title\"><a href=\"https:\/\/dirigocoating.pl\/de\/produkt\/th39-water-based-degreaser\/\" class=\"woocommerce-LoopProduct-link woocommerce-loop-product__link\">TH39 Water based degreaser<\/a><\/h2>\n<\/div><\/div><\/div><div class=\"item product type-product post-12180 status-publish first instock product_cat-marine-de product_cat-reinigungsmittel product_tag-hilfsprodukte-de has-post-thumbnail shipping-taxable product-type-simple\"><div class=\"woo_product_inner_wrapper\">            <div class=\"woo_product_image shop_media\">\r\n                <div class=\"picture no_effects\">                        <a class=\"woo_post-link\" href=\"https:\/\/dirigocoating.pl\/de\/produkt\/th80-ep-thinner\/\"><img decoding=\"async\" src=\"https:\/\/dirigocoating.pl\/wp-content\/uploads\/2025\/06\/1250057735-300x300-1-150x150.jpg\" alt=\"\" \/>                        <\/a>                <\/div>\r\n                <div class=\"wgl_woo_button_wrapper\"><a href=\"https:\/\/dirigocoating.pl\/de\/produkt\/th80-ep-thinner\/\" aria-describedby=\"woocommerce_loop_add_to_cart_link_describedby_12180\" data-quantity=\"1\" class=\"button product_type_simple with-border\" data-product_id=\"12180\" data-product_sku=\"\" aria-label=\"Lese mehr \u00fcber &#8222;TH80 EP Thinner&#8220;\" rel=\"nofollow\" data-success_message=\"\">Weiterlesen<\/a>\t<span id=\"woocommerce_loop_add_to_cart_link_describedby_12180\" class=\"screen-reader-text\">\n\t\t\t<\/span>\n<\/div>            <\/div><div class=\"woo_product_content\"><h2 class=\"woocommerce-loop-product__title\"><a href=\"https:\/\/dirigocoating.pl\/de\/produkt\/th80-ep-thinner\/\" class=\"woocommerce-LoopProduct-link woocommerce-loop-product__link\">TH80 EP Thinner<\/a><\/h2>\n<\/div><\/div><\/div><div class=\"item product type-product post-12179 status-publish instock product_cat-marine-de product_cat-reinigungsmittel product_tag-hilfsprodukte-de has-post-thumbnail shipping-taxable product-type-simple\"><div class=\"woo_product_inner_wrapper\">            <div class=\"woo_product_image shop_media\">\r\n                <div class=\"picture no_effects\">                        <a class=\"woo_post-link\" href=\"https:\/\/dirigocoating.pl\/de\/produkt\/3919s-prepsol\/\"><img decoding=\"async\" src=\"https:\/\/dirigocoating.pl\/wp-content\/uploads\/2025\/06\/1250003172-300x300-1-150x150.jpg\" alt=\"\" \/>                        <\/a>                <\/div>\r\n                <div class=\"wgl_woo_button_wrapper\"><a href=\"https:\/\/dirigocoating.pl\/de\/produkt\/3919s-prepsol\/\" aria-describedby=\"woocommerce_loop_add_to_cart_link_describedby_12179\" data-quantity=\"1\" class=\"button product_type_simple with-border\" data-product_id=\"12179\" data-product_sku=\"\" aria-label=\"Lese mehr \u00fcber &#8222;3919S Prepsol&#8220;\" rel=\"nofollow\" data-success_message=\"\">Weiterlesen<\/a>\t<span id=\"woocommerce_loop_add_to_cart_link_describedby_12179\" class=\"screen-reader-text\">\n\t\t\t<\/span>\n<\/div>            <\/div><div class=\"woo_product_content\"><h2 class=\"woocommerce-loop-product__title\"><a href=\"https:\/\/dirigocoating.pl\/de\/produkt\/3919s-prepsol\/\" class=\"woocommerce-LoopProduct-link woocommerce-loop-product__link\">3919S Prepsol<\/a><\/h2>\n<\/div><\/div><\/div><\/div><\/div><\/section>\t\t\t\t<\/div>\n\t\t\t\t<\/div>\n\t\t\t\t\t<\/div>\n\t\t\t\t<\/div>\n\t\t\t\t<\/div>\n\t\t","protected":false},"excerpt":{"rendered":"<p>Dowiedz si\u0119 wi\u0119cej PercoTop CS410 Special Cleaner Dowiedz si\u0119 wi\u0119cej PercoTop CS440 Silicone Remover Dowiedz si\u0119 wi\u0119cej PercoTop CS400 Multicleaner Dowiedz si\u0119 wi\u0119cej TH39 Odt\u0142uszczacz na bazie wody Dowiedz si\u0119 wi\u0119cej Rozcie\u0144czalnik EP TH80 Dowiedz si\u0119 wi\u0119cej 3919S Prepsol<\/p>\n","protected":false},"author":1,"featured_media":0,"parent":0,"menu_order":0,"comment_status":"closed","ping_status":"closed","template":"","meta":{"footnotes":""},"class_list":["post-11587","page","type-page","status-publish","hentry"],"_links":{"self":[{"href":"https:\/\/dirigocoating.pl\/de\/wp-json\/wp\/v2\/pages\/11587"}],"collection":[{"href":"https:\/\/dirigocoating.pl\/de\/wp-json\/wp\/v2\/pages"}],"about":[{"href":"https:\/\/dirigocoating.pl\/de\/wp-json\/wp\/v2\/types\/page"}],"author":[{"embeddable":true,"href":"https:\/\/dirigocoating.pl\/de\/wp-json\/wp\/v2\/users\/1"}],"replies":[{"embeddable":true,"href":"https:\/\/dirigocoating.pl\/de\/wp-json\/wp\/v2\/comments?post=11587"}],"version-history":[{"count":5,"href":"https:\/\/dirigocoating.pl\/de\/wp-json\/wp\/v2\/pages\/11587\/revisions"}],"predecessor-version":[{"id":12093,"href":"https:\/\/dirigocoating.pl\/de\/wp-json\/wp\/v2\/pages\/11587\/revisions\/12093"}],"wp:attachment":[{"href":"https:\/\/dirigocoating.pl\/de\/wp-json\/wp\/v2\/media?parent=11587"}],"curies":[{"name":"wp","href":"https:\/\/api.w.org\/{rel}","templated":true}]}}