{"id":12070,"date":"2025-07-24T10:30:23","date_gmt":"2025-07-24T10:30:23","guid":{"rendered":"https:\/\/dirigocoating.pl\/zusatze\/"},"modified":"2025-08-19T11:14:39","modified_gmt":"2025-08-19T11:14:39","slug":"zusatze","status":"publish","type":"page","link":"https:\/\/dirigocoating.pl\/de\/zusatze\/","title":{"rendered":"Zus\u00e4tze"},"content":{"rendered":"\t\t<div data-elementor-type=\"wp-page\" data-elementor-id=\"12070\" class=\"elementor elementor-12070 elementor-7871\">\n\t\t\t\t<div class=\"elementor-element elementor-element-4ec8520 e-flex e-con-boxed e-con e-parent\" data-id=\"4ec8520\" data-element_type=\"container\" data-e-type=\"container\">\n\t\t\t\t\t<div class=\"e-con-inner\">\n\t\t\t\t<div class=\"elementor-element elementor-element-cc659a1 columns-4 columns-tablet-2 columns-mobile-1 elementor-widget elementor-widget-wgl-products-grid\" data-id=\"cc659a1\" data-element_type=\"widget\" data-e-type=\"widget\" data-widget_type=\"wgl-products-grid.default\">\n\t\t\t\t<div class=\"elementor-widget-container\">\n\t\t\t\t\t<section class=\"wgl_cpt_section wgl-products-grid woocommerce\"><div class=\"wgl-woocommerce-sorting\"><\/div><div class=\"wgl-products-catalog wgl-products-wrapper\"><div class=\"wgl-products container-grid fit_rows\"><div class=\"item product type-product post-11324 status-publish first instock product_cat-zusatzstoffe-de product_tag-glanz has-post-thumbnail shipping-taxable product-type-simple\"><div class=\"woo_product_inner_wrapper\">            <div class=\"woo_product_image shop_media\">\r\n                <div class=\"picture no_effects\">                        <a class=\"woo_post-link\" href=\"https:\/\/dirigocoating.pl\/de\/produkt\/percotop-cs209\/\"><img decoding=\"async\" src=\"https:\/\/dirigocoating.pl\/wp-content\/uploads\/2025\/07\/cs209-150x150.png\" alt=\"\" \/>                        <\/a>                <\/div>\r\n                <div class=\"wgl_woo_button_wrapper\"><a href=\"https:\/\/dirigocoating.pl\/de\/produkt\/percotop-cs209\/\" aria-describedby=\"woocommerce_loop_add_to_cart_link_describedby_11324\" data-quantity=\"1\" class=\"button product_type_simple with-border\" data-product_id=\"11324\" data-product_sku=\"\" aria-label=\"Lese mehr \u00fcber &#8222;PercoTop CS209 Gloss Agent 2K&#8220;\" rel=\"nofollow\" data-success_message=\"\">Weiterlesen<\/a>\t<span id=\"woocommerce_loop_add_to_cart_link_describedby_11324\" class=\"screen-reader-text\">\n\t\t\t<\/span>\n<\/div>            <\/div><div class=\"woo_product_content\"><h2 class=\"woocommerce-loop-product__title\"><a href=\"https:\/\/dirigocoating.pl\/de\/produkt\/percotop-cs209\/\" class=\"woocommerce-LoopProduct-link woocommerce-loop-product__link\">PercoTop CS209 Gloss Agent 2K<\/a><\/h2>\n<\/div><\/div><\/div><div class=\"item product type-product post-11277 status-publish instock product_cat-zusatzstoffe-de has-post-thumbnail shipping-taxable product-type-simple\"><div class=\"woo_product_inner_wrapper\">            <div class=\"woo_product_image shop_media\">\r\n                <div class=\"picture no_effects\">                        <a class=\"woo_post-link\" href=\"https:\/\/dirigocoating.pl\/de\/produkt\/percotop-cs230-zusatzmittel-fuer-hohe-backtemperaturen\/\"><img decoding=\"async\" src=\"https:\/\/dirigocoating.pl\/wp-content\/uploads\/2025\/07\/cs230-1-150x150.png\" alt=\"\" \/>                        <\/a>                <\/div>\r\n                <div class=\"wgl_woo_button_wrapper\"><a href=\"https:\/\/dirigocoating.pl\/de\/produkt\/percotop-cs230-zusatzmittel-fuer-hohe-backtemperaturen\/\" aria-describedby=\"woocommerce_loop_add_to_cart_link_describedby_11277\" data-quantity=\"1\" class=\"button product_type_simple with-border\" data-product_id=\"11277\" data-product_sku=\"\" aria-label=\"Lese mehr \u00fcber &#8222;PercoTop CS230&#8220;\" rel=\"nofollow\" data-success_message=\"\">Weiterlesen<\/a>\t<span id=\"woocommerce_loop_add_to_cart_link_describedby_11277\" class=\"screen-reader-text\">\n\t\t\t<\/span>\n<\/div>            <\/div><div class=\"woo_product_content\"><h2 class=\"woocommerce-loop-product__title\"><a href=\"https:\/\/dirigocoating.pl\/de\/produkt\/percotop-cs230-zusatzmittel-fuer-hohe-backtemperaturen\/\" class=\"woocommerce-LoopProduct-link woocommerce-loop-product__link\">PercoTop CS230<\/a><\/h2>\n<\/div><\/div><\/div><div class=\"item product type-product post-11262 status-publish instock product_cat-zusatzstoffe-de has-post-thumbnail shipping-taxable product-type-simple\"><div class=\"woo_product_inner_wrapper\">            <div class=\"woo_product_image shop_media\">\r\n                <div class=\"picture no_effects\">                        <a class=\"woo_post-link\" href=\"https:\/\/dirigocoating.pl\/de\/produkt\/percotop-texturzusaetze\/\"><img decoding=\"async\" src=\"https:\/\/dirigocoating.pl\/wp-content\/uploads\/2025\/07\/cs220-1-150x150.png\" alt=\"\" \/>                        <\/a>                <\/div>\r\n                <div class=\"wgl_woo_button_wrapper\"><a href=\"https:\/\/dirigocoating.pl\/de\/produkt\/percotop-texturzusaetze\/\" aria-describedby=\"woocommerce_loop_add_to_cart_link_describedby_11262\" data-quantity=\"1\" class=\"button product_type_simple with-border\" data-product_id=\"11262\" data-product_sku=\"\" aria-label=\"Lese mehr \u00fcber &#8222;PercoTop-CS220&#8220;\" rel=\"nofollow\" data-success_message=\"\">Weiterlesen<\/a>\t<span id=\"woocommerce_loop_add_to_cart_link_describedby_11262\" class=\"screen-reader-text\">\n\t\t\t<\/span>\n<\/div>            <\/div><div class=\"woo_product_content\"><h2 class=\"woocommerce-loop-product__title\"><a href=\"https:\/\/dirigocoating.pl\/de\/produkt\/percotop-texturzusaetze\/\" class=\"woocommerce-LoopProduct-link woocommerce-loop-product__link\">PercoTop-CS220<\/a><\/h2>\n<\/div><\/div><\/div><div class=\"item product type-product post-11273 status-publish last instock product_cat-zusatzstoffe-de has-post-thumbnail shipping-taxable product-type-simple\"><div class=\"woo_product_inner_wrapper\">            <div class=\"woo_product_image shop_media\">\r\n                <div class=\"picture no_effects\">                        <a class=\"woo_post-link\" href=\"https:\/\/dirigocoating.pl\/de\/produkt\/percotop-cs215-trocknungsbeschleuniger\/\"><img decoding=\"async\" src=\"https:\/\/dirigocoating.pl\/wp-content\/uploads\/2025\/07\/KPM-1-13343-39543-3626_mid-150x150.jpg\" alt=\"\" \/>                        <\/a>                <\/div>\r\n                <div class=\"wgl_woo_button_wrapper\"><a href=\"https:\/\/dirigocoating.pl\/de\/produkt\/percotop-cs215-trocknungsbeschleuniger\/\" aria-describedby=\"woocommerce_loop_add_to_cart_link_describedby_11273\" data-quantity=\"1\" class=\"button product_type_simple with-border\" data-product_id=\"11273\" data-product_sku=\"\" aria-label=\"Lese mehr \u00fcber &#8222;PercoTop CS215&#8220;\" rel=\"nofollow\" data-success_message=\"\">Weiterlesen<\/a>\t<span id=\"woocommerce_loop_add_to_cart_link_describedby_11273\" class=\"screen-reader-text\">\n\t\t\t<\/span>\n<\/div>            <\/div><div class=\"woo_product_content\"><h2 class=\"woocommerce-loop-product__title\"><a href=\"https:\/\/dirigocoating.pl\/de\/produkt\/percotop-cs215-trocknungsbeschleuniger\/\" class=\"woocommerce-LoopProduct-link woocommerce-loop-product__link\">PercoTop CS215<\/a><\/h2>\n<\/div><\/div><\/div><div class=\"item product type-product post-11258 status-publish first instock product_cat-zusatzstoffe-de has-post-thumbnail shipping-taxable product-type-simple\"><div class=\"woo_product_inner_wrapper\">            <div class=\"woo_product_image shop_media\">\r\n                <div class=\"picture no_effects\">                        <a class=\"woo_post-link\" href=\"https:\/\/dirigocoating.pl\/de\/produkt\/percotop-cs214-multitoning-zusatzstoff\/\"><img decoding=\"async\" src=\"https:\/\/dirigocoating.pl\/wp-content\/uploads\/2025\/07\/CS214_1-L_mid-150x150.jpg\" alt=\"\" \/>                        <\/a>                <\/div>\r\n                <div class=\"wgl_woo_button_wrapper\"><a href=\"https:\/\/dirigocoating.pl\/de\/produkt\/percotop-cs214-multitoning-zusatzstoff\/\" aria-describedby=\"woocommerce_loop_add_to_cart_link_describedby_11258\" data-quantity=\"1\" class=\"button product_type_simple with-border\" data-product_id=\"11258\" data-product_sku=\"\" aria-label=\"Lese mehr \u00fcber &#8222;PercoTop CS214&#8220;\" rel=\"nofollow\" data-success_message=\"\">Weiterlesen<\/a>\t<span id=\"woocommerce_loop_add_to_cart_link_describedby_11258\" class=\"screen-reader-text\">\n\t\t\t<\/span>\n<\/div>            <\/div><div class=\"woo_product_content\"><h2 class=\"woocommerce-loop-product__title\"><a href=\"https:\/\/dirigocoating.pl\/de\/produkt\/percotop-cs214-multitoning-zusatzstoff\/\" class=\"woocommerce-LoopProduct-link woocommerce-loop-product__link\">PercoTop CS214<\/a><\/h2>\n<\/div><\/div><\/div><div class=\"item product type-product post-11245 status-publish instock product_cat-zusatzstoffe-de has-post-thumbnail shipping-taxable product-type-simple\"><div class=\"woo_product_inner_wrapper\">            <div class=\"woo_product_image shop_media\">\r\n                <div class=\"picture no_effects\">                        <a class=\"woo_post-link\" href=\"https:\/\/dirigocoating.pl\/de\/produkt\/percotop-cs213-anti-silikon-additiv\/\"><img decoding=\"async\" src=\"https:\/\/dirigocoating.pl\/wp-content\/uploads\/2025\/07\/CS213_1-L_mid-150x150.jpg\" alt=\"\" \/>                        <\/a>                <\/div>\r\n                <div class=\"wgl_woo_button_wrapper\"><a href=\"https:\/\/dirigocoating.pl\/de\/produkt\/percotop-cs213-anti-silikon-additiv\/\" aria-describedby=\"woocommerce_loop_add_to_cart_link_describedby_11245\" data-quantity=\"1\" class=\"button product_type_simple with-border\" data-product_id=\"11245\" data-product_sku=\"\" aria-label=\"Lese mehr \u00fcber &#8222;PercoTop CS213 Anti-Silikon-Additiv&#8220;\" rel=\"nofollow\" data-success_message=\"\">Weiterlesen<\/a>\t<span id=\"woocommerce_loop_add_to_cart_link_describedby_11245\" class=\"screen-reader-text\">\n\t\t\t<\/span>\n<\/div>            <\/div><div class=\"woo_product_content\"><h2 class=\"woocommerce-loop-product__title\"><a href=\"https:\/\/dirigocoating.pl\/de\/produkt\/percotop-cs213-anti-silikon-additiv\/\" class=\"woocommerce-LoopProduct-link woocommerce-loop-product__link\">PercoTop CS213 Anti-Silikon-Additiv<\/a><\/h2>\n<\/div><\/div><\/div><div class=\"item product type-product post-11233 status-publish instock product_cat-zusatzstoffe-de has-post-thumbnail shipping-taxable product-type-simple\"><div class=\"woo_product_inner_wrapper\">            <div class=\"woo_product_image shop_media\">\r\n                <div class=\"picture no_effects\">                        <a class=\"woo_post-link\" href=\"https:\/\/dirigocoating.pl\/de\/produkt\/percotop-cs212-sikkativ-376\/\"><img decoding=\"async\" src=\"https:\/\/dirigocoating.pl\/wp-content\/uploads\/2025\/07\/KPM-1-35167-125855-24886_mid_480_0_300_RGB-150x150.jpg\" alt=\"\" \/>                        <\/a>                <\/div>\r\n                <div class=\"wgl_woo_button_wrapper\"><a href=\"https:\/\/dirigocoating.pl\/de\/produkt\/percotop-cs212-sikkativ-376\/\" aria-describedby=\"woocommerce_loop_add_to_cart_link_describedby_11233\" data-quantity=\"1\" class=\"button product_type_simple with-border\" data-product_id=\"11233\" data-product_sku=\"\" aria-label=\"Lese mehr \u00fcber &#8222;PercoTop CS212 Sikkativ 376&#8220;\" rel=\"nofollow\" data-success_message=\"\">Weiterlesen<\/a>\t<span id=\"woocommerce_loop_add_to_cart_link_describedby_11233\" class=\"screen-reader-text\">\n\t\t\t<\/span>\n<\/div>            <\/div><div class=\"woo_product_content\"><h2 class=\"woocommerce-loop-product__title\"><a href=\"https:\/\/dirigocoating.pl\/de\/produkt\/percotop-cs212-sikkativ-376\/\" class=\"woocommerce-LoopProduct-link woocommerce-loop-product__link\">PercoTop CS212 Sikkativ 376<\/a><\/h2>\n<\/div><\/div><\/div><div class=\"item product type-product post-11246 status-publish last instock product_cat-zusatzstoffe-de has-post-thumbnail shipping-taxable product-type-simple\"><div class=\"woo_product_inner_wrapper\">            <div class=\"woo_product_image shop_media\">\r\n                <div class=\"picture no_effects\">                        <a class=\"woo_post-link\" href=\"https:\/\/dirigocoating.pl\/de\/produkt\/percotop-cs211-brush-n-roll-additiv\/\"><img decoding=\"async\" src=\"https:\/\/dirigocoating.pl\/wp-content\/uploads\/2025\/07\/CS211_1-L_mid-150x150.jpg\" alt=\"\" \/>                        <\/a>                <\/div>\r\n                <div class=\"wgl_woo_button_wrapper\"><a href=\"https:\/\/dirigocoating.pl\/de\/produkt\/percotop-cs211-brush-n-roll-additiv\/\" aria-describedby=\"woocommerce_loop_add_to_cart_link_describedby_11246\" data-quantity=\"1\" class=\"button product_type_simple with-border\" data-product_id=\"11246\" data-product_sku=\"\" aria-label=\"Lese mehr \u00fcber &#8222;PercoTop CS211 Brush &#039;n&#039; Roll Additiv&#8220;\" rel=\"nofollow\" data-success_message=\"\">Weiterlesen<\/a>\t<span id=\"woocommerce_loop_add_to_cart_link_describedby_11246\" class=\"screen-reader-text\">\n\t\t\t<\/span>\n<\/div>            <\/div><div class=\"woo_product_content\"><h2 class=\"woocommerce-loop-product__title\"><a href=\"https:\/\/dirigocoating.pl\/de\/produkt\/percotop-cs211-brush-n-roll-additiv\/\" class=\"woocommerce-LoopProduct-link woocommerce-loop-product__link\">PercoTop CS211 Brush &#8217;n&#8216; Roll Additiv<\/a><\/h2>\n<\/div><\/div><\/div><div class=\"item product type-product post-11234 status-publish first instock product_cat-zusatzstoffe-de has-post-thumbnail shipping-taxable product-type-simple\"><div class=\"woo_product_inner_wrapper\">            <div class=\"woo_product_image shop_media\">\r\n                <div class=\"picture no_effects\">                        <a class=\"woo_post-link\" href=\"https:\/\/dirigocoating.pl\/de\/produkt\/percotop-cs210-elastischer-zusatzstoff\/\"><img decoding=\"async\" src=\"https:\/\/dirigocoating.pl\/wp-content\/uploads\/2025\/07\/CS210_1-L_mid-150x150.jpg\" alt=\"\" \/>                        <\/a>                <\/div>\r\n                <div class=\"wgl_woo_button_wrapper\"><a href=\"https:\/\/dirigocoating.pl\/de\/produkt\/percotop-cs210-elastischer-zusatzstoff\/\" aria-describedby=\"woocommerce_loop_add_to_cart_link_describedby_11234\" data-quantity=\"1\" class=\"button product_type_simple with-border\" data-product_id=\"11234\" data-product_sku=\"\" aria-label=\"Lese mehr \u00fcber &#8222;PercoTop CS210 Elastic Additive&#8220;\" rel=\"nofollow\" data-success_message=\"\">Weiterlesen<\/a>\t<span id=\"woocommerce_loop_add_to_cart_link_describedby_11234\" class=\"screen-reader-text\">\n\t\t\t<\/span>\n<\/div>            <\/div><div class=\"woo_product_content\"><h2 class=\"woocommerce-loop-product__title\"><a href=\"https:\/\/dirigocoating.pl\/de\/produkt\/percotop-cs210-elastischer-zusatzstoff\/\" class=\"woocommerce-LoopProduct-link woocommerce-loop-product__link\">PercoTop CS210 Elastic Additive<\/a><\/h2>\n<\/div><\/div><\/div><\/div><\/div><\/section>\t\t\t\t<\/div>\n\t\t\t\t<\/div>\n\t\t\t\t\t<\/div>\n\t\t\t\t<\/div>\n\t\t\t\t<\/div>\n\t\t","protected":false},"excerpt":{"rendered":"<p>Dowiedz si\u0119 wi\u0119cej PercoTop CS209 Gloss Agent 2K Dowiedz si\u0119 wi\u0119cej PercoTop CS230 High bake Additive Dowiedz si\u0119 wi\u0119cej PercoTop Texture Additives Dowiedz si\u0119 wi\u0119cej PercoTop CS215 Drying Accelerator Dowiedz si\u0119 wi\u0119cej PercoTop CS214 Multitoning Additive Dowiedz si\u0119 wi\u0119cej PercoTop CS213 Anti Silicone Additive Dowiedz si\u0119 wi\u0119cej PercoTop CS212 Sikkativ 376 Dowiedz si\u0119 wi\u0119cej PercoTop [&hellip;]<\/p>\n","protected":false},"author":1,"featured_media":0,"parent":0,"menu_order":0,"comment_status":"closed","ping_status":"closed","template":"","meta":{"footnotes":""},"class_list":["post-12070","page","type-page","status-publish","hentry"],"_links":{"self":[{"href":"https:\/\/dirigocoating.pl\/de\/wp-json\/wp\/v2\/pages\/12070"}],"collection":[{"href":"https:\/\/dirigocoating.pl\/de\/wp-json\/wp\/v2\/pages"}],"about":[{"href":"https:\/\/dirigocoating.pl\/de\/wp-json\/wp\/v2\/types\/page"}],"author":[{"embeddable":true,"href":"https:\/\/dirigocoating.pl\/de\/wp-json\/wp\/v2\/users\/1"}],"replies":[{"embeddable":true,"href":"https:\/\/dirigocoating.pl\/de\/wp-json\/wp\/v2\/comments?post=12070"}],"version-history":[{"count":1,"href":"https:\/\/dirigocoating.pl\/de\/wp-json\/wp\/v2\/pages\/12070\/revisions"}],"predecessor-version":[{"id":12071,"href":"https:\/\/dirigocoating.pl\/de\/wp-json\/wp\/v2\/pages\/12070\/revisions\/12071"}],"wp:attachment":[{"href":"https:\/\/dirigocoating.pl\/de\/wp-json\/wp\/v2\/media?parent=12070"}],"curies":[{"name":"wp","href":"https:\/\/api.w.org\/{rel}","templated":true}]}}