{"id":12074,"date":"2025-06-16T07:22:33","date_gmt":"2025-06-16T07:22:33","guid":{"rendered":"https:\/\/dirigocoating.pl\/strukturlacke\/"},"modified":"2025-08-19T11:14:48","modified_gmt":"2025-08-19T11:14:48","slug":"strukturlacke","status":"publish","type":"page","link":"https:\/\/dirigocoating.pl\/de\/strukturlacke\/","title":{"rendered":"Strukturlacke"},"content":{"rendered":"\t\t<div data-elementor-type=\"wp-page\" data-elementor-id=\"12074\" class=\"elementor elementor-12074 elementor-6988\">\n\t\t\t\t<div class=\"elementor-element elementor-element-99bdc0e e-flex e-con-boxed e-con e-parent\" data-id=\"99bdc0e\" data-element_type=\"container\" data-e-type=\"container\">\n\t\t\t\t\t<div class=\"e-con-inner\">\n\t\t\t\t<div class=\"elementor-element elementor-element-0a0a20c columns-3 columns-tablet-2 columns-mobile-1 elementor-widget elementor-widget-wgl-products-grid\" data-id=\"0a0a20c\" data-element_type=\"widget\" data-e-type=\"widget\" data-widget_type=\"wgl-products-grid.default\">\n\t\t\t\t<div class=\"elementor-widget-container\">\n\t\t\t\t\t<section class=\"wgl_cpt_section wgl-products-grid woocommerce\"><div class=\"wgl-filter_wrapper product__filter isotope-filter filter-center\"><div class=\"swiper wgl-filter_swiper_wrapper\"><div class=\"swiper-wrapper\"><a href=\"#\" data-filter=\".product\" class=\"swiper-slide active\">Alle<span class=\"filter_counter\"><\/span><\/a><a class=\"swiper-slide\" href=\"https:\/\/dirigocoating.pl\/de\/produktkategorie\/bahn-de\/\" data-filter=\".product_cat-bahn-de\">Bahn<span class=\"filter_counter\"><\/span><\/a><a class=\"swiper-slide\" href=\"https:\/\/dirigocoating.pl\/de\/produktkategorie\/energy-solutions-de\/\" data-filter=\".product_cat-energy-solutions-de\">Energy Solutions<span class=\"filter_counter\"><\/span><\/a><a class=\"swiper-slide\" href=\"https:\/\/dirigocoating.pl\/de\/produktkategorie\/non-paint-de\/\" data-filter=\".product_cat-non-paint-de\">Non paint<span class=\"filter_counter\"><\/span><\/a><a class=\"swiper-slide\" href=\"https:\/\/dirigocoating.pl\/de\/produktkategorie\/nutzfahrzeuge\/\" data-filter=\".product_cat-nutzfahrzeuge\">Nutzfahrzeuge<span class=\"filter_counter\"><\/span><\/a><a class=\"swiper-slide\" href=\"https:\/\/dirigocoating.pl\/de\/produktkategorie\/reinigungsmittel\/\" data-filter=\".product_cat-reinigungsmittel\">Reinigungsmittel<span class=\"filter_counter\"><\/span><\/a><a class=\"swiper-slide\" href=\"https:\/\/dirigocoating.pl\/de\/produktkategorie\/zusatzstoffe-de\/\" data-filter=\".product_cat-zusatzstoffe-de\">Zusatzstoffe<span class=\"filter_counter\"><\/span><\/a><a class=\"swiper-slide\" href=\"https:\/\/dirigocoating.pl\/de\/produktkategorie\/marine-de\/\" data-filter=\".product_cat-marine-de\">Marine<span class=\"filter_counter\"><\/span><\/a><\/div><\/div><\/div><div class=\"wgl-woocommerce-sorting\"><\/div><div class=\"wgl-products-catalog wgl-products-wrapper\"><div class=\"wgl-products container-grid isotope fit_rows\"><div class=\"item product type-product post-11581 status-publish first instock product_cat-nutzfahrzeuge product_tag-2k-cv-decklack-de product_tag-barnices-estructurales product_tag-decklacke has-post-thumbnail shipping-taxable product-type-simple\"><div class=\"woo_product_inner_wrapper\">            <div class=\"woo_product_image shop_media\">\r\n                <div class=\"picture no_effects\">                        <a class=\"woo_post-link\" href=\"https:\/\/dirigocoating.pl\/de\/produkt\/percotop-477-2k-dtm-structure-topcoat\/\"><img decoding=\"async\" src=\"https:\/\/dirigocoating.pl\/wp-content\/uploads\/2025\/06\/477-300x300-1-150x150.png\" alt=\"\" \/>                        <\/a>                <\/div>\r\n                <div class=\"wgl_woo_button_wrapper\"><a href=\"https:\/\/dirigocoating.pl\/de\/produkt\/percotop-477-2k-dtm-structure-topcoat\/\" aria-describedby=\"woocommerce_loop_add_to_cart_link_describedby_11581\" data-quantity=\"1\" class=\"button product_type_simple with-border\" data-product_id=\"11581\" data-product_sku=\"\" aria-label=\"Lese mehr \u00fcber &#8222;PercoTop 477 2K DTM Structure Topcoat&#8220;\" rel=\"nofollow\" data-success_message=\"\">Weiterlesen<\/a>\t<span id=\"woocommerce_loop_add_to_cart_link_describedby_11581\" class=\"screen-reader-text\">\n\t\t\t<\/span>\n<\/div>            <\/div><div class=\"woo_product_content\"><h2 class=\"woocommerce-loop-product__title\"><a href=\"https:\/\/dirigocoating.pl\/de\/produkt\/percotop-477-2k-dtm-structure-topcoat\/\" class=\"woocommerce-LoopProduct-link woocommerce-loop-product__link\">PercoTop 477 2K DTM Structure Topcoat<\/a><\/h2>\n<\/div><\/div><\/div><div class=\"item product type-product post-12213 status-publish instock product_cat-nutzfahrzeuge product_tag-2k-cv-decklack-de product_tag-barnices-estructurales product_tag-decklacke has-post-thumbnail shipping-taxable product-type-simple\"><div class=\"woo_product_inner_wrapper\">            <div class=\"woo_product_image shop_media\">\r\n                <div class=\"picture no_effects\">                        <a class=\"woo_post-link\" href=\"https:\/\/dirigocoating.pl\/de\/produkt\/percotop-466-2k-outdoor-structure-topcoat\/\"><img decoding=\"async\" src=\"https:\/\/dirigocoating.pl\/wp-content\/uploads\/2025\/06\/466-300x300-1-150x150.png\" alt=\"\" \/>                        <\/a>                <\/div>\r\n                <div class=\"wgl_woo_button_wrapper\"><a href=\"https:\/\/dirigocoating.pl\/de\/produkt\/percotop-466-2k-outdoor-structure-topcoat\/\" aria-describedby=\"woocommerce_loop_add_to_cart_link_describedby_12213\" data-quantity=\"1\" class=\"button product_type_simple with-border\" data-product_id=\"12213\" data-product_sku=\"\" aria-label=\"Lese mehr \u00fcber &#8222;PercoTop 466 2K Outdoor Structure Topcoat&#8220;\" rel=\"nofollow\" data-success_message=\"\">Weiterlesen<\/a>\t<span id=\"woocommerce_loop_add_to_cart_link_describedby_12213\" class=\"screen-reader-text\">\n\t\t\t<\/span>\n<\/div>            <\/div><div class=\"woo_product_content\"><h2 class=\"woocommerce-loop-product__title\"><a href=\"https:\/\/dirigocoating.pl\/de\/produkt\/percotop-466-2k-outdoor-structure-topcoat\/\" class=\"woocommerce-LoopProduct-link woocommerce-loop-product__link\">PercoTop 466 2K Outdoor Structure Topcoat<\/a><\/h2>\n<\/div><\/div><\/div><div class=\"item product type-product post-12202 status-publish instock product_cat-bahn-de product_tag-barnices-estructurales product_tag-struktur-wasser-de product_tag-wasserverdunnbar-de has-post-thumbnail shipping-taxable product-type-simple\"><div class=\"woo_product_inner_wrapper\">            <div class=\"woo_product_image shop_media\">\r\n                <div class=\"picture no_effects\">                        <a class=\"woo_post-link\" href=\"https:\/\/dirigocoating.pl\/de\/produkt\/imron-hydrotopcoat-7220-7221-7222\/\"><img decoding=\"async\" src=\"https:\/\/dirigocoating.pl\/wp-content\/uploads\/2025\/06\/7220-150x150.png\" alt=\"\" \/>                        <\/a>                <\/div>\r\n                <div class=\"wgl_woo_button_wrapper\"><a href=\"https:\/\/dirigocoating.pl\/de\/produkt\/imron-hydrotopcoat-7220-7221-7222\/\" aria-describedby=\"woocommerce_loop_add_to_cart_link_describedby_12202\" data-quantity=\"1\" class=\"button product_type_simple with-border\" data-product_id=\"12202\" data-product_sku=\"\" aria-label=\"Lese mehr \u00fcber &#8222;Imron HydroTopCoat 7220, 7221, 7222&#8220;\" rel=\"nofollow\" data-success_message=\"\">Weiterlesen<\/a>\t<span id=\"woocommerce_loop_add_to_cart_link_describedby_12202\" class=\"screen-reader-text\">\n\t\t\t<\/span>\n<\/div>            <\/div><div class=\"woo_product_content\"><h2 class=\"woocommerce-loop-product__title\"><a href=\"https:\/\/dirigocoating.pl\/de\/produkt\/imron-hydrotopcoat-7220-7221-7222\/\" class=\"woocommerce-LoopProduct-link woocommerce-loop-product__link\">Imron HydroTopCoat 7220, 7221, 7222<\/a><\/h2>\n<\/div><\/div><\/div><div class=\"item product type-product post-12190 status-publish last instock product_cat-bahn-de product_cat-nutzfahrzeuge product_tag-2k-cv-decklack-de product_tag-barnices-estructurales product_tag-decklacke product_tag-losungsmittel product_tag-struktur-solvent-de has-post-thumbnail shipping-taxable product-type-simple\"><div class=\"woo_product_inner_wrapper\">            <div class=\"woo_product_image shop_media\">\r\n                <div class=\"picture no_effects\">                        <a class=\"woo_post-link\" href=\"https:\/\/dirigocoating.pl\/de\/produkt\/percotop-9771\/\"><img decoding=\"async\" src=\"https:\/\/dirigocoating.pl\/wp-content\/uploads\/2025\/06\/KPM-1-36145-129638-25990_mid_480_0_300_RGB-300x300-1-150x150.jpg\" alt=\"\" \/>                        <\/a>                <\/div>\r\n                <div class=\"wgl_woo_button_wrapper\"><a href=\"https:\/\/dirigocoating.pl\/de\/produkt\/percotop-9771\/\" aria-describedby=\"woocommerce_loop_add_to_cart_link_describedby_12190\" data-quantity=\"1\" class=\"button product_type_simple with-border\" data-product_id=\"12190\" data-product_sku=\"\" aria-label=\"Lese mehr \u00fcber &#8222;PercoTop\u00ae 9771&#8220;\" rel=\"nofollow\" data-success_message=\"\">Weiterlesen<\/a>\t<span id=\"woocommerce_loop_add_to_cart_link_describedby_12190\" class=\"screen-reader-text\">\n\t\t\t<\/span>\n<\/div>            <\/div><div class=\"woo_product_content\"><h2 class=\"woocommerce-loop-product__title\"><a href=\"https:\/\/dirigocoating.pl\/de\/produkt\/percotop-9771\/\" class=\"woocommerce-LoopProduct-link woocommerce-loop-product__link\">PercoTop\u00ae 9771<\/a><\/h2>\n<\/div><\/div><\/div><div class=\"item product type-product post-12189 status-publish first instock product_cat-bahn-de product_cat-nutzfahrzeuge product_tag-2k-cv-decklack-de product_tag-barnices-estructurales product_tag-decklacke product_tag-losungsmittel product_tag-struktur-solvent-de has-post-thumbnail shipping-taxable product-type-simple\"><div class=\"woo_product_inner_wrapper\">            <div class=\"woo_product_image shop_media\">\r\n                <div class=\"picture no_effects\">                        <a class=\"woo_post-link\" href=\"https:\/\/dirigocoating.pl\/de\/produkt\/percotop-9770-2k\/\"><img decoding=\"async\" src=\"https:\/\/dirigocoating.pl\/wp-content\/uploads\/2025\/06\/KPM-1-34043-120979-23234_mid_480_0_300_RGB-300x300-1-150x150.jpg\" alt=\"\" \/>                        <\/a>                <\/div>\r\n                <div class=\"wgl_woo_button_wrapper\"><a href=\"https:\/\/dirigocoating.pl\/de\/produkt\/percotop-9770-2k\/\" aria-describedby=\"woocommerce_loop_add_to_cart_link_describedby_12189\" data-quantity=\"1\" class=\"button product_type_simple with-border\" data-product_id=\"12189\" data-product_sku=\"\" aria-label=\"Lese mehr \u00fcber &#8222;PercoTop\u00ae 9770 2K&#8220;\" rel=\"nofollow\" data-success_message=\"\">Weiterlesen<\/a>\t<span id=\"woocommerce_loop_add_to_cart_link_describedby_12189\" class=\"screen-reader-text\">\n\t\t\t<\/span>\n<\/div>            <\/div><div class=\"woo_product_content\"><h2 class=\"woocommerce-loop-product__title\"><a href=\"https:\/\/dirigocoating.pl\/de\/produkt\/percotop-9770-2k\/\" class=\"woocommerce-LoopProduct-link woocommerce-loop-product__link\">PercoTop\u00ae 9770 2K<\/a><\/h2>\n<\/div><\/div><\/div><div class=\"item product type-product post-12188 status-publish instock product_cat-bahn-de product_cat-nutzfahrzeuge product_tag-2k-cv-decklack-de product_tag-barnices-estructurales product_tag-decklacke product_tag-losungsmittel product_tag-struktur-solvent-de has-post-thumbnail shipping-taxable product-type-simple\"><div class=\"woo_product_inner_wrapper\">            <div class=\"woo_product_image shop_media\">\r\n                <div class=\"picture no_effects\">                        <a class=\"woo_post-link\" href=\"https:\/\/dirigocoating.pl\/de\/produkt\/percotop-449\/\"><img decoding=\"async\" src=\"https:\/\/dirigocoating.pl\/wp-content\/uploads\/2025\/06\/PercoTop-300-x-300-px-3-150x150.png\" alt=\"\" \/>                        <\/a>                <\/div>\r\n                <div class=\"wgl_woo_button_wrapper\"><a href=\"https:\/\/dirigocoating.pl\/de\/produkt\/percotop-449\/\" aria-describedby=\"woocommerce_loop_add_to_cart_link_describedby_12188\" data-quantity=\"1\" class=\"button product_type_simple with-border\" data-product_id=\"12188\" data-product_sku=\"\" aria-label=\"Lese mehr \u00fcber &#8222;PercoTop 449&#8220;\" rel=\"nofollow\" data-success_message=\"\">Weiterlesen<\/a>\t<span id=\"woocommerce_loop_add_to_cart_link_describedby_12188\" class=\"screen-reader-text\">\n\t\t\t<\/span>\n<\/div>            <\/div><div class=\"woo_product_content\"><h2 class=\"woocommerce-loop-product__title\"><a href=\"https:\/\/dirigocoating.pl\/de\/produkt\/percotop-449\/\" class=\"woocommerce-LoopProduct-link woocommerce-loop-product__link\">PercoTop 449<\/a><\/h2>\n<\/div><\/div><\/div><\/div><\/div><\/section>\t\t\t\t<\/div>\n\t\t\t\t<\/div>\n\t\t\t\t\t<\/div>\n\t\t\t\t<\/div>\n\t\t<div class=\"elementor-element elementor-element-062d450 e-flex e-con-boxed e-con e-parent\" data-id=\"062d450\" data-element_type=\"container\" data-e-type=\"container\">\n\t\t\t\t\t<div class=\"e-con-inner\">\n\t\t\t\t<div class=\"elementor-element elementor-element-96bd64b elementor-widget elementor-widget-text-editor\" data-id=\"96bd64b\" data-element_type=\"widget\" data-e-type=\"widget\" data-widget_type=\"text-editor.default\">\n\t\t\t\t<div class=\"elementor-widget-container\">\n\t\t\t\t\t\t\t\t\t<h3 data-start=\"1955\" data-end=\"1985\"><strong data-start=\"1959\" data-end=\"1983\">Strukturlacke<\/strong><\/h3><p data-start=\"1986\" data-end=\"2282\">Strukturlacke zur Erzeugung von Spezialeffekten und Oberfl\u00e4chen mit erh\u00f6hter mechanischer Best\u00e4ndigkeit. Sie finden Anwendung bei der Innenausstattung von Schienenfahrzeugen und Bussen. Ideal dort, wo Funktionalit\u00e4t und \u00c4sthetik unter anspruchsvollen Bedingungen z\u00e4hlen. Bei Yachten handelt es sich um die strukturellen Zus\u00e4tze Coathylene.   <\/p>\t\t\t\t\t\t\t\t<\/div>\n\t\t\t\t<\/div>\n\t\t\t\t\t<\/div>\n\t\t\t\t<\/div>\n\t\t\t\t<\/div>\n\t\t","protected":false},"excerpt":{"rendered":"<p>WszystkoDodatkiEnergy SolutionsKolejMarineNon PaintPojazdy u\u017cytkowe\u015arodki czyszcz\u0105ce Dowiedz si\u0119 wi\u0119cej PercoTop 477 2K DTM Structure Topcoat Dowiedz si\u0119 wi\u0119cej PercoTop 466 2K Outdoor Structure Topcoat Dowiedz si\u0119 wi\u0119cej Imron HydroTopCoat 7220, 7221, 7222 Dowiedz si\u0119 wi\u0119cej PercoTop\u00ae 9771 Dowiedz si\u0119 wi\u0119cej PercoTop\u00ae 9770 2K Dowiedz si\u0119 wi\u0119cej PercoTop 449 Strukturlacke Strukturlacke zur Erzeugung von Spezialeffekten und Oberfl\u00e4chen [&hellip;]<\/p>\n","protected":false},"author":1,"featured_media":0,"parent":0,"menu_order":0,"comment_status":"closed","ping_status":"closed","template":"","meta":{"footnotes":""},"class_list":["post-12074","page","type-page","status-publish","hentry"],"_links":{"self":[{"href":"https:\/\/dirigocoating.pl\/de\/wp-json\/wp\/v2\/pages\/12074"}],"collection":[{"href":"https:\/\/dirigocoating.pl\/de\/wp-json\/wp\/v2\/pages"}],"about":[{"href":"https:\/\/dirigocoating.pl\/de\/wp-json\/wp\/v2\/types\/page"}],"author":[{"embeddable":true,"href":"https:\/\/dirigocoating.pl\/de\/wp-json\/wp\/v2\/users\/1"}],"replies":[{"embeddable":true,"href":"https:\/\/dirigocoating.pl\/de\/wp-json\/wp\/v2\/comments?post=12074"}],"version-history":[{"count":1,"href":"https:\/\/dirigocoating.pl\/de\/wp-json\/wp\/v2\/pages\/12074\/revisions"}],"predecessor-version":[{"id":12075,"href":"https:\/\/dirigocoating.pl\/de\/wp-json\/wp\/v2\/pages\/12074\/revisions\/12075"}],"wp:attachment":[{"href":"https:\/\/dirigocoating.pl\/de\/wp-json\/wp\/v2\/media?parent=12074"}],"curies":[{"name":"wp","href":"https:\/\/api.w.org\/{rel}","templated":true}]}}