{"id":12076,"date":"2025-06-16T07:19:48","date_gmt":"2025-06-16T07:19:48","guid":{"rendered":"https:\/\/dirigocoating.pl\/spachtelmassen\/"},"modified":"2025-08-19T11:14:05","modified_gmt":"2025-08-19T11:14:05","slug":"spachtelmassen","status":"publish","type":"page","link":"https:\/\/dirigocoating.pl\/de\/spachtelmassen\/","title":{"rendered":"Spachtelmassen"},"content":{"rendered":"\t\t<div data-elementor-type=\"wp-page\" data-elementor-id=\"12076\" class=\"elementor elementor-12076 elementor-6983\">\n\t\t\t\t<div class=\"elementor-element elementor-element-c54b5e2 e-flex e-con-boxed e-con e-parent\" data-id=\"c54b5e2\" data-element_type=\"container\" data-e-type=\"container\">\n\t\t\t\t\t<div class=\"e-con-inner\">\n\t\t\t\t<div class=\"elementor-element elementor-element-f2fb6e4 columns-3 columns-tablet-2 columns-mobile-1 elementor-widget elementor-widget-wgl-products-grid\" data-id=\"f2fb6e4\" data-element_type=\"widget\" data-e-type=\"widget\" data-widget_type=\"wgl-products-grid.default\">\n\t\t\t\t<div class=\"elementor-widget-container\">\n\t\t\t\t\t<section class=\"wgl_cpt_section wgl-products-grid woocommerce\"><div class=\"wgl-filter_wrapper product__filter isotope-filter filter-center\"><div class=\"swiper wgl-filter_swiper_wrapper\"><div class=\"swiper-wrapper\"><a href=\"#\" data-filter=\".product\" class=\"swiper-slide active\">Alle<span class=\"filter_counter\"><\/span><\/a><a class=\"swiper-slide\" href=\"https:\/\/dirigocoating.pl\/de\/produktkategorie\/bahn-de\/\" data-filter=\".product_cat-bahn-de\">Bahn<span class=\"filter_counter\"><\/span><\/a><a class=\"swiper-slide\" href=\"https:\/\/dirigocoating.pl\/de\/produktkategorie\/energy-solutions-de\/\" data-filter=\".product_cat-energy-solutions-de\">Energy Solutions<span class=\"filter_counter\"><\/span><\/a><a class=\"swiper-slide\" href=\"https:\/\/dirigocoating.pl\/de\/produktkategorie\/non-paint-de\/\" data-filter=\".product_cat-non-paint-de\">Non paint<span class=\"filter_counter\"><\/span><\/a><a class=\"swiper-slide\" href=\"https:\/\/dirigocoating.pl\/de\/produktkategorie\/nutzfahrzeuge\/\" data-filter=\".product_cat-nutzfahrzeuge\">Nutzfahrzeuge<span class=\"filter_counter\"><\/span><\/a><a class=\"swiper-slide\" href=\"https:\/\/dirigocoating.pl\/de\/produktkategorie\/reinigungsmittel\/\" data-filter=\".product_cat-reinigungsmittel\">Reinigungsmittel<span class=\"filter_counter\"><\/span><\/a><a class=\"swiper-slide\" href=\"https:\/\/dirigocoating.pl\/de\/produktkategorie\/zusatzstoffe-de\/\" data-filter=\".product_cat-zusatzstoffe-de\">Zusatzstoffe<span class=\"filter_counter\"><\/span><\/a><a class=\"swiper-slide\" href=\"https:\/\/dirigocoating.pl\/de\/produktkategorie\/marine-de\/\" data-filter=\".product_cat-marine-de\">Marine<span class=\"filter_counter\"><\/span><\/a><\/div><\/div><\/div><div class=\"wgl-woocommerce-sorting\"><\/div><div class=\"wgl-products-catalog wgl-products-wrapper\"><div class=\"wgl-products container-grid isotope fit_rows\"><div class=\"item product type-product post-11547 status-publish first instock product_cat-nutzfahrzeuge product_tag-cv-spachtelmasse-de product_tag-spachtelmassen has-post-thumbnail shipping-taxable product-type-simple\"><div class=\"woo_product_inner_wrapper\">            <div class=\"woo_product_image shop_media\">\r\n                <div class=\"picture no_effects\">                        <a class=\"woo_post-link\" href=\"https:\/\/dirigocoating.pl\/de\/produkt\/percotop-cs165-thixoflex-spachtelmasse\/\"><img decoding=\"async\" src=\"https:\/\/dirigocoating.pl\/wp-content\/uploads\/2025\/06\/KPM-1-41392-148649-30635_mid_480_0_300_RGB-300x300-1-150x150.jpg\" alt=\"\" \/>                        <\/a>                <\/div>\r\n                <div class=\"wgl_woo_button_wrapper\"><a href=\"https:\/\/dirigocoating.pl\/de\/produkt\/percotop-cs165-thixoflex-spachtelmasse\/\" aria-describedby=\"woocommerce_loop_add_to_cart_link_describedby_11547\" data-quantity=\"1\" class=\"button product_type_simple with-border\" data-product_id=\"11547\" data-product_sku=\"\" aria-label=\"Lese mehr \u00fcber &#8222;PercoTop CS165 Thixoflex Putty&#8220;\" rel=\"nofollow\" data-success_message=\"\">Weiterlesen<\/a>\t<span id=\"woocommerce_loop_add_to_cart_link_describedby_11547\" class=\"screen-reader-text\">\n\t\t\t<\/span>\n<\/div>            <\/div><div class=\"woo_product_content\"><h2 class=\"woocommerce-loop-product__title\"><a href=\"https:\/\/dirigocoating.pl\/de\/produkt\/percotop-cs165-thixoflex-spachtelmasse\/\" class=\"woocommerce-LoopProduct-link woocommerce-loop-product__link\">PercoTop CS165 Thixoflex Putty<\/a><\/h2>\n<\/div><\/div><\/div><div class=\"item product type-product post-11505 status-publish instock product_cat-nutzfahrzeuge product_tag-cv-spachtelmasse-de product_tag-spachtelmassen has-post-thumbnail shipping-taxable product-type-simple\"><div class=\"woo_product_inner_wrapper\">            <div class=\"woo_product_image shop_media\">\r\n                <div class=\"picture no_effects\">                        <a class=\"woo_post-link\" href=\"https:\/\/dirigocoating.pl\/de\/produkt\/percotop-cs162-hochtemperatur-spachtel\/\"><img decoding=\"async\" src=\"https:\/\/dirigocoating.pl\/wp-content\/uploads\/2025\/06\/cs162-300x300-1-150x150.png\" alt=\"\" \/>                        <\/a>                <\/div>\r\n                <div class=\"wgl_woo_button_wrapper\"><a href=\"https:\/\/dirigocoating.pl\/de\/produkt\/percotop-cs162-hochtemperatur-spachtel\/\" aria-describedby=\"woocommerce_loop_add_to_cart_link_describedby_11505\" data-quantity=\"1\" class=\"button product_type_simple with-border\" data-product_id=\"11505\" data-product_sku=\"\" aria-label=\"Lese mehr \u00fcber &#8222;PercoTop CS162 High Temperature Putty&#8220;\" rel=\"nofollow\" data-success_message=\"\">Weiterlesen<\/a>\t<span id=\"woocommerce_loop_add_to_cart_link_describedby_11505\" class=\"screen-reader-text\">\n\t\t\t<\/span>\n<\/div>            <\/div><div class=\"woo_product_content\"><h2 class=\"woocommerce-loop-product__title\"><a href=\"https:\/\/dirigocoating.pl\/de\/produkt\/percotop-cs162-hochtemperatur-spachtel\/\" class=\"woocommerce-LoopProduct-link woocommerce-loop-product__link\">PercoTop CS162 High Temperature Putty<\/a><\/h2>\n<\/div><\/div><\/div><div class=\"item product type-product post-11500 status-publish instock product_cat-nutzfahrzeuge product_tag-cv-spachtelmasse-de product_tag-spachtelmassen has-post-thumbnail shipping-taxable product-type-simple\"><div class=\"woo_product_inner_wrapper\">            <div class=\"woo_product_image shop_media\">\r\n                <div class=\"picture no_effects\">                        <a class=\"woo_post-link\" href=\"https:\/\/dirigocoating.pl\/de\/produkt\/percotop-cs161-spritzbare-spachtelmasse\/\"><img decoding=\"async\" src=\"https:\/\/dirigocoating.pl\/wp-content\/uploads\/2025\/06\/KPM-1-12354-38141-3348_mid-300x300-1-150x150.jpg\" alt=\"\" \/>                        <\/a>                <\/div>\r\n                <div class=\"wgl_woo_button_wrapper\"><a href=\"https:\/\/dirigocoating.pl\/de\/produkt\/percotop-cs161-spritzbare-spachtelmasse\/\" aria-describedby=\"woocommerce_loop_add_to_cart_link_describedby_11500\" data-quantity=\"1\" class=\"button product_type_simple with-border\" data-product_id=\"11500\" data-product_sku=\"\" aria-label=\"Lese mehr \u00fcber &#8222;PercoTop\u00ae CS161 Sprayable Putty&#8220;\" rel=\"nofollow\" data-success_message=\"\">Weiterlesen<\/a>\t<span id=\"woocommerce_loop_add_to_cart_link_describedby_11500\" class=\"screen-reader-text\">\n\t\t\t<\/span>\n<\/div>            <\/div><div class=\"woo_product_content\"><h2 class=\"woocommerce-loop-product__title\"><a href=\"https:\/\/dirigocoating.pl\/de\/produkt\/percotop-cs161-spritzbare-spachtelmasse\/\" class=\"woocommerce-LoopProduct-link woocommerce-loop-product__link\">PercoTop\u00ae CS161 Sprayable Putty<\/a><\/h2>\n<\/div><\/div><\/div><div class=\"item product type-product post-11494 status-publish last instock product_cat-nutzfahrzeuge product_tag-cv-spachtelmasse-de product_tag-spachtelmassen has-post-thumbnail shipping-taxable product-type-simple\"><div class=\"woo_product_inner_wrapper\">            <div class=\"woo_product_image shop_media\">\r\n                <div class=\"picture no_effects\">                        <a class=\"woo_post-link\" href=\"https:\/\/dirigocoating.pl\/de\/produkt\/percotop-cs160-spachtelmasse\/\"><img decoding=\"async\" src=\"https:\/\/dirigocoating.pl\/wp-content\/uploads\/2025\/06\/KPM-1-9591-34469-2220_mid-300x300-1-150x150.jpg\" alt=\"\" \/>                        <\/a>                <\/div>\r\n                <div class=\"wgl_woo_button_wrapper\"><a href=\"https:\/\/dirigocoating.pl\/de\/produkt\/percotop-cs160-spachtelmasse\/\" aria-describedby=\"woocommerce_loop_add_to_cart_link_describedby_11494\" data-quantity=\"1\" class=\"button product_type_simple with-border\" data-product_id=\"11494\" data-product_sku=\"\" aria-label=\"Lese mehr \u00fcber &#8222;Percotop CS160 Putty&#8220;\" rel=\"nofollow\" data-success_message=\"\">Weiterlesen<\/a>\t<span id=\"woocommerce_loop_add_to_cart_link_describedby_11494\" class=\"screen-reader-text\">\n\t\t\t<\/span>\n<\/div>            <\/div><div class=\"woo_product_content\"><h2 class=\"woocommerce-loop-product__title\"><a href=\"https:\/\/dirigocoating.pl\/de\/produkt\/percotop-cs160-spachtelmasse\/\" class=\"woocommerce-LoopProduct-link woocommerce-loop-product__link\">Percotop CS160 Putty<\/a><\/h2>\n<\/div><\/div><\/div><div class=\"item product type-product post-12175 status-publish first instock product_cat-bahn-de product_cat-nutzfahrzeuge product_tag-bahn-schpachellmasse-de product_tag-losungsmittel product_tag-cv-spachtelmasse-de product_tag-spachtelmassen has-post-thumbnail shipping-taxable product-type-simple\"><div class=\"woo_product_inner_wrapper\">            <div class=\"woo_product_image shop_media\">\r\n                <div class=\"picture no_effects\">                        <a class=\"woo_post-link\" href=\"https:\/\/dirigocoating.pl\/de\/produkt\/percotop-cs170-fire-retardant-putty\/\"><img decoding=\"async\" src=\"https:\/\/dirigocoating.pl\/wp-content\/uploads\/2025\/06\/cs170-300x300-1-150x150.png\" alt=\"\" \/>                        <\/a>                <\/div>\r\n                <div class=\"wgl_woo_button_wrapper\"><a href=\"https:\/\/dirigocoating.pl\/de\/produkt\/percotop-cs170-fire-retardant-putty\/\" aria-describedby=\"woocommerce_loop_add_to_cart_link_describedby_12175\" data-quantity=\"1\" class=\"button product_type_simple with-border\" data-product_id=\"12175\" data-product_sku=\"\" aria-label=\"Lese mehr \u00fcber &#8222;PercoTop CS170 Fire retardant putty&#8220;\" rel=\"nofollow\" data-success_message=\"\">Weiterlesen<\/a>\t<span id=\"woocommerce_loop_add_to_cart_link_describedby_12175\" class=\"screen-reader-text\">\n\t\t\t<\/span>\n<\/div>            <\/div><div class=\"woo_product_content\"><h2 class=\"woocommerce-loop-product__title\"><a href=\"https:\/\/dirigocoating.pl\/de\/produkt\/percotop-cs170-fire-retardant-putty\/\" class=\"woocommerce-LoopProduct-link woocommerce-loop-product__link\">PercoTop CS170 Fire retardant putty<\/a><\/h2>\n<\/div><\/div><\/div><div class=\"item product type-product post-12170 status-publish instock product_cat-marine-de product_tag-spachtelmassen has-post-thumbnail shipping-taxable product-type-simple\"><div class=\"woo_product_inner_wrapper\">            <div class=\"woo_product_image shop_media\">\r\n                <div class=\"picture no_effects\">                        <a class=\"woo_post-link\" href=\"https:\/\/dirigocoating.pl\/de\/produkt\/dp3360-finishing-filler\/\"><img decoding=\"async\" src=\"https:\/\/dirigocoating.pl\/wp-content\/uploads\/2025\/06\/dp-3360-300x300-1-150x150.png\" alt=\"\" \/>                        <\/a>                <\/div>\r\n                <div class=\"wgl_woo_button_wrapper\"><a href=\"https:\/\/dirigocoating.pl\/de\/produkt\/dp3360-finishing-filler\/\" aria-describedby=\"woocommerce_loop_add_to_cart_link_describedby_12170\" data-quantity=\"1\" class=\"button product_type_simple with-border\" data-product_id=\"12170\" data-product_sku=\"\" aria-label=\"Lese mehr \u00fcber &#8222;DP3360 Finishing Filler&#8220;\" rel=\"nofollow\" data-success_message=\"\">Weiterlesen<\/a>\t<span id=\"woocommerce_loop_add_to_cart_link_describedby_12170\" class=\"screen-reader-text\">\n\t\t\t<\/span>\n<\/div>            <\/div><div class=\"woo_product_content\"><h2 class=\"woocommerce-loop-product__title\"><a href=\"https:\/\/dirigocoating.pl\/de\/produkt\/dp3360-finishing-filler\/\" class=\"woocommerce-LoopProduct-link woocommerce-loop-product__link\">DP3360 Finishing Filler<\/a><\/h2>\n<\/div><\/div><\/div><div class=\"item product type-product post-12169 status-publish instock product_cat-marine-de product_tag-spachtelmassen has-post-thumbnail shipping-taxable product-type-simple\"><div class=\"woo_product_inner_wrapper\">            <div class=\"woo_product_image shop_media\">\r\n                <div class=\"picture no_effects\">                        <a class=\"woo_post-link\" href=\"https:\/\/dirigocoating.pl\/de\/produkt\/dp3350-fairing-lite\/\"><img decoding=\"async\" src=\"https:\/\/dirigocoating.pl\/wp-content\/uploads\/2025\/06\/dp-3350-300x300-1-150x150.png\" alt=\"\" \/>                        <\/a>                <\/div>\r\n                <div class=\"wgl_woo_button_wrapper\"><a href=\"https:\/\/dirigocoating.pl\/de\/produkt\/dp3350-fairing-lite\/\" aria-describedby=\"woocommerce_loop_add_to_cart_link_describedby_12169\" data-quantity=\"1\" class=\"button product_type_simple with-border\" data-product_id=\"12169\" data-product_sku=\"\" aria-label=\"Lese mehr \u00fcber &#8222;DP3350 Fairing Lite&#8220;\" rel=\"nofollow\" data-success_message=\"\">Weiterlesen<\/a>\t<span id=\"woocommerce_loop_add_to_cart_link_describedby_12169\" class=\"screen-reader-text\">\n\t\t\t<\/span>\n<\/div>            <\/div><div class=\"woo_product_content\"><h2 class=\"woocommerce-loop-product__title\"><a href=\"https:\/\/dirigocoating.pl\/de\/produkt\/dp3350-fairing-lite\/\" class=\"woocommerce-LoopProduct-link woocommerce-loop-product__link\">DP3350 Fairing Lite<\/a><\/h2>\n<\/div><\/div><\/div><div class=\"item product type-product post-12168 status-publish last instock product_cat-marine-de product_tag-spachtelmassen has-post-thumbnail shipping-taxable product-type-simple\"><div class=\"woo_product_inner_wrapper\">            <div class=\"woo_product_image shop_media\">\r\n                <div class=\"picture no_effects\">                        <a class=\"woo_post-link\" href=\"https:\/\/dirigocoating.pl\/de\/produkt\/dp3330-spray-fairing\/\"><img decoding=\"async\" src=\"https:\/\/dirigocoating.pl\/wp-content\/uploads\/2025\/06\/dp-3330-2-300x300-1-150x150.png\" alt=\"\" \/>                        <\/a>                <\/div>\r\n                <div class=\"wgl_woo_button_wrapper\"><a href=\"https:\/\/dirigocoating.pl\/de\/produkt\/dp3330-spray-fairing\/\" aria-describedby=\"woocommerce_loop_add_to_cart_link_describedby_12168\" data-quantity=\"1\" class=\"button product_type_simple with-border\" data-product_id=\"12168\" data-product_sku=\"\" aria-label=\"Lese mehr \u00fcber &#8222;DP3330 Spray Fairing&#8220;\" rel=\"nofollow\" data-success_message=\"\">Weiterlesen<\/a>\t<span id=\"woocommerce_loop_add_to_cart_link_describedby_12168\" class=\"screen-reader-text\">\n\t\t\t<\/span>\n<\/div>            <\/div><div class=\"woo_product_content\"><h2 class=\"woocommerce-loop-product__title\"><a href=\"https:\/\/dirigocoating.pl\/de\/produkt\/dp3330-spray-fairing\/\" class=\"woocommerce-LoopProduct-link woocommerce-loop-product__link\">DP3330 Spray Fairing<\/a><\/h2>\n<\/div><\/div><\/div><\/div><\/div><\/section>\t\t\t\t<\/div>\n\t\t\t\t<\/div>\n\t\t\t\t<div class=\"elementor-element elementor-element-cb7c137 elementor-widget elementor-widget-text-editor\" data-id=\"cb7c137\" data-element_type=\"widget\" data-e-type=\"widget\" data-widget_type=\"text-editor.default\">\n\t\t\t\t<div class=\"elementor-widget-container\">\n\t\t\t\t\t\t\t\t\t<h3 data-start=\"201\" data-end=\"222\"><strong data-start=\"205\" data-end=\"220\">Spachtelmassen<\/strong><\/h3><p data-start=\"223\" data-end=\"587\">Hochwertige Spachtelmassen f\u00fcr das professionelle Ausgleichen von Oberfl\u00e4chen in Schienenfahrzeugen (Zug, Stra\u00dfenbahn, Waggons, Lokomotiven), Yachten, Motor- und Segelbooten sowie in Bussen, Lastwagen, Aufliegern, Tankfahrzeugen, Kippfahrzeugen, Anh\u00e4ngern sowie ATV, Quads und Motorr\u00e4dern. Sie gew\u00e4hrleisten ausgezeichnete Haftung, einfaches Schleifen und ein dauerhaftes Ergebnis. <\/p>\t\t\t\t\t\t\t\t<\/div>\n\t\t\t\t<\/div>\n\t\t\t\t\t<\/div>\n\t\t\t\t<\/div>\n\t\t\t\t<\/div>\n\t\t","protected":false},"excerpt":{"rendered":"<p>WszystkoDodatkiEnergy SolutionsKolejMarineNon PaintPojazdy u\u017cytkowe\u015arodki czyszcz\u0105ce Dowiedz si\u0119 wi\u0119cej PercoTop CS165 Thixoflex Putty Dowiedz si\u0119 wi\u0119cej PercoTop CS162 High Temperature Putty Dowiedz si\u0119 wi\u0119cej PercoTop\u00ae CS161 Sprayable Putty Dowiedz si\u0119 wi\u0119cej Percotop CS160 Putty Dowiedz si\u0119 wi\u0119cej PercoTop CS170 Szpachla ognioodporna Dowiedz si\u0119 wi\u0119cej DP3360 Szpachla epoksydowa wyko\u0144czeniowa Dowiedz si\u0119 wi\u0119cej DP3350 Szpachla epoksydowa lekka Dowiedz [&hellip;]<\/p>\n","protected":false},"author":1,"featured_media":0,"parent":0,"menu_order":0,"comment_status":"closed","ping_status":"closed","template":"","meta":{"footnotes":""},"class_list":["post-12076","page","type-page","status-publish","hentry"],"_links":{"self":[{"href":"https:\/\/dirigocoating.pl\/de\/wp-json\/wp\/v2\/pages\/12076"}],"collection":[{"href":"https:\/\/dirigocoating.pl\/de\/wp-json\/wp\/v2\/pages"}],"about":[{"href":"https:\/\/dirigocoating.pl\/de\/wp-json\/wp\/v2\/types\/page"}],"author":[{"embeddable":true,"href":"https:\/\/dirigocoating.pl\/de\/wp-json\/wp\/v2\/users\/1"}],"replies":[{"embeddable":true,"href":"https:\/\/dirigocoating.pl\/de\/wp-json\/wp\/v2\/comments?post=12076"}],"version-history":[{"count":1,"href":"https:\/\/dirigocoating.pl\/de\/wp-json\/wp\/v2\/pages\/12076\/revisions"}],"predecessor-version":[{"id":12077,"href":"https:\/\/dirigocoating.pl\/de\/wp-json\/wp\/v2\/pages\/12076\/revisions\/12077"}],"wp:attachment":[{"href":"https:\/\/dirigocoating.pl\/de\/wp-json\/wp\/v2\/media?parent=12076"}],"curies":[{"name":"wp","href":"https:\/\/api.w.org\/{rel}","templated":true}]}}