{"id":12080,"date":"2025-06-16T07:10:08","date_gmt":"2025-06-16T07:10:08","guid":{"rendered":"https:\/\/dirigocoating.pl\/klare-lacke\/"},"modified":"2025-08-19T11:04:16","modified_gmt":"2025-08-19T11:04:16","slug":"klare-lacke","status":"publish","type":"page","link":"https:\/\/dirigocoating.pl\/de\/klare-lacke\/","title":{"rendered":"Klare Lacke"},"content":{"rendered":"\t\t<div data-elementor-type=\"wp-page\" data-elementor-id=\"12080\" class=\"elementor elementor-12080 elementor-6970\">\n\t\t\t\t<div class=\"elementor-element elementor-element-13a123f e-flex e-con-boxed e-con e-parent\" data-id=\"13a123f\" data-element_type=\"container\" data-e-type=\"container\">\n\t\t\t\t\t<div class=\"e-con-inner\">\n\t\t\t\t<div class=\"elementor-element elementor-element-a7c5546 columns-3 columns-tablet-2 columns-mobile-1 elementor-widget elementor-widget-wgl-products-grid\" data-id=\"a7c5546\" data-element_type=\"widget\" data-e-type=\"widget\" data-widget_type=\"wgl-products-grid.default\">\n\t\t\t\t<div class=\"elementor-widget-container\">\n\t\t\t\t\t<section class=\"wgl_cpt_section wgl-products-grid woocommerce\"><div class=\"wgl-filter_wrapper product__filter isotope-filter filter-center\"><div class=\"swiper wgl-filter_swiper_wrapper\"><div class=\"swiper-wrapper\"><a href=\"#\" data-filter=\".product\" class=\"swiper-slide active\">Alle<span class=\"filter_counter\"><\/span><\/a><a class=\"swiper-slide\" href=\"https:\/\/dirigocoating.pl\/de\/produktkategorie\/bahn-de\/\" data-filter=\".product_cat-bahn-de\">Bahn<span class=\"filter_counter\"><\/span><\/a><a class=\"swiper-slide\" href=\"https:\/\/dirigocoating.pl\/de\/produktkategorie\/energy-solutions-de\/\" data-filter=\".product_cat-energy-solutions-de\">Energy Solutions<span class=\"filter_counter\"><\/span><\/a><a class=\"swiper-slide\" href=\"https:\/\/dirigocoating.pl\/de\/produktkategorie\/non-paint-de\/\" data-filter=\".product_cat-non-paint-de\">Non paint<span class=\"filter_counter\"><\/span><\/a><a class=\"swiper-slide\" href=\"https:\/\/dirigocoating.pl\/de\/produktkategorie\/nutzfahrzeuge\/\" data-filter=\".product_cat-nutzfahrzeuge\">Nutzfahrzeuge<span class=\"filter_counter\"><\/span><\/a><a class=\"swiper-slide\" href=\"https:\/\/dirigocoating.pl\/de\/produktkategorie\/reinigungsmittel\/\" data-filter=\".product_cat-reinigungsmittel\">Reinigungsmittel<span class=\"filter_counter\"><\/span><\/a><a class=\"swiper-slide\" href=\"https:\/\/dirigocoating.pl\/de\/produktkategorie\/zusatzstoffe-de\/\" data-filter=\".product_cat-zusatzstoffe-de\">Zusatzstoffe<span class=\"filter_counter\"><\/span><\/a><a class=\"swiper-slide\" href=\"https:\/\/dirigocoating.pl\/de\/produktkategorie\/marine-de\/\" data-filter=\".product_cat-marine-de\">Marine<span class=\"filter_counter\"><\/span><\/a><\/div><\/div><\/div><div class=\"wgl-woocommerce-sorting\"><\/div><div class=\"wgl-products-catalog wgl-products-wrapper\"><div class=\"wgl-products container-grid isotope fit_rows\"><div class=\"item product type-product post-11534 status-publish first instock product_cat-nutzfahrzeuge product_tag-cv-klar-de product_tag-klare-lacke has-post-thumbnail shipping-taxable product-type-simple\"><div class=\"woo_product_inner_wrapper\">            <div class=\"woo_product_image shop_media\">\r\n                <div class=\"picture no_effects\">                        <a class=\"woo_post-link\" href=\"https:\/\/dirigocoating.pl\/de\/produkt\/percotop-2k-hs-klarlack-schnell-trocknend-cs870\/\"><img decoding=\"async\" src=\"https:\/\/dirigocoating.pl\/wp-content\/uploads\/2025\/06\/cs-870-300x300-1-150x150.png\" alt=\"\" \/>                        <\/a>                <\/div>\r\n                <div class=\"wgl_woo_button_wrapper\"><a href=\"https:\/\/dirigocoating.pl\/de\/produkt\/percotop-2k-hs-klarlack-schnell-trocknend-cs870\/\" aria-describedby=\"woocommerce_loop_add_to_cart_link_describedby_11534\" data-quantity=\"1\" class=\"button product_type_simple with-border\" data-product_id=\"11534\" data-product_sku=\"\" aria-label=\"Lese mehr \u00fcber &#8222;PercoTop 2K HS Clearcoat Fast Drying CS870&#8220;\" rel=\"nofollow\" data-success_message=\"\">Weiterlesen<\/a>\t<span id=\"woocommerce_loop_add_to_cart_link_describedby_11534\" class=\"screen-reader-text\">\n\t\t\t<\/span>\n<\/div>            <\/div><div class=\"woo_product_content\"><h2 class=\"woocommerce-loop-product__title\"><a href=\"https:\/\/dirigocoating.pl\/de\/produkt\/percotop-2k-hs-klarlack-schnell-trocknend-cs870\/\" class=\"woocommerce-LoopProduct-link woocommerce-loop-product__link\">PercoTop 2K HS Clearcoat Fast Drying CS870<\/a><\/h2>\n<\/div><\/div><\/div><div class=\"item product type-product post-11537 status-publish instock product_cat-nutzfahrzeuge product_tag-cv-klar-de product_tag-klare-lacke has-post-thumbnail shipping-taxable product-type-simple\"><div class=\"woo_product_inner_wrapper\">            <div class=\"woo_product_image shop_media\">\r\n                <div class=\"picture no_effects\">                        <a class=\"woo_post-link\" href=\"https:\/\/dirigocoating.pl\/de\/produkt\/percotop-2k-hs-helacryl-klarlack-cs811\/\"><img decoding=\"async\" src=\"https:\/\/dirigocoating.pl\/wp-content\/uploads\/2025\/06\/cs-811-300x300-1-150x150.png\" alt=\"\" \/>                        <\/a>                <\/div>\r\n                <div class=\"wgl_woo_button_wrapper\"><a href=\"https:\/\/dirigocoating.pl\/de\/produkt\/percotop-2k-hs-helacryl-klarlack-cs811\/\" aria-describedby=\"woocommerce_loop_add_to_cart_link_describedby_11537\" data-quantity=\"1\" class=\"button product_type_simple with-border\" data-product_id=\"11537\" data-product_sku=\"\" aria-label=\"Lese mehr \u00fcber &#8222;PercoTop 2K HS Helacryl Clearcoat CS811&#8220;\" rel=\"nofollow\" data-success_message=\"\">Weiterlesen<\/a>\t<span id=\"woocommerce_loop_add_to_cart_link_describedby_11537\" class=\"screen-reader-text\">\n\t\t\t<\/span>\n<\/div>            <\/div><div class=\"woo_product_content\"><h2 class=\"woocommerce-loop-product__title\"><a href=\"https:\/\/dirigocoating.pl\/de\/produkt\/percotop-2k-hs-helacryl-klarlack-cs811\/\" class=\"woocommerce-LoopProduct-link woocommerce-loop-product__link\">PercoTop 2K HS Helacryl Clearcoat CS811<\/a><\/h2>\n<\/div><\/div><\/div><div class=\"item product type-product post-11531 status-publish instock product_cat-nutzfahrzeuge product_tag-cv-klar-de product_tag-klare-lacke has-post-thumbnail shipping-taxable product-type-simple\"><div class=\"woo_product_inner_wrapper\">            <div class=\"woo_product_image shop_media\">\r\n                <div class=\"picture no_effects\">                        <a class=\"woo_post-link\" href=\"https:\/\/dirigocoating.pl\/de\/produkt\/percotop-2k-hs-klarlack-cs808\/\"><img decoding=\"async\" src=\"https:\/\/dirigocoating.pl\/wp-content\/uploads\/2025\/06\/cs-808-300x300-1-150x150.png\" alt=\"\" \/>                        <\/a>                <\/div>\r\n                <div class=\"wgl_woo_button_wrapper\"><a href=\"https:\/\/dirigocoating.pl\/de\/produkt\/percotop-2k-hs-klarlack-cs808\/\" aria-describedby=\"woocommerce_loop_add_to_cart_link_describedby_11531\" data-quantity=\"1\" class=\"button product_type_simple with-border\" data-product_id=\"11531\" data-product_sku=\"\" aria-label=\"Lese mehr \u00fcber &#8222;PercoTop 2K HS Clearcoat CS808&#8220;\" rel=\"nofollow\" data-success_message=\"\">Weiterlesen<\/a>\t<span id=\"woocommerce_loop_add_to_cart_link_describedby_11531\" class=\"screen-reader-text\">\n\t\t\t<\/span>\n<\/div>            <\/div><div class=\"woo_product_content\"><h2 class=\"woocommerce-loop-product__title\"><a href=\"https:\/\/dirigocoating.pl\/de\/produkt\/percotop-2k-hs-klarlack-cs808\/\" class=\"woocommerce-LoopProduct-link woocommerce-loop-product__link\">PercoTop 2K HS Clearcoat CS808<\/a><\/h2>\n<\/div><\/div><\/div><div class=\"item product type-product post-11526 status-publish last instock product_cat-nutzfahrzeuge product_tag-cv-klar-de product_tag-klare-lacke has-post-thumbnail shipping-taxable product-type-simple\"><div class=\"woo_product_inner_wrapper\">            <div class=\"woo_product_image shop_media\">\r\n                <div class=\"picture no_effects\">                        <a class=\"woo_post-link\" href=\"https:\/\/dirigocoating.pl\/de\/produkt\/percotop-2k-hs-klarlack-cs805\/\"><img decoding=\"async\" src=\"https:\/\/dirigocoating.pl\/wp-content\/uploads\/2025\/06\/CS805_5-L_mid-300x300-1-150x150.jpg\" alt=\"\" \/>                        <\/a>                <\/div>\r\n                <div class=\"wgl_woo_button_wrapper\"><a href=\"https:\/\/dirigocoating.pl\/de\/produkt\/percotop-2k-hs-klarlack-cs805\/\" aria-describedby=\"woocommerce_loop_add_to_cart_link_describedby_11526\" data-quantity=\"1\" class=\"button product_type_simple with-border\" data-product_id=\"11526\" data-product_sku=\"\" aria-label=\"Lese mehr \u00fcber &#8222;PercoTop 2K HS Clearcoat CS805&#8220;\" rel=\"nofollow\" data-success_message=\"\">Weiterlesen<\/a>\t<span id=\"woocommerce_loop_add_to_cart_link_describedby_11526\" class=\"screen-reader-text\">\n\t\t\t<\/span>\n<\/div>            <\/div><div class=\"woo_product_content\"><h2 class=\"woocommerce-loop-product__title\"><a href=\"https:\/\/dirigocoating.pl\/de\/produkt\/percotop-2k-hs-klarlack-cs805\/\" class=\"woocommerce-LoopProduct-link woocommerce-loop-product__link\">PercoTop 2K HS Clearcoat CS805<\/a><\/h2>\n<\/div><\/div><\/div><div class=\"item product type-product post-11520 status-publish first instock product_cat-nutzfahrzeuge product_tag-cv-klar-de product_tag-klare-lacke has-post-thumbnail shipping-taxable product-type-simple\"><div class=\"woo_product_inner_wrapper\">            <div class=\"woo_product_image shop_media\">\r\n                <div class=\"picture no_effects\">                        <a class=\"woo_post-link\" href=\"https:\/\/dirigocoating.pl\/de\/produkt\/percotop-2k-ms-klarlack-cs803\/\"><img decoding=\"async\" src=\"https:\/\/dirigocoating.pl\/wp-content\/uploads\/2025\/06\/KPM-1-13346-39530-3621_mid-300x300-1-150x150.jpg\" alt=\"\" \/>                        <\/a>                <\/div>\r\n                <div class=\"wgl_woo_button_wrapper\"><a href=\"https:\/\/dirigocoating.pl\/de\/produkt\/percotop-2k-ms-klarlack-cs803\/\" aria-describedby=\"woocommerce_loop_add_to_cart_link_describedby_11520\" data-quantity=\"1\" class=\"button product_type_simple with-border\" data-product_id=\"11520\" data-product_sku=\"\" aria-label=\"Lese mehr \u00fcber &#8222;PercoTop 2K MS Clearcoat CS803&#8220;\" rel=\"nofollow\" data-success_message=\"\">Weiterlesen<\/a>\t<span id=\"woocommerce_loop_add_to_cart_link_describedby_11520\" class=\"screen-reader-text\">\n\t\t\t<\/span>\n<\/div>            <\/div><div class=\"woo_product_content\"><h2 class=\"woocommerce-loop-product__title\"><a href=\"https:\/\/dirigocoating.pl\/de\/produkt\/percotop-2k-ms-klarlack-cs803\/\" class=\"woocommerce-LoopProduct-link woocommerce-loop-product__link\">PercoTop 2K MS Clearcoat CS803<\/a><\/h2>\n<\/div><\/div><\/div><div class=\"item product type-product post-11523 status-publish instock product_cat-nutzfahrzeuge product_tag-cv-klar-de product_tag-klare-lacke has-post-thumbnail shipping-taxable product-type-simple\"><div class=\"woo_product_inner_wrapper\">            <div class=\"woo_product_image shop_media\">\r\n                <div class=\"picture no_effects\">                        <a class=\"woo_post-link\" href=\"https:\/\/dirigocoating.pl\/de\/produkt\/percotop-2k-ms-klarlack-cs802\/\"><img decoding=\"async\" src=\"https:\/\/dirigocoating.pl\/wp-content\/uploads\/2025\/06\/KPM-1-12349-39487-3601_mid-300x300-1-150x150.jpg\" alt=\"\" \/>                        <\/a>                <\/div>\r\n                <div class=\"wgl_woo_button_wrapper\"><a href=\"https:\/\/dirigocoating.pl\/de\/produkt\/percotop-2k-ms-klarlack-cs802\/\" aria-describedby=\"woocommerce_loop_add_to_cart_link_describedby_11523\" data-quantity=\"1\" class=\"button product_type_simple with-border\" data-product_id=\"11523\" data-product_sku=\"\" aria-label=\"Lese mehr \u00fcber &#8222;PercoTop 2K MS Clearcoat CS802&#8220;\" rel=\"nofollow\" data-success_message=\"\">Weiterlesen<\/a>\t<span id=\"woocommerce_loop_add_to_cart_link_describedby_11523\" class=\"screen-reader-text\">\n\t\t\t<\/span>\n<\/div>            <\/div><div class=\"woo_product_content\"><h2 class=\"woocommerce-loop-product__title\"><a href=\"https:\/\/dirigocoating.pl\/de\/produkt\/percotop-2k-ms-klarlack-cs802\/\" class=\"woocommerce-LoopProduct-link woocommerce-loop-product__link\">PercoTop 2K MS Clearcoat CS802<\/a><\/h2>\n<\/div><\/div><\/div><div class=\"item product type-product post-12195 status-publish instock product_cat-bahn-de product_tag-bezbarwny-wodny-de product_tag-klare-lacke product_tag-wasserverdunnbar-de has-post-thumbnail shipping-taxable product-type-simple\"><div class=\"woo_product_inner_wrapper\">            <div class=\"woo_product_image shop_media\">\r\n                <div class=\"picture no_effects\">                        <a class=\"woo_post-link\" href=\"https:\/\/dirigocoating.pl\/de\/produkt\/imron-hydro-clearcoat-hc300-2k-waterbased-clearcoat\/\"><img decoding=\"async\" src=\"https:\/\/dirigocoating.pl\/wp-content\/uploads\/2025\/06\/pur300-5-150x150.png\" alt=\"\" \/>                        <\/a>                <\/div>\r\n                <div class=\"wgl_woo_button_wrapper\"><a href=\"https:\/\/dirigocoating.pl\/de\/produkt\/imron-hydro-clearcoat-hc300-2k-waterbased-clearcoat\/\" aria-describedby=\"woocommerce_loop_add_to_cart_link_describedby_12195\" data-quantity=\"1\" class=\"button product_type_simple with-border\" data-product_id=\"12195\" data-product_sku=\"\" aria-label=\"Lese mehr \u00fcber &#8222;Imron Hydro Clearcoat HC300 2K Waterbased Clearcoat&#8220;\" rel=\"nofollow\" data-success_message=\"\">Weiterlesen<\/a>\t<span id=\"woocommerce_loop_add_to_cart_link_describedby_12195\" class=\"screen-reader-text\">\n\t\t\t<\/span>\n<\/div>            <\/div><div class=\"woo_product_content\"><h2 class=\"woocommerce-loop-product__title\"><a href=\"https:\/\/dirigocoating.pl\/de\/produkt\/imron-hydro-clearcoat-hc300-2k-waterbased-clearcoat\/\" class=\"woocommerce-LoopProduct-link woocommerce-loop-product__link\">Imron Hydro Clearcoat HC300 2K Waterbased Clearcoat<\/a><\/h2>\n<\/div><\/div><\/div><div class=\"item product type-product post-12185 status-publish last instock product_cat-bahn-de product_cat-nutzfahrzeuge product_tag-bezbarwny-solwent-de product_tag-cv-klar-de product_tag-klare-lacke product_tag-losungsmittel has-post-thumbnail shipping-taxable product-type-simple\"><div class=\"woo_product_inner_wrapper\">            <div class=\"woo_product_image shop_media\">\r\n                <div class=\"picture no_effects\">                        <a class=\"woo_post-link\" href=\"https:\/\/dirigocoating.pl\/de\/produkt\/percotop-cs807-spies-hecker-sh8330\/\"><img decoding=\"async\" src=\"https:\/\/dirigocoating.pl\/wp-content\/uploads\/2025\/06\/cs-807-300x300-1-150x150.png\" alt=\"\" \/>                        <\/a>                <\/div>\r\n                <div class=\"wgl_woo_button_wrapper\"><a href=\"https:\/\/dirigocoating.pl\/de\/produkt\/percotop-cs807-spies-hecker-sh8330\/\" aria-describedby=\"woocommerce_loop_add_to_cart_link_describedby_12185\" data-quantity=\"1\" class=\"button product_type_simple with-border\" data-product_id=\"12185\" data-product_sku=\"\" aria-label=\"Lese mehr \u00fcber &#8222;PercoTop CS807 \/ Spies Hecker SH8330&#8220;\" rel=\"nofollow\" data-success_message=\"\">Weiterlesen<\/a>\t<span id=\"woocommerce_loop_add_to_cart_link_describedby_12185\" class=\"screen-reader-text\">\n\t\t\t<\/span>\n<\/div>            <\/div><div class=\"woo_product_content\"><h2 class=\"woocommerce-loop-product__title\"><a href=\"https:\/\/dirigocoating.pl\/de\/produkt\/percotop-cs807-spies-hecker-sh8330\/\" class=\"woocommerce-LoopProduct-link woocommerce-loop-product__link\">PercoTop CS807 \/ Spies Hecker SH8330<\/a><\/h2>\n<\/div><\/div><\/div><div class=\"item product type-product post-12178 status-publish first instock product_cat-marine-de product_tag-klare-lacke has-post-thumbnail shipping-taxable product-type-simple\"><div class=\"woo_product_inner_wrapper\">            <div class=\"woo_product_image shop_media\">\r\n                <div class=\"picture no_effects\">                        <a class=\"woo_post-link\" href=\"https:\/\/dirigocoating.pl\/de\/produkt\/dp6940-imron-super-flow-hs-clearcoat\/\"><img decoding=\"async\" src=\"https:\/\/dirigocoating.pl\/wp-content\/uploads\/2025\/06\/1250068917-300x300-1-150x150.jpg\" alt=\"\" \/>                        <\/a>                <\/div>\r\n                <div class=\"wgl_woo_button_wrapper\"><a href=\"https:\/\/dirigocoating.pl\/de\/produkt\/dp6940-imron-super-flow-hs-clearcoat\/\" aria-describedby=\"woocommerce_loop_add_to_cart_link_describedby_12178\" data-quantity=\"1\" class=\"button product_type_simple with-border\" data-product_id=\"12178\" data-product_sku=\"\" aria-label=\"Lese mehr \u00fcber &#8222;DP6940 Imron\u00ae Super Flow HS Clearcoat&#8220;\" rel=\"nofollow\" data-success_message=\"\">Weiterlesen<\/a>\t<span id=\"woocommerce_loop_add_to_cart_link_describedby_12178\" class=\"screen-reader-text\">\n\t\t\t<\/span>\n<\/div>            <\/div><div class=\"woo_product_content\"><h2 class=\"woocommerce-loop-product__title\"><a href=\"https:\/\/dirigocoating.pl\/de\/produkt\/dp6940-imron-super-flow-hs-clearcoat\/\" class=\"woocommerce-LoopProduct-link woocommerce-loop-product__link\">DP6940 Imron\u00ae Super Flow HS Clearcoat<\/a><\/h2>\n<\/div><\/div><\/div><\/div><\/div><\/section>\t\t\t\t<\/div>\n\t\t\t\t<\/div>\n\t\t\t\t\t<\/div>\n\t\t\t\t<\/div>\n\t\t<div class=\"elementor-element elementor-element-5f9e776 e-flex e-con-boxed e-con e-parent\" data-id=\"5f9e776\" data-element_type=\"container\" data-e-type=\"container\">\n\t\t\t\t\t<div class=\"e-con-inner\">\n\t\t\t\t<div class=\"elementor-element elementor-element-3c634bf elementor-widget elementor-widget-text-editor\" data-id=\"3c634bf\" data-element_type=\"widget\" data-e-type=\"widget\" data-widget_type=\"text-editor.default\">\n\t\t\t\t<div class=\"elementor-widget-container\">\n\t\t\t\t\t\t\t\t\t<h3 data-start=\"1621\" data-end=\"1648\"><strong data-start=\"1625\" data-end=\"1646\">Klare Lacke<\/strong><\/h3><p data-start=\"1649\" data-end=\"1948\">Klarlacke, die langanhaltenden Glanz und Oberfl\u00e4chenbest\u00e4ndigkeit bieten. Sie werden als Endschicht beim Lackieren von Stra\u00dfenbahnen, Waggons, Motorbooten und Yachten sowie Nutzfahrzeugen (Busse, Lastwagen, Auflieger, Tankfahrzeuge), Motorr\u00e4dern und Quads eingesetzt. Sie sch\u00fctzen die Farbe, erh\u00f6hen die UV-Best\u00e4ndigkeit und erleichtern die Reinigung.  <\/p>\t\t\t\t\t\t\t\t<\/div>\n\t\t\t\t<\/div>\n\t\t\t\t\t<\/div>\n\t\t\t\t<\/div>\n\t\t\t\t<\/div>\n\t\t","protected":false},"excerpt":{"rendered":"<p>WszystkoDodatkiEnergy SolutionsKolejMarineNon PaintPojazdy u\u017cytkowe\u015arodki czyszcz\u0105ce Dowiedz si\u0119 wi\u0119cej PercoTop 2K HS Clearcoat Fast Drying CS870 Dowiedz si\u0119 wi\u0119cej PercoTop 2K HS Helacryl Clearcoat CS811 Dowiedz si\u0119 wi\u0119cej PercoTop 2K HS Clearcoat CS808 Dowiedz si\u0119 wi\u0119cej PercoTop 2K HS Clearcoat CS805 Dowiedz si\u0119 wi\u0119cej PercoTop 2K MS Clearcoat CS803 Dowiedz si\u0119 wi\u0119cej PercoTop 2K MS Clearcoat [&hellip;]<\/p>\n","protected":false},"author":1,"featured_media":0,"parent":0,"menu_order":0,"comment_status":"closed","ping_status":"closed","template":"","meta":{"footnotes":""},"class_list":["post-12080","page","type-page","status-publish","hentry"],"_links":{"self":[{"href":"https:\/\/dirigocoating.pl\/de\/wp-json\/wp\/v2\/pages\/12080"}],"collection":[{"href":"https:\/\/dirigocoating.pl\/de\/wp-json\/wp\/v2\/pages"}],"about":[{"href":"https:\/\/dirigocoating.pl\/de\/wp-json\/wp\/v2\/types\/page"}],"author":[{"embeddable":true,"href":"https:\/\/dirigocoating.pl\/de\/wp-json\/wp\/v2\/users\/1"}],"replies":[{"embeddable":true,"href":"https:\/\/dirigocoating.pl\/de\/wp-json\/wp\/v2\/comments?post=12080"}],"version-history":[{"count":1,"href":"https:\/\/dirigocoating.pl\/de\/wp-json\/wp\/v2\/pages\/12080\/revisions"}],"predecessor-version":[{"id":12081,"href":"https:\/\/dirigocoating.pl\/de\/wp-json\/wp\/v2\/pages\/12080\/revisions\/12081"}],"wp:attachment":[{"href":"https:\/\/dirigocoating.pl\/de\/wp-json\/wp\/v2\/media?parent=12080"}],"curies":[{"name":"wp","href":"https:\/\/api.w.org\/{rel}","templated":true}]}}