{"id":12082,"date":"2025-06-16T07:07:11","date_gmt":"2025-06-16T07:07:11","guid":{"rendered":"https:\/\/dirigocoating.pl\/basislacke\/"},"modified":"2025-08-19T11:06:44","modified_gmt":"2025-08-19T11:06:44","slug":"basislacke","status":"publish","type":"page","link":"https:\/\/dirigocoating.pl\/de\/basislacke\/","title":{"rendered":"Basislacke"},"content":{"rendered":"\t\t<div data-elementor-type=\"wp-page\" data-elementor-id=\"12082\" class=\"elementor elementor-12082 elementor-6962\">\n\t\t\t\t<div class=\"elementor-element elementor-element-142d669 e-flex e-con-boxed e-con e-parent\" data-id=\"142d669\" data-element_type=\"container\" data-e-type=\"container\">\n\t\t\t\t\t<div class=\"e-con-inner\">\n\t\t\t\t<div class=\"elementor-element elementor-element-7e8a927 columns-3 columns-tablet-2 columns-mobile-1 elementor-widget elementor-widget-wgl-products-grid\" data-id=\"7e8a927\" data-element_type=\"widget\" data-e-type=\"widget\" data-widget_type=\"wgl-products-grid.default\">\n\t\t\t\t<div class=\"elementor-widget-container\">\n\t\t\t\t\t<section class=\"wgl_cpt_section wgl-products-grid woocommerce\"><div class=\"wgl-filter_wrapper product__filter isotope-filter filter-center\"><div class=\"swiper wgl-filter_swiper_wrapper\"><div class=\"swiper-wrapper\"><a href=\"#\" data-filter=\".product\" class=\"swiper-slide active\">Alle<span class=\"filter_counter\"><\/span><\/a><a class=\"swiper-slide\" href=\"https:\/\/dirigocoating.pl\/de\/produktkategorie\/bahn-de\/\" data-filter=\".product_cat-bahn-de\">Bahn<span class=\"filter_counter\"><\/span><\/a><a class=\"swiper-slide\" href=\"https:\/\/dirigocoating.pl\/de\/produktkategorie\/energy-solutions-de\/\" data-filter=\".product_cat-energy-solutions-de\">Energy Solutions<span class=\"filter_counter\"><\/span><\/a><a class=\"swiper-slide\" href=\"https:\/\/dirigocoating.pl\/de\/produktkategorie\/non-paint-de\/\" data-filter=\".product_cat-non-paint-de\">Non paint<span class=\"filter_counter\"><\/span><\/a><a class=\"swiper-slide\" href=\"https:\/\/dirigocoating.pl\/de\/produktkategorie\/nutzfahrzeuge\/\" data-filter=\".product_cat-nutzfahrzeuge\">Nutzfahrzeuge<span class=\"filter_counter\"><\/span><\/a><a class=\"swiper-slide\" href=\"https:\/\/dirigocoating.pl\/de\/produktkategorie\/reinigungsmittel\/\" data-filter=\".product_cat-reinigungsmittel\">Reinigungsmittel<span class=\"filter_counter\"><\/span><\/a><a class=\"swiper-slide\" href=\"https:\/\/dirigocoating.pl\/de\/produktkategorie\/zusatzstoffe-de\/\" data-filter=\".product_cat-zusatzstoffe-de\">Zusatzstoffe<span class=\"filter_counter\"><\/span><\/a><a class=\"swiper-slide\" href=\"https:\/\/dirigocoating.pl\/de\/produktkategorie\/marine-de\/\" data-filter=\".product_cat-marine-de\">Marine<span class=\"filter_counter\"><\/span><\/a><\/div><\/div><\/div><div class=\"wgl-products-catalog wgl-products-wrapper\"><div class=\"wgl-products container-grid isotope fit_rows\"><div class=\"item product type-product post-11497 status-publish first instock product_cat-nutzfahrzeuge product_tag-cvbasis-de product_tag-grundanstriche-de has-post-thumbnail shipping-taxable product-type-simple\"><div class=\"woo_product_inner_wrapper\">            <div class=\"woo_product_image shop_media\">\r\n                <div class=\"picture no_effects\">                        <a class=\"woo_post-link\" href=\"https:\/\/dirigocoating.pl\/de\/produkt\/percotop-basislack\/\"><img decoding=\"async\" src=\"https:\/\/dirigocoating.pl\/wp-content\/uploads\/2025\/06\/KPM-1-36626-136363-27558_mid_480_0_300_RGB-300x300-1-150x150.jpg\" alt=\"\" \/>                        <\/a>                <\/div>\r\n                <div class=\"wgl_woo_button_wrapper\"><a href=\"https:\/\/dirigocoating.pl\/de\/produkt\/percotop-basislack\/\" aria-describedby=\"woocommerce_loop_add_to_cart_link_describedby_11497\" data-quantity=\"1\" class=\"button product_type_simple with-border\" data-product_id=\"11497\" data-product_sku=\"\" aria-label=\"Lese mehr \u00fcber &#8222;PercoTop Basecoat&#8220;\" rel=\"nofollow\" data-success_message=\"\">Weiterlesen<\/a>\t<span id=\"woocommerce_loop_add_to_cart_link_describedby_11497\" class=\"screen-reader-text\">\n\t\t\t<\/span>\n<\/div>            <\/div><div class=\"woo_product_content\"><h2 class=\"woocommerce-loop-product__title\"><a href=\"https:\/\/dirigocoating.pl\/de\/produkt\/percotop-basislack\/\" class=\"woocommerce-LoopProduct-link woocommerce-loop-product__link\">PercoTop Basecoat<\/a><\/h2>\n<\/div><\/div><\/div><div class=\"item product type-product post-11491 status-publish instock product_cat-nutzfahrzeuge product_tag-cvbasis-de product_tag-grundanstriche-de has-post-thumbnail shipping-taxable product-type-simple\"><div class=\"woo_product_inner_wrapper\">            <div class=\"woo_product_image shop_media\">\r\n                <div class=\"picture no_effects\">                        <a class=\"woo_post-link\" href=\"https:\/\/dirigocoating.pl\/de\/produkt\/centari-6000\/\"><img decoding=\"async\" src=\"https:\/\/dirigocoating.pl\/wp-content\/uploads\/2025\/06\/6000-150x150.png\" alt=\"\" \/>                        <\/a>                <\/div>\r\n                <div class=\"wgl_woo_button_wrapper\"><a href=\"https:\/\/dirigocoating.pl\/de\/produkt\/centari-6000\/\" aria-describedby=\"woocommerce_loop_add_to_cart_link_describedby_11491\" data-quantity=\"1\" class=\"button product_type_simple with-border\" data-product_id=\"11491\" data-product_sku=\"\" aria-label=\"Lese mehr \u00fcber &#8222;Centari 6000&#8220;\" rel=\"nofollow\" data-success_message=\"\">Weiterlesen<\/a>\t<span id=\"woocommerce_loop_add_to_cart_link_describedby_11491\" class=\"screen-reader-text\">\n\t\t\t<\/span>\n<\/div>            <\/div><div class=\"woo_product_content\"><h2 class=\"woocommerce-loop-product__title\"><a href=\"https:\/\/dirigocoating.pl\/de\/produkt\/centari-6000\/\" class=\"woocommerce-LoopProduct-link woocommerce-loop-product__link\">Centari 6000<\/a><\/h2>\n<\/div><\/div><\/div><div class=\"item product type-product post-12194 status-publish instock product_cat-bahn-de product_tag-grundanstriche-de product_tag-wasserverdunnbar-de product_tag-water-base-de has-post-thumbnail shipping-taxable product-type-simple\"><div class=\"woo_product_inner_wrapper\">            <div class=\"woo_product_image shop_media\">\r\n                <div class=\"picture no_effects\">                        <a class=\"woo_post-link\" href=\"https:\/\/dirigocoating.pl\/de\/produkt\/imron-hydrobasecoat-8200\/\"><img decoding=\"async\" src=\"https:\/\/dirigocoating.pl\/wp-content\/uploads\/2025\/06\/imron-8200-150x150.png\" alt=\"\" \/>                        <\/a>                <\/div>\r\n                <div class=\"wgl_woo_button_wrapper\"><a href=\"https:\/\/dirigocoating.pl\/de\/produkt\/imron-hydrobasecoat-8200\/\" aria-describedby=\"woocommerce_loop_add_to_cart_link_describedby_12194\" data-quantity=\"1\" class=\"button product_type_simple with-border\" data-product_id=\"12194\" data-product_sku=\"\" aria-label=\"Lese mehr \u00fcber &#8222;Imron HydroBaseCoat 8200&#8220;\" rel=\"nofollow\" data-success_message=\"\">Weiterlesen<\/a>\t<span id=\"woocommerce_loop_add_to_cart_link_describedby_12194\" class=\"screen-reader-text\">\n\t\t\t<\/span>\n<\/div>            <\/div><div class=\"woo_product_content\"><h2 class=\"woocommerce-loop-product__title\"><a href=\"https:\/\/dirigocoating.pl\/de\/produkt\/imron-hydrobasecoat-8200\/\" class=\"woocommerce-LoopProduct-link woocommerce-loop-product__link\">Imron HydroBaseCoat 8200<\/a><\/h2>\n<\/div><\/div><\/div><div class=\"item product type-product post-12191 status-publish last instock product_cat-bahn-de product_tag-grundanstriche-de product_tag-wasserverdunnbar-de product_tag-water-base-de has-post-thumbnail shipping-taxable product-type-simple\"><div class=\"woo_product_inner_wrapper\">            <div class=\"woo_product_image shop_media\">\r\n                <div class=\"picture no_effects\">                        <a class=\"woo_post-link\" href=\"https:\/\/dirigocoating.pl\/de\/produkt\/imron-hydrobasecoat-7230\/\"><img decoding=\"async\" src=\"https:\/\/dirigocoating.pl\/wp-content\/uploads\/2025\/06\/imron-7230-150x150.png\" alt=\"\" \/>                        <\/a>                <\/div>\r\n                <div class=\"wgl_woo_button_wrapper\"><a href=\"https:\/\/dirigocoating.pl\/de\/produkt\/imron-hydrobasecoat-7230\/\" aria-describedby=\"woocommerce_loop_add_to_cart_link_describedby_12191\" data-quantity=\"1\" class=\"button product_type_simple with-border\" data-product_id=\"12191\" data-product_sku=\"\" aria-label=\"Lese mehr \u00fcber &#8222;Imron HydroBaseCoat 7230&#8220;\" rel=\"nofollow\" data-success_message=\"\">Weiterlesen<\/a>\t<span id=\"woocommerce_loop_add_to_cart_link_describedby_12191\" class=\"screen-reader-text\">\n\t\t\t<\/span>\n<\/div>            <\/div><div class=\"woo_product_content\"><h2 class=\"woocommerce-loop-product__title\"><a href=\"https:\/\/dirigocoating.pl\/de\/produkt\/imron-hydrobasecoat-7230\/\" class=\"woocommerce-LoopProduct-link woocommerce-loop-product__link\">Imron HydroBaseCoat 7230<\/a><\/h2>\n<\/div><\/div><\/div><div class=\"item product type-product post-12183 status-publish first instock product_cat-bahn-de product_tag-baza-solwent-de product_tag-grundanstriche-de product_tag-losungsmittel has-post-thumbnail shipping-taxable product-type-simple\"><div class=\"woo_product_inner_wrapper\">            <div class=\"woo_product_image shop_media\">\r\n                <div class=\"picture no_effects\">                        <a class=\"woo_post-link\" href=\"https:\/\/dirigocoating.pl\/de\/produkt\/centari-600\/\"><img decoding=\"async\" src=\"https:\/\/dirigocoating.pl\/wp-content\/uploads\/2025\/06\/centaari600-150x150.png\" alt=\"\" \/>                        <\/a>                <\/div>\r\n                <div class=\"wgl_woo_button_wrapper\"><a href=\"https:\/\/dirigocoating.pl\/de\/produkt\/centari-600\/\" aria-describedby=\"woocommerce_loop_add_to_cart_link_describedby_12183\" data-quantity=\"1\" class=\"button product_type_simple with-border\" data-product_id=\"12183\" data-product_sku=\"\" aria-label=\"Lese mehr \u00fcber &#8222;Centari 600&#8220;\" rel=\"nofollow\" data-success_message=\"\">Weiterlesen<\/a>\t<span id=\"woocommerce_loop_add_to_cart_link_describedby_12183\" class=\"screen-reader-text\">\n\t\t\t<\/span>\n<\/div>            <\/div><div class=\"woo_product_content\"><h2 class=\"woocommerce-loop-product__title\"><a href=\"https:\/\/dirigocoating.pl\/de\/produkt\/centari-600\/\" class=\"woocommerce-LoopProduct-link woocommerce-loop-product__link\">Centari 600<\/a><\/h2>\n<\/div><\/div><\/div><div class=\"item product type-product post-12145 status-publish instock product_cat-marine-de product_tag-grundanstriche-de has-post-thumbnail shipping-taxable product-type-simple\"><div class=\"woo_product_inner_wrapper\">            <div class=\"woo_product_image shop_media\">\r\n                <div class=\"picture no_effects\">                        <a class=\"woo_post-link\" href=\"https:\/\/dirigocoating.pl\/de\/produkt\/basecoat-imron-marine\/\"><img decoding=\"async\" src=\"https:\/\/dirigocoating.pl\/wp-content\/uploads\/2025\/06\/marine-base-coat-300x300-1-150x150.png\" alt=\"\" \/>                        <\/a>                <\/div>\r\n                <div class=\"wgl_woo_button_wrapper\"><a href=\"https:\/\/dirigocoating.pl\/de\/produkt\/basecoat-imron-marine\/\" aria-describedby=\"woocommerce_loop_add_to_cart_link_describedby_12145\" data-quantity=\"1\" class=\"button product_type_simple with-border\" data-product_id=\"12145\" data-product_sku=\"\" aria-label=\"Lese mehr \u00fcber &#8222;Basecoat Imron Marine&#8220;\" rel=\"nofollow\" data-success_message=\"\">Weiterlesen<\/a>\t<span id=\"woocommerce_loop_add_to_cart_link_describedby_12145\" class=\"screen-reader-text\">\n\t\t\t<\/span>\n<\/div>            <\/div><div class=\"woo_product_content\"><h2 class=\"woocommerce-loop-product__title\"><a href=\"https:\/\/dirigocoating.pl\/de\/produkt\/basecoat-imron-marine\/\" class=\"woocommerce-LoopProduct-link woocommerce-loop-product__link\">Basecoat Imron Marine<\/a><\/h2>\n<\/div><\/div><\/div><\/div><\/div><\/section>\t\t\t\t<\/div>\n\t\t\t\t<\/div>\n\t\t\t\t\t<\/div>\n\t\t\t\t<\/div>\n\t\t<div class=\"elementor-element elementor-element-7e20072 e-flex e-con-boxed e-con e-parent\" data-id=\"7e20072\" data-element_type=\"container\" data-e-type=\"container\">\n\t\t\t\t\t<div class=\"e-con-inner\">\n\t\t\t\t<div class=\"elementor-element elementor-element-a09d762 elementor-widget elementor-widget-text-editor\" data-id=\"a09d762\" data-element_type=\"widget\" data-e-type=\"widget\" data-widget_type=\"text-editor.default\">\n\t\t\t\t<div class=\"elementor-widget-container\">\n\t\t\t\t\t\t\t\t\t<h3 data-start=\"970\" data-end=\"994\"><strong data-start=\"974\" data-end=\"992\">Basislacke<\/strong><\/h3><p data-start=\"995\" data-end=\"1299\">Basislacke, die intensive, langlebige Farben bieten, ideal f\u00fcr Schienenfahrzeuge, Boote, Busse, Lastwagen, Motorr\u00e4der, Quads und Sonderfahrzeuge. Dank der gro\u00dfen Farbauswahl und der M\u00f6glichkeit zur pr\u00e4zisen Farbangleichung eignen sie sich sowohl f\u00fcr die Produktion als auch f\u00fcr Renovierungen. <\/p>\t\t\t\t\t\t\t\t<\/div>\n\t\t\t\t<\/div>\n\t\t\t\t\t<\/div>\n\t\t\t\t<\/div>\n\t\t\t\t<\/div>\n\t\t","protected":false},"excerpt":{"rendered":"<p>WszystkoDodatkiEnergy SolutionsKolejMarineNon PaintPojazdy u\u017cytkowe\u015arodki czyszcz\u0105ce Dowiedz si\u0119 wi\u0119cej PercoTop Basecoat Dowiedz si\u0119 wi\u0119cej Centari 6000 Dowiedz si\u0119 wi\u0119cej Imron HydroBaseCoat 8200 Dowiedz si\u0119 wi\u0119cej Imron HydroBaseCoat 7230 Dowiedz si\u0119 wi\u0119cej Centari 600 Dowiedz si\u0119 wi\u0119cej Basecoat Imron Marine Basislacke Basislacke, die intensive, langlebige Farben bieten, ideal f\u00fcr Schienenfahrzeuge, Boote, Busse, Lastwagen, Motorr\u00e4der, Quads und Sonderfahrzeuge. [&hellip;]<\/p>\n","protected":false},"author":1,"featured_media":0,"parent":0,"menu_order":0,"comment_status":"closed","ping_status":"closed","template":"","meta":{"footnotes":""},"class_list":["post-12082","page","type-page","status-publish","hentry"],"_links":{"self":[{"href":"https:\/\/dirigocoating.pl\/de\/wp-json\/wp\/v2\/pages\/12082"}],"collection":[{"href":"https:\/\/dirigocoating.pl\/de\/wp-json\/wp\/v2\/pages"}],"about":[{"href":"https:\/\/dirigocoating.pl\/de\/wp-json\/wp\/v2\/types\/page"}],"author":[{"embeddable":true,"href":"https:\/\/dirigocoating.pl\/de\/wp-json\/wp\/v2\/users\/1"}],"replies":[{"embeddable":true,"href":"https:\/\/dirigocoating.pl\/de\/wp-json\/wp\/v2\/comments?post=12082"}],"version-history":[{"count":3,"href":"https:\/\/dirigocoating.pl\/de\/wp-json\/wp\/v2\/pages\/12082\/revisions"}],"predecessor-version":[{"id":12085,"href":"https:\/\/dirigocoating.pl\/de\/wp-json\/wp\/v2\/pages\/12082\/revisions\/12085"}],"wp:attachment":[{"href":"https:\/\/dirigocoating.pl\/de\/wp-json\/wp\/v2\/media?parent=12082"}],"curies":[{"name":"wp","href":"https:\/\/api.w.org\/{rel}","templated":true}]}}