{"id":11217,"date":"2025-07-24T09:38:52","date_gmt":"2025-07-24T09:38:52","guid":{"rendered":"https:\/\/dirigocoating.pl\/produkt\/percotop-cs400-mehrzweckreiniger\/"},"modified":"2025-08-21T07:36:05","modified_gmt":"2025-08-21T07:36:05","slug":"percotop-cs400-mehrzweckreiniger","status":"publish","type":"product","link":"https:\/\/dirigocoating.pl\/de\/produkt\/percotop-cs400-mehrzweckreiniger\/","title":{"rendered":"PercoTop CS400 Multicleaner"},"content":{"rendered":"<p>PercoTop\u00ae CS400 Multicleaner ist eine schnell verdunstende Verbindung.<\/p>\n<p>Wird haupts\u00e4chlich zur Entfernung von \u00d6l- und Fettr\u00fcckst\u00e4nden verwendet.<\/p>\n<p> TDS<\/p>\n","protected":false},"excerpt":{"rendered":"<p><span>Allzweckentferner zur Entfernung von \u00d6l-, Fett- und Schmiermittelr\u00fcckst\u00e4nden von Oberfl\u00e4chen vor dem Lackieren.<\/span><\/p>\n","protected":false},"featured_media":11220,"template":"","meta":[],"product_brand":[],"product_cat":[175],"product_tag":[],"class_list":{"0":"post-11217","1":"product","2":"type-product","3":"status-publish","4":"has-post-thumbnail","6":"product_cat-reinigungsmittel","8":"first","9":"instock","10":"shipping-taxable","11":"product-type-simple"},"_links":{"self":[{"href":"https:\/\/dirigocoating.pl\/de\/wp-json\/wp\/v2\/product\/11217"}],"collection":[{"href":"https:\/\/dirigocoating.pl\/de\/wp-json\/wp\/v2\/product"}],"about":[{"href":"https:\/\/dirigocoating.pl\/de\/wp-json\/wp\/v2\/types\/product"}],"wp:featuredmedia":[{"embeddable":true,"href":"https:\/\/dirigocoating.pl\/de\/wp-json\/wp\/v2\/media\/11220"}],"wp:attachment":[{"href":"https:\/\/dirigocoating.pl\/de\/wp-json\/wp\/v2\/media?parent=11217"}],"wp:term":[{"taxonomy":"product_brand","embeddable":true,"href":"https:\/\/dirigocoating.pl\/de\/wp-json\/wp\/v2\/product_brand?post=11217"},{"taxonomy":"product_cat","embeddable":true,"href":"https:\/\/dirigocoating.pl\/de\/wp-json\/wp\/v2\/product_cat?post=11217"},{"taxonomy":"product_tag","embeddable":true,"href":"https:\/\/dirigocoating.pl\/de\/wp-json\/wp\/v2\/product_tag?post=11217"}],"curies":[{"name":"wp","href":"https:\/\/api.w.org\/{rel}","templated":true}]}}