{"id":11338,"date":"2025-07-23T10:38:38","date_gmt":"2025-07-23T10:38:38","guid":{"rendered":"https:\/\/dirigocoating.pl\/produkt\/voltatex-4224-l\/"},"modified":"2025-08-06T12:16:43","modified_gmt":"2025-08-06T12:16:43","slug":"voltatex-4224-l","status":"publish","type":"product","link":"https:\/\/dirigocoating.pl\/de\/produkt\/voltatex-4224-l\/","title":{"rendered":"Voltatex 4224 L"},"content":{"rendered":"<p><span style=\"font-weight: 400;\">Produktkriterien<\/span><\/p>\n<p><span style=\"font-weight: 400;\">Thermische Klasse:<\/span><\/p>\n<ul>\n<li style=\"font-weight: 400;\" aria-level=\"1\"><span style=\"font-weight: 400;\">180 \u00b0C<\/span><\/li>\n<\/ul>\n<p><span style=\"font-weight: 400;\">Anwendung:<\/span><\/p>\n<ul>\n<li style=\"font-weight: 400;\" aria-level=\"1\"><span style=\"font-weight: 400;\">Immersionsverfahren und Gl\u00fchen<\/span><\/li>\n<li style=\"font-weight: 400;\" aria-level=\"1\"><span style=\"font-weight: 400;\">Tropfmethode<\/span><\/li>\n<li style=\"font-weight: 400;\" aria-level=\"1\"><span style=\"font-weight: 400;\">Roll-and-Dip-Verfahren<\/span><\/li>\n<li style=\"font-weight: 400;\" aria-level=\"1\"><span style=\"font-weight: 400;\">Vakuumimpr\u00e4gnierung<\/span><\/li>\n<li style=\"font-weight: 400;\" aria-level=\"1\"><span style=\"font-weight: 400;\">VPI &#8211; Druck- und Vakuumimpr\u00e4gnierung<\/span><\/li>\n<li style=\"font-weight: 400;\" aria-level=\"1\"><span style=\"font-weight: 400;\">Hei\u00dftauchen<\/span><\/li>\n<\/ul>\n<p><span style=\"font-weight: 400;\">Zielmarkt:<\/span><\/p>\n<ul>\n<li style=\"font-weight: 400;\" aria-level=\"1\"><span style=\"font-weight: 400;\">Autofahren<\/span><\/li>\n<li style=\"font-weight: 400;\" aria-level=\"1\"><span style=\"font-weight: 400;\">Motoren (Statoren, Rotoren)<\/span><\/li>\n<li style=\"font-weight: 400;\" aria-level=\"1\"><span style=\"font-weight: 400;\">Niederspannung<\/span><\/li>\n<li style=\"font-weight: 400;\" aria-level=\"1\"><span style=\"font-weight: 400;\">Transformatoren<\/span><\/li>\n<li style=\"font-weight: 400;\" aria-level=\"1\"><span style=\"font-weight: 400;\">Stromerzeuger<\/span><\/li>\n<li style=\"font-weight: 400;\" aria-level=\"1\"><span style=\"font-weight: 400;\">Windenergie<\/span><\/li>\n<\/ul>\n<p><span style=\"font-weight: 400;\">Auswirkungen auf die Umwelt:<\/span><\/p>\n<ul>\n<li style=\"font-weight: 400;\" aria-level=\"1\"><span style=\"font-weight: 400;\">VOC-frei<\/span><\/li>\n<li style=\"font-weight: 400;\" aria-level=\"1\"><span style=\"font-weight: 400;\">styrolfrei<\/span><\/li>\n<li style=\"font-weight: 400;\" aria-level=\"1\"><span style=\"font-weight: 400;\">ohne Vinyltoluol<\/span><\/li>\n<li style=\"font-weight: 400;\" aria-level=\"1\"><span style=\"font-weight: 400;\">niedrige Emissionen<\/span><\/li>\n<\/ul>\n<p>&nbsp;<\/p>\n","protected":false},"excerpt":{"rendered":"<p>Voltatex\u00ae 4224 L ist ein wei\u00dfes bis beiges, einkomponentiges, gebrauchsfertiges, w\u00e4rmeh\u00e4rtendes Impr\u00e4gnierharz, frei von Styrol und Vinyltoluol, mit verbesserter W\u00e4rmeleitf\u00e4higkeit und Best\u00e4ndigkeit gegen unvollst\u00e4ndige Entladung.<\/p>\n","protected":false},"featured_media":11339,"template":"","meta":[],"product_brand":[],"product_cat":[188],"product_tag":[191,189,190],"class_list":{"0":"post-11338","1":"product","2":"type-product","3":"status-publish","4":"has-post-thumbnail","6":"product_cat-energy-solutions-de","7":"product_tag-emissionsarmes-harz","8":"product_tag-impragnierharze","9":"product_tag-voltatex-de","11":"first","12":"instock","13":"shipping-taxable","14":"product-type-simple"},"_links":{"self":[{"href":"https:\/\/dirigocoating.pl\/de\/wp-json\/wp\/v2\/product\/11338"}],"collection":[{"href":"https:\/\/dirigocoating.pl\/de\/wp-json\/wp\/v2\/product"}],"about":[{"href":"https:\/\/dirigocoating.pl\/de\/wp-json\/wp\/v2\/types\/product"}],"wp:featuredmedia":[{"embeddable":true,"href":"https:\/\/dirigocoating.pl\/de\/wp-json\/wp\/v2\/media\/11339"}],"wp:attachment":[{"href":"https:\/\/dirigocoating.pl\/de\/wp-json\/wp\/v2\/media?parent=11338"}],"wp:term":[{"taxonomy":"product_brand","embeddable":true,"href":"https:\/\/dirigocoating.pl\/de\/wp-json\/wp\/v2\/product_brand?post=11338"},{"taxonomy":"product_cat","embeddable":true,"href":"https:\/\/dirigocoating.pl\/de\/wp-json\/wp\/v2\/product_cat?post=11338"},{"taxonomy":"product_tag","embeddable":true,"href":"https:\/\/dirigocoating.pl\/de\/wp-json\/wp\/v2\/product_tag?post=11338"}],"curies":[{"name":"wp","href":"https:\/\/api.w.org\/{rel}","templated":true}]}}