{"id":11360,"date":"2025-07-23T10:28:01","date_gmt":"2025-07-23T10:28:01","guid":{"rendered":"https:\/\/dirigocoating.pl\/produkt\/voltatex-4200\/"},"modified":"2025-08-06T12:17:24","modified_gmt":"2025-08-06T12:17:24","slug":"voltatex-4200","status":"publish","type":"product","link":"https:\/\/dirigocoating.pl\/de\/produkt\/voltatex-4200\/","title":{"rendered":"Voltatex 4200"},"content":{"rendered":"<p data-start=\"0\" data-end=\"21\"><strong data-start=\"0\" data-end=\"21\">Produktkriterien<\/strong><\/p>\n<p data-start=\"23\" data-end=\"45\"><strong data-start=\"23\" data-end=\"43\">Thermische Klasse:<\/strong><\/p>\n<ul data-start=\"46\" data-end=\"56\">\n<li data-start=\"46\" data-end=\"56\">\n<p data-start=\"48\" data-end=\"56\">220 \u00b0C<\/p>\n<\/li>\n<\/ul>\n<p data-start=\"58\" data-end=\"77\"><strong data-start=\"58\" data-end=\"75\">Anwendung:<\/strong><\/p>\n<ul data-start=\"78\" data-end=\"257\">\n<li data-start=\"78\" data-end=\"115\">\n<p data-start=\"80\" data-end=\"115\">Immersionsverfahren und Gl\u00fchen<\/p>\n<\/li>\n<li data-start=\"116\" data-end=\"134\">\n<p data-start=\"118\" data-end=\"134\">Tropfmethode<\/p>\n<\/li>\n<li data-start=\"135\" data-end=\"165\">\n<p data-start=\"137\" data-end=\"165\">Roll-and-Dip-Verfahren<\/p>\n<\/li>\n<li data-start=\"166\" data-end=\"191\">\n<p data-start=\"168\" data-end=\"191\">Vakuumimpr\u00e4gnierung<\/p>\n<\/li>\n<li data-start=\"192\" data-end=\"235\">\n<p data-start=\"194\" data-end=\"235\">VPI &#8211; Druck- und Vakuumimpr\u00e4gnierung<\/p>\n<\/li>\n<li data-start=\"236\" data-end=\"257\">\n<p data-start=\"238\" data-end=\"257\">Hei\u00dftauchen<\/p>\n<\/li>\n<\/ul>\n<p data-start=\"259\" data-end=\"280\"><strong data-start=\"259\" data-end=\"278\">Zielmarkt:<\/strong><\/p>\n<ul data-start=\"281\" data-end=\"386\">\n<li data-start=\"281\" data-end=\"311\">\n<p data-start=\"283\" data-end=\"311\">Motoren (Statoren, Rotoren)<\/p>\n<\/li>\n<li data-start=\"312\" data-end=\"331\">\n<p data-start=\"314\" data-end=\"331\">Niederspannung<\/p>\n<\/li>\n<li data-start=\"332\" data-end=\"355\">\n<p data-start=\"334\" data-end=\"355\">Windenergie<\/p>\n<\/li>\n<li data-start=\"356\" data-end=\"370\">\n<p data-start=\"358\" data-end=\"370\">Stromerzeuger<\/p>\n<\/li>\n<li data-start=\"371\" data-end=\"386\">\n<p data-start=\"373\" data-end=\"386\">Autofahren<\/p>\n<\/li>\n<\/ul>\n<p data-start=\"388\" data-end=\"414\"><strong data-start=\"388\" data-end=\"412\">Auswirkungen auf die Umwelt:<\/strong><\/p>\n<ul data-start=\"415\" data-end=\"485\" data-is-last-node=\"\" data-is-only-node=\"\">\n<li data-start=\"415\" data-end=\"432\">\n<p data-start=\"417\" data-end=\"432\">VOC-frei<\/p>\n<\/li>\n<li data-start=\"433\" data-end=\"448\">\n<p data-start=\"435\" data-end=\"448\">styrolfrei<\/p>\n<\/li>\n<li data-start=\"449\" data-end=\"470\">\n<p data-start=\"451\" data-end=\"470\">ohne Vinyltoluol<\/p>\n<\/li>\n<li data-start=\"471\" data-end=\"485\" data-is-last-node=\"\">\n<p data-start=\"473\" data-end=\"485\" data-is-last-node=\"\">niedrige Emissionen<\/p>\n<\/li>\n<\/ul>\n<p><a class=\"wgl-button btn-size-sm \" role=\"button\" href=\"https:\/\/dirigocoating.pl\/wp-content\/uploads\/2025\/07\/Voltatex-4200_EN_July-2024.pdf\">TDS<\/a><\/p>\n","protected":false},"excerpt":{"rendered":"<p>Voltatex\u00ae 4200 ist ein klares bis leicht tr\u00fcbes, gelblich-braunes, einkomponentiges, gebrauchsfertiges, w\u00e4rmeh\u00e4rtendes Impr\u00e4gnierharz, das weder Styrol noch Vinyltoluol enth\u00e4lt.<\/p>\n","protected":false},"featured_media":11361,"template":"","meta":[],"product_brand":[],"product_cat":[188],"product_tag":[191,189,190],"class_list":{"0":"post-11360","1":"product","2":"type-product","3":"status-publish","4":"has-post-thumbnail","6":"product_cat-energy-solutions-de","7":"product_tag-emissionsarmes-harz","8":"product_tag-impragnierharze","9":"product_tag-voltatex-de","11":"first","12":"instock","13":"shipping-taxable","14":"product-type-simple"},"_links":{"self":[{"href":"https:\/\/dirigocoating.pl\/de\/wp-json\/wp\/v2\/product\/11360"}],"collection":[{"href":"https:\/\/dirigocoating.pl\/de\/wp-json\/wp\/v2\/product"}],"about":[{"href":"https:\/\/dirigocoating.pl\/de\/wp-json\/wp\/v2\/types\/product"}],"wp:featuredmedia":[{"embeddable":true,"href":"https:\/\/dirigocoating.pl\/de\/wp-json\/wp\/v2\/media\/11361"}],"wp:attachment":[{"href":"https:\/\/dirigocoating.pl\/de\/wp-json\/wp\/v2\/media?parent=11360"}],"wp:term":[{"taxonomy":"product_brand","embeddable":true,"href":"https:\/\/dirigocoating.pl\/de\/wp-json\/wp\/v2\/product_brand?post=11360"},{"taxonomy":"product_cat","embeddable":true,"href":"https:\/\/dirigocoating.pl\/de\/wp-json\/wp\/v2\/product_cat?post=11360"},{"taxonomy":"product_tag","embeddable":true,"href":"https:\/\/dirigocoating.pl\/de\/wp-json\/wp\/v2\/product_tag?post=11360"}],"curies":[{"name":"wp","href":"https:\/\/api.w.org\/{rel}","templated":true}]}}