{"id":11375,"date":"2025-06-17T09:16:39","date_gmt":"2025-06-17T09:16:39","guid":{"rendered":"https:\/\/dirigocoating.pl\/produkt\/percotop-2k-epoxid-hs-hochleistungsbeschichtung-cs591\/"},"modified":"2025-08-21T07:44:58","modified_gmt":"2025-08-21T07:44:58","slug":"percotop-2k-epoxid-hs-hochleistungsbeschichtung-cs591","status":"publish","type":"product","link":"https:\/\/dirigocoating.pl\/de\/produkt\/percotop-2k-epoxid-hs-hochleistungsbeschichtung-cs591\/","title":{"rendered":"PercoTop 2K Epoxy HS High Build Coating CS591"},"content":{"rendered":"<p data-start=\"34\" data-end=\"52\"><strong data-start=\"34\" data-end=\"50\">Eigenschaften:<\/strong><\/p>\n<ul data-start=\"53\" data-end=\"450\" data-is-last-node=\"\" data-is-only-node=\"\">\n<li data-start=\"53\" data-end=\"220\">\n<p data-start=\"55\" data-end=\"220\">PercoTop\u00ae CS591 Epoxy HS High Build Coating ist eine dickschichtige, korrosionsbest\u00e4ndige Zweikomponentenfarbe auf Basis von Epoxidharzen.<\/p>\n<\/li>\n<li data-start=\"221\" data-end=\"327\">\n<p data-start=\"223\" data-end=\"327\">Es hat eine ausgezeichnete Best\u00e4ndigkeit gegen Feuchtigkeit, Witterungseinfl\u00fcsse und mechanische Belastungen.<\/p>\n<\/li>\n<li data-start=\"328\" data-end=\"450\" data-is-last-node=\"\">\n<p data-start=\"330\" data-end=\"450\" data-is-last-node=\"\">Bietet einen wirksamen Korrosionsschutz f\u00fcr handgeschrubbte Oberfl\u00e4chen (St3 nach DIN EN ISO 12944-4).<\/p>\n<\/li>\n<\/ul>\n<p><a class=\"wgl-button btn-size-sm \" role=\"button\" href=\"https:\/\/dirigocoating.pl\/wp-content\/uploads\/2025\/07\/EN-CS591.pdf\">TDS<\/a><\/p>\n","protected":false},"excerpt":{"rendered":"<p><span>Es handelt sich um eine hoch korrosionsbest\u00e4ndige 2K-Oberfl\u00e4chenfarbe auf Epoxidharzbasis. Er hat eine hervorragende Best\u00e4ndigkeit gegen Feuchtigkeit, Witterung und mechanische Beanspruchung. Ausgezeichneter Korrosionsschutz f\u00fcr verrostete Oberfl\u00e4chen (St3 nach DIN EN ISO 12944-4).  <\/span><\/p>\n","protected":false},"featured_media":10224,"template":"","meta":[],"product_brand":[],"product_cat":[205],"product_tag":[209,207],"class_list":{"0":"post-11375","1":"product","2":"type-product","3":"status-publish","4":"has-post-thumbnail","6":"product_cat-nutzfahrzeuge","7":"product_tag-cv-grundierung-de","8":"product_tag-grundierungen-de","10":"first","11":"instock","12":"shipping-taxable","13":"product-type-simple"},"_links":{"self":[{"href":"https:\/\/dirigocoating.pl\/de\/wp-json\/wp\/v2\/product\/11375"}],"collection":[{"href":"https:\/\/dirigocoating.pl\/de\/wp-json\/wp\/v2\/product"}],"about":[{"href":"https:\/\/dirigocoating.pl\/de\/wp-json\/wp\/v2\/types\/product"}],"wp:featuredmedia":[{"embeddable":true,"href":"https:\/\/dirigocoating.pl\/de\/wp-json\/wp\/v2\/media\/10224"}],"wp:attachment":[{"href":"https:\/\/dirigocoating.pl\/de\/wp-json\/wp\/v2\/media?parent=11375"}],"wp:term":[{"taxonomy":"product_brand","embeddable":true,"href":"https:\/\/dirigocoating.pl\/de\/wp-json\/wp\/v2\/product_brand?post=11375"},{"taxonomy":"product_cat","embeddable":true,"href":"https:\/\/dirigocoating.pl\/de\/wp-json\/wp\/v2\/product_cat?post=11375"},{"taxonomy":"product_tag","embeddable":true,"href":"https:\/\/dirigocoating.pl\/de\/wp-json\/wp\/v2\/product_tag?post=11375"}],"curies":[{"name":"wp","href":"https:\/\/api.w.org\/{rel}","templated":true}]}}