{"id":11379,"date":"2025-06-17T09:14:34","date_gmt":"2025-06-17T09:14:34","guid":{"rendered":"https:\/\/dirigocoating.pl\/produkt\/percotop-2k-epoxid-zp-hochleistungsbeschichtung-cs582\/"},"modified":"2025-08-21T07:48:37","modified_gmt":"2025-08-21T07:48:37","slug":"percotop-2k-epoxid-zp-hochleistungsbeschichtung-cs582","status":"publish","type":"product","link":"https:\/\/dirigocoating.pl\/de\/produkt\/percotop-2k-epoxid-zp-hochleistungsbeschichtung-cs582\/","title":{"rendered":"PercoTop 2K Epoxy ZP High Build Coating CS582"},"content":{"rendered":"<p data-start=\"34\" data-end=\"52\"><strong data-start=\"34\" data-end=\"50\">Eigenschaften:<\/strong><\/p>\n<ul data-start=\"53\" data-end=\"564\" data-is-last-node=\"\" data-is-only-node=\"\">\n<li data-start=\"53\" data-end=\"272\">\n<p data-start=\"55\" data-end=\"272\">PercoTop\u00ae CS582 Epoxy ZP High Build Coating ist ein zweikomponentiger, dickschichtiger Grundwerkstoff auf Epoxidharzbasis f\u00fcr den Korrosionsschutz von Stahlkonstruktionen und Industrieanlagen.<\/p>\n<\/li>\n<li data-start=\"273\" data-end=\"310\">\n<p data-start=\"275\" data-end=\"310\">Schnell trocknendes Beschichtungsmaterial.<\/p>\n<\/li>\n<li data-start=\"311\" data-end=\"401\">\n<p data-start=\"313\" data-end=\"401\">Verarbeitung und Aush\u00e4rtung sind auch bei ung\u00fcnstigen Witterungsverh\u00e4ltnissen m\u00f6glich.<\/p>\n<\/li>\n<li data-start=\"402\" data-end=\"486\">\n<p data-start=\"404\" data-end=\"486\">Die Beschichtung ist mechanisch widerstandsf\u00e4hig und haftet hervorragend.<\/p>\n<\/li>\n<li data-start=\"487\" data-end=\"564\" data-is-last-node=\"\">\n<p data-start=\"489\" data-end=\"564\" data-is-last-node=\"\">Gepr\u00fcft nach 687.02; 687.06 gem\u00e4\u00df Seite 87 der TL\/TP-Kor-Stahlbauten.<\/p>\n<\/li>\n<\/ul>\n<p><a class=\"wgl-button btn-size-sm \" role=\"button\" href=\"https:\/\/dirigocoating.pl\/wp-content\/uploads\/2025\/07\/EN-CS582.pdf\">TDS<\/a><\/p>\n","protected":false},"excerpt":{"rendered":"<p><span>2K EP PercoTop\u00ae EP ZP Basic Epoxy Primer ist eine dickschichtige Grundierung auf Epoxidharzbasis, die f\u00fcr den Korrosionsschutz von Stahlkonstruktionen und Industrieanlagen entwickelt wurde.<\/span><\/p>\n","protected":false},"featured_media":10230,"template":"","meta":[],"product_brand":[],"product_cat":[205],"product_tag":[209,207],"class_list":{"0":"post-11379","1":"product","2":"type-product","3":"status-publish","4":"has-post-thumbnail","6":"product_cat-nutzfahrzeuge","7":"product_tag-cv-grundierung-de","8":"product_tag-grundierungen-de","10":"first","11":"instock","12":"shipping-taxable","13":"product-type-simple"},"_links":{"self":[{"href":"https:\/\/dirigocoating.pl\/de\/wp-json\/wp\/v2\/product\/11379"}],"collection":[{"href":"https:\/\/dirigocoating.pl\/de\/wp-json\/wp\/v2\/product"}],"about":[{"href":"https:\/\/dirigocoating.pl\/de\/wp-json\/wp\/v2\/types\/product"}],"wp:featuredmedia":[{"embeddable":true,"href":"https:\/\/dirigocoating.pl\/de\/wp-json\/wp\/v2\/media\/10230"}],"wp:attachment":[{"href":"https:\/\/dirigocoating.pl\/de\/wp-json\/wp\/v2\/media?parent=11379"}],"wp:term":[{"taxonomy":"product_brand","embeddable":true,"href":"https:\/\/dirigocoating.pl\/de\/wp-json\/wp\/v2\/product_brand?post=11379"},{"taxonomy":"product_cat","embeddable":true,"href":"https:\/\/dirigocoating.pl\/de\/wp-json\/wp\/v2\/product_cat?post=11379"},{"taxonomy":"product_tag","embeddable":true,"href":"https:\/\/dirigocoating.pl\/de\/wp-json\/wp\/v2\/product_tag?post=11379"}],"curies":[{"name":"wp","href":"https:\/\/api.w.org\/{rel}","templated":true}]}}