{"id":11380,"date":"2025-07-07T09:50:22","date_gmt":"2025-07-07T09:50:22","guid":{"rendered":"https:\/\/dirigocoating.pl\/produkt\/onebond-pu-express-30\/"},"modified":"2025-08-06T12:22:33","modified_gmt":"2025-08-06T12:22:33","slug":"onebond-pu-express-30","status":"publish","type":"product","link":"https:\/\/dirigocoating.pl\/de\/produkt\/onebond-pu-express-30\/","title":{"rendered":"OneBond PU EXPRESS 30"},"content":{"rendered":"<p>WICHTIGSTE <strong data-start=\"231\" data-end=\"263\">PRODUKTEIGENSCHAFTEN<\/strong><br data-start=\"263\" data-end=\"266\">&#8211; Betriebsbereitschaftszeit 30 min (T\u00dcV-zertifizierter FMVSS 212 Crashtest)<br data-start=\"351\" data-end=\"354\">&#8211; Hoher Modulus (bietet zus\u00e4tzliche Steifigkeit f\u00fcr die Fahrzeugkarosserie)<br data-start=\"417\" data-end=\"420\">&#8211; Nicht leitend, bietet Korrosionsschutz<br data-start=\"467\" data-end=\"470\">&#8211; Volle Klebekraft wird nach 24 Stunden erreicht<br data-start=\"518\" data-end=\"521\">&#8211; Offene Zeit 15 min bei 23\u00b0C 50% RH<br data-start=\"556\" data-end=\"559\">&#8211; Thixotrop, flie\u00dft nicht<br data-start=\"585\" data-end=\"588\">&#8211; H\u00e4lt Temperaturen bis zu +100\u00b0C stand<br data-start=\"622\" data-end=\"625\">&#8211; L\u00f6semittelfrei und geruchsneutral<br data-start=\"658\" data-end=\"661\">&#8211; Schwarze Farbe<br data-start=\"675\" data-end=\"678\">&#8211; Erfordert Glasgrundierung (PU PRIMER 5)<br data-start=\"725\" data-end=\"728\">&#8211; Haltbarkeit 12 Monate bei Lagerung in Originalverpackung bei 5\u00baC-25\u00baC<\/p>\n","protected":false},"excerpt":{"rendered":"<p>OneBond PU Express 30 ist ein hochmoduliger, nicht leitf\u00e4higer Polyurethanklebstoff, der f\u00fcr die Verklebung von Glas entwickelt wurde. Er hat eine Bereitschaftszeit von 30 Minuten und ist f\u00fcr den FMVSS 212 Crashtest zertifiziert und wird f\u00fcr den Glasaustausch bei h\u00f6herwertigen Fahrzeugen empfohlen.  <\/p>\n","protected":false},"featured_media":11012,"template":"","meta":[],"product_brand":[],"product_cat":[215],"product_tag":[218,216,217],"class_list":{"0":"post-11380","1":"product","2":"type-product","3":"status-publish","4":"has-post-thumbnail","6":"product_cat-non-paint-de","7":"product_tag-cv-klebstoffe-de","8":"product_tag-klebstoffe","9":"product_tag-verglasungsklebstoffe-de","11":"first","12":"instock","13":"shipping-taxable","14":"product-type-simple"},"_links":{"self":[{"href":"https:\/\/dirigocoating.pl\/de\/wp-json\/wp\/v2\/product\/11380"}],"collection":[{"href":"https:\/\/dirigocoating.pl\/de\/wp-json\/wp\/v2\/product"}],"about":[{"href":"https:\/\/dirigocoating.pl\/de\/wp-json\/wp\/v2\/types\/product"}],"wp:featuredmedia":[{"embeddable":true,"href":"https:\/\/dirigocoating.pl\/de\/wp-json\/wp\/v2\/media\/11012"}],"wp:attachment":[{"href":"https:\/\/dirigocoating.pl\/de\/wp-json\/wp\/v2\/media?parent=11380"}],"wp:term":[{"taxonomy":"product_brand","embeddable":true,"href":"https:\/\/dirigocoating.pl\/de\/wp-json\/wp\/v2\/product_brand?post=11380"},{"taxonomy":"product_cat","embeddable":true,"href":"https:\/\/dirigocoating.pl\/de\/wp-json\/wp\/v2\/product_cat?post=11380"},{"taxonomy":"product_tag","embeddable":true,"href":"https:\/\/dirigocoating.pl\/de\/wp-json\/wp\/v2\/product_tag?post=11380"}],"curies":[{"name":"wp","href":"https:\/\/api.w.org\/{rel}","templated":true}]}}