{"id":11383,"date":"2025-07-07T09:59:12","date_gmt":"2025-07-07T09:59:12","guid":{"rendered":"https:\/\/dirigocoating.pl\/produkt\/onebond-pu-fast-120\/"},"modified":"2025-08-06T12:22:36","modified_gmt":"2025-08-06T12:22:36","slug":"onebond-pu-fast-120","status":"publish","type":"product","link":"https:\/\/dirigocoating.pl\/de\/produkt\/onebond-pu-fast-120\/","title":{"rendered":"OneBond PU FAST 120"},"content":{"rendered":"<p>WICHTIGSTE <strong data-start=\"574\" data-end=\"606\">PRODUKTEIGENSCHAFTEN<\/strong><br data-start=\"606\" data-end=\"609\">&#8211; Betriebsbereitschaftszeit 120 min \/ 2 Stunden (Crashtest nach FMVSS 212)<br data-start=\"692\" data-end=\"695\">&#8211; Hohe Flexibilit\u00e4t &#8211; empfohlen f\u00fcr d\u00fcnnwandige Bleche in Nutzfahrzeugen<br data-start=\"785\" data-end=\"788\">&#8211; Hoher Modulus (sorgt f\u00fcr zus\u00e4tzliche Steifigkeit der Fahrzeugkarosserie)<br data-start=\"851\" data-end=\"854\">&#8211; Geringe Leitf\u00e4higkeit, bietet Schutz vor Korrosion<br data-start=\"905\" data-end=\"908\">&#8211; Offene Zeit 25 min bei 23\u00b0C 50% RH<br data-start=\"943\" data-end=\"946\">&#8211; Thixotrop, l\u00e4uft nicht aus<br data-start=\"972\" data-end=\"975\">&#8211; H\u00e4lt Temperaturen bis zu +100\u00b0C stand<br data-start=\"1009\" data-end=\"1012\">&#8211; L\u00f6sungsmittel- und geruchlos<br data-start=\"1045\" data-end=\"1048\">&#8211; Schwarze Farbe<br data-start=\"1062\" data-end=\"1065\">&#8211; Erfordert die Verwendung von Glasprimer (PU PRIMER 5)<br data-start=\"1112\" data-end=\"1115\">&#8211; Haltbarkeit 12 Monate bei Lagerung in Originalverpackung bei 5\u00baC-25\u00baC<\/p>\n","protected":false},"excerpt":{"rendered":"<p>OneBond PU Fast 120 ist ein hochflexibler Polyurethan-Klebstoff, der sich ideal f\u00fcr den Austausch von Autoglas und die strukturelle Verklebung von d\u00fcnnwandigen Metallplatten in Nutzfahrzeugen eignet. Er zeichnet sich durch eine Aush\u00e4rtezeit von 2 Stunden und eine offene Zeit von 25 Minuten aus. Erh\u00e4ltlich in schwarz in 310 ml Aluminiumkartuschen.  <\/p>\n","protected":false},"featured_media":11384,"template":"","meta":[],"product_brand":[],"product_cat":[215],"product_tag":[218,216,217],"class_list":{"0":"post-11383","1":"product","2":"type-product","3":"status-publish","4":"has-post-thumbnail","6":"product_cat-non-paint-de","7":"product_tag-cv-klebstoffe-de","8":"product_tag-klebstoffe","9":"product_tag-verglasungsklebstoffe-de","11":"first","12":"instock","13":"shipping-taxable","14":"product-type-simple"},"_links":{"self":[{"href":"https:\/\/dirigocoating.pl\/de\/wp-json\/wp\/v2\/product\/11383"}],"collection":[{"href":"https:\/\/dirigocoating.pl\/de\/wp-json\/wp\/v2\/product"}],"about":[{"href":"https:\/\/dirigocoating.pl\/de\/wp-json\/wp\/v2\/types\/product"}],"wp:featuredmedia":[{"embeddable":true,"href":"https:\/\/dirigocoating.pl\/de\/wp-json\/wp\/v2\/media\/11384"}],"wp:attachment":[{"href":"https:\/\/dirigocoating.pl\/de\/wp-json\/wp\/v2\/media?parent=11383"}],"wp:term":[{"taxonomy":"product_brand","embeddable":true,"href":"https:\/\/dirigocoating.pl\/de\/wp-json\/wp\/v2\/product_brand?post=11383"},{"taxonomy":"product_cat","embeddable":true,"href":"https:\/\/dirigocoating.pl\/de\/wp-json\/wp\/v2\/product_cat?post=11383"},{"taxonomy":"product_tag","embeddable":true,"href":"https:\/\/dirigocoating.pl\/de\/wp-json\/wp\/v2\/product_tag?post=11383"}],"curies":[{"name":"wp","href":"https:\/\/api.w.org\/{rel}","templated":true}]}}