{"id":11390,"date":"2025-07-07T10:01:12","date_gmt":"2025-07-07T10:01:12","guid":{"rendered":"https:\/\/dirigocoating.pl\/produkt\/onebond-pu-power-180\/"},"modified":"2025-08-06T12:22:41","modified_gmt":"2025-08-06T12:22:41","slug":"onebond-pu-power-180","status":"publish","type":"product","link":"https:\/\/dirigocoating.pl\/de\/produkt\/onebond-pu-power-180\/","title":{"rendered":"OneBond PU POWER 180"},"content":{"rendered":"<p>WICHTIGSTE <strong data-start=\"515\" data-end=\"547\">PRODUKTEIGENSCHAFTEN<\/strong><br data-start=\"547\" data-end=\"550\">&#8211; Betriebsbereitschaftszeit 180 min \/ 3 Stunden (Crashtest nach FMVSS 212)<br data-start=\"633\" data-end=\"636\">&#8211; Lange offene Zeit &#8211; 35 min bei 23\u00b0C 50% RH<br data-start=\"679\" data-end=\"682\">&#8211; Hervorragend geeignet f\u00fcr station\u00e4re Anwendungen (Busse, LKWs, Transporter)<br data-start=\"756\" data-end=\"759\">&#8211; Hoher Modulus (sorgt f\u00fcr zus\u00e4tzliche Steifigkeit der Fahrzeugkarosserie)<br data-start=\"822\" data-end=\"825\">&#8211; Geringe Leitf\u00e4higkeit, bietet Schutz vor Korrosion<br data-start=\"876\" data-end=\"879\">&#8211; Volle Klebekraft wird nach 24 Stunden erreicht<br data-start=\"927\" data-end=\"930\">&#8211; Thixotrop, l\u00e4uft nicht aus<br data-start=\"956\" data-end=\"959\">&#8211; H\u00e4lt Temperaturen bis zu +100\u00b0C stand<br data-start=\"993\" data-end=\"996\">&#8211; L\u00f6semittelfrei und geruchsneutral<br data-start=\"1029\" data-end=\"1032\">&#8211; Schwarze Farbe<br data-start=\"1046\" data-end=\"1049\">&#8211; Erfordert die Verwendung von Glasprimer (PU PRIMER 5)<br data-start=\"1096\" data-end=\"1099\">&#8211; Haltbarkeit 12 Monate bei Lagerung in Originalverpackung bei 5\u00baC-25\u00baC<\/p>\n","protected":false},"excerpt":{"rendered":"<p>OneBond PU Power 180 zeichnet sich durch eine Standby-Zeit von 3 Stunden und eine offene Zeit von 35 Minuten aus. Es eignet sich ideal f\u00fcr Anwendungen, die l\u00e4ngere Montagezyklen erfordern &#8211; wie z. B. der station\u00e4re Glasaustausch bei Bussen, Lkw und Transportern. <\/p>\n","protected":false},"featured_media":11392,"template":"","meta":[],"product_brand":[],"product_cat":[215],"product_tag":[218,216,217],"class_list":{"0":"post-11390","1":"product","2":"type-product","3":"status-publish","4":"has-post-thumbnail","6":"product_cat-non-paint-de","7":"product_tag-cv-klebstoffe-de","8":"product_tag-klebstoffe","9":"product_tag-verglasungsklebstoffe-de","11":"first","12":"instock","13":"shipping-taxable","14":"product-type-simple"},"_links":{"self":[{"href":"https:\/\/dirigocoating.pl\/de\/wp-json\/wp\/v2\/product\/11390"}],"collection":[{"href":"https:\/\/dirigocoating.pl\/de\/wp-json\/wp\/v2\/product"}],"about":[{"href":"https:\/\/dirigocoating.pl\/de\/wp-json\/wp\/v2\/types\/product"}],"wp:featuredmedia":[{"embeddable":true,"href":"https:\/\/dirigocoating.pl\/de\/wp-json\/wp\/v2\/media\/11392"}],"wp:attachment":[{"href":"https:\/\/dirigocoating.pl\/de\/wp-json\/wp\/v2\/media?parent=11390"}],"wp:term":[{"taxonomy":"product_brand","embeddable":true,"href":"https:\/\/dirigocoating.pl\/de\/wp-json\/wp\/v2\/product_brand?post=11390"},{"taxonomy":"product_cat","embeddable":true,"href":"https:\/\/dirigocoating.pl\/de\/wp-json\/wp\/v2\/product_cat?post=11390"},{"taxonomy":"product_tag","embeddable":true,"href":"https:\/\/dirigocoating.pl\/de\/wp-json\/wp\/v2\/product_tag?post=11390"}],"curies":[{"name":"wp","href":"https:\/\/api.w.org\/{rel}","templated":true}]}}