{"id":11393,"date":"2025-07-07T09:56:26","date_gmt":"2025-07-07T09:56:26","guid":{"rendered":"https:\/\/dirigocoating.pl\/produkt\/onebond-ms-rapid-60\/"},"modified":"2025-08-06T12:22:42","modified_gmt":"2025-08-06T12:22:42","slug":"onebond-ms-rapid-60","status":"publish","type":"product","link":"https:\/\/dirigocoating.pl\/de\/produkt\/onebond-ms-rapid-60\/","title":{"rendered":"OneBond MS RAPID 60"},"content":{"rendered":"<p>KEY <strong data-start=\"431\" data-end=\"471\">PRODUCT FEATURES<\/strong><br data-start=\"471\" data-end=\"474\">&#8211; Fahrbereitschaftszeit 60 min \/ 1 Stunde (T\u00dcV best\u00e4tigt FMVSS 212 Crashtest)<br data-start=\"570\" data-end=\"573\">&#8211; Keine Grundierung erforderlich<br data-start=\"601\" data-end=\"604\">&#8211; Hoher Elastizit\u00e4tsmodul (sorgt f\u00fcr zus\u00e4tzliche Steifigkeit der Fahrzeugkarosserie)<br data-start=\"680\" data-end=\"683\">&#8211; Nicht leitend, bietet Korrosionsschutz<br data-start=\"731\" data-end=\"734\">&#8211; Volle Haftung nach 24 Stunden erreicht<br data-start=\"779\" data-end=\"782\">&#8211; Offene Zeit 15 min bei Temp. 23\u00baC 50% RH<br data-start=\"823\" data-end=\"826\">&#8211; Thixotrop, flie\u00dft nicht<br data-start=\"852\" data-end=\"855\">&#8211; Temperaturbest\u00e4ndig bis +100\u00b0C<br data-start=\"889\" data-end=\"892\">&#8211; L\u00f6sungsmittel- und geruchsneutral<br data-start=\"928\" data-end=\"931\">&#8211; Farbe schwarz<br data-start=\"945\" data-end=\"948\">&#8211; Lagerf\u00e4higkeit 12 Monate bei Lagerung im unge\u00f6ffneten Originalgebinde bei 5\u00baC-25\u00baC<\/p>\n","protected":false},"excerpt":{"rendered":"<p>OneBond MS Rapid 60 ist ein Hochmodulklebstoff, der keine Grundierung erfordert. Er hat eine offene Zeit von 15 Minuten und ist nach einer Stunde einsatzbereit. Er hat ein Crash-Test-Zertifikat FMVSS 212, zertifiziert durch den T\u00dcV.  <\/p>\n","protected":false},"featured_media":11395,"template":"","meta":[],"product_brand":[],"product_cat":[215],"product_tag":[218,216,217],"class_list":{"0":"post-11393","1":"product","2":"type-product","3":"status-publish","4":"has-post-thumbnail","6":"product_cat-non-paint-de","7":"product_tag-cv-klebstoffe-de","8":"product_tag-klebstoffe","9":"product_tag-verglasungsklebstoffe-de","11":"first","12":"instock","13":"shipping-taxable","14":"product-type-simple"},"_links":{"self":[{"href":"https:\/\/dirigocoating.pl\/de\/wp-json\/wp\/v2\/product\/11393"}],"collection":[{"href":"https:\/\/dirigocoating.pl\/de\/wp-json\/wp\/v2\/product"}],"about":[{"href":"https:\/\/dirigocoating.pl\/de\/wp-json\/wp\/v2\/types\/product"}],"wp:featuredmedia":[{"embeddable":true,"href":"https:\/\/dirigocoating.pl\/de\/wp-json\/wp\/v2\/media\/11395"}],"wp:attachment":[{"href":"https:\/\/dirigocoating.pl\/de\/wp-json\/wp\/v2\/media?parent=11393"}],"wp:term":[{"taxonomy":"product_brand","embeddable":true,"href":"https:\/\/dirigocoating.pl\/de\/wp-json\/wp\/v2\/product_brand?post=11393"},{"taxonomy":"product_cat","embeddable":true,"href":"https:\/\/dirigocoating.pl\/de\/wp-json\/wp\/v2\/product_cat?post=11393"},{"taxonomy":"product_tag","embeddable":true,"href":"https:\/\/dirigocoating.pl\/de\/wp-json\/wp\/v2\/product_tag?post=11393"}],"curies":[{"name":"wp","href":"https:\/\/api.w.org\/{rel}","templated":true}]}}