{"id":11420,"date":"2025-07-23T09:57:49","date_gmt":"2025-07-23T09:57:49","guid":{"rendered":"https:\/\/dirigocoating.pl\/produkt\/voltatex-4030\/"},"modified":"2025-08-25T12:28:25","modified_gmt":"2025-08-25T12:28:25","slug":"voltatex-4030","status":"publish","type":"product","link":"https:\/\/dirigocoating.pl\/de\/produkt\/voltatex-4030\/","title":{"rendered":"Voltatex 4030"},"content":{"rendered":"<p data-start=\"0\" data-end=\"21\"><strong data-start=\"0\" data-end=\"21\">Produktkriterien<\/strong><\/p>\n<p data-start=\"23\" data-end=\"45\"><strong data-start=\"23\" data-end=\"43\">Thermische Klasse:<\/strong><\/p>\n<ul data-start=\"46\" data-end=\"56\">\n<li data-start=\"46\" data-end=\"56\">\n<p data-start=\"48\" data-end=\"56\">180 \u00b0C<\/p>\n<\/li>\n<\/ul>\n<p data-start=\"58\" data-end=\"77\"><strong data-start=\"58\" data-end=\"75\">Anwendung:<\/strong><\/p>\n<ul data-start=\"78\" data-end=\"185\">\n<li data-start=\"78\" data-end=\"115\">\n<p data-start=\"80\" data-end=\"115\">Immersionsverfahren und Gl\u00fchen<\/p>\n<\/li>\n<li data-start=\"116\" data-end=\"141\">\n<p data-start=\"118\" data-end=\"141\">Vakuumimpr\u00e4gnierung<\/p>\n<\/li>\n<li data-start=\"142\" data-end=\"185\">\n<p data-start=\"144\" data-end=\"185\">VPI &#8211; Druck- und Vakuumimpr\u00e4gnierung<\/p>\n<\/li>\n<\/ul>\n<p data-start=\"187\" data-end=\"208\"><strong data-start=\"187\" data-end=\"206\">Zielmarkt:<\/strong><\/p>\n<ul data-start=\"209\" data-end=\"302\">\n<li data-start=\"209\" data-end=\"239\">\n<p data-start=\"211\" data-end=\"239\">Motoren (Statoren, Rotoren)<\/p>\n<\/li>\n<li data-start=\"240\" data-end=\"259\">\n<p data-start=\"242\" data-end=\"259\">Niederspannung<\/p>\n<\/li>\n<li data-start=\"260\" data-end=\"283\">\n<p data-start=\"262\" data-end=\"283\">Windenergie<\/p>\n<\/li>\n<li data-start=\"284\" data-end=\"302\">\n<p data-start=\"286\" data-end=\"302\">Transformatoren<\/p>\n<\/li>\n<\/ul>\n<p data-start=\"304\" data-end=\"330\"><strong data-start=\"304\" data-end=\"328\">Auswirkungen auf die Umwelt:<\/strong><\/p>\n<ul data-start=\"331\" data-end=\"350\" data-is-last-node=\"\" data-is-only-node=\"\">\n<li data-start=\"331\" data-end=\"350\" data-is-last-node=\"\">\n<p data-start=\"333\" data-end=\"350\" data-is-last-node=\"\">ohne Vinyltoluol<\/p>\n<\/li>\n<\/ul>\n","protected":false},"excerpt":{"rendered":"<p>Voltatex\u00ae 4030 ist ein gelbes, tr\u00fcbes, einkomponentiges, gebrauchsfertiges, duroplastisches Impr\u00e4gnierharz. Es zeichnet sich durch eine hohe Leistungsf\u00e4higkeit aufgrund seiner g\u00fcnstigen Aush\u00e4rtungsbedingungen und eine hervorragende Impr\u00e4gnierwirkung bei geringem Materialverbrauch aufgrund seiner strukturviskosen Formulierung aus.<\/p>\n","protected":false},"featured_media":11422,"template":"","meta":[],"product_brand":[],"product_cat":[188],"product_tag":[189,225,190],"class_list":{"0":"post-11420","1":"product","2":"type-product","3":"status-publish","4":"has-post-thumbnail","6":"product_cat-energy-solutions-de","7":"product_tag-impragnierharze","8":"product_tag-styrol-verdunnte-harze","9":"product_tag-voltatex-de","11":"first","12":"instock","13":"shipping-taxable","14":"product-type-simple"},"_links":{"self":[{"href":"https:\/\/dirigocoating.pl\/de\/wp-json\/wp\/v2\/product\/11420"}],"collection":[{"href":"https:\/\/dirigocoating.pl\/de\/wp-json\/wp\/v2\/product"}],"about":[{"href":"https:\/\/dirigocoating.pl\/de\/wp-json\/wp\/v2\/types\/product"}],"wp:featuredmedia":[{"embeddable":true,"href":"https:\/\/dirigocoating.pl\/de\/wp-json\/wp\/v2\/media\/11422"}],"wp:attachment":[{"href":"https:\/\/dirigocoating.pl\/de\/wp-json\/wp\/v2\/media?parent=11420"}],"wp:term":[{"taxonomy":"product_brand","embeddable":true,"href":"https:\/\/dirigocoating.pl\/de\/wp-json\/wp\/v2\/product_brand?post=11420"},{"taxonomy":"product_cat","embeddable":true,"href":"https:\/\/dirigocoating.pl\/de\/wp-json\/wp\/v2\/product_cat?post=11420"},{"taxonomy":"product_tag","embeddable":true,"href":"https:\/\/dirigocoating.pl\/de\/wp-json\/wp\/v2\/product_tag?post=11420"}],"curies":[{"name":"wp","href":"https:\/\/api.w.org\/{rel}","templated":true}]}}