{"id":11445,"date":"2025-06-17T09:02:28","date_gmt":"2025-06-17T09:02:28","guid":{"rendered":"https:\/\/dirigocoating.pl\/produkt\/percotop-supraproductive-2k-ep-grundierung-wow-cs389\/"},"modified":"2025-08-21T08:04:16","modified_gmt":"2025-08-21T08:04:16","slug":"percotop-supraproductive-2k-ep-grundierung-wow-cs389","status":"publish","type":"product","link":"https:\/\/dirigocoating.pl\/de\/produkt\/percotop-supraproductive-2k-ep-grundierung-wow-cs389\/","title":{"rendered":"PercoTop SupraProductive 2K EP Primer WOW CS389"},"content":{"rendered":"<p><span>Vergilbt nicht und verwendet einen biobasierten Aktivator. Speziell entwickelt, um durch eine Kombination von hervorragenden Nass-in-Nass-Eigenschaften (sehr kurze Verdunstungszeit vor der Beschichtung und hervorragendes Aussehen der Deckschicht) eine deutliche Leistungssteigerung zu erzielen. Dar\u00fcber hinaus h\u00e4rtet es extrem schnell aus, so dass mit der Montage der lackierten Teile unmittelbar nach dem Aush\u00e4rten begonnen werden kann.  <\/span><\/p>\n<p><a class=\"wgl-button btn-size-sm \" role=\"button\" href=\"https:\/\/dirigocoating.pl\/wp-content\/uploads\/2025\/07\/EN-CS389-SupraProductive-2K-EP-Primer-31052022.pdf\">TDS<\/a><\/p>\n<p><a class=\"wgl-button btn-size-sm \" role=\"button\" href=\"https:\/\/dirigocoating.pl\/wp-content\/uploads\/2025\/08\/AXL20_2001-0153_Axalta-Commercial-Vehicle-PercoTop-CS389_me02_01.pdf\">KATALOG<\/a><\/p>\n","protected":false},"excerpt":{"rendered":"<p><span>PercoTop CS389 bietet hervorragende Haftung, Feuchtigkeitsbest\u00e4ndigkeit und Korrosionsschutz auf einer Vielzahl von Untergr\u00fcnden.<\/span><\/p>\n","protected":false},"featured_media":12713,"template":"","meta":[],"product_brand":[],"product_cat":[205],"product_tag":[209,207],"class_list":{"0":"post-11445","1":"product","2":"type-product","3":"status-publish","4":"has-post-thumbnail","6":"product_cat-nutzfahrzeuge","7":"product_tag-cv-grundierung-de","8":"product_tag-grundierungen-de","10":"first","11":"instock","12":"shipping-taxable","13":"product-type-simple"},"_links":{"self":[{"href":"https:\/\/dirigocoating.pl\/de\/wp-json\/wp\/v2\/product\/11445"}],"collection":[{"href":"https:\/\/dirigocoating.pl\/de\/wp-json\/wp\/v2\/product"}],"about":[{"href":"https:\/\/dirigocoating.pl\/de\/wp-json\/wp\/v2\/types\/product"}],"wp:featuredmedia":[{"embeddable":true,"href":"https:\/\/dirigocoating.pl\/de\/wp-json\/wp\/v2\/media\/12713"}],"wp:attachment":[{"href":"https:\/\/dirigocoating.pl\/de\/wp-json\/wp\/v2\/media?parent=11445"}],"wp:term":[{"taxonomy":"product_brand","embeddable":true,"href":"https:\/\/dirigocoating.pl\/de\/wp-json\/wp\/v2\/product_brand?post=11445"},{"taxonomy":"product_cat","embeddable":true,"href":"https:\/\/dirigocoating.pl\/de\/wp-json\/wp\/v2\/product_cat?post=11445"},{"taxonomy":"product_tag","embeddable":true,"href":"https:\/\/dirigocoating.pl\/de\/wp-json\/wp\/v2\/product_tag?post=11445"}],"curies":[{"name":"wp","href":"https:\/\/api.w.org\/{rel}","templated":true}]}}