{"id":11448,"date":"2025-06-17T08:27:36","date_gmt":"2025-06-17T08:27:36","guid":{"rendered":"https:\/\/dirigocoating.pl\/produkt\/percotop-2k-hs-nicht-schleifende-spachtelmasse-cs356\/"},"modified":"2025-08-21T08:42:09","modified_gmt":"2025-08-21T08:42:09","slug":"percotop-2k-hs-nicht-schleifende-spachtelmasse-cs356","status":"publish","type":"product","link":"https:\/\/dirigocoating.pl\/de\/produkt\/percotop-2k-hs-nicht-schleifende-spachtelmasse-cs356\/","title":{"rendered":"PercoTop 2K HS Non Sanding Filler CS356"},"content":{"rendered":"<p data-start=\"34\" data-end=\"52\"><strong data-start=\"34\" data-end=\"50\">Eigenschaften:<\/strong><\/p>\n<ul data-start=\"53\" data-end=\"416\" data-is-last-node=\"\" data-is-only-node=\"\">\n<li data-start=\"53\" data-end=\"244\">\n<p data-start=\"55\" data-end=\"244\">PercoTop\u00ae 2K HS Non Sanding Filler eignet sich aufgrund seiner optimalen Streu- und Spr\u00fchnebelaufnahmef\u00e4higkeit besonders f\u00fcr Anwendungen an gro\u00dfen Strukturen und Fahrzeugen.<\/p>\n<\/li>\n<li data-start=\"245\" data-end=\"375\">\n<p data-start=\"247\" data-end=\"375\">PercoTop\u00ae 2K HS Non Sanding Filler kann ohne Zwischenschichtmattierung \u00fcberlackiert werden.<\/p>\n<\/li>\n<li data-start=\"376\" data-end=\"416\" data-is-last-node=\"\">\n<p data-start=\"378\" data-end=\"416\" data-is-last-node=\"\">Formulierung auf Basis von Acrylharz.<\/p>\n<\/li>\n<\/ul>\n<p><a class=\"wgl-button btn-size-sm \" role=\"button\" href=\"https:\/\/dirigocoating.pl\/wp-content\/uploads\/2025\/07\/EN-CS356.pdf\">TDS<\/a><\/p>\n","protected":false},"excerpt":{"rendered":"<p><span>PercoTop\u00ae 2K HS Non Sanding Filler ist eine Grundierung auf Acrylharzbasis und ein hervorragendes Produkt f\u00fcr die Anwendung auf gro\u00dfen Strukturen und Fahrzeugen. Sie hat optimale Flie\u00dfeigenschaften und ist ein hervorragender Farbnebelabsorber. Diese F\u00fcllergrundierung kann ohne Zwischenschliff mit einem Decklack \u00fcberlackiert werden.  <\/span><\/p>\n","protected":false},"featured_media":10333,"template":"","meta":[],"product_brand":[],"product_cat":[205],"product_tag":[209,207],"class_list":{"0":"post-11448","1":"product","2":"type-product","3":"status-publish","4":"has-post-thumbnail","6":"product_cat-nutzfahrzeuge","7":"product_tag-cv-grundierung-de","8":"product_tag-grundierungen-de","10":"first","11":"instock","12":"shipping-taxable","13":"product-type-simple"},"_links":{"self":[{"href":"https:\/\/dirigocoating.pl\/de\/wp-json\/wp\/v2\/product\/11448"}],"collection":[{"href":"https:\/\/dirigocoating.pl\/de\/wp-json\/wp\/v2\/product"}],"about":[{"href":"https:\/\/dirigocoating.pl\/de\/wp-json\/wp\/v2\/types\/product"}],"wp:featuredmedia":[{"embeddable":true,"href":"https:\/\/dirigocoating.pl\/de\/wp-json\/wp\/v2\/media\/10333"}],"wp:attachment":[{"href":"https:\/\/dirigocoating.pl\/de\/wp-json\/wp\/v2\/media?parent=11448"}],"wp:term":[{"taxonomy":"product_brand","embeddable":true,"href":"https:\/\/dirigocoating.pl\/de\/wp-json\/wp\/v2\/product_brand?post=11448"},{"taxonomy":"product_cat","embeddable":true,"href":"https:\/\/dirigocoating.pl\/de\/wp-json\/wp\/v2\/product_cat?post=11448"},{"taxonomy":"product_tag","embeddable":true,"href":"https:\/\/dirigocoating.pl\/de\/wp-json\/wp\/v2\/product_tag?post=11448"}],"curies":[{"name":"wp","href":"https:\/\/api.w.org\/{rel}","templated":true}]}}