{"id":11451,"date":"2025-06-17T08:41:40","date_gmt":"2025-06-17T08:41:40","guid":{"rendered":"https:\/\/dirigocoating.pl\/produkt\/percotop-2k-hs-wow-spachtel\/"},"modified":"2025-08-21T08:24:56","modified_gmt":"2025-08-21T08:24:56","slug":"percotop-2k-hs-wow-spachtel","status":"publish","type":"product","link":"https:\/\/dirigocoating.pl\/de\/produkt\/percotop-2k-hs-wow-spachtel\/","title":{"rendered":"PercoTop\u00ae 2K HS Wet On Wet Filler CS357 \/ CS358 \/ CS359"},"content":{"rendered":"<p data-start=\"34\" data-end=\"52\"><strong data-start=\"34\" data-end=\"50\">Eigenschaften:<\/strong><\/p>\n<ul data-start=\"53\" data-end=\"316\" data-is-last-node=\"\" data-is-only-node=\"\">\n<li data-start=\"53\" data-end=\"184\">\n<p data-start=\"55\" data-end=\"184\">PercoTop\u00ae 2K HS WOW Filler ist ein Zweikomponenten-Nass-in-Nass-F\u00fcller, besonders geeignet f\u00fcr Nutzfahrzeuge.<\/p>\n<\/li>\n<li data-start=\"185\" data-end=\"227\">\n<p data-start=\"187\" data-end=\"227\">Formulierung auf Basis von Acrylharz.<\/p>\n<\/li>\n<li data-start=\"228\" data-end=\"316\" data-is-last-node=\"\">\n<p data-start=\"230\" data-end=\"316\" data-is-last-node=\"\">Es ist leicht aufzutragen und hat eine gute Aufnahmef\u00e4higkeit f\u00fcr Spr\u00fchnebel.<\/p>\n<\/li>\n<\/ul>\n<p><a class=\"wgl-button btn-size-sm \" role=\"button\" href=\"https:\/\/dirigocoating.pl\/wp-content\/uploads\/2025\/07\/EN-CS357-9.pdf\">TDS<\/a><\/p>\n","protected":false},"excerpt":{"rendered":"<p><span>PercoTop\u00ae 2K HS WOW Filler ist ein 2K-Nass-in-Nass-Polyurethanf\u00fcller, der besonders f\u00fcr Nutzfahrzeuge geeignet ist. Er l\u00e4sst sich leicht auftragen und hat eine gute Lacknebelaufnahme. Die Zusammensetzung ist auf Acrylharzbasis.  <\/span><\/p>\n","protected":false},"featured_media":10322,"template":"","meta":[],"product_brand":[],"product_cat":[205],"product_tag":[209,207],"class_list":{"0":"post-11451","1":"product","2":"type-product","3":"status-publish","4":"has-post-thumbnail","6":"product_cat-nutzfahrzeuge","7":"product_tag-cv-grundierung-de","8":"product_tag-grundierungen-de","10":"first","11":"instock","12":"shipping-taxable","13":"product-type-simple"},"_links":{"self":[{"href":"https:\/\/dirigocoating.pl\/de\/wp-json\/wp\/v2\/product\/11451"}],"collection":[{"href":"https:\/\/dirigocoating.pl\/de\/wp-json\/wp\/v2\/product"}],"about":[{"href":"https:\/\/dirigocoating.pl\/de\/wp-json\/wp\/v2\/types\/product"}],"wp:featuredmedia":[{"embeddable":true,"href":"https:\/\/dirigocoating.pl\/de\/wp-json\/wp\/v2\/media\/10322"}],"wp:attachment":[{"href":"https:\/\/dirigocoating.pl\/de\/wp-json\/wp\/v2\/media?parent=11451"}],"wp:term":[{"taxonomy":"product_brand","embeddable":true,"href":"https:\/\/dirigocoating.pl\/de\/wp-json\/wp\/v2\/product_brand?post=11451"},{"taxonomy":"product_cat","embeddable":true,"href":"https:\/\/dirigocoating.pl\/de\/wp-json\/wp\/v2\/product_cat?post=11451"},{"taxonomy":"product_tag","embeddable":true,"href":"https:\/\/dirigocoating.pl\/de\/wp-json\/wp\/v2\/product_tag?post=11451"}],"curies":[{"name":"wp","href":"https:\/\/api.w.org\/{rel}","templated":true}]}}