{"id":11463,"date":"2025-06-17T08:47:42","date_gmt":"2025-06-17T08:47:42","guid":{"rendered":"https:\/\/dirigocoating.pl\/produkt\/percotop-cs371-cs372-2k-vhs-power-primer-4000\/"},"modified":"2025-08-06T12:32:27","modified_gmt":"2025-08-06T12:32:27","slug":"percotop-cs371-cs372-2k-vhs-power-primer-4000","status":"publish","type":"product","link":"https:\/\/dirigocoating.pl\/de\/produkt\/percotop-cs371-cs372-2k-vhs-power-primer-4000\/","title":{"rendered":"PercoTop CS371\/CS372 2K VHS Power Primer 4000"},"content":{"rendered":"<p><strong data-start=\"34\" data-end=\"50\">Eigenschaften:<\/strong><br data-start=\"50\" data-end=\"53\">PercoTop\u00ae 2K VHS Power Primer 4000 ist eine Zweikomponenten-Grundierung\/F\u00fcller auf Basis von Polyacrylharzen mit sehr hohem Feststoffgehalt und niedrigem VOC-Gehalt (fl\u00fcchtige organische Verbindungen).<br data-start=\"261\" data-end=\"264\">Er wurde f\u00fcr die anspruchsvollsten Anwendungen im Nutzfahrzeug-, Landwirtschafts- und Baumaschinensektor (ACE) sowie in der allgemeinen Industrie entwickelt.<br data-start=\"427\" data-end=\"430\">Er trocknet schnell und kann als Grundierung oder F\u00fcller verwendet werden.<\/p>\n<p> TDS<\/p>\n","protected":false},"excerpt":{"rendered":"<p><span>Ein emissionsarmer, schnell trocknender Zweikomponenten-Polyurethan-F\u00fcllprimer, der als haftverbessernde, normale Grundierung oder Dickschichtf\u00fcller auf einer Vielzahl von Untergr\u00fcnden verwendet werden kann. Sie funktioniert besonders gut auf kugelgestrahltem Stahl, geschliffenem Stahl und GFK-Untergr\u00fcnden. Diese vielseitige Grundierung bietet die geringstm\u00f6glichen Emissionen in der L\u00f6semitteltechnologie. Sie kann geschliffen werden und bietet ein ausgezeichnetes Aussehen der Deckschicht.   <\/span><\/p>\n","protected":false},"featured_media":10305,"template":"","meta":[],"product_brand":[],"product_cat":[205],"product_tag":[209,207],"class_list":{"0":"post-11463","1":"product","2":"type-product","3":"status-publish","4":"has-post-thumbnail","6":"product_cat-nutzfahrzeuge","7":"product_tag-cv-grundierung-de","8":"product_tag-grundierungen-de","10":"first","11":"instock","12":"shipping-taxable","13":"product-type-simple"},"_links":{"self":[{"href":"https:\/\/dirigocoating.pl\/de\/wp-json\/wp\/v2\/product\/11463"}],"collection":[{"href":"https:\/\/dirigocoating.pl\/de\/wp-json\/wp\/v2\/product"}],"about":[{"href":"https:\/\/dirigocoating.pl\/de\/wp-json\/wp\/v2\/types\/product"}],"wp:featuredmedia":[{"embeddable":true,"href":"https:\/\/dirigocoating.pl\/de\/wp-json\/wp\/v2\/media\/10305"}],"wp:attachment":[{"href":"https:\/\/dirigocoating.pl\/de\/wp-json\/wp\/v2\/media?parent=11463"}],"wp:term":[{"taxonomy":"product_brand","embeddable":true,"href":"https:\/\/dirigocoating.pl\/de\/wp-json\/wp\/v2\/product_brand?post=11463"},{"taxonomy":"product_cat","embeddable":true,"href":"https:\/\/dirigocoating.pl\/de\/wp-json\/wp\/v2\/product_cat?post=11463"},{"taxonomy":"product_tag","embeddable":true,"href":"https:\/\/dirigocoating.pl\/de\/wp-json\/wp\/v2\/product_tag?post=11463"}],"curies":[{"name":"wp","href":"https:\/\/api.w.org\/{rel}","templated":true}]}}