{"id":11464,"date":"2025-06-17T08:51:37","date_gmt":"2025-06-17T08:51:37","guid":{"rendered":"https:\/\/dirigocoating.pl\/produkt\/percotop-2k-epoxid-grundierung-cs381\/"},"modified":"2025-08-21T08:13:06","modified_gmt":"2025-08-21T08:13:06","slug":"percotop-2k-epoxid-grundierung-cs381","status":"publish","type":"product","link":"https:\/\/dirigocoating.pl\/de\/produkt\/percotop-2k-epoxid-grundierung-cs381\/","title":{"rendered":"PercoTop 2K Epoxy Primer CS381"},"content":{"rendered":"<p><strong data-start=\"34\" data-end=\"50\">Eigenschaften:<\/strong><br \/>\nPercoTop\u00ae 2K Epoxy Primer ist eine chemisch best\u00e4ndige, l\u00f6sungsmittelbasierte, zinkchromatfreie Zweikomponenten-Grundierung\/F\u00fcller auf Basis von Epoxidharzen.<br \/>\nBietet hervorragende Haftung und Korrosionsschutz auf einer Vielzahl von Untergr\u00fcnden.<br data-start=\"50\" data-end=\"53\"><br data-start=\"223\" data-end=\"226\"><a class=\"wgl-button btn-size-sm \" role=\"button\" href=\"https:\/\/dirigocoating.pl\/wp-content\/uploads\/2025\/08\/CS381-PercoTop-2K-Epoxy-Primer-EN.pdf\">TDS<\/a><\/p>\n","protected":false},"excerpt":{"rendered":"<p><span>Chromatfreie Zweikomponenten-Epoxid-Grundierung mit h\u00f6chster Chemikalienbest\u00e4ndigkeit und optimalem Korrosionsschutz f\u00fcr metallische Untergr\u00fcnde.<\/span><\/p>\n","protected":false},"featured_media":10287,"template":"","meta":[],"product_brand":[],"product_cat":[205],"product_tag":[209,207],"class_list":{"0":"post-11464","1":"product","2":"type-product","3":"status-publish","4":"has-post-thumbnail","6":"product_cat-nutzfahrzeuge","7":"product_tag-cv-grundierung-de","8":"product_tag-grundierungen-de","10":"first","11":"instock","12":"shipping-taxable","13":"product-type-simple"},"_links":{"self":[{"href":"https:\/\/dirigocoating.pl\/de\/wp-json\/wp\/v2\/product\/11464"}],"collection":[{"href":"https:\/\/dirigocoating.pl\/de\/wp-json\/wp\/v2\/product"}],"about":[{"href":"https:\/\/dirigocoating.pl\/de\/wp-json\/wp\/v2\/types\/product"}],"wp:featuredmedia":[{"embeddable":true,"href":"https:\/\/dirigocoating.pl\/de\/wp-json\/wp\/v2\/media\/10287"}],"wp:attachment":[{"href":"https:\/\/dirigocoating.pl\/de\/wp-json\/wp\/v2\/media?parent=11464"}],"wp:term":[{"taxonomy":"product_brand","embeddable":true,"href":"https:\/\/dirigocoating.pl\/de\/wp-json\/wp\/v2\/product_brand?post=11464"},{"taxonomy":"product_cat","embeddable":true,"href":"https:\/\/dirigocoating.pl\/de\/wp-json\/wp\/v2\/product_cat?post=11464"},{"taxonomy":"product_tag","embeddable":true,"href":"https:\/\/dirigocoating.pl\/de\/wp-json\/wp\/v2\/product_tag?post=11464"}],"curies":[{"name":"wp","href":"https:\/\/api.w.org\/{rel}","templated":true}]}}