{"id":11468,"date":"2025-06-17T08:59:33","date_gmt":"2025-06-17T08:59:33","guid":{"rendered":"https:\/\/dirigocoating.pl\/produkt\/percotop-suprasand-2k-hochaufbau-ep-grundierung-cs388\/"},"modified":"2025-08-21T08:08:08","modified_gmt":"2025-08-21T08:08:08","slug":"percotop-suprasand-2k-hochaufbau-ep-grundierung-cs388","status":"publish","type":"product","link":"https:\/\/dirigocoating.pl\/de\/produkt\/percotop-suprasand-2k-hochaufbau-ep-grundierung-cs388\/","title":{"rendered":"PercoTop SupraSand 2K High Build EP Primer CS388"},"content":{"rendered":"<p><span>Bietet hervorragende Haftung, Feuchtigkeitsbest\u00e4ndigkeit und Korrosionsschutz auf vielen Substraten. Es zeigt keine Vergilbung und verwendet einen biobasierten Aktivator. <\/span><br \/>\n<span>Speziell entwickelt f\u00fcr den Einsatz, wenn eine ausgezeichnete Korrosionsbest\u00e4ndigkeit in Kombination mit hoher Haltbarkeit und Schleifbarkeit erforderlich ist. (z. B. f\u00fcr die Beschichtung rauer Untergr\u00fcnde) und hervorragende Nass-in-Nass-Eigenschaften (sehr kurze Verdunstungszeit vor der \u00dcberlackierung und hervorragendes Aussehen der Deckschicht). <\/span><\/p>\n<p><a class=\"wgl-button btn-size-sm \" role=\"button\" href=\"https:\/\/dirigocoating.pl\/wp-content\/uploads\/2025\/07\/EN-CS388-17.05.24.pdf\">TDS<\/a><\/p>\n<p><a class=\"wgl-button btn-size-sm \" role=\"button\" href=\"https:\/\/dirigocoating.pl\/wp-content\/uploads\/2025\/08\/Axalta-Epoxy-Primer-CS388-Brochure-2019l-EN.pdf\">KATALOG<\/a><\/p>\n","protected":false},"excerpt":{"rendered":"<p><span>PercoTop\u00ae SupraSand 2K High Build EP Primer ist eine chemisch best\u00e4ndige, zinkchromatfreie, l\u00f6semittelhaltige 2K-Epoxidharzgrundierung.<\/span><\/p>\n","protected":false},"featured_media":10418,"template":"","meta":[],"product_brand":[],"product_cat":[205],"product_tag":[209,207],"class_list":{"0":"post-11468","1":"product","2":"type-product","3":"status-publish","4":"has-post-thumbnail","6":"product_cat-nutzfahrzeuge","7":"product_tag-cv-grundierung-de","8":"product_tag-grundierungen-de","10":"first","11":"instock","12":"shipping-taxable","13":"product-type-simple"},"_links":{"self":[{"href":"https:\/\/dirigocoating.pl\/de\/wp-json\/wp\/v2\/product\/11468"}],"collection":[{"href":"https:\/\/dirigocoating.pl\/de\/wp-json\/wp\/v2\/product"}],"about":[{"href":"https:\/\/dirigocoating.pl\/de\/wp-json\/wp\/v2\/types\/product"}],"wp:featuredmedia":[{"embeddable":true,"href":"https:\/\/dirigocoating.pl\/de\/wp-json\/wp\/v2\/media\/10418"}],"wp:attachment":[{"href":"https:\/\/dirigocoating.pl\/de\/wp-json\/wp\/v2\/media?parent=11468"}],"wp:term":[{"taxonomy":"product_brand","embeddable":true,"href":"https:\/\/dirigocoating.pl\/de\/wp-json\/wp\/v2\/product_brand?post=11468"},{"taxonomy":"product_cat","embeddable":true,"href":"https:\/\/dirigocoating.pl\/de\/wp-json\/wp\/v2\/product_cat?post=11468"},{"taxonomy":"product_tag","embeddable":true,"href":"https:\/\/dirigocoating.pl\/de\/wp-json\/wp\/v2\/product_tag?post=11468"}],"curies":[{"name":"wp","href":"https:\/\/api.w.org\/{rel}","templated":true}]}}