{"id":11469,"date":"2025-06-17T08:54:46","date_gmt":"2025-06-17T08:54:46","guid":{"rendered":"https:\/\/dirigocoating.pl\/produkt\/percotop-2k-zinkreiche-epoxid-grundierung-053\/"},"modified":"2025-08-21T08:10:14","modified_gmt":"2025-08-21T08:10:14","slug":"percotop-2k-zinkreiche-epoxid-grundierung-053","status":"publish","type":"product","link":"https:\/\/dirigocoating.pl\/de\/produkt\/percotop-2k-zinkreiche-epoxid-grundierung-053\/","title":{"rendered":"PercoTop 2K Zinc Rich Epoxy Primer 053"},"content":{"rendered":"<p data-start=\"34\" data-end=\"52\"><strong data-start=\"34\" data-end=\"50\">Eigenschaften:<\/strong><\/p>\n<ul data-start=\"53\" data-end=\"605\" data-is-last-node=\"\" data-is-only-node=\"\">\n<li data-start=\"53\" data-end=\"170\">\n<p data-start=\"55\" data-end=\"170\">PercoTop\u00ae CS382 2K Zinc Rich Epoxy Primer 053 ist eine Zweikomponenten-Grundierung mit einem hohen Zinkstaubgehalt.<\/p>\n<\/li>\n<li data-start=\"171\" data-end=\"215\">\n<p data-start=\"173\" data-end=\"215\">Formulierung auf Basis von Epoxidharz.<\/p>\n<\/li>\n<li data-start=\"216\" data-end=\"354\">\n<p data-start=\"218\" data-end=\"354\">Es kann als erste Schicht eines Anstrichsystems verwendet werden und bietet einen hervorragenden Korrosionsschutz f\u00fcr dicken Stahl.<\/p>\n<\/li>\n<li data-start=\"355\" data-end=\"545\">\n<p data-start=\"357\" data-end=\"545\">Diese zinkhaltige Grundierung bietet einen ausgezeichneten Barriere- und kathodischen Schutz und kann mit jedem geeigneten Epoxid-F\u00fcllstoff verwendet werden, um ein \u00e4u\u00dferst haltbares Beschichtungssystem zu bilden.<\/p>\n<\/li>\n<li data-start=\"546\" data-end=\"605\" data-is-last-node=\"\">\n<p data-start=\"548\" data-end=\"605\" data-is-last-node=\"\">Hohe Hitzebest\u00e4ndigkeit, bis zu einer Dauertemperatur von 180\u00baC.<\/p>\n<\/li>\n<\/ul>\n<p><a class=\"wgl-button btn-size-sm \" role=\"button\" href=\"https:\/\/dirigocoating.pl\/wp-content\/uploads\/2025\/07\/EN-CS382.pdf\">TDS<\/a><\/p>\n","protected":false},"excerpt":{"rendered":"<p><span>Eine chromatfreie Zweikomponenten-Epoxid-Grundierung, die einen hervorragenden Korrosionsschutz f\u00fcr kugelgestrahlten Stahl bietet. Sie ist ideal f\u00fcr den Langzeitschutz in chemischen Umgebungen. Der dickschichtige Auftrag und die schnelle Trocknung erleichtern die Anwendung auch unter schwierigen Bedingungen.  <\/span><\/p>\n","protected":false},"featured_media":10282,"template":"","meta":[],"product_brand":[],"product_cat":[205],"product_tag":[209,207],"class_list":{"0":"post-11469","1":"product","2":"type-product","3":"status-publish","4":"has-post-thumbnail","6":"product_cat-nutzfahrzeuge","7":"product_tag-cv-grundierung-de","8":"product_tag-grundierungen-de","10":"first","11":"instock","12":"shipping-taxable","13":"product-type-simple"},"_links":{"self":[{"href":"https:\/\/dirigocoating.pl\/de\/wp-json\/wp\/v2\/product\/11469"}],"collection":[{"href":"https:\/\/dirigocoating.pl\/de\/wp-json\/wp\/v2\/product"}],"about":[{"href":"https:\/\/dirigocoating.pl\/de\/wp-json\/wp\/v2\/types\/product"}],"wp:featuredmedia":[{"embeddable":true,"href":"https:\/\/dirigocoating.pl\/de\/wp-json\/wp\/v2\/media\/10282"}],"wp:attachment":[{"href":"https:\/\/dirigocoating.pl\/de\/wp-json\/wp\/v2\/media?parent=11469"}],"wp:term":[{"taxonomy":"product_brand","embeddable":true,"href":"https:\/\/dirigocoating.pl\/de\/wp-json\/wp\/v2\/product_brand?post=11469"},{"taxonomy":"product_cat","embeddable":true,"href":"https:\/\/dirigocoating.pl\/de\/wp-json\/wp\/v2\/product_cat?post=11469"},{"taxonomy":"product_tag","embeddable":true,"href":"https:\/\/dirigocoating.pl\/de\/wp-json\/wp\/v2\/product_tag?post=11469"}],"curies":[{"name":"wp","href":"https:\/\/api.w.org\/{rel}","templated":true}]}}