{"id":11472,"date":"2025-06-17T08:57:26","date_gmt":"2025-06-17T08:57:26","guid":{"rendered":"https:\/\/dirigocoating.pl\/produkt\/percotop-2k-hochleistungs-ep-grundierung-cs384\/"},"modified":"2025-08-21T08:09:28","modified_gmt":"2025-08-21T08:09:28","slug":"percotop-2k-hochleistungs-ep-grundierung-cs384","status":"publish","type":"product","link":"https:\/\/dirigocoating.pl\/de\/produkt\/percotop-2k-hochleistungs-ep-grundierung-cs384\/","title":{"rendered":"PercoTop 2K High Performance EP Primer CS384"},"content":{"rendered":"<p><strong data-start=\"34\" data-end=\"50\">Eigenschaften:<\/strong><br data-start=\"50\" data-end=\"53\">PercoTop\u00ae 2K High Performance EP Primer ist eine chemisch best\u00e4ndige, l\u00f6semittelhaltige, zinkchromatfreie Zweikomponenten-Grundierung auf Basis von Epoxidharzen.<br data-start=\"226\" data-end=\"229\">Bietet hervorragende Haftung, Feuchtigkeitsbest\u00e4ndigkeit und Korrosionsschutz auf einer Vielzahl von Untergr\u00fcnden. Vergilbt nicht und verwendet einen Aktivator auf der Basis nachwachsender Rohstoffe (biobasiert). <\/p>\n<p><a class=\"wgl-button btn-size-sm \" role=\"button\" href=\"https:\/\/dirigocoating.pl\/wp-content\/uploads\/2025\/07\/EN-CS384-High-Performance-EP-Primer-180904.pdf\">TDS<\/a><\/p>\n","protected":false},"excerpt":{"rendered":"<p><span>Chromatfreie Zweikomponenten-Epoxid-Grundierung mit hervorragender Chemikalienbest\u00e4ndigkeit, Feuchtigkeitsbest\u00e4ndigkeit und optimalem Korrosionsschutz f\u00fcr viele Oberfl\u00e4chen. Zeichnet sich durch seine Schleifbarkeit aus. <\/span><\/p>\n","protected":false},"featured_media":10276,"template":"","meta":[],"product_brand":[],"product_cat":[205],"product_tag":[209,207],"class_list":{"0":"post-11472","1":"product","2":"type-product","3":"status-publish","4":"has-post-thumbnail","6":"product_cat-nutzfahrzeuge","7":"product_tag-cv-grundierung-de","8":"product_tag-grundierungen-de","10":"first","11":"instock","12":"shipping-taxable","13":"product-type-simple"},"_links":{"self":[{"href":"https:\/\/dirigocoating.pl\/de\/wp-json\/wp\/v2\/product\/11472"}],"collection":[{"href":"https:\/\/dirigocoating.pl\/de\/wp-json\/wp\/v2\/product"}],"about":[{"href":"https:\/\/dirigocoating.pl\/de\/wp-json\/wp\/v2\/types\/product"}],"wp:featuredmedia":[{"embeddable":true,"href":"https:\/\/dirigocoating.pl\/de\/wp-json\/wp\/v2\/media\/10276"}],"wp:attachment":[{"href":"https:\/\/dirigocoating.pl\/de\/wp-json\/wp\/v2\/media?parent=11472"}],"wp:term":[{"taxonomy":"product_brand","embeddable":true,"href":"https:\/\/dirigocoating.pl\/de\/wp-json\/wp\/v2\/product_brand?post=11472"},{"taxonomy":"product_cat","embeddable":true,"href":"https:\/\/dirigocoating.pl\/de\/wp-json\/wp\/v2\/product_cat?post=11472"},{"taxonomy":"product_tag","embeddable":true,"href":"https:\/\/dirigocoating.pl\/de\/wp-json\/wp\/v2\/product_tag?post=11472"}],"curies":[{"name":"wp","href":"https:\/\/api.w.org\/{rel}","templated":true}]}}