{"id":11491,"date":"2025-06-11T10:38:58","date_gmt":"2025-06-11T10:38:58","guid":{"rendered":"https:\/\/dirigocoating.pl\/produkt\/centari-6000\/"},"modified":"2025-08-21T09:39:30","modified_gmt":"2025-08-21T09:39:30","slug":"centari-6000","status":"publish","type":"product","link":"https:\/\/dirigocoating.pl\/de\/produkt\/centari-6000\/","title":{"rendered":"Centari 6000"},"content":{"rendered":"<p>Mittelmolekularer Basislack zur Verwendung in &#8222;Clear over Base&#8220;-Systemen f\u00fcr Uni-, Metallic- und Perlglanzfarben.<br \/>\nGeeignet f\u00fcr die Verwendung auf Autos, Lastwagen und Bussen.<br \/>\nZusammensetzung auf Basis von Acryl-Copolymer.<\/p>\n<p>EIGENSCHAFTEN<\/p>\n<p>* Erleichtert die Anwendung und pr\u00e4zise Farbabstimmung.<br \/>\n* Hervorragende Deckkraft und gleichm\u00e4\u00dfiger Auftrag erm\u00f6glichen erhebliche Einsparungen bei der Verarbeitungszeit und beim Materialverbrauch.<br \/>\n* BK220 wird f\u00fcr bessere Beschichtungseigenschaften empfohlen.<br \/>\n* Kann f\u00fcr Spot-, Panel- und Gesamtreparaturen verwendet werden.<\/p>\n<p> TDS<\/p>\n","protected":false},"excerpt":{"rendered":"<p>EMISSIONSARMER BASISLACK<\/p>\n","protected":false},"featured_media":10112,"template":"","meta":[],"product_brand":[],"product_cat":[205],"product_tag":[235,234],"class_list":{"0":"post-11491","1":"product","2":"type-product","3":"status-publish","4":"has-post-thumbnail","6":"product_cat-nutzfahrzeuge","7":"product_tag-cvbasis-de","8":"product_tag-grundanstriche-de","10":"first","11":"instock","12":"shipping-taxable","13":"product-type-simple"},"_links":{"self":[{"href":"https:\/\/dirigocoating.pl\/de\/wp-json\/wp\/v2\/product\/11491"}],"collection":[{"href":"https:\/\/dirigocoating.pl\/de\/wp-json\/wp\/v2\/product"}],"about":[{"href":"https:\/\/dirigocoating.pl\/de\/wp-json\/wp\/v2\/types\/product"}],"wp:featuredmedia":[{"embeddable":true,"href":"https:\/\/dirigocoating.pl\/de\/wp-json\/wp\/v2\/media\/10112"}],"wp:attachment":[{"href":"https:\/\/dirigocoating.pl\/de\/wp-json\/wp\/v2\/media?parent=11491"}],"wp:term":[{"taxonomy":"product_brand","embeddable":true,"href":"https:\/\/dirigocoating.pl\/de\/wp-json\/wp\/v2\/product_brand?post=11491"},{"taxonomy":"product_cat","embeddable":true,"href":"https:\/\/dirigocoating.pl\/de\/wp-json\/wp\/v2\/product_cat?post=11491"},{"taxonomy":"product_tag","embeddable":true,"href":"https:\/\/dirigocoating.pl\/de\/wp-json\/wp\/v2\/product_tag?post=11491"}],"curies":[{"name":"wp","href":"https:\/\/api.w.org\/{rel}","templated":true}]}}