{"id":11500,"date":"2025-06-16T07:58:27","date_gmt":"2025-06-16T07:58:27","guid":{"rendered":"https:\/\/dirigocoating.pl\/produkt\/percotop-cs161-spritzbare-spachtelmasse\/"},"modified":"2025-08-21T09:33:45","modified_gmt":"2025-08-21T09:33:45","slug":"percotop-cs161-spritzbare-spachtelmasse","status":"publish","type":"product","link":"https:\/\/dirigocoating.pl\/de\/produkt\/percotop-cs161-spritzbare-spachtelmasse\/","title":{"rendered":"PercoTop\u00ae CS161 Sprayable Putty"},"content":{"rendered":"<p><strong>Eigenschaften<\/strong><\/p>\n<ul class=\"wp-block-list\">\n<li>PercoTop\u00ae CS161 Sprayable Putty ist ein hochwertiger Spritzspachtel auf Basis von unges\u00e4ttigten Polyesterharzen.<\/li>\n<li>Sorgt f\u00fcr ein glattes Aussehen auf gro\u00dfen Fl\u00e4chen.<\/li>\n<li>Es l\u00e4sst sich leicht auftragen, hat eine ausgezeichnete Durchbiegungsfestigkeit und ist leicht zu schleifen.<\/li>\n<\/ul>\n<p><a class=\"wgl-button btn-size-sm \" role=\"button\" href=\"https:\/\/dirigocoating.pl\/wp-content\/uploads\/2025\/07\/EN-CS161.pdf\">TDS<\/a><\/p>\n","protected":false},"excerpt":{"rendered":"<p><span>2K-Spritzspachtel, der f\u00fcr die Gl\u00e4ttung gro\u00dfer Fl\u00e4chen mit mittlerer bis rauer Oberfl\u00e4che entwickelt wurde. Es zeichnet sich durch seine einfache Anwendung mit einer Spritzpistole und Schleifen aus. <\/span><\/p>\n","protected":false},"featured_media":10195,"template":"","meta":[],"product_brand":[],"product_cat":[205],"product_tag":[238,236],"class_list":{"0":"post-11500","1":"product","2":"type-product","3":"status-publish","4":"has-post-thumbnail","6":"product_cat-nutzfahrzeuge","7":"product_tag-cv-spachtelmasse-de","8":"product_tag-spachtelmassen","10":"first","11":"instock","12":"shipping-taxable","13":"product-type-simple"},"_links":{"self":[{"href":"https:\/\/dirigocoating.pl\/de\/wp-json\/wp\/v2\/product\/11500"}],"collection":[{"href":"https:\/\/dirigocoating.pl\/de\/wp-json\/wp\/v2\/product"}],"about":[{"href":"https:\/\/dirigocoating.pl\/de\/wp-json\/wp\/v2\/types\/product"}],"wp:featuredmedia":[{"embeddable":true,"href":"https:\/\/dirigocoating.pl\/de\/wp-json\/wp\/v2\/media\/10195"}],"wp:attachment":[{"href":"https:\/\/dirigocoating.pl\/de\/wp-json\/wp\/v2\/media?parent=11500"}],"wp:term":[{"taxonomy":"product_brand","embeddable":true,"href":"https:\/\/dirigocoating.pl\/de\/wp-json\/wp\/v2\/product_brand?post=11500"},{"taxonomy":"product_cat","embeddable":true,"href":"https:\/\/dirigocoating.pl\/de\/wp-json\/wp\/v2\/product_cat?post=11500"},{"taxonomy":"product_tag","embeddable":true,"href":"https:\/\/dirigocoating.pl\/de\/wp-json\/wp\/v2\/product_tag?post=11500"}],"curies":[{"name":"wp","href":"https:\/\/api.w.org\/{rel}","templated":true}]}}