{"id":11505,"date":"2025-06-16T08:01:51","date_gmt":"2025-06-16T08:01:51","guid":{"rendered":"https:\/\/dirigocoating.pl\/produkt\/percotop-cs162-hochtemperatur-spachtel\/"},"modified":"2026-01-14T09:11:43","modified_gmt":"2026-01-14T09:11:43","slug":"percotop-cs162-hochtemperatur-spachtel","status":"publish","type":"product","link":"https:\/\/dirigocoating.pl\/de\/produkt\/percotop-cs162-hochtemperatur-spachtel\/","title":{"rendered":"PercoTop CS162 High Temperature Putty"},"content":{"rendered":"<p>Ein Zweikomponentenspachtel in unges\u00e4ttigter Polyesterharztechnologie, der dank seiner 30-min\u00fctigen Lebensdauer und der nadelfreien Anwendung f\u00fcr gro\u00dfe und sehr gro\u00dfe Fl\u00e4chen geeignet ist. Diese Spachtelmasse ist hitzebest\u00e4ndig und kann mit Pulverlacken beschichtet werden &#8211; max. 30 Minuten bei 180\u00b0C.<\/p>\n<p><strong>Eigenschaften<\/strong><\/p>\n<ul class=\"wp-block-list\">\n<li>PercoTop\u00ae CS162 Hochtemperaturspachtel ist ein 2K-Hochtemperaturspachtel auf Basis von unges\u00e4ttigten Polyesterharzen.<\/li>\n<li>Es zeichnet sich durch hohe Elastizit\u00e4t und geringe Porosit\u00e4t aus und kann mit Pulverlacken beschichtet werden (max. Trocknungszeit und -temperatur: 30 Minuten bei 180\u00b0C).<\/li>\n<li>Es ist leicht zu schleifen und hat eine lange Lebensdauer.<\/li>\n<\/ul>\n<p><a class=\"wgl-button btn-size-sm \" role=\"button\" href=\"https:\/\/dirigocoating.pl\/wp-content\/uploads\/2025\/07\/EN-CS162-1.pdf\">TDS<\/a><\/p>\n","protected":false},"excerpt":{"rendered":"<p><span> 2K-Spachtel in unges\u00e4ttigter Polyesterharztechnologie<\/span><\/p>\n","protected":false},"featured_media":10185,"template":"","meta":[],"product_brand":[],"product_cat":[205],"product_tag":[238,236],"class_list":{"0":"post-11505","1":"product","2":"type-product","3":"status-publish","4":"has-post-thumbnail","6":"product_cat-nutzfahrzeuge","7":"product_tag-cv-spachtelmasse-de","8":"product_tag-spachtelmassen","10":"first","11":"instock","12":"shipping-taxable","13":"product-type-simple"},"_links":{"self":[{"href":"https:\/\/dirigocoating.pl\/de\/wp-json\/wp\/v2\/product\/11505"}],"collection":[{"href":"https:\/\/dirigocoating.pl\/de\/wp-json\/wp\/v2\/product"}],"about":[{"href":"https:\/\/dirigocoating.pl\/de\/wp-json\/wp\/v2\/types\/product"}],"wp:featuredmedia":[{"embeddable":true,"href":"https:\/\/dirigocoating.pl\/de\/wp-json\/wp\/v2\/media\/10185"}],"wp:attachment":[{"href":"https:\/\/dirigocoating.pl\/de\/wp-json\/wp\/v2\/media?parent=11505"}],"wp:term":[{"taxonomy":"product_brand","embeddable":true,"href":"https:\/\/dirigocoating.pl\/de\/wp-json\/wp\/v2\/product_brand?post=11505"},{"taxonomy":"product_cat","embeddable":true,"href":"https:\/\/dirigocoating.pl\/de\/wp-json\/wp\/v2\/product_cat?post=11505"},{"taxonomy":"product_tag","embeddable":true,"href":"https:\/\/dirigocoating.pl\/de\/wp-json\/wp\/v2\/product_tag?post=11505"}],"curies":[{"name":"wp","href":"https:\/\/api.w.org\/{rel}","templated":true}]}}