{"id":11531,"date":"2025-06-16T09:48:15","date_gmt":"2025-06-16T09:48:15","guid":{"rendered":"https:\/\/dirigocoating.pl\/produkt\/percotop-2k-hs-klarlack-cs808\/"},"modified":"2025-08-21T09:05:18","modified_gmt":"2025-08-21T09:05:18","slug":"percotop-2k-hs-klarlack-cs808","status":"publish","type":"product","link":"https:\/\/dirigocoating.pl\/de\/produkt\/percotop-2k-hs-klarlack-cs808\/","title":{"rendered":"PercoTop 2K HS Clearcoat CS808"},"content":{"rendered":"<p data-start=\"0\" data-end=\"13\"><strong>Eigenschaften<\/strong><\/p>\n<ul data-start=\"14\" data-end=\"274\" data-is-last-node=\"\" data-is-only-node=\"\">\n<li data-start=\"14\" data-end=\"125\">\n<p data-start=\"16\" data-end=\"125\">PercoTop\u00ae CS808 2K HS Clearcoat ist ein universeller 2K-PU-Klarlack mit einem hohen Festk\u00f6rpergehalt.<\/p>\n<\/li>\n<li data-start=\"126\" data-end=\"274\" data-is-last-node=\"\">\n<p data-start=\"128\" data-end=\"274\" data-is-last-node=\"\">Neben der einfachen Anwendung zeichnet sich das Produkt durch eine hervorragende Benetzung des Untergrunds aus, was zu einer sehr gleichm\u00e4\u00dfigen Verteilung und guten Haftung f\u00fchrt.<\/p>\n<\/li>\n<\/ul>\n<p><a class=\"wgl-button btn-size-sm \" role=\"button\" href=\"https:\/\/dirigocoating.pl\/wp-content\/uploads\/2025\/07\/EN-CS808.pdf\">TDS<\/a><\/p>\n","protected":false},"excerpt":{"rendered":"<p><span>2K-PU-Klarlack mit einem hohen Festk\u00f6rpergehalt. Dank seiner Streichf\u00e4higkeit besticht dieses Produkt durch seine leichte Verarbeitbarkeit auf Untergr\u00fcnden, Gleichm\u00e4\u00dfigkeit der Beschichtung und gute Haftung. <\/span><\/p>\n","protected":false},"featured_media":10552,"template":"","meta":[],"product_brand":[],"product_cat":[205],"product_tag":[248,247],"class_list":{"0":"post-11531","1":"product","2":"type-product","3":"status-publish","4":"has-post-thumbnail","6":"product_cat-nutzfahrzeuge","7":"product_tag-cv-klar-de","8":"product_tag-klare-lacke","10":"first","11":"instock","12":"shipping-taxable","13":"product-type-simple"},"_links":{"self":[{"href":"https:\/\/dirigocoating.pl\/de\/wp-json\/wp\/v2\/product\/11531"}],"collection":[{"href":"https:\/\/dirigocoating.pl\/de\/wp-json\/wp\/v2\/product"}],"about":[{"href":"https:\/\/dirigocoating.pl\/de\/wp-json\/wp\/v2\/types\/product"}],"wp:featuredmedia":[{"embeddable":true,"href":"https:\/\/dirigocoating.pl\/de\/wp-json\/wp\/v2\/media\/10552"}],"wp:attachment":[{"href":"https:\/\/dirigocoating.pl\/de\/wp-json\/wp\/v2\/media?parent=11531"}],"wp:term":[{"taxonomy":"product_brand","embeddable":true,"href":"https:\/\/dirigocoating.pl\/de\/wp-json\/wp\/v2\/product_brand?post=11531"},{"taxonomy":"product_cat","embeddable":true,"href":"https:\/\/dirigocoating.pl\/de\/wp-json\/wp\/v2\/product_cat?post=11531"},{"taxonomy":"product_tag","embeddable":true,"href":"https:\/\/dirigocoating.pl\/de\/wp-json\/wp\/v2\/product_tag?post=11531"}],"curies":[{"name":"wp","href":"https:\/\/api.w.org\/{rel}","templated":true}]}}