{"id":11537,"date":"2025-06-16T09:50:33","date_gmt":"2025-06-16T09:50:33","guid":{"rendered":"https:\/\/dirigocoating.pl\/produkt\/percotop-2k-hs-helacryl-klarlack-cs811\/"},"modified":"2025-08-21T09:02:36","modified_gmt":"2025-08-21T09:02:36","slug":"percotop-2k-hs-helacryl-klarlack-cs811","status":"publish","type":"product","link":"https:\/\/dirigocoating.pl\/de\/produkt\/percotop-2k-hs-helacryl-klarlack-cs811\/","title":{"rendered":"PercoTop 2K HS Helacryl Clearcoat CS811"},"content":{"rendered":"<p data-start=\"0\" data-end=\"13\"><strong>Eigenschaften<\/strong><\/p>\n<ul data-start=\"14\" data-end=\"385\" data-is-last-node=\"\" data-is-only-node=\"\">\n<li data-start=\"14\" data-end=\"165\">\n<p data-start=\"16\" data-end=\"165\">PercoTop\u00ae CS811 Helacryl Clearcoat ist ein spezieller Polyurethan-Klarlack mit mittlerem Festk\u00f6rpergehalt auf Basis von Acrylharzen.<\/p>\n<\/li>\n<li data-start=\"166\" data-end=\"385\" data-is-last-node=\"\">\n<p data-start=\"168\" data-end=\"385\" data-is-last-node=\"\">Die charakteristischen Merkmale von CS811 sind seine hohe Flexibilit\u00e4t und seine ausgezeichnete Haftung auf verschiedenen Metall- und Kunststoffsubstraten. Dadurch kann eine Vielzahl von Materialien gesch\u00fctzt werden, ohne ihr urspr\u00fcngliches Aussehen zu ver\u00e4ndern. <\/p>\n<\/li>\n<\/ul>\n<p><a class=\"wgl-button btn-size-sm \" role=\"button\" href=\"https:\/\/dirigocoating.pl\/wp-content\/uploads\/2025\/07\/EN-CS811.pdf\">TDS<\/a><\/p>\n","protected":false},"excerpt":{"rendered":"<p><span>Spezieller Zweikomponenten-Polyurethan-Klarlack auf Acrylharzbasis. Er zeichnet sich durch seine hohe Flexibilit\u00e4t und hervorragende Haftung auf vielen Metall- und Kunststoffuntergr\u00fcnden aus. Dadurch kann er eine Vielzahl von Materialien sch\u00fctzen und gleichzeitig ihr urspr\u00fcngliches Aussehen bewahren.  <\/span><\/p>\n","protected":false},"featured_media":10547,"template":"","meta":[],"product_brand":[],"product_cat":[205],"product_tag":[248,247],"class_list":{"0":"post-11537","1":"product","2":"type-product","3":"status-publish","4":"has-post-thumbnail","6":"product_cat-nutzfahrzeuge","7":"product_tag-cv-klar-de","8":"product_tag-klare-lacke","10":"first","11":"instock","12":"shipping-taxable","13":"product-type-simple"},"_links":{"self":[{"href":"https:\/\/dirigocoating.pl\/de\/wp-json\/wp\/v2\/product\/11537"}],"collection":[{"href":"https:\/\/dirigocoating.pl\/de\/wp-json\/wp\/v2\/product"}],"about":[{"href":"https:\/\/dirigocoating.pl\/de\/wp-json\/wp\/v2\/types\/product"}],"wp:featuredmedia":[{"embeddable":true,"href":"https:\/\/dirigocoating.pl\/de\/wp-json\/wp\/v2\/media\/10547"}],"wp:attachment":[{"href":"https:\/\/dirigocoating.pl\/de\/wp-json\/wp\/v2\/media?parent=11537"}],"wp:term":[{"taxonomy":"product_brand","embeddable":true,"href":"https:\/\/dirigocoating.pl\/de\/wp-json\/wp\/v2\/product_brand?post=11537"},{"taxonomy":"product_cat","embeddable":true,"href":"https:\/\/dirigocoating.pl\/de\/wp-json\/wp\/v2\/product_cat?post=11537"},{"taxonomy":"product_tag","embeddable":true,"href":"https:\/\/dirigocoating.pl\/de\/wp-json\/wp\/v2\/product_tag?post=11537"}],"curies":[{"name":"wp","href":"https:\/\/api.w.org\/{rel}","templated":true}]}}