{"id":11547,"date":"2025-06-16T08:26:52","date_gmt":"2025-06-16T08:26:52","guid":{"rendered":"https:\/\/dirigocoating.pl\/produkt\/percotop-cs165-thixoflex-spachtelmasse\/"},"modified":"2025-08-21T09:27:34","modified_gmt":"2025-08-21T09:27:34","slug":"percotop-cs165-thixoflex-spachtelmasse","status":"publish","type":"product","link":"https:\/\/dirigocoating.pl\/de\/produkt\/percotop-cs165-thixoflex-spachtelmasse\/","title":{"rendered":"PercoTop CS165 Thixoflex Putty"},"content":{"rendered":"<p><strong>Eigenschaften<\/strong><\/p>\n<ul class=\"wp-block-list\">\n<li>PercoTop\u00ae CS165 Thixoflex Putty ist eine universelle Spachtelmasse auf der Basis von unges\u00e4ttigten Polyesterharzen.<\/li>\n<li>Es zeichnet sich durch ein ausgezeichnetes Aussehen, geringe Porosit\u00e4t und hohe Biegefestigkeit aus.<\/li>\n<li>Es ist leicht zu schleifen.<\/li>\n<\/ul>\n<p><a class=\"wgl-button btn-size-sm \" role=\"button\" href=\"https:\/\/dirigocoating.pl\/wp-content\/uploads\/2025\/07\/EN-CS165-1.pdf\">TDS<\/a><\/p>\n","protected":false},"excerpt":{"rendered":"<p><span>2K-Spachtel mit thixotropen Eigenschaften, die ihn ideal f\u00fcr dickschichtige Anwendungen machen. Einfaches Auftragen und Schleifen f\u00fchren zu einer stabilen, glatten Oberfl\u00e4che mit hoher Festigkeit <\/span><\/p>\n","protected":false},"featured_media":10178,"template":"","meta":[],"product_brand":[],"product_cat":[205],"product_tag":[238,236],"class_list":{"0":"post-11547","1":"product","2":"type-product","3":"status-publish","4":"has-post-thumbnail","6":"product_cat-nutzfahrzeuge","7":"product_tag-cv-spachtelmasse-de","8":"product_tag-spachtelmassen","10":"first","11":"instock","12":"shipping-taxable","13":"product-type-simple"},"_links":{"self":[{"href":"https:\/\/dirigocoating.pl\/de\/wp-json\/wp\/v2\/product\/11547"}],"collection":[{"href":"https:\/\/dirigocoating.pl\/de\/wp-json\/wp\/v2\/product"}],"about":[{"href":"https:\/\/dirigocoating.pl\/de\/wp-json\/wp\/v2\/types\/product"}],"wp:featuredmedia":[{"embeddable":true,"href":"https:\/\/dirigocoating.pl\/de\/wp-json\/wp\/v2\/media\/10178"}],"wp:attachment":[{"href":"https:\/\/dirigocoating.pl\/de\/wp-json\/wp\/v2\/media?parent=11547"}],"wp:term":[{"taxonomy":"product_brand","embeddable":true,"href":"https:\/\/dirigocoating.pl\/de\/wp-json\/wp\/v2\/product_brand?post=11547"},{"taxonomy":"product_cat","embeddable":true,"href":"https:\/\/dirigocoating.pl\/de\/wp-json\/wp\/v2\/product_cat?post=11547"},{"taxonomy":"product_tag","embeddable":true,"href":"https:\/\/dirigocoating.pl\/de\/wp-json\/wp\/v2\/product_tag?post=11547"}],"curies":[{"name":"wp","href":"https:\/\/api.w.org\/{rel}","templated":true}]}}