{"id":11566,"date":"2025-06-17T07:25:25","date_gmt":"2025-06-17T07:25:25","guid":{"rendered":"https:\/\/dirigocoating.pl\/produkt\/percotop-1k-schweissgrundierung-cs314\/"},"modified":"2025-08-21T10:06:51","modified_gmt":"2025-08-21T10:06:51","slug":"percotop-1k-schweissgrundierung-cs314","status":"publish","type":"product","link":"https:\/\/dirigocoating.pl\/de\/produkt\/percotop-1k-schweissgrundierung-cs314\/","title":{"rendered":"PercoTop 1K Welding Primer CS314"},"content":{"rendered":"<p>Einkomponentige chromatfreie rotbraune Schwei\u00dfgrundierung auf Basis der Polyvinylbutyral-Technologie mit guten F\u00fclleigenschaften.<\/p>\n<p><a class=\"wgl-button btn-size-sm \" role=\"button\" href=\"https:\/\/dirigocoating.pl\/wp-content\/uploads\/2025\/07\/EN-CS314.pdf\">TDS<\/a><\/p>\n","protected":false},"excerpt":{"rendered":"<p>Ideal f\u00fcr Stahlbauteile, die w\u00e4hrend der Lagerung, vor der Konstruktion und vor dem Schwei\u00dfen einen Korrosionsschutz ben\u00f6tigen. Diese Grundierung ist zum Schwei\u00dfen zugelassen. <\/p>\n","protected":false},"featured_media":10380,"template":"","meta":[],"product_brand":[],"product_cat":[205],"product_tag":[209,207],"class_list":{"0":"post-11566","1":"product","2":"type-product","3":"status-publish","4":"has-post-thumbnail","6":"product_cat-nutzfahrzeuge","7":"product_tag-cv-grundierung-de","8":"product_tag-grundierungen-de","10":"first","11":"instock","12":"shipping-taxable","13":"product-type-simple"},"_links":{"self":[{"href":"https:\/\/dirigocoating.pl\/de\/wp-json\/wp\/v2\/product\/11566"}],"collection":[{"href":"https:\/\/dirigocoating.pl\/de\/wp-json\/wp\/v2\/product"}],"about":[{"href":"https:\/\/dirigocoating.pl\/de\/wp-json\/wp\/v2\/types\/product"}],"wp:featuredmedia":[{"embeddable":true,"href":"https:\/\/dirigocoating.pl\/de\/wp-json\/wp\/v2\/media\/10380"}],"wp:attachment":[{"href":"https:\/\/dirigocoating.pl\/de\/wp-json\/wp\/v2\/media?parent=11566"}],"wp:term":[{"taxonomy":"product_brand","embeddable":true,"href":"https:\/\/dirigocoating.pl\/de\/wp-json\/wp\/v2\/product_brand?post=11566"},{"taxonomy":"product_cat","embeddable":true,"href":"https:\/\/dirigocoating.pl\/de\/wp-json\/wp\/v2\/product_cat?post=11566"},{"taxonomy":"product_tag","embeddable":true,"href":"https:\/\/dirigocoating.pl\/de\/wp-json\/wp\/v2\/product_tag?post=11566"}],"curies":[{"name":"wp","href":"https:\/\/api.w.org\/{rel}","templated":true}]}}