{"id":11569,"date":"2025-06-17T08:14:59","date_gmt":"2025-06-17T08:14:59","guid":{"rendered":"https:\/\/dirigocoating.pl\/produkt\/percotop-2k-hs-grundierung-040\/"},"modified":"2025-08-21T09:59:00","modified_gmt":"2025-08-21T09:59:00","slug":"percotop-2k-hs-grundierung-040","status":"publish","type":"product","link":"https:\/\/dirigocoating.pl\/de\/produkt\/percotop-2k-hs-grundierung-040\/","title":{"rendered":"PercoTop 2K HS Primer 040"},"content":{"rendered":"<p><strong>Eigenschaften<\/strong>:<\/p>\n<ul>\n<li>PercoTop\u00ae 2K HS Primer 040 ist eine Zweikomponenten-Grundierung\/F\u00fcller auf Polyacrylharzbasis mit einem niedrigen VOC-Gehalt (fl\u00fcchtige organische Verbindungen).<\/li>\n<li>Es wurde f\u00fcr die anspruchsvollsten Anwendungen in den Bereichen Nutzfahrzeuge, Land- und Baumaschinen (ACE) und allgemeine Industrie entwickelt.<\/li>\n<li>Er trocknet schnell und kann als Grundierung oder Spachtelmasse verwendet werden.<\/li>\n<\/ul>\n<p><a class=\"wgl-button btn-size-sm \" role=\"button\" href=\"https:\/\/dirigocoating.pl\/wp-content\/uploads\/2025\/07\/EN-CS340-7.pdf\">TDS<\/a><\/p>\n","protected":false},"excerpt":{"rendered":"<p><span>Emissionsarme, schnell trocknende Zweikomponenten-Polyurethan-F\u00fcllgrundierung. Sie kann als Haftvermittler, als einfache Grundierung oder als Dickschichtf\u00fcller auf Stahl, Aluminium und verzinkten Untergr\u00fcnden sowie auf GFK-Untergr\u00fcnden eingesetzt werden. Diese Grundierung ist in verschiedenen Farben erh\u00e4ltlich.  <\/span><\/p>\n","protected":false},"featured_media":10363,"template":"","meta":[],"product_brand":[],"product_cat":[205],"product_tag":[209,207],"class_list":{"0":"post-11569","1":"product","2":"type-product","3":"status-publish","4":"has-post-thumbnail","6":"product_cat-nutzfahrzeuge","7":"product_tag-cv-grundierung-de","8":"product_tag-grundierungen-de","10":"first","11":"instock","12":"shipping-taxable","13":"product-type-simple"},"_links":{"self":[{"href":"https:\/\/dirigocoating.pl\/de\/wp-json\/wp\/v2\/product\/11569"}],"collection":[{"href":"https:\/\/dirigocoating.pl\/de\/wp-json\/wp\/v2\/product"}],"about":[{"href":"https:\/\/dirigocoating.pl\/de\/wp-json\/wp\/v2\/types\/product"}],"wp:featuredmedia":[{"embeddable":true,"href":"https:\/\/dirigocoating.pl\/de\/wp-json\/wp\/v2\/media\/10363"}],"wp:attachment":[{"href":"https:\/\/dirigocoating.pl\/de\/wp-json\/wp\/v2\/media?parent=11569"}],"wp:term":[{"taxonomy":"product_brand","embeddable":true,"href":"https:\/\/dirigocoating.pl\/de\/wp-json\/wp\/v2\/product_brand?post=11569"},{"taxonomy":"product_cat","embeddable":true,"href":"https:\/\/dirigocoating.pl\/de\/wp-json\/wp\/v2\/product_cat?post=11569"},{"taxonomy":"product_tag","embeddable":true,"href":"https:\/\/dirigocoating.pl\/de\/wp-json\/wp\/v2\/product_tag?post=11569"}],"curies":[{"name":"wp","href":"https:\/\/api.w.org\/{rel}","templated":true}]}}