{"id":11570,"date":"2025-06-17T08:22:10","date_gmt":"2025-06-17T08:22:10","guid":{"rendered":"https:\/\/dirigocoating.pl\/produkt\/percotop-2k-hs-schleifspachtel-cs352\/"},"modified":"2025-08-21T09:55:39","modified_gmt":"2025-08-21T09:55:39","slug":"percotop-2k-hs-schleifspachtel-cs352","status":"publish","type":"product","link":"https:\/\/dirigocoating.pl\/de\/produkt\/percotop-2k-hs-schleifspachtel-cs352\/","title":{"rendered":"PercoTop 2K HS Sanding Filler CS352"},"content":{"rendered":"<p>Eigenschaften:<\/p>\n<ul>\n<li>PercoTop\u00ae CS352 2K HS Sanding Filler ist ein l\u00f6sungsmittelarmer Spachtel, der beim Schleifen eine sehr glatte Oberfl\u00e4che ergibt.<\/li>\n<li>Formulierung auf der Basis von Polyacrylat-Harz.<\/li>\n<li>Er trocknet schnell und kann nach kurzer Aush\u00e4rtungszeit geschliffen werden.<\/li>\n<li>Das Produkt kann als Standardspachtel oder als Dickspachtel verwendet werden, je nachdem, wie viel Verd\u00fcnner zugegeben wird.<\/li>\n<\/ul>\n<p><a class=\"wgl-button btn-size-sm \" role=\"button\" href=\"https:\/\/dirigocoating.pl\/wp-content\/uploads\/2025\/07\/EN-CS352.pdf\">TDS<\/a><\/p>\n","protected":false},"excerpt":{"rendered":"<p><span>Eine Zweikomponenten-Polyurethan-Spachtelmasse mit hohem Festk\u00f6rpergehalt. Diese VOC-arme Grundierung bietet hervorragende F\u00fclleigenschaften und Faltenbest\u00e4ndigkeit und ist sehr einfach aufzutragen. Sie zeichnet sich durch leichtes Schleifen und das hervorragende Endaussehen von PercoTop\u00ae-Decklacken aus.  <\/span><\/p>\n","protected":false},"featured_media":10344,"template":"","meta":[],"product_brand":[],"product_cat":[205],"product_tag":[209,207],"class_list":{"0":"post-11570","1":"product","2":"type-product","3":"status-publish","4":"has-post-thumbnail","6":"product_cat-nutzfahrzeuge","7":"product_tag-cv-grundierung-de","8":"product_tag-grundierungen-de","10":"first","11":"instock","12":"shipping-taxable","13":"product-type-simple"},"_links":{"self":[{"href":"https:\/\/dirigocoating.pl\/de\/wp-json\/wp\/v2\/product\/11570"}],"collection":[{"href":"https:\/\/dirigocoating.pl\/de\/wp-json\/wp\/v2\/product"}],"about":[{"href":"https:\/\/dirigocoating.pl\/de\/wp-json\/wp\/v2\/types\/product"}],"wp:featuredmedia":[{"embeddable":true,"href":"https:\/\/dirigocoating.pl\/de\/wp-json\/wp\/v2\/media\/10344"}],"wp:attachment":[{"href":"https:\/\/dirigocoating.pl\/de\/wp-json\/wp\/v2\/media?parent=11570"}],"wp:term":[{"taxonomy":"product_brand","embeddable":true,"href":"https:\/\/dirigocoating.pl\/de\/wp-json\/wp\/v2\/product_brand?post=11570"},{"taxonomy":"product_cat","embeddable":true,"href":"https:\/\/dirigocoating.pl\/de\/wp-json\/wp\/v2\/product_cat?post=11570"},{"taxonomy":"product_tag","embeddable":true,"href":"https:\/\/dirigocoating.pl\/de\/wp-json\/wp\/v2\/product_tag?post=11570"}],"curies":[{"name":"wp","href":"https:\/\/api.w.org\/{rel}","templated":true}]}}