{"id":11577,"date":"2025-06-17T08:25:03","date_gmt":"2025-06-17T08:25:03","guid":{"rendered":"https:\/\/dirigocoating.pl\/produkt\/percotop-2k-hs-schleifschienenfueller-cs353-cs353w\/"},"modified":"2025-08-21T09:54:52","modified_gmt":"2025-08-21T09:54:52","slug":"percotop-2k-hs-schleifschienenfueller-cs353-cs353w","status":"publish","type":"product","link":"https:\/\/dirigocoating.pl\/de\/produkt\/percotop-2k-hs-schleifschienenfueller-cs353-cs353w\/","title":{"rendered":"PercoTop 2K HS Sanding Rail Filler CS353 \/ CS353W"},"content":{"rendered":"<p data-start=\"34\" data-end=\"52\"><strong data-start=\"34\" data-end=\"50\">Eigenschaften:<\/strong><\/p>\n<ul data-start=\"53\" data-end=\"466\" data-is-last-node=\"\" data-is-only-node=\"\">\n<li data-start=\"53\" data-end=\"203\">\n<p data-start=\"55\" data-end=\"203\">PercoTop\u00ae CS353\/CS353W 2K HS Rail Filler ist ein Zweikomponenten-Spachtel, der speziell f\u00fcr die hochwertige Beschichtung von gro\u00dfen Fl\u00e4chen entwickelt wurde.<\/p>\n<\/li>\n<li data-start=\"204\" data-end=\"333\">\n<p data-start=\"206\" data-end=\"333\">Es entspricht in seiner Zusammensetzung und seinen Eigenschaften den Anforderungen der &#8222;Stoff 1.2, TL 918300, Anhang B, Blatt 34&#8220; der Deutschen Bahn AG.<\/p>\n<\/li>\n<li data-start=\"334\" data-end=\"376\">\n<p data-start=\"336\" data-end=\"376\">Formulierung auf Basis von Acrylharz.<\/p>\n<\/li>\n<li data-start=\"377\" data-end=\"466\" data-is-last-node=\"\">\n<p data-start=\"379\" data-end=\"466\" data-is-last-node=\"\">Das Produkt zeichnet sich durch hervorragende F\u00fclleigenschaften und Vermahlbarkeit aus.<\/p>\n<\/li>\n<\/ul>\n<p><a class=\"wgl-button btn-size-sm \" role=\"button\" href=\"https:\/\/dirigocoating.pl\/wp-content\/uploads\/2025\/07\/EN-CS353.pdf\">TDS<\/a><\/p>\n","protected":false},"excerpt":{"rendered":"<p><span>Zweikomponenten-Polyurethan-F\u00fcllprimer mit hohem Festk\u00f6rpergehalt. Speziell entwickelt f\u00fcr hochwertige Beschichtungen auf gro\u00dfen Fl\u00e4chen f\u00fcr Bahnanwendungen. <\/span><\/p>\n","protected":false},"featured_media":10339,"template":"","meta":[],"product_brand":[],"product_cat":[260,205],"product_tag":[209,207,261,262],"class_list":{"0":"post-11577","1":"product","2":"type-product","3":"status-publish","4":"has-post-thumbnail","6":"product_cat-bahn-de","7":"product_cat-nutzfahrzeuge","8":"product_tag-cv-grundierung-de","9":"product_tag-grundierungen-de","10":"product_tag-losungsmittel","11":"product_tag-solvent-grundierungen-de","13":"first","14":"instock","15":"shipping-taxable","16":"product-type-simple"},"_links":{"self":[{"href":"https:\/\/dirigocoating.pl\/de\/wp-json\/wp\/v2\/product\/11577"}],"collection":[{"href":"https:\/\/dirigocoating.pl\/de\/wp-json\/wp\/v2\/product"}],"about":[{"href":"https:\/\/dirigocoating.pl\/de\/wp-json\/wp\/v2\/types\/product"}],"wp:featuredmedia":[{"embeddable":true,"href":"https:\/\/dirigocoating.pl\/de\/wp-json\/wp\/v2\/media\/10339"}],"wp:attachment":[{"href":"https:\/\/dirigocoating.pl\/de\/wp-json\/wp\/v2\/media?parent=11577"}],"wp:term":[{"taxonomy":"product_brand","embeddable":true,"href":"https:\/\/dirigocoating.pl\/de\/wp-json\/wp\/v2\/product_brand?post=11577"},{"taxonomy":"product_cat","embeddable":true,"href":"https:\/\/dirigocoating.pl\/de\/wp-json\/wp\/v2\/product_cat?post=11577"},{"taxonomy":"product_tag","embeddable":true,"href":"https:\/\/dirigocoating.pl\/de\/wp-json\/wp\/v2\/product_tag?post=11577"}],"curies":[{"name":"wp","href":"https:\/\/api.w.org\/{rel}","templated":true}]}}