{"id":12168,"date":"2025-06-05T07:45:04","date_gmt":"2025-06-05T07:45:04","guid":{"rendered":"https:\/\/dirigocoating.pl\/produkt\/dp3330-spray-fairing\/"},"modified":"2025-06-05T07:45:04","modified_gmt":"2025-06-05T07:45:04","slug":"dp3330-spray-fairing","status":"publish","type":"product","link":"https:\/\/dirigocoating.pl\/de\/produkt\/dp3330-spray-fairing\/","title":{"rendered":"DP3330 Spray Fairing"},"content":{"rendered":"<ul>\n<li>Hervorragende Haftung auf entsprechend vorbehandelten Metalloberfl\u00e4chen: Aluminium, Stahl, Verbundwerkstoffe und Holz.<\/li>\n<li>Bietet in Kombination mit DP3350 Fairing Lite eine komplette F\u00fcll- und Spachtelmasse-L\u00f6sung, um raue Oberfl\u00e4chen in perfekt glatte Bereiche zu verwandeln.<\/li>\n<li>Sehr gute F\u00fcllkraft. Geeignet f\u00fcr den Einsatz auf rauen Untergr\u00fcnden. <\/li>\n<li>Hohe Feuchtigkeitsbest\u00e4ndigkeit und sehr gute Flexibilit\u00e4t.<\/li>\n<li>Empfohlen als Spritzspachtel f\u00fcr alle Imron\u00ae Marine-Systeme<\/li>\n<\/ul>\n<div class=\"wp-block-column\">\n<figure class=\"wp-block-table is-style-stripes\">\n<table>\n<tbody>\n<tr>\n<td><strong>VOC<\/strong><\/td>\n<td>245 g \/l\/td&gt;<\/td>\n<\/tr>\n<tr>\n<td><strong>Anzahl der Schichten<\/strong><\/td>\n<td>von 2 bis 4<\/td>\n<\/tr>\n<tr>\n<td><strong>DFT<\/strong><\/td>\n<td>bis 600 \u03bc.<\/td>\n<\/tr>\n<\/tbody>\n<\/table>\n<\/figure>\n<\/div>\n<p><a class=\"wgl-button btn-size-sm \" role=\"button\" href=\"https:\/\/dirigocoating.pl\/wp-content\/uploads\/2025\/07\/EN-DP3330.pdf\">TDS<\/a><\/p>\n","protected":false},"excerpt":{"rendered":"<ul>\n<li>2-Komponenten chromathaltiges Epoxid-Imron\u00ae Marine Spritzspachtel.<\/li>\n<li>Farbe: grau.<\/li>\n<li>Zusammensetzung auf Basis von Epoxidharz<\/li>\n<\/ul>\n","protected":false},"featured_media":10072,"template":"","meta":[],"product_brand":[],"product_cat":[324],"product_tag":[236],"class_list":{"0":"post-12168","1":"product","2":"type-product","3":"status-publish","4":"has-post-thumbnail","6":"product_cat-marine-de","7":"product_tag-spachtelmassen","9":"first","10":"instock","11":"shipping-taxable","12":"product-type-simple"},"_links":{"self":[{"href":"https:\/\/dirigocoating.pl\/de\/wp-json\/wp\/v2\/product\/12168"}],"collection":[{"href":"https:\/\/dirigocoating.pl\/de\/wp-json\/wp\/v2\/product"}],"about":[{"href":"https:\/\/dirigocoating.pl\/de\/wp-json\/wp\/v2\/types\/product"}],"wp:featuredmedia":[{"embeddable":true,"href":"https:\/\/dirigocoating.pl\/de\/wp-json\/wp\/v2\/media\/10072"}],"wp:attachment":[{"href":"https:\/\/dirigocoating.pl\/de\/wp-json\/wp\/v2\/media?parent=12168"}],"wp:term":[{"taxonomy":"product_brand","embeddable":true,"href":"https:\/\/dirigocoating.pl\/de\/wp-json\/wp\/v2\/product_brand?post=12168"},{"taxonomy":"product_cat","embeddable":true,"href":"https:\/\/dirigocoating.pl\/de\/wp-json\/wp\/v2\/product_cat?post=12168"},{"taxonomy":"product_tag","embeddable":true,"href":"https:\/\/dirigocoating.pl\/de\/wp-json\/wp\/v2\/product_tag?post=12168"}],"curies":[{"name":"wp","href":"https:\/\/api.w.org\/{rel}","templated":true}]}}