{"id":12172,"date":"2025-06-05T09:10:13","date_gmt":"2025-06-05T09:10:13","guid":{"rendered":"https:\/\/dirigocoating.pl\/produkt\/dp8140-universal-primer\/"},"modified":"2026-01-08T08:06:16","modified_gmt":"2026-01-08T08:06:16","slug":"dp8140-universal-primer","status":"publish","type":"product","link":"https:\/\/dirigocoating.pl\/de\/produkt\/dp8140-universal-primer\/","title":{"rendered":"DP8140 Universal Primer"},"content":{"rendered":"<ul>\n<li>Sehr gute Korrosions- und Chemikalienbest\u00e4ndigkeit.<\/li>\n<li>Hervorragende Haftung auf entsprechend vorbehandelten Metalloberfl\u00e4chen<\/li>\n<li>Hervorragender Vorbeugungsprimer gegen Gelcoat-Osmose und Blasenbildung.<\/li>\n<li>Empfohlen als erste Schicht auf neuen Stahlkonstruktionen.<\/li>\n<li>Sehr gute F\u00fcllkraft. Geeignet f\u00fcr den Einsatz auf rauen Untergr\u00fcnden, z.B. gestrahlten Metallen. <\/li>\n<li>Hohe Feuchtigkeitsbest\u00e4ndigkeit und sehr gute Flexibilit\u00e4t.<\/li>\n<li>Empfohlen als Grundierung f\u00fcr alle Imron\u00ae Marine-Systeme.<\/li>\n<\/ul>\n<div class=\"wp-block-column\">\n<figure class=\"wp-block-table is-style-stripes\">\n<table>\n<tbody>\n<tr>\n<td><strong>VOC<\/strong><\/td>\n<td>von 476 bis 511 g\/l<\/td>\n<\/tr>\n<tr>\n<td><strong>Anzahl der Schichten<\/strong><\/td>\n<td>2 &#8211; 4<\/td>\n<\/tr>\n<tr>\n<td><strong>DFT<\/strong><\/td>\n<td>80 &#8211; 225 \u03bc<\/td>\n<\/tr>\n<\/tbody>\n<\/table>\n<\/figure>\n<\/div>\n<p><a class=\"wgl-button btn-size-sm \" role=\"button\" href=\"https:\/\/dirigocoating.pl\/wp-content\/uploads\/2026\/01\/EN-DP8140.4.pdf\">TDS<\/a><\/p>\n","protected":false},"excerpt":{"rendered":"<ul>\n<li>2-Komponenten-chromfreier Epoxid-Imron\u00ae Marine Universalprimer.<\/li>\n<li>Idealer Primer f\u00fcr den Einsatz im Ober- und Unterwasserbereich von Yachten und Sportbooten.<\/li>\n<li>Farbe: grau<\/li>\n<li>Zusammensetzung basierend auf Epoxidharz.<\/li>\n<\/ul>\n","protected":false},"featured_media":10062,"template":"","meta":[],"product_brand":[],"product_cat":[324],"product_tag":[207],"class_list":{"0":"post-12172","1":"product","2":"type-product","3":"status-publish","4":"has-post-thumbnail","6":"product_cat-marine-de","7":"product_tag-grundierungen-de","9":"first","10":"instock","11":"shipping-taxable","12":"product-type-simple"},"_links":{"self":[{"href":"https:\/\/dirigocoating.pl\/de\/wp-json\/wp\/v2\/product\/12172"}],"collection":[{"href":"https:\/\/dirigocoating.pl\/de\/wp-json\/wp\/v2\/product"}],"about":[{"href":"https:\/\/dirigocoating.pl\/de\/wp-json\/wp\/v2\/types\/product"}],"wp:featuredmedia":[{"embeddable":true,"href":"https:\/\/dirigocoating.pl\/de\/wp-json\/wp\/v2\/media\/10062"}],"wp:attachment":[{"href":"https:\/\/dirigocoating.pl\/de\/wp-json\/wp\/v2\/media?parent=12172"}],"wp:term":[{"taxonomy":"product_brand","embeddable":true,"href":"https:\/\/dirigocoating.pl\/de\/wp-json\/wp\/v2\/product_brand?post=12172"},{"taxonomy":"product_cat","embeddable":true,"href":"https:\/\/dirigocoating.pl\/de\/wp-json\/wp\/v2\/product_cat?post=12172"},{"taxonomy":"product_tag","embeddable":true,"href":"https:\/\/dirigocoating.pl\/de\/wp-json\/wp\/v2\/product_tag?post=12172"}],"curies":[{"name":"wp","href":"https:\/\/api.w.org\/{rel}","templated":true}]}}