{"id":12173,"date":"2025-06-05T09:12:42","date_gmt":"2025-06-05T09:12:42","guid":{"rendered":"https:\/\/dirigocoating.pl\/produkt\/dp4101-dp4104-hs-primer\/"},"modified":"2025-06-05T09:12:42","modified_gmt":"2025-06-05T09:12:42","slug":"dp4101-dp4104-hs-primer","status":"publish","type":"product","link":"https:\/\/dirigocoating.pl\/de\/produkt\/dp4101-dp4104-hs-primer\/","title":{"rendered":"DP4101\/DP4104 HS Primer"},"content":{"rendered":"<ul>\n<li>Sehr hohe Festk\u00f6rper-Low-VOC-Technologie: Bessere F\u00fcllkraft, gleiche Schichtdicke mit weniger Schichten, was zu weniger Verbrauch f\u00fchrt.<\/li>\n<li>Weniger L\u00f6sungsmittel als herk\u00f6mmliche 2K-Hochfestk\u00f6rper-Grundierungen.<\/li>\n<li>Exzellent im Trocken- und Nassschliff.<\/li>\n<li>\u00dcberragende Decklackhaftung.<\/li>\n<li>Kann mit allen Imron\u00ae Marine-Decklacken \u00fcberlackiert werden.<\/li>\n<\/ul>\n<div class=\"wp-block-column\">\n<figure class=\"wp-block-table is-style-stripes\">\n<table>\n<tbody>\n<tr>\n<td><strong>VOC<\/strong><\/td>\n<td>455 \u2013 480 g\/l<\/td>\n<\/tr>\n<tr>\n<td><strong>Anzahl der Schichten<\/strong><\/td>\n<td>1-3 Primer surfacer \/ High Density 1-5<\/td>\n<\/tr>\n<tr>\n<td><strong>DFT<\/strong><\/td>\n<td>60 to 80 \u03bc\/coat<\/td>\n<\/tr>\n<\/tbody>\n<\/table>\n<\/figure>\n<\/div>\n<p><a class=\"wgl-button btn-size-sm \" role=\"button\" href=\"https:\/\/dirigocoating.pl\/wp-content\/uploads\/2025\/07\/EN-DP4104.pdf\">TDS<\/a><\/p>\n","protected":false},"excerpt":{"rendered":"<ul>\n<li>2-Komponenten-Hochfestk\u00f6rper-Grundierung mit 2 Verarbeitungsmethoden<\/li>\n<li>Farbe: DP4101 wei\u00df, DP4104 mittelgrau.<\/li>\n<li>Zusammensetzung basierend auf einem speziellen hydroxyfunktionellen Acryl. Grundierf\u00fcller.<br \/>Hochf\u00fcllender Grundierf\u00fcller.<\/li>\n<\/ul>\n","protected":false},"featured_media":10832,"template":"","meta":[],"product_brand":[],"product_cat":[324],"product_tag":[207],"class_list":{"0":"post-12173","1":"product","2":"type-product","3":"status-publish","4":"has-post-thumbnail","6":"product_cat-marine-de","7":"product_tag-grundierungen-de","9":"first","10":"instock","11":"shipping-taxable","12":"product-type-simple"},"_links":{"self":[{"href":"https:\/\/dirigocoating.pl\/de\/wp-json\/wp\/v2\/product\/12173"}],"collection":[{"href":"https:\/\/dirigocoating.pl\/de\/wp-json\/wp\/v2\/product"}],"about":[{"href":"https:\/\/dirigocoating.pl\/de\/wp-json\/wp\/v2\/types\/product"}],"wp:featuredmedia":[{"embeddable":true,"href":"https:\/\/dirigocoating.pl\/de\/wp-json\/wp\/v2\/media\/10832"}],"wp:attachment":[{"href":"https:\/\/dirigocoating.pl\/de\/wp-json\/wp\/v2\/media?parent=12173"}],"wp:term":[{"taxonomy":"product_brand","embeddable":true,"href":"https:\/\/dirigocoating.pl\/de\/wp-json\/wp\/v2\/product_brand?post=12173"},{"taxonomy":"product_cat","embeddable":true,"href":"https:\/\/dirigocoating.pl\/de\/wp-json\/wp\/v2\/product_cat?post=12173"},{"taxonomy":"product_tag","embeddable":true,"href":"https:\/\/dirigocoating.pl\/de\/wp-json\/wp\/v2\/product_tag?post=12173"}],"curies":[{"name":"wp","href":"https:\/\/api.w.org\/{rel}","templated":true}]}}