{"id":12175,"date":"2025-06-05T09:35:56","date_gmt":"2025-06-05T09:35:56","guid":{"rendered":"https:\/\/dirigocoating.pl\/produkt\/percotop-cs170-fire-retardant-putty\/"},"modified":"2025-06-05T09:35:56","modified_gmt":"2025-06-05T09:35:56","slug":"percotop-cs170-fire-retardant-putty","status":"publish","type":"product","link":"https:\/\/dirigocoating.pl\/de\/produkt\/percotop-cs170-fire-retardant-putty\/","title":{"rendered":"PercoTop CS170 Fire retardant putty"},"content":{"rendered":"<ul class=\"wp-block-list\">\n<li>PercoTop\u00ae CS170 Feuerschutz-Spachtel ist eine schwerentflammbare 2-Komponenten-Spachtelmasse auf Basis unges\u00e4ttigter Polyesterharze.<\/li>\n<li>Durch ihre lange Topfzeit (30-40 Minuten) eignet sie sich hervorragend f\u00fcr die Verarbeitung bei hohen Umgebungstemperaturen und auf gro\u00dfen Fl\u00e4chen.<\/li>\n<li>Es zeichnet sich durch hohe Elastizit\u00e4t und geringe Porosit\u00e4t aus und kann mit Pulverlacken beschichtet werden (max. Trocknungszeit und -temperatur: 30 Minuten bei 180\u00b0C).<\/li>\n<li>Es ist leicht zu schleifen und hat eine lange Lebensdauer.<\/li>\n<li>Produkt, der die Normen f\u00fcr die Eisenbahnindustrie erf\u00fcllt<br \/> <strong>EN45545<\/strong><\/li>\n<li>farbe: Grau<\/li>\n<\/ul>\n<p><a class=\"wgl-button btn-size-sm \" role=\"button\" href=\"https:\/\/dirigocoating.pl\/wp-content\/uploads\/2025\/07\/EN-CS170-1.pdf\">TDS<\/a><\/p>\n","protected":false},"excerpt":{"rendered":"<p><span>PercoTop\u00ae CS170 ist ein feuerfester 2K-Spachtel auf Basis unges\u00e4ttigter Polyesterharze. Er zeichnet sich durch eine lange offene Zeit aus und eignet sich hervorragend f\u00fcr den Einsatz bei hohen Umgebungstemperaturen und auf gro\u00dfen Fl\u00e4chen. CS170 ist durch hohe Flexibilit\u00e4t, geringe Porosit\u00e4t und die M\u00f6glichkeit der Beschichtung mit Pulverlacken gekennzeichnet. Ein Produkt, das die Normen f\u00fcr den Schienenverkehr erf\u00fcllt.    <\/span><strong>EN45545<\/strong><\/p>\n","protected":false},"featured_media":9872,"template":"","meta":[],"product_brand":[],"product_cat":[260,205],"product_tag":[361,261,238,236],"class_list":{"0":"post-12175","1":"product","2":"type-product","3":"status-publish","4":"has-post-thumbnail","6":"product_cat-bahn-de","7":"product_cat-nutzfahrzeuge","8":"product_tag-bahn-schpachellmasse-de","9":"product_tag-losungsmittel","10":"product_tag-cv-spachtelmasse-de","11":"product_tag-spachtelmassen","13":"first","14":"instock","15":"shipping-taxable","16":"product-type-simple"},"_links":{"self":[{"href":"https:\/\/dirigocoating.pl\/de\/wp-json\/wp\/v2\/product\/12175"}],"collection":[{"href":"https:\/\/dirigocoating.pl\/de\/wp-json\/wp\/v2\/product"}],"about":[{"href":"https:\/\/dirigocoating.pl\/de\/wp-json\/wp\/v2\/types\/product"}],"wp:featuredmedia":[{"embeddable":true,"href":"https:\/\/dirigocoating.pl\/de\/wp-json\/wp\/v2\/media\/9872"}],"wp:attachment":[{"href":"https:\/\/dirigocoating.pl\/de\/wp-json\/wp\/v2\/media?parent=12175"}],"wp:term":[{"taxonomy":"product_brand","embeddable":true,"href":"https:\/\/dirigocoating.pl\/de\/wp-json\/wp\/v2\/product_brand?post=12175"},{"taxonomy":"product_cat","embeddable":true,"href":"https:\/\/dirigocoating.pl\/de\/wp-json\/wp\/v2\/product_cat?post=12175"},{"taxonomy":"product_tag","embeddable":true,"href":"https:\/\/dirigocoating.pl\/de\/wp-json\/wp\/v2\/product_tag?post=12175"}],"curies":[{"name":"wp","href":"https:\/\/api.w.org\/{rel}","templated":true}]}}