{"id":12176,"date":"2025-06-05T09:45:26","date_gmt":"2025-06-05T09:45:26","guid":{"rendered":"https:\/\/dirigocoating.pl\/produkt\/cs-399-clear-carbon-fibre-sealer\/"},"modified":"2025-06-05T09:45:26","modified_gmt":"2025-06-05T09:45:26","slug":"cs-399-clear-carbon-fibre-sealer","status":"publish","type":"product","link":"https:\/\/dirigocoating.pl\/de\/produkt\/cs-399-clear-carbon-fibre-sealer\/","title":{"rendered":"CS 399 Clear Carbon Fibre Sealer"},"content":{"rendered":"<ul>\n<li>Clear Carbon Fibre Sealer \u2013 ist eine Polyurethan-Grundierung, die speziell zum F\u00fcllen von Poren in allen Arten von Kohlenstofffasern entwickelt wurde, wodurch der Prozess verk\u00fcrzt und der Materialverbrauch im Vergleich zu Verfahren, die ausschlie\u00dflich Klarlack verwenden, reduziert wird.<\/li>\n<li>Um maximalen UV-Schutz zu gew\u00e4hrleisten, muss der empfohlene Klarlack auf diese Grundierung aufgetragen werden.<\/li>\n<li>Er hat eine ausgezeichnete Flie\u00dff\u00e4higkeit, ist leicht zu applizieren und trocknet schnell.<\/li>\n<\/ul>\n<table>\n<tbody>\n<tr>\n<td><strong>VOC<\/strong><\/td>\n<td>460 g\/l<\/td>\n<\/tr>\n<tr>\n<td><strong>Anzahl der Schichten<\/strong><\/td>\n<td>2 (5-10 min Zwischenzeit)<\/td>\n<\/tr>\n<tr>\n<td><strong>DFT<\/strong><\/td>\n<td>40-60 \u03bcm<\/td>\n<\/tr>\n<\/tbody>\n<\/table>\n<p><a class=\"wgl-button btn-size-sm \" role=\"button\" href=\"https:\/\/dirigocoating.pl\/wp-content\/uploads\/2025\/07\/EN-CS399.pdf\">TDS<\/a><\/p>\n","protected":false},"excerpt":{"rendered":"<p><span>Polyurethan-Grundierung zur Porenf\u00fcllung in allen Arten von Kohlefaserstoffen.<\/span><\/p>\n","protected":false},"featured_media":10817,"template":"","meta":[],"product_brand":[],"product_cat":[205,324],"product_tag":[209,207],"class_list":{"0":"post-12176","1":"product","2":"type-product","3":"status-publish","4":"has-post-thumbnail","6":"product_cat-nutzfahrzeuge","7":"product_cat-marine-de","8":"product_tag-cv-grundierung-de","9":"product_tag-grundierungen-de","11":"first","12":"instock","13":"shipping-taxable","14":"product-type-simple"},"_links":{"self":[{"href":"https:\/\/dirigocoating.pl\/de\/wp-json\/wp\/v2\/product\/12176"}],"collection":[{"href":"https:\/\/dirigocoating.pl\/de\/wp-json\/wp\/v2\/product"}],"about":[{"href":"https:\/\/dirigocoating.pl\/de\/wp-json\/wp\/v2\/types\/product"}],"wp:featuredmedia":[{"embeddable":true,"href":"https:\/\/dirigocoating.pl\/de\/wp-json\/wp\/v2\/media\/10817"}],"wp:attachment":[{"href":"https:\/\/dirigocoating.pl\/de\/wp-json\/wp\/v2\/media?parent=12176"}],"wp:term":[{"taxonomy":"product_brand","embeddable":true,"href":"https:\/\/dirigocoating.pl\/de\/wp-json\/wp\/v2\/product_brand?post=12176"},{"taxonomy":"product_cat","embeddable":true,"href":"https:\/\/dirigocoating.pl\/de\/wp-json\/wp\/v2\/product_cat?post=12176"},{"taxonomy":"product_tag","embeddable":true,"href":"https:\/\/dirigocoating.pl\/de\/wp-json\/wp\/v2\/product_tag?post=12176"}],"curies":[{"name":"wp","href":"https:\/\/api.w.org\/{rel}","templated":true}]}}