{"id":12178,"date":"2025-06-05T10:11:28","date_gmt":"2025-06-05T10:11:28","guid":{"rendered":"https:\/\/dirigocoating.pl\/produkt\/dp6940-imron-super-flow-hs-clearcoat\/"},"modified":"2025-06-05T10:11:28","modified_gmt":"2025-06-05T10:11:28","slug":"dp6940-imron-super-flow-hs-clearcoat","status":"publish","type":"product","link":"https:\/\/dirigocoating.pl\/de\/produkt\/dp6940-imron-super-flow-hs-clearcoat\/","title":{"rendered":"DP6940 Imron\u00ae Super Flow HS Clearcoat"},"content":{"rendered":"<ul>\n<li>Verbindet sehr einfache Anwendung mit geringem Risiko von Verlaufen.<\/li>\n<li>Erzeugt ein glattes, hochbauendes Finish und weist sehr schnelle Trocknungseigenschaften auf.<\/li>\n<li>Besitzt hervorragende Kratz-, Chemikalien- und Witterungsbest\u00e4ndigkeit.<\/li>\n<\/ul>\n<table>\n<tbody>\n<tr>\n<td><strong>VOC<\/strong><\/td>\n<td>499 &#8211; 533 g\/l<\/td>\n<\/tr>\n<tr>\n<td><strong>Anzahl der Schichten<\/strong><\/td>\n<td>2<\/td>\n<\/tr>\n<tr>\n<td><strong>DFT<\/strong><\/td>\n<td>50 &#8211; 70 \u03bc<\/td>\n<\/tr>\n<\/tbody>\n<\/table>\n<p><a class=\"wgl-button btn-size-sm \" role=\"button\" href=\"https:\/\/dirigocoating.pl\/wp-content\/uploads\/2025\/07\/EN-DP6940.pdf\">TDS<\/a><\/p>\n","protected":false},"excerpt":{"rendered":"<ul>\n<li>2-Komponenten-Klarlack basierend auf Low-Emission-Harz-Hochfestk\u00f6rpertechnologie f\u00fcr den Einsatz in Klarlack-\u00fcber-Basis-Systemen.<\/li>\n<li>Zusammensetzung basierend auf Acrylcopolymer.<\/li>\n<\/ul>\n","protected":false},"featured_media":10052,"template":"","meta":[],"product_brand":[],"product_cat":[324],"product_tag":[247],"class_list":{"0":"post-12178","1":"product","2":"type-product","3":"status-publish","4":"has-post-thumbnail","6":"product_cat-marine-de","7":"product_tag-klare-lacke","9":"first","10":"instock","11":"shipping-taxable","12":"product-type-simple"},"_links":{"self":[{"href":"https:\/\/dirigocoating.pl\/de\/wp-json\/wp\/v2\/product\/12178"}],"collection":[{"href":"https:\/\/dirigocoating.pl\/de\/wp-json\/wp\/v2\/product"}],"about":[{"href":"https:\/\/dirigocoating.pl\/de\/wp-json\/wp\/v2\/types\/product"}],"wp:featuredmedia":[{"embeddable":true,"href":"https:\/\/dirigocoating.pl\/de\/wp-json\/wp\/v2\/media\/10052"}],"wp:attachment":[{"href":"https:\/\/dirigocoating.pl\/de\/wp-json\/wp\/v2\/media?parent=12178"}],"wp:term":[{"taxonomy":"product_brand","embeddable":true,"href":"https:\/\/dirigocoating.pl\/de\/wp-json\/wp\/v2\/product_brand?post=12178"},{"taxonomy":"product_cat","embeddable":true,"href":"https:\/\/dirigocoating.pl\/de\/wp-json\/wp\/v2\/product_cat?post=12178"},{"taxonomy":"product_tag","embeddable":true,"href":"https:\/\/dirigocoating.pl\/de\/wp-json\/wp\/v2\/product_tag?post=12178"}],"curies":[{"name":"wp","href":"https:\/\/api.w.org\/{rel}","templated":true}]}}