{"id":12183,"date":"2025-06-06T10:56:57","date_gmt":"2025-06-06T10:56:57","guid":{"rendered":"https:\/\/dirigocoating.pl\/produkt\/centari-600\/"},"modified":"2025-06-06T10:56:57","modified_gmt":"2025-06-06T10:56:57","slug":"centari-600","status":"publish","type":"product","link":"https:\/\/dirigocoating.pl\/de\/produkt\/centari-600\/","title":{"rendered":"Centari 600"},"content":{"rendered":"<ul>\n<li data-start=\"25\" data-end=\"110\">\n<p data-start=\"27\" data-end=\"110\">Breites Farbspektrum an Uni-Farbt\u00f6nen und Effekten wie Metallic, Perleffekt und Xyrallic.<\/p>\n<\/li>\n<li data-start=\"111\" data-end=\"166\">\n<p data-start=\"113\" data-end=\"166\">Eine d\u00fcnnschichtige Grundierung, die ein schnelles Trocknen gew\u00e4hrleistet.<\/p>\n<\/li>\n<li data-start=\"167\" data-end=\"199\">\n<p data-start=\"169\" data-end=\"199\">M\u00f6glichkeit zur Teilreparatur.<\/p>\n<\/li>\n<li data-start=\"200\" data-end=\"219\" data-is-last-node=\"\">\n<p data-start=\"202\" data-end=\"219\" data-is-last-node=\"\">Einfache Applikation<\/p>\n<\/li>\n<\/ul>\n<p><a class=\"wgl-button btn-size-sm \" role=\"button\" href=\"https:\/\/dirigocoating.pl\/wp-content\/uploads\/2025\/07\/EN-C600.pdf\">TDS<\/a><\/p>\n","protected":false},"excerpt":{"rendered":"<p>Centari 600 Basislack kombiniert hochkonzentrierte Pigmente mit l\u00f6semittelhaltigen Bindemitteln, um eine Basis zu schaffen, die f\u00fcr M\u00e4rkte geeignet ist, die nicht VOC-konform sind. Er eignet sich f\u00fcr Teilreparaturen, Komponenten und Vollfl\u00e4chen. <\/p>\n","protected":false},"featured_media":9882,"template":"","meta":[],"product_brand":[],"product_cat":[260],"product_tag":[344,234,261],"class_list":{"0":"post-12183","1":"product","2":"type-product","3":"status-publish","4":"has-post-thumbnail","6":"product_cat-bahn-de","7":"product_tag-baza-solwent-de","8":"product_tag-grundanstriche-de","9":"product_tag-losungsmittel","11":"first","12":"instock","13":"shipping-taxable","14":"product-type-simple"},"_links":{"self":[{"href":"https:\/\/dirigocoating.pl\/de\/wp-json\/wp\/v2\/product\/12183"}],"collection":[{"href":"https:\/\/dirigocoating.pl\/de\/wp-json\/wp\/v2\/product"}],"about":[{"href":"https:\/\/dirigocoating.pl\/de\/wp-json\/wp\/v2\/types\/product"}],"wp:featuredmedia":[{"embeddable":true,"href":"https:\/\/dirigocoating.pl\/de\/wp-json\/wp\/v2\/media\/9882"}],"wp:attachment":[{"href":"https:\/\/dirigocoating.pl\/de\/wp-json\/wp\/v2\/media?parent=12183"}],"wp:term":[{"taxonomy":"product_brand","embeddable":true,"href":"https:\/\/dirigocoating.pl\/de\/wp-json\/wp\/v2\/product_brand?post=12183"},{"taxonomy":"product_cat","embeddable":true,"href":"https:\/\/dirigocoating.pl\/de\/wp-json\/wp\/v2\/product_cat?post=12183"},{"taxonomy":"product_tag","embeddable":true,"href":"https:\/\/dirigocoating.pl\/de\/wp-json\/wp\/v2\/product_tag?post=12183"}],"curies":[{"name":"wp","href":"https:\/\/api.w.org\/{rel}","templated":true}]}}