{"id":12193,"date":"2025-06-10T10:17:31","date_gmt":"2025-06-10T10:17:31","guid":{"rendered":"https:\/\/dirigocoating.pl\/produkt\/pur300-pur300w-2k-waterbased-filler\/"},"modified":"2025-06-10T10:17:31","modified_gmt":"2025-06-10T10:17:31","slug":"pur300-pur300w-2k-waterbased-filler","status":"publish","type":"product","link":"https:\/\/dirigocoating.pl\/de\/produkt\/pur300-pur300w-2k-waterbased-filler\/","title":{"rendered":"PUR300 \/ PUR300W 2K Waterbased Filler"},"content":{"rendered":"<p><span>M\u00f6glichkeit der Anwendung als hochf\u00fcllender Schleifgrund oder als nichtschleifbare Zwischenschicht (bis 40 \u00b5m) mit schneller Verdunstungszeit..<\/span><\/p>\n<p>&#8211; Gute Schleifbarkeit und optimale Optik.<br \/>\n&#8211; Kann je nach Menge des zugesetzten Verd\u00fcnnungsmittels als F\u00fcller oder dickbeschichteter F\u00fcller verwendet werden.<br \/>\n&#8211; Kann als nichtschleifender F\u00fcller mit einer Trockenschichtdicke (DFT) von 40 \u00b5m verwendet werden.<\/p>\n<p><a class=\"wgl-button btn-size-sm \" role=\"button\" href=\"https:\/\/dirigocoating.pl\/wp-content\/uploads\/2025\/07\/PUR300-update-EN.pdf\">TDS<\/a><\/p>\n","protected":false},"excerpt":{"rendered":"<p>PUR300 ist ein zweikomponentiger, wasserverd\u00fcnnbarer Polyuretan-F\u00fcllgrund, der f\u00fcr den Einsatz in Z\u00fcgen, Maschinen und Nutzfahrzeugen bestimmt ist.<br \/>\nZusammensetzung auf Acrylharzbasis.<\/p>\n","protected":false},"featured_media":9992,"template":"","meta":[],"product_brand":[],"product_cat":[260],"product_tag":[354,207,342],"class_list":{"0":"post-12193","1":"product","2":"type-product","3":"status-publish","4":"has-post-thumbnail","6":"product_cat-bahn-de","7":"product_tag-grundierung-wasser-de","8":"product_tag-grundierungen-de","9":"product_tag-wasserverdunnbar-de","11":"first","12":"instock","13":"shipping-taxable","14":"product-type-simple"},"_links":{"self":[{"href":"https:\/\/dirigocoating.pl\/de\/wp-json\/wp\/v2\/product\/12193"}],"collection":[{"href":"https:\/\/dirigocoating.pl\/de\/wp-json\/wp\/v2\/product"}],"about":[{"href":"https:\/\/dirigocoating.pl\/de\/wp-json\/wp\/v2\/types\/product"}],"wp:featuredmedia":[{"embeddable":true,"href":"https:\/\/dirigocoating.pl\/de\/wp-json\/wp\/v2\/media\/9992"}],"wp:attachment":[{"href":"https:\/\/dirigocoating.pl\/de\/wp-json\/wp\/v2\/media?parent=12193"}],"wp:term":[{"taxonomy":"product_brand","embeddable":true,"href":"https:\/\/dirigocoating.pl\/de\/wp-json\/wp\/v2\/product_brand?post=12193"},{"taxonomy":"product_cat","embeddable":true,"href":"https:\/\/dirigocoating.pl\/de\/wp-json\/wp\/v2\/product_cat?post=12193"},{"taxonomy":"product_tag","embeddable":true,"href":"https:\/\/dirigocoating.pl\/de\/wp-json\/wp\/v2\/product_tag?post=12193"}],"curies":[{"name":"wp","href":"https:\/\/api.w.org\/{rel}","templated":true}]}}