{"id":12194,"date":"2025-06-10T10:31:03","date_gmt":"2025-06-10T10:31:03","guid":{"rendered":"https:\/\/dirigocoating.pl\/produkt\/imron-hydrobasecoat-8200\/"},"modified":"2025-06-10T10:31:03","modified_gmt":"2025-06-10T10:31:03","slug":"imron-hydrobasecoat-8200","status":"publish","type":"product","link":"https:\/\/dirigocoating.pl\/de\/produkt\/imron-hydrobasecoat-8200\/","title":{"rendered":"Imron HydroBaseCoat 8200"},"content":{"rendered":"<ul>\n<li><span>bildet einen Unterfilm<\/span><\/li>\n<li><span>schnell trocknende, zeitsparende Applikation mehrerer Farben<\/span><\/li>\n<li><span>Auftrag in 1,5 Schichten, sehr gute Deckkraft geringer Materialverbrauch<\/span><\/li>\n<li><span>breite Palette an Unifarben und Effekten<\/span><\/li>\n<\/ul>\n<p><a class=\"wgl-button btn-size-sm \" role=\"button\" href=\"https:\/\/dirigocoating.pl\/wp-content\/uploads\/2025\/07\/Imron_HBC_8200-EN.pdf\">TDS<\/a><\/p>\n","protected":false},"excerpt":{"rendered":"<p>Imron\u00ae HydroBaseCoat 8200 ist ein innovatives, wasserverd\u00fcnnbares Basislack-System, das speziell f\u00fcr die Beschichtung gro\u00dfer Fl\u00e4chen wie Nutzfahrzeuge, Busse oder Schienenfahrzeuge entwickelt wurde.<br \/>\nEs vereint einfache Applikation mit hervorragender Verlaufsf\u00e4higkeit und au\u00dfergew\u00f6hnlicher UV-Best\u00e4ndigkeit, wodurch ein extrem langlebiger Finish gew\u00e4hrleistet wird. <br \/>Durch einen speziellen Aktivator werden exzellente Haftung und mechanische Eigenschaften erreicht. <\/p>\n","protected":false},"featured_media":9967,"template":"","meta":[],"product_brand":[],"product_cat":[260],"product_tag":[234,342,345],"class_list":{"0":"post-12194","1":"product","2":"type-product","3":"status-publish","4":"has-post-thumbnail","6":"product_cat-bahn-de","7":"product_tag-grundanstriche-de","8":"product_tag-wasserverdunnbar-de","9":"product_tag-water-base-de","11":"first","12":"instock","13":"shipping-taxable","14":"product-type-simple"},"_links":{"self":[{"href":"https:\/\/dirigocoating.pl\/de\/wp-json\/wp\/v2\/product\/12194"}],"collection":[{"href":"https:\/\/dirigocoating.pl\/de\/wp-json\/wp\/v2\/product"}],"about":[{"href":"https:\/\/dirigocoating.pl\/de\/wp-json\/wp\/v2\/types\/product"}],"wp:featuredmedia":[{"embeddable":true,"href":"https:\/\/dirigocoating.pl\/de\/wp-json\/wp\/v2\/media\/9967"}],"wp:attachment":[{"href":"https:\/\/dirigocoating.pl\/de\/wp-json\/wp\/v2\/media?parent=12194"}],"wp:term":[{"taxonomy":"product_brand","embeddable":true,"href":"https:\/\/dirigocoating.pl\/de\/wp-json\/wp\/v2\/product_brand?post=12194"},{"taxonomy":"product_cat","embeddable":true,"href":"https:\/\/dirigocoating.pl\/de\/wp-json\/wp\/v2\/product_cat?post=12194"},{"taxonomy":"product_tag","embeddable":true,"href":"https:\/\/dirigocoating.pl\/de\/wp-json\/wp\/v2\/product_tag?post=12194"}],"curies":[{"name":"wp","href":"https:\/\/api.w.org\/{rel}","templated":true}]}}